{"id":261063,"date":"2019-03-10T11:54:40","date_gmt":"2019-03-10T11:54:40","guid":{"rendered":"https:\/\/portugalbiketours.com\/calendar\/"},"modified":"2025-11-23T09:02:16","modified_gmt":"2025-11-23T09:02:16","slug":"termine","status":"publish","type":"page","link":"https:\/\/portugalbiketours.com\/de\/termine\/","title":{"rendered":"Termine"},"content":{"rendered":"<section class=\"bde-section-261063-180 bde-section\">\n  \n  \n\t\n\n\n\n<div class=\"section-container\"><div class=\"bde-div-261063-181 bde-div\">\n  \n  \n\t\n\n\n\n<div class=\"bde-div-261063-182 bde-div\">\n              \n  \n  \n\t\n\n  <div class=\"section-background-overlay\"><\/div>\n\n\n<div class=\"bde-shortcode-261063-183 bde-shortcode dark-links\"><nav  aria-label=\"Brotkrumen\"><ol class=\"breadcrumb\" itemscope itemtype=\"https:\/\/schema.org\/BreadcrumbList\"><li class=\"breadcrumb-item active\" aria-current=\"page\" itemprop=\"itemListElement\" itemscope itemtype=\"https:\/\/schema.org\/ListItem\"><span itemprop=\"name\">Home<\/span><meta itemprop=\"position\" content=\"1\"><\/li><\/ol><\/nav><\/div><div class=\"bde-div-261063-184 bde-div\">\n  \n  \n\t\n\n\n\n<h1 class=\"bde-heading-261063-185 bde-heading\">\nGruppen-Fahrradtouren in Portugal\n<\/h1><div class=\"bde-text-261063-186 bde-text\">\nJoin our group bike tours in Portugal and ride through the most scenic landscapes while making new friends! Our groups are always small, guided by local experts and rich in meaningful connections. You can choose from our pre-scheduled guided bike tours below and find out why we're trusted by travelers who seek a riding experience of a lifetime!\n<\/div>\n<\/div><div class=\"bde-globalblock-261063-187 bde-globalblock\"><\/div><div class=\"bde-content-reveal-261063-188 bde-content-reveal\">\n<div class=\"bde-content-reveal__container is-hidden\">\n  <div class=\"bde-content-reveal__content\">\n    <div class=\"bde-text-261063-189 bde-text\">\nJoin our group bike tours in Portugal and ride through the most scenic landscapes while making new friends! Our groups are always small, guided by local experts and rich in meaningful connections. You can choose from our pre-scheduled guided bike tours below and find out why we're trusted by travelers who seek a riding experience of a lifetime!\n<\/div>\n  <\/div>\n\n      \n  \n                                    \n    \n    \n    \n                                                    \n            \n            <button type=\"button\" class=\"button-atom button-atom--text bde-content-reveal__button\"   data-i18n-more=\"&#9662;\" data-i18n-less=\"&#9652;\">\n    \n        <span class=\"button-atom__text\">&#9662;<\/span>\n\n        \n        \n            <\/button>\n    \n<\/div>\n\n<\/div>\n<\/div><div class=\"bde-div-261063-190 bde-div\">\n  \n  \n\t\n\n\n\n<h2 class=\"bde-heading-261063-191 bde-heading\">\nBevorstehende Gruppen-Fahrradtouren in Portugal:\n<\/h2><div class=\"bde-rich-text-261063-192 bde-rich-text breakdance-rich-text-styles\">\n<ul><li>Best\u00e4tigte Abfahrten (mindestens zwei G\u00e4ste erforderlich)<\/li><li>Kleine Gruppen garantiert, begrenzt auf 8 G\u00e4ste pro Tour<\/li><\/ul>\n<\/div><div id=\"slidates\" class=\"bde-shortcode-261063-193 bde-shortcode\"><div id=\"frmapi-58952474\" class=\"frmapi-form\" data-url=\"https:\/\/cms.llride.com\/wp-json\/frm\/v2\/views\/5895?exclude_script=installer-dismiss-nag%2Cinstall-recommended_plugin\"><\/div><\/div><div class=\"bde-rich-text-261063-194 bde-rich-text breakdance-rich-text-styles\">\n<p><strong>HINWEIS:<\/strong> Alle unten aufgef\u00fchrten Fahrradtouren sind auch als private Erlebnisse verf\u00fcgbar, sei es als selbstgef\u00fchrte, gef\u00fchrte oder Premium-Optionen, die an beliebigen anderen Terminen starten k\u00f6nnen.<\/p>\n<\/div>\n<\/div><div class=\"bde-div-261063-195 bde-div\">\n  \n  \n\t\n\n\n\n<div class=\"bde-text-261063-196 bde-text\">\n\n<\/div>\n<\/div>\n<\/div><div class=\"bde-div-261063-197 bde-div\">\n  \n  \n\t\n\n\n\n<div class=\"bde-content-reveal-261063-198 bde-content-reveal\">\n<div class=\"bde-content-reveal__container is-hidden\">\n  <div class=\"bde-content-reveal__content\">\n    <div class=\"bde-rich-text-261063-199 bde-rich-text breakdance-rich-text-styles\">\n\n<\/div>\n  <\/div>\n\n      \n  \n                                    \n    \n    \n    \n                                                    \n            \n            <button type=\"button\" class=\"button-atom button-atom--text bde-content-reveal__button\"   data-i18n-more=\"&#9662;\" data-i18n-less=\"&#9652;\">\n    \n        <span class=\"button-atom__text\">&#9662;<\/span>\n\n        \n        \n            <\/button>\n    \n<\/div>\n\n<\/div>\n<\/div><\/div>\n<\/section>","protected":false},"excerpt":{"rendered":"<p>Home Gruppen-Fahrradtouren in Portugal Join our group bike tours in Portugal and ride through the most scenic landscapes while making new friends! Our groups are always small, guided by local experts and rich in meaningful connections. You can choose from our pre-scheduled guided bike tours below and find out why we&#8217;re trusted by travelers who [&hellip;]<\/p>\n","protected":false},"author":1,"featured_media":261458,"parent":0,"menu_order":1,"comment_status":"closed","ping_status":"closed","template":"","meta":{"_acf_changed":false,"_seopress_robots_primary_cat":"","_seopress_titles_title":"Termine","_seopress_titles_desc":"Choose from any of the suggested dates to join an open group. If you&#039;d prefer to go on any of these cycling tours but on a different date, you can make it private for your group or customize a tour.","_seopress_robots_index":"","_breakdance_hide_in_design_set":false,"_breakdance_tags":"","footnotes":""},"class_list":["post-261063","page","type-page","status-publish","has-post-thumbnail","hentry"],"acf":[],"_links":{"self":[{"href":"https:\/\/portugalbiketours.com\/de\/wp-json\/wp\/v2\/pages\/261063","targetHints":{"allow":["GET"]}}],"collection":[{"href":"https:\/\/portugalbiketours.com\/de\/wp-json\/wp\/v2\/pages"}],"about":[{"href":"https:\/\/portugalbiketours.com\/de\/wp-json\/wp\/v2\/types\/page"}],"author":[{"embeddable":true,"href":"https:\/\/portugalbiketours.com\/de\/wp-json\/wp\/v2\/users\/1"}],"replies":[{"embeddable":true,"href":"https:\/\/portugalbiketours.com\/de\/wp-json\/wp\/v2\/comments?post=261063"}],"version-history":[{"count":0,"href":"https:\/\/portugalbiketours.com\/de\/wp-json\/wp\/v2\/pages\/261063\/revisions"}],"wp:featuredmedia":[{"embeddable":true,"href":"https:\/\/portugalbiketours.com\/de\/wp-json\/wp\/v2\/media\/261458"}],"wp:attachment":[{"href":"https:\/\/portugalbiketours.com\/de\/wp-json\/wp\/v2\/media?parent=261063"}],"curies":[{"name":"wp","href":"https:\/\/api.w.org\/{rel}","templated":true}]}}