{"id":261070,"date":"2019-03-10T11:54:40","date_gmt":"2019-03-10T11:54:40","guid":{"rendered":"https:\/\/portugalbiketours.com\/cycling-portugal\/"},"modified":"2025-12-06T20:46:19","modified_gmt":"2025-12-06T20:46:19","slug":"radfahren-portugal","status":"publish","type":"page","link":"https:\/\/portugalbiketours.com\/de\/radfahren-portugal\/","title":{"rendered":"Radfahren Portugal"},"content":{"rendered":"<section class=\"bde-section-261070-233 bde-section\">\n  \n  \n\t\n\n\n\n<div class=\"section-container\"><div class=\"bde-div-261070-234 bde-div\">\n  \n  \n\t\n\n\n\n<div class=\"bde-div-261070-235 bde-div\">\n              \n  \n  \n\t\n\n  <div class=\"section-background-overlay\"><\/div>\n\n\n<div class=\"bde-shortcode-261070-236 bde-shortcode dark-links\"><nav  aria-label=\"Brotkrumen\"><ol class=\"breadcrumb\" itemscope itemtype=\"https:\/\/schema.org\/BreadcrumbList\"><li class=\"breadcrumb-item active\" aria-current=\"page\" itemprop=\"itemListElement\" itemscope itemtype=\"https:\/\/schema.org\/ListItem\"><span itemprop=\"name\">Home<\/span><meta itemprop=\"position\" content=\"1\"><\/li><\/ol><\/nav><\/div><div class=\"bde-div-261070-237 bde-div\">\n  \n  \n\t\n\n\n\n<h1 class=\"bde-heading-261070-238 bde-heading\">\nRadfahren in Portugal: Der Urlaub Ihres Lebens\n<\/h1><div class=\"bde-text-261070-239 bde-text\">\nPlanen Sie Ihren Radurlaub in Portugal.\n<\/div>\n<\/div><div class=\"bde-globalblock-261070-240 bde-globalblock\"><\/div>\n<\/div><div class=\"bde-div-261070-241 bde-div\">\n  \n  \n\t\n\n\n\n<div class=\"bde-columns-261070-242 bde-columns\"><div class=\"bde-column-261070-243 bde-column\">\n  \n  \n\t\n\n\n\n<img decoding=\"async\" class=\"bde-image2-261070-244 bde-image2\" src=\"https:\/\/portugalbiketours.com\/wp-content\/uploads\/Cycling-Portugal-the-holidays-of-your-life1.svg\" alt=\"cycling portugal the holidays of your life[1]\" loading=\"lazy\">\n<\/div><div class=\"bde-column-261070-245 bde-column\">\n  \n  \n\t\n\n\n\n<h2 class=\"bde-heading-261070-246 bde-heading\">\nEin erstaunliches touristisches Ziel zum Radfahren\n<\/h2><div class=\"bde-rich-text-261070-247 bde-rich-text breakdance-rich-text-styles\">\n<p>\/ Gegr\u00fcndet im Jahr 868, etablierte Portugal seine kontinentalen Grenzen 1297 und ist die \u00e4lteste Nation Europas;<\/p><p>\/ Die portugiesische Sprache wird von etwa 230 Millionen Menschen weltweit gesprochen (darunter 210 Millionen Muttersprachler) und ist die Amtssprache von 9 L\u00e4ndern;<\/p><p>\/ Mit 10 Millionen Einwohnern und einer Fl\u00e4che von 92.212 km\u00b2 gilt es als eines der geografisch vielf\u00e4ltigsten L\u00e4nder Europas und beherbergt mehrere UNESCO-Welterbest\u00e4tten und Traditionen;<\/p><p>\/ Als modernes europ\u00e4isches Land verf\u00fcgt Portugal \u00fcber hervorragende Infrastrukturen f\u00fcr den Tourismus, eine der wichtigsten wirtschaftlichen Aktivit\u00e4ten des Landes, ist aber stolz darauf, sein Erbe, traditionelle Werte sowie seine Kunsthandwerke zu bewahren;<\/p><p>\/ An der Nordatlantikk\u00fcste gelegen, herrscht hier ein maritimes Klima mit einer durchschnittlichen Jahrestemperatur von 16\u00baC und ganzj\u00e4hrig sonnigem Wetter, was es perfekt macht f\u00fcr das Radfahren in Portugal;<\/p>\n<\/div>\n<\/div><\/div>\n<\/div><div class=\"bde-div-261070-248 bde-div\">\n  \n  \n\t\n\n\n\n<div class=\"bde-div-261070-249 bde-div\">\n  \n  \n\t\n\n\n\n<h2 class=\"bde-heading-261070-250 bde-heading\">\nEine einzigartige Geschichte und Kultur\n<\/h2><div class=\"bde-text-261070-251 bde-text\">\nBeim Radfahren in Portugal erleben Sie die authentischsten Erfahrungen des Landes.\n<\/div>\n<\/div><div class=\"bde-div-261070-252 bde-div\">\n  \n  \n\t\n\n\n\n<div class=\"bde-columns-261070-253 bde-columns\"><div class=\"bde-column-261070-254 bde-column\">\n  \n  \n\t\n\n\n\n<img decoding=\"async\" class=\"bde-image2-261070-255 bde-image2\" src=\"https:\/\/portugalbiketours.com\/wp-content\/uploads\/One-of-a-kind-history-and-culture1.svg\" alt=\"one of a kind history and culture[1]\" loading=\"lazy\">\n<\/div><div class=\"bde-column-261070-256 bde-column\">\n  \n  \n\t\n\n\n\n<h3 class=\"bde-heading-261070-257 bde-heading\">\nEin Land der Navigatoren und Entdecker\n<\/h3><div class=\"bde-rich-text-261070-258 bde-rich-text breakdance-rich-text-styles\">\n<p>Ein Land im Epizentrum der Handelsrouten, das einst die st\u00e4rkste Marineflotte der Welt f\u00fchrte, die \u00fcber 600 Jahre bestand. Beim Radfahren in Portugal begegnen Sie einem Land der Entdecker und einem der ersten, die sich auf See wagten und Kulturen in Afrika, Asien, Indien und Amerika entdeckten, was sich noch heute in seiner Sprache widerspiegelt, der drittmeistgesprochenen der Welt.<\/p><p><strong>Ein 1000 JAHRE ALTER SCHMELZTIEGEL DER KULTUREN<\/strong><\/p><p>Die Grafschaft \u201ePortucale\u201c wurde 1139 von D. Afonso Henriques in einem epischen Familienkampf gegr\u00fcndet. Doch schon vor ihrer Gr\u00fcndung war \u201eLusitania\u201c seit 45 v. Chr. von R\u00f6mern, Westgoten, Mauren und vielen anderen bewohnt. Das heutige Portugal ist ein souver\u00e4ner Nationalstaat, der stolz darauf ist, Teil Europas zu sein und eine reiche und starke Geschichte und Identit\u00e4t zu besitzen.<\/p><p><strong>DENKM\u00c4LER UND MUSEEN TREFFEN AUF ZEITGEN\u00d6SSISCHE &amp; MODERNE KUNST<\/strong><\/p><p>Als kleines Land, das offen zur Welt ist, hat Portugal immer andere Kulturen und K\u00fcnste aufgenommen. Heutzutage finden Sie moderne und zeitgen\u00f6ssische Architektur, Literatur, Musik und Theater, die alle mit jahrtausendealten Traditionen und Handwerk verschmelzen. Zu Fu\u00df durch Portugal zu gehen bietet eine entspannte und authentische M\u00f6glichkeit, das Land zu entdecken.<\/p>\n<\/div>\n<\/div><\/div>\n<\/div>\n<\/div><div class=\"bde-div-261070-259 bde-div\">\n  \n  \n\t\n\n\n\n<div class=\"bde-div-261070-260 bde-div\">\n  \n  \n\t\n\n\n\n<h2 class=\"bde-heading-261070-261 bde-heading\">\nErstaunliche Gastronomie, Erlebnisse und Hotels<br>\n<\/h2><div class=\"bde-text-261070-262 bde-text\">\nGro\u00dfartige Aromen und Weine, die Ihren Radurlaub in Portugal abrunden.\n<\/div>\n<\/div><div class=\"bde-div-261070-263 bde-div\">\n  \n  \n\t\n\n\n\n<div class=\"bde-columns-261070-264 bde-columns\"><div class=\"bde-column-261070-265 bde-column\">\n  \n  \n\t\n\n\n\n<img decoding=\"async\" class=\"bde-image2-261070-266 bde-image2\" src=\"https:\/\/portugalbiketours.com\/wp-content\/uploads\/Amazing-gastronomy-experiences-and-hotels1.svg\" alt=\"amazing gastronomy experiences and hotels[1]\" loading=\"lazy\">\n<\/div><div class=\"bde-column-261070-267 bde-column\">\n  \n  \n\t\n\n\n\n<h3 class=\"bde-heading-261070-268 bde-heading\">\nVon mediterraner K\u00fcche bis zu den K\u00e4sen des Binnenlands und den \u201eEnchidos\u201c\n<\/h3><div class=\"bde-rich-text-261070-269 bde-rich-text breakdance-rich-text-styles\">\n<p>Vom Atlantik umsp\u00fclt, lebt Portugal von fantastischem, frischem Fisch und Meeresfr\u00fcchten, die meisterhaft in seiner typischen mediterranen K\u00fcche verarbeitet werden. Doch die gro\u00dfe Vielfalt an Kulturen und Landschaften des Landes bedeutet, dass jede Region eine endlose Auswahl an K\u00e4se, Weinen und lokaler Gastronomie bietet.<\/p><p><strong>BESTE WEINL\u00c4NDER DER WELT<\/strong><\/p><p>Sie werden die besten Routen im Douro und Alentejo entdecken und Regionen erkunden, die zu den besten Weinl\u00e4ndern der Welt gew\u00e4hlt wurden \u2013 nicht nur wegen der hervorragenden Weinverkostungen, sondern auch wegen ihrer malerischen und authentischen Landschaften, Menschen, Weing\u00fcter, Bauernh\u00f6fe und Kultur.<\/p><p><strong>GESCHMACK UND REICHTUM IN JEDEM BISS<\/strong><\/p><p>\u00dcberall, wo Sie hinkommen, werden Sie es leicht finden, gro\u00dfartiges, authentisches und einfaches Essen zu genie\u00dfen. Von Michelin-Sterne-Restaurants bis zu lokalen \u201eTascas\u201c ist Portugal ein Paradies f\u00fcr Feinschmecker.<\/p>\n<\/div>\n<\/div><\/div>\n<\/div>\n<\/div><div class=\"bde-div-261070-270 bde-div\">\n  \n  \n\t\n\n\n\n<div class=\"bde-div-261070-271 bde-div\">\n  \n  \n\t\n\n\n\n<h2 class=\"bde-heading-261070-272 bde-heading\">\nPerfektes Klima und Geografie zum Radfahren in Portugal\n<\/h2><div class=\"bde-text-261070-273 bde-text\">\nTolles Wetter, perfekt f\u00fcr Radurlaub das ganze Jahr \u00fcber.\n<\/div>\n<\/div><div class=\"bde-div-261070-274 bde-div\">\n  \n  \n\t\n\n\n\n<div class=\"bde-columns-261070-275 bde-columns\"><div class=\"bde-column-261070-276 bde-column\">\n  \n  \n\t\n\n\n\n<img decoding=\"async\" class=\"bde-image2-261070-277 bde-image2\" src=\"https:\/\/portugalbiketours.com\/wp-content\/uploads\/Amazing-gastronomy-experiences-and-hotels1.svg\" alt=\"amazing gastronomy experiences and hotels[1]\" loading=\"lazy\">\n<\/div><div class=\"bde-column-261070-278 bde-column\">\n  \n  \n\t\n\n\n\n<h3 class=\"bde-heading-261070-279 bde-heading\">\nEin sonniges Erlebnis garantiert\n<\/h3><div class=\"bde-rich-text-261070-280 bde-rich-text breakdance-rich-text-styles\">\n<p>Das gem\u00e4\u00dfigte atlantische Klima des Landes macht es zu einem gro\u00dfartigen Ziel f\u00fcr jede Jahreszeit. Beim Wandern in Portugal erleben Sie einen milden Herbst und Winter, der von einem sonnigen Fr\u00fchling und Sommer gekr\u00f6nt wird. Das macht es zu einem idealen Ziel f\u00fcr Wander- oder Trekkingurlaube, entweder im Herbst\/Fr\u00fchling oder w\u00e4hrend des gesamten Sommers.<\/p><p><strong>ERSTAUNLICHE LANDSCHAFTSVIELFALT<\/strong><\/p><p>Portugal beherbergt atemberaubende Str\u00e4nde, Gletschert\u00e4ler, gro\u00dfe Gebirgsz\u00fcge, Weinregionen und Nationalparks \u2013 alles in kompakter Form.<\/p><p><strong>REICHTUM AN AUTOFREIEN WEGEN UND FANTASTISCHEN WANDERROUTEN<\/strong><\/p><p>Beim Wandern in Portugal finden Sie Nebenstra\u00dfen und Wege in hervorragendem Zustand. Viele Regionen haben in die Schaffung von Wanderwegen und Routen verschiedener L\u00e4nge investiert sowie in deren Pflege und Verbesserung, was es perfekt f\u00fcr Wanderungen macht.<\/p>\n<\/div>\n<\/div><\/div>\n<\/div>\n<\/div><div class=\"bde-div-261070-281 bde-div\">\n  \n  \n\t\n\n\n\n<div class=\"bde-div-261070-282 bde-div\">\n  \n  \n\t\n\n\n\n<h2 class=\"bde-heading-261070-283 bde-heading\">\nAuthentisch und einladend\n<\/h2><div class=\"bde-text-261070-284 bde-text\">\nRadfahren in Portugal, Ihr n\u00e4chster Traumurlaub\n<\/div>\n<\/div><div class=\"bde-div-261070-285 bde-div\">\n  \n  \n\t\n\n\n\n<div class=\"bde-columns-261070-286 bde-columns\"><div class=\"bde-column-261070-287 bde-column\">\n  \n  \n\t\n\n\n\n<img decoding=\"async\" class=\"bde-image2-261070-288 bde-image2\" src=\"https:\/\/portugalbiketours.com\/wp-content\/uploads\/Authentic-and-welcoming1.svg\" alt=\"authentic and welcoming[1]\" loading=\"lazy\">\n<\/div><div class=\"bde-column-261070-289 bde-column\">\n  \n  \n\t\n\n\n\n<h3 class=\"bde-heading-261070-290 bde-heading\">\nCharmante Hotels und Reiseziele\n<\/h3><div class=\"bde-rich-text-261070-291 bde-rich-text breakdance-rich-text-styles\">\n<p>Der Tourismus ist eine der Hauptaktivit\u00e4ten Portugals. Beim Wandern in Portugal finden Sie gro\u00dfartige Infrastrukturen, die Ihren Aufenthalt unterst\u00fctzen: von beeindruckenden 5-Sterne-Hotels bis hin zu charmanten Pal\u00e4sten und Bauernh\u00f6fen, die mit gro\u00dfer Sorgfalt restauriert wurden, um Touristen aus aller Welt zu beherbergen. Als Heimat mehrerer UNESCO-Welterbest\u00e4tten k\u00fcmmern wir uns stolz um unsere touristischen Attraktionen und Reiseziele.<\/p><p><strong>AUTENTIZIT\u00c4T DES LANDES<\/strong><\/p><p>Obwohl ein modernes Land, bewahrt Portugal seine Traditionen und Br\u00e4uche sehr lebendig. Mit seit 1139 festgelegten Grenzen manifestiert sich die Kultur des Landes in seiner typischen Musik, Literatur, Kunst, Handwerkskunst und seinen Produkten, die zudem von Generation zu Generation weitergegeben werden und tief im Alltag verankert sind, der die portugiesische Lebensweise ausmacht.<\/p><p><strong>WILLKOMMENHEISSENDE NATUR DER PORTUGIESEN<\/strong><\/p><p>Die Portugiesen sind von Natur aus gastfreundlich, ebenso wie die lokalen Radfahrer. Wir lieben es, Abendessen auszurichten und G\u00e4ste sowie Touristen zu empfangen \u2013 an unserem Tisch ist immer Platz f\u00fcr einen weiteren.<\/p>\n<\/div>\n<\/div><\/div>\n<\/div>\n<\/div><div class=\"bde-div-261070-292 bde-div\">\n  \n  \n\t\n\n\n\n<div class=\"bde-div-261070-293 bde-div\">\n  \n  \n\t\n\n\n\n<h2 class=\"bde-heading-261070-294 bde-heading\">\nRadfahren in Portugal in einzigartigen Regionen\n<\/h2><div class=\"bde-text-261070-295 bde-text\">\nRadurlaub von Norden bis S\u00fcden des Landes\n<\/div>\n<\/div><div class=\"bde-div-261070-296 bde-div\">\n  \n  \n\t\n\n\n\n<div class=\"bde-columns-261070-297 bde-columns\"><div class=\"bde-column-261070-298 bde-column\">\n  \n  \n\t\n\n\n\n<img decoding=\"async\" class=\"bde-image2-261070-299 bde-image2\" src=\"https:\/\/portugalbiketours.com\/wp-content\/uploads\/Authentic-and-welcoming1.svg\" alt=\"authentic and welcoming[1]\" loading=\"lazy\">\n<\/div><div class=\"bde-column-261070-300 bde-column\">\n  \n  \n\t\n\n\n\n<h3 class=\"bde-heading-261070-301 bde-heading\">\nNehmen Sie Kontakt mit uns auf, um Ihren n\u00e4chsten Traum-Radurlaub in Portugal zu planen:\n<\/h3><div class=\"bde-rich-text-261070-302 bde-rich-text breakdance-rich-text-styles\">\n<p>\/ FAHRRADTOUR IM DOURO-TAL<\/p><p>\/ FAHRRADTOUR IM ALENTEJO \u2013 DURCH DAS WEINLAND<\/p><p>\/ FAHRRADTOUR AN DEN SILBER- UND BLAUK\u00dcSTEN<\/p><p>\/ FAHRRADTOUR IM ALGARVE<\/p><p>\/ FAHRRADTOUR VON PORTO NACH SANTIAGO DE COMPOSTELA<\/p><p>\/ FAHRRADTOUR AN DER ATLANTISCHEN K\u00dcSTE \u2013 VON LISSABON BIS SAGRES<\/p>\n<\/div>\n<\/div><\/div>\n<\/div>\n<\/div>\n<\/div><\/div>\n<\/section>","protected":false},"excerpt":{"rendered":"<p>Home Radfahren in Portugal: Der Urlaub Ihres Lebens Planen Sie Ihren Radurlaub in Portugal. Ein erstaunliches touristisches Ziel zum Radfahren \/ Gegr\u00fcndet im Jahr 868, etablierte Portugal seine kontinentalen Grenzen 1297 und ist die \u00e4lteste Nation Europas;\/ Die portugiesische Sprache wird von etwa 230 Millionen Menschen weltweit gesprochen (darunter 210 Millionen Muttersprachler) und ist die [&hellip;]<\/p>\n","protected":false},"author":1,"featured_media":261458,"parent":0,"menu_order":2,"comment_status":"closed","ping_status":"closed","template":"","meta":{"_acf_changed":false,"_seopress_robots_primary_cat":"","_seopress_titles_title":"Radfahren Portugal","_seopress_titles_desc":"Radfahren Portugal: Der Urlaub Ihres Lebens. Planen Sie mit uns Ihren Radurlaub in Portugal und genie\u00dfen sie fantastisches Wetter, die Geografie, Restaurants und die Kult","_seopress_robots_index":"","_breakdance_hide_in_design_set":false,"_breakdance_tags":"","footnotes":""},"class_list":["post-261070","page","type-page","status-publish","has-post-thumbnail","hentry"],"acf":[],"_links":{"self":[{"href":"https:\/\/portugalbiketours.com\/de\/wp-json\/wp\/v2\/pages\/261070","targetHints":{"allow":["GET"]}}],"collection":[{"href":"https:\/\/portugalbiketours.com\/de\/wp-json\/wp\/v2\/pages"}],"about":[{"href":"https:\/\/portugalbiketours.com\/de\/wp-json\/wp\/v2\/types\/page"}],"author":[{"embeddable":true,"href":"https:\/\/portugalbiketours.com\/de\/wp-json\/wp\/v2\/users\/1"}],"replies":[{"embeddable":true,"href":"https:\/\/portugalbiketours.com\/de\/wp-json\/wp\/v2\/comments?post=261070"}],"version-history":[{"count":1,"href":"https:\/\/portugalbiketours.com\/de\/wp-json\/wp\/v2\/pages\/261070\/revisions"}],"predecessor-version":[{"id":265046,"href":"https:\/\/portugalbiketours.com\/de\/wp-json\/wp\/v2\/pages\/261070\/revisions\/265046"}],"wp:featuredmedia":[{"embeddable":true,"href":"https:\/\/portugalbiketours.com\/de\/wp-json\/wp\/v2\/media\/261458"}],"wp:attachment":[{"href":"https:\/\/portugalbiketours.com\/de\/wp-json\/wp\/v2\/media?parent=261070"}],"curies":[{"name":"wp","href":"https:\/\/api.w.org\/{rel}","templated":true}]}}