{"id":261115,"date":"2020-11-22T08:12:17","date_gmt":"2020-11-22T08:12:17","guid":{"rendered":"https:\/\/portugalbiketours.com\/loyalty-club\/"},"modified":"2025-11-23T09:02:16","modified_gmt":"2025-11-23T09:02:16","slug":"loyalitaetsclub","status":"publish","type":"page","link":"https:\/\/portugalbiketours.com\/de\/loyalitaetsclub\/","title":{"rendered":"Loyalit\u00e4tsclub"},"content":{"rendered":"<section class=\"bde-section-261115-158 bde-section\">\n  \n  \n\t\n\n\n\n<div class=\"section-container\"><div class=\"bde-div-261115-159 bde-div\">\n  \n  \n\t\n\n\n\n<div class=\"bde-div-261115-160 bde-div\">\n              \n  \n  \n\t\n\n  <div class=\"section-background-overlay\"><\/div>\n\n\n<div class=\"bde-shortcode-261115-161 bde-shortcode dark-links\"><nav  aria-label=\"Brotkrumen\"><ol class=\"breadcrumb\" itemscope itemtype=\"https:\/\/schema.org\/BreadcrumbList\"><li class=\"breadcrumb-item active\" aria-current=\"page\" itemprop=\"itemListElement\" itemscope itemtype=\"https:\/\/schema.org\/ListItem\"><span itemprop=\"name\">Home<\/span><meta itemprop=\"position\" content=\"1\"><\/li><\/ol><\/nav><\/div><div class=\"bde-div-261115-162 bde-div\">\n  \n  \n\t\n\n\n\n<h1 class=\"bde-heading-261115-163 bde-heading\">\nTreueclub\n<\/h1><div class=\"bde-text-261115-164 bde-text\">\nTreten Sie dem Live Love Riders Treueclub bei\n<\/div>\n<\/div>\n<\/div><div class=\"bde-div-261115-165 bde-div\">\n  \n  \n\t\n\n\n\n<div class=\"bde-rich-text-261115-166 bde-rich-text breakdance-rich-text-styles\">\n<div id=\"_rich_text-105-16\" class=\"oxy-rich-text marginb\"><div id=\"text_block-20-23\" class=\"ct-text-block bmargin01\"><div id=\"_rich_text-8-26979\" class=\"oxy-rich-text marginb\"><p>Wenn Sie schon einmal mit uns gereist sind, sind Sie Teil des Live Love Rider Clubs. Um Ihnen f\u00fcr Ihre Treue zu danken \u2013 genie\u00dfen Sie diese exklusiven Vorteile bei uns.<\/p><\/div><a id=\"link_text-11-26979\" class=\"ct-link-text\" href=\"https:\/\/portugalbiketours.com\/contact\/\" target=\"_self\"><\/a><\/div><\/div>\n<\/div><h2 class=\"bde-heading-261115-167 bde-heading\">\nNehmen Sie Kontakt auf, um Ihren Traum-Fahrradurlaub in Portugal zu planen.\n<\/h2><div class=\"bde-rich-text-261115-168 bde-rich-text breakdance-rich-text-styles\">\n<div id=\"_rich_text-105-16\" class=\"oxy-rich-text marginb\"><div id=\"text_block-20-23\" class=\"ct-text-block bmargin01\"><div id=\"_rich_text-8-26979\" class=\"oxy-rich-text marginb\">\u00a0<\/div><div id=\"_rich_text-10-26979\" class=\"oxy-rich-text marginb\"><ul><li>150 EUR Guthaben auf Ihrem Konto f\u00fcr jeden neuen Gast, den Sie zu Live Love Ride vermitteln;<\/li><li>J\u00e4hrliche Geburtstags\u00fcberraschung;<\/li><li>Vorrangige Warteliste bei ausgebuchten Touren;<\/li><li>Erleben Sie unsere neuen Touren als \u201ePionier\u201c-Fahrer: Seien Sie der Erste, der ausgew\u00e4hlte, brandneue gef\u00fchrte Touren f\u00e4hrt \u2013 zum Preis einer selbstgef\u00fchrten Tour;<\/li><li>5 % Rabatt bei Buchung Ihrer n\u00e4chsten Standard-Selbstfahrer- oder gef\u00fchrten Touren (exklusiv bei Zahlung per Bank\u00fcberweisung);<\/li><\/ul><\/div><a id=\"link_text-11-26979\" class=\"ct-link-text\" href=\"https:\/\/portugalbiketours.com\/contact\/\" target=\"_self\">Kontaktieren Sie uns f\u00fcr weitere Informationen.<\/a><\/div><\/div>\n<\/div>\n<\/div>\n<\/div><\/div>\n<\/section>","protected":false},"excerpt":{"rendered":"<p>Home Treueclub Treten Sie dem Live Love Riders Treueclub bei Wenn Sie schon einmal mit uns gereist sind, sind Sie Teil des Live Love Rider Clubs. Um Ihnen f\u00fcr Ihre Treue zu danken \u2013 genie\u00dfen Sie diese exklusiven Vorteile bei uns. Nehmen Sie Kontakt auf, um Ihren Traum-Fahrradurlaub in Portugal zu planen. \u00a0150 EUR Guthaben [&hellip;]<\/p>\n","protected":false},"author":1,"featured_media":261458,"parent":0,"menu_order":7,"comment_status":"closed","ping_status":"closed","template":"","meta":{"_acf_changed":false,"_seopress_robots_primary_cat":"","_seopress_titles_title":"Loyalit\u00e4tsclub","_seopress_titles_desc":"Wenn Sie jemals mit uns gereist sind, bedeutet dies, dass Sie Teil des Live Love Rider-Clubs sind. Vielen Dank f\u00fcr Ihre Treue - genie\u00dfen Sie diese exklusiven Vorteile bei uns.","_seopress_robots_index":"","_breakdance_hide_in_design_set":false,"_breakdance_tags":"","footnotes":""},"class_list":["post-261115","page","type-page","status-publish","has-post-thumbnail","hentry"],"acf":[],"_links":{"self":[{"href":"https:\/\/portugalbiketours.com\/de\/wp-json\/wp\/v2\/pages\/261115","targetHints":{"allow":["GET"]}}],"collection":[{"href":"https:\/\/portugalbiketours.com\/de\/wp-json\/wp\/v2\/pages"}],"about":[{"href":"https:\/\/portugalbiketours.com\/de\/wp-json\/wp\/v2\/types\/page"}],"author":[{"embeddable":true,"href":"https:\/\/portugalbiketours.com\/de\/wp-json\/wp\/v2\/users\/1"}],"replies":[{"embeddable":true,"href":"https:\/\/portugalbiketours.com\/de\/wp-json\/wp\/v2\/comments?post=261115"}],"version-history":[{"count":0,"href":"https:\/\/portugalbiketours.com\/de\/wp-json\/wp\/v2\/pages\/261115\/revisions"}],"wp:featuredmedia":[{"embeddable":true,"href":"https:\/\/portugalbiketours.com\/de\/wp-json\/wp\/v2\/media\/261458"}],"wp:attachment":[{"href":"https:\/\/portugalbiketours.com\/de\/wp-json\/wp\/v2\/media?parent=261115"}],"curies":[{"name":"wp","href":"https:\/\/api.w.org\/{rel}","templated":true}]}}