{"id":261118,"date":"2019-03-10T11:54:40","date_gmt":"2019-03-10T11:54:40","guid":{"rendered":"https:\/\/portugalbiketours.com\/travel-agents\/"},"modified":"2025-11-23T09:02:25","modified_gmt":"2025-11-23T09:02:25","slug":"reisenburos","status":"publish","type":"page","link":"https:\/\/portugalbiketours.com\/de\/reisenburos\/","title":{"rendered":"Reiseb\u00fcros oder Agentur"},"content":{"rendered":"<section class=\"bde-section-261118-116 bde-section\">\n  \n  \n\t\n\n\n\n<div class=\"section-container\"><div class=\"bde-div-261118-117 bde-div\">\n  \n  \n\t\n\n\n\n<div class=\"bde-div-261118-118 bde-div\">\n              \n  \n  \n\t\n\n  <div class=\"section-background-overlay\"><\/div>\n\n\n<div class=\"bde-shortcode-261118-119 bde-shortcode dark-links\"><nav  aria-label=\"Brotkrumen\"><ol class=\"breadcrumb\" itemscope itemtype=\"https:\/\/schema.org\/BreadcrumbList\"><li class=\"breadcrumb-item active\" aria-current=\"page\" itemprop=\"itemListElement\" itemscope itemtype=\"https:\/\/schema.org\/ListItem\"><span itemprop=\"name\">Home<\/span><meta itemprop=\"position\" content=\"1\"><\/li><\/ol><\/nav><\/div><div class=\"bde-div-261118-120 bde-div\">\n  \n  \n\t\n\n\n\n<h1 class=\"bde-heading-261118-121 bde-heading\">\nAgenturen\n<\/h1><div class=\"bde-text-261118-122 bde-text\">\nM\u00f6chten Sie irgendeine Art von Fahrradtour oder Raderlebnis in Portugal planen?<br>Kontaktieren Sie uns!\n<\/div>\n<\/div>\n<\/div><div class=\"bde-div-261118-123 bde-div\">\n  \n  \n\t\n\n\n\n<div class=\"bde-columns-261118-124 bde-columns\"><div class=\"bde-column-261118-125 bde-column\">\n  \n  \n\t\n\n\n\n<h2 class=\"bde-heading-261118-126 bde-heading\">\nHinterlassen Sie Ihre Nachricht\n<\/h2><div class=\"bde-shortcode-261118-127 bde-shortcode\"><div class=\"frm_forms  with_frm_style frm_style_contact-home\" id=\"frm_form_6_container\" data-token=\"412538de5dce59e027d7b52d9efba3d6\">\n<form enctype=\"multipart\/form-data\" method=\"post\" class=\"frm-show-form  frm_js_validate  frm_ajax_submit  frm_pro_form  frm_logic_form \" id=\"form_contact-us-en\" data-token=\"412538de5dce59e027d7b52d9efba3d6\">\n<div class=\"frm_form_fields \">\n<fieldset>\n<legend class=\"frm_screen_reader\">Contact Us EN<\/legend>\r\n\r\n<div class=\"frm_fields_container\">\n<input type=\"hidden\" name=\"frm_action\" value=\"create\" \/>\n<input type=\"hidden\" name=\"form_id\" value=\"6\" \/>\n<input type=\"hidden\" name=\"frm_hide_fields_6\" id=\"frm_hide_fields_6\" value=\"\" \/>\n<input type=\"hidden\" name=\"form_key\" value=\"contact-us-en\" \/>\n<input type=\"hidden\" name=\"item_meta[0]\" value=\"\" \/>\n<input type=\"hidden\" id=\"frm_submit_entry_6\" name=\"frm_submit_entry_6\" value=\"1ebe6fb58a\" \/><input type=\"hidden\" name=\"_wp_http_referer\" value=\"\/de\/wp-json\/wp\/v2\/pages\/261118\" \/>\t\t<input  type=\"hidden\" name=\"item_meta[60]\" id=\"field_5f0zz2\" value=\"24\/04\/2026 12:52:19\"  data-frmval=\"24\/04\/2026 12:52:19\"   \/>\n\t\t\t\t<input  type=\"hidden\" name=\"item_meta[61]\" id=\"field_udjul2\" value=\"Contact Us\"  data-frmval=\"Contact Us\"   \/>\n\t\t\t\t<input  type=\"hidden\" name=\"item_meta[62]\" id=\"field_p2nk3\" value=\"https:\/\/portugalbiketours.com\/de\/wp-json\/wp\/v2\/pages\/261118\"  data-frmval=\"https:\/\/portugalbiketours.com\/de\/wp-json\/wp\/v2\/pages\/261118\"   \/>\n\t\t<div id=\"frm_field_63_container\" class=\"frm_form_field form-field  frm_required_field frm_top_container frm_full\">\r\n    <label for=\"field_e6lis63\" id=\"field_e6lis63_label\" class=\"frm_primary_label\">Subject\r\n        <span class=\"frm_required\"><\/span>\r\n    <\/label>\r\n    <input  type=\"text\" id=\"field_e6lis63\" name=\"item_meta[63]\" value=\"\"  placeholder=\"Enter your message&#039;s subject\" data-reqmsg=\"Subject cannot be blank.\" aria-required=\"true\" data-invmsg=\"Subject ist ung\u00fcltig\" aria-invalid=\"false\"   \/>\r\n    \r\n    \r\n<\/div>\n<div id=\"frm_field_64_container\" class=\"frm_form_field form-field  frm_required_field frm_top_container frm_full\">\r\n    <label for=\"field_qh4icy22\" id=\"field_qh4icy22_label\" class=\"frm_primary_label\">First name\r\n        <span class=\"frm_required\"><\/span>\r\n    <\/label>\r\n    <input  type=\"text\" id=\"field_qh4icy22\" name=\"item_meta[64]\" value=\"\"  placeholder=\"Enter your first name\" data-reqmsg=\"First name cannot be blank.\" aria-required=\"true\" data-invmsg=\"Name is invalid\" aria-invalid=\"false\"   \/>\r\n    \r\n    \r\n<\/div>\n<div id=\"frm_field_65_container\" class=\"frm_form_field form-field  frm_required_field frm_top_container frm_full\">\r\n    <label for=\"field_fio12\" id=\"field_fio12_label\" class=\"frm_primary_label\">Last name\r\n        <span class=\"frm_required\"><\/span>\r\n    <\/label>\r\n    <input  type=\"text\" id=\"field_fio12\" name=\"item_meta[65]\" value=\"\"  placeholder=\"Enter your last name\" data-reqmsg=\"Last name cannot be blank.\" aria-required=\"true\" data-invmsg=\"Name is invalid\" aria-invalid=\"false\"   \/>\r\n    \r\n    \r\n<\/div>\n<div id=\"frm_field_66_container\" class=\"frm_form_field form-field  frm_required_field frm_top_container frm_full\">\r\n    <label for=\"field_29yf4d3\" id=\"field_29yf4d3_label\" class=\"frm_primary_label\">Email\r\n        <span class=\"frm_required\"><\/span>\r\n    <\/label>\r\n    <input type=\"email\" id=\"field_29yf4d3\" name=\"item_meta[66]\" value=\"\"  placeholder=\"Enter your e-mail address\" data-reqmsg=\"Email cannot be blank.\" aria-required=\"true\" data-invmsg=\"Please enter a valid email address\" aria-invalid=\"false\"  \/>\r\n    \r\n    \r\n<\/div>\n<div id=\"frm_field_67_container\" class=\"frm_form_field form-field  frm_top_container\">\r\n    <label for=\"field_o6x7s2\" id=\"field_o6x7s2_label\" class=\"frm_primary_label\">Phone number\r\n        <span class=\"frm_required\" aria-hidden=\"true\"><\/span>\r\n    <\/label>\r\n    <input  type=\"text\" id=\"field_o6x7s2\" name=\"item_meta[67]\" value=\"\"  placeholder=\"Enter your phone number\" data-invmsg=\"Text is invalid\" aria-invalid=\"false\"   \/>\r\n    \r\n    \r\n<\/div>\n<div id=\"frm_field_68_container\" class=\"frm_form_field form-field  frm_required_field frm_top_container frm_full\">\r\n    <label for=\"field_9jv0r13\" id=\"field_9jv0r13_label\" class=\"frm_primary_label\">Message\r\n        <span class=\"frm_required\"><\/span>\r\n    <\/label>\r\n    <textarea name=\"item_meta[68]\" id=\"field_9jv0r13\" rows=\"5\"  data-reqmsg=\"Message cannot be blank.\" aria-required=\"true\" data-invmsg=\"Message ist ung\u00fcltig\" aria-invalid=\"false\"  ><\/textarea>\r\n    \r\n    \r\n<\/div>\n<div id=\"frm_field_69_container\" class=\"frm_form_field form-field  frm_required_field frm_none_container vertical_radio\">\r\n    <div  id=\"field_8ma1h2_label\" class=\"frm_primary_label\">Privacy Policy\r\n        <span class=\"frm_required\">*<\/span>\r\n    <\/div>\r\n    <div class=\"frm_opt_container\" aria-labelledby=\"field_8ma1h2_label\" role=\"group\">\t\t<div class=\"frm_checkbox\" id=\"frm_checkbox_69-0\">\t\t\t<label  for=\"field_8ma1h2-0\">\n\t\t\t<input type=\"checkbox\" name=\"item_meta[69][]\" id=\"field_8ma1h2-0\" value=\"I accept your &lt;a rel=&quot;nofollow&quot; target=&quot;_blank&quot; href=&quot;https:\/\/portugalbiketours.com\/privacy-policy\/&quot;&gt;Privacy Policy&lt;\/a&gt;\"  data-reqmsg=\"Privacy Policy cannot be blank.\" data-invmsg=\"Privacy Policy is invalid\"   aria-required=\"true\"  \/> I accept your <a rel=\"nofollow\" target=\"_blank\" href=\"https:\/\/portugalbiketours.com\/privacy-policy\/\">Privacy Policy<\/a><\/label><\/div>\n<\/div>\r\n    \r\n    \r\n<\/div>\n<div id=\"frm_field_70_container\" class=\"frm_form_field form-field  frm_none_container vertical_radio\">\r\n    <div  id=\"field_vveqa2_label\" class=\"frm_primary_label\">Newsletter\r\n        <span class=\"frm_required\"><\/span>\r\n    <\/div>\r\n    <div class=\"frm_opt_container\" aria-labelledby=\"field_vveqa2_label\" role=\"group\">\t\t<div class=\"frm_checkbox\" id=\"frm_checkbox_70-1\">\t\t\t<label  for=\"field_vveqa2-1\">\n\t\t\t<input type=\"checkbox\" name=\"item_meta[70][]\" id=\"field_vveqa2-1\" value=\"I want to subscribe the newsletter and receive marketing promotions\"  data-invmsg=\"Newsletter ist ung\u00fcltig\"   \/> I want to subscribe the newsletter and receive marketing promotions<\/label><\/div>\n<\/div>\r\n    \r\n    \r\n<\/div>\n<div id=\"frm_field_71_container\" class=\"frm_form_field form-field  frm_top_container\">\r\n    <label for=\"field_hbe3q\" id=\"field_hbe3q_label\" class=\"frm_primary_label\">Anti-spam\r\n        <span class=\"frm_required\" aria-hidden=\"true\"><\/span>\r\n    <\/label>\r\n    <input type=\"number\" id=\"field_hbe3q\" name=\"item_meta[71]\" value=\"\" placeholder=\"Enter the number between 5 and 7\" data-invmsg=\"Number is invalid\" aria-invalid=\"false\"   min=\"0\" max=\"9999999\" step=\"any\" \/>\r\n    \r\n    \r\n<\/div>\n<div id=\"frm_field_72_container\" class=\"frm_form_field form-field \">\r\n\t<div class=\"frm_submit\">\r\n\r\n<button class=\"frm_button_submit frm_final_submit\" type=\"submit\"   formnovalidate=\"formnovalidate\">SUBMIT<\/button>\r\n\r\n<\/div>\r\n<\/div>\n\t<input type=\"hidden\" name=\"item_key\" value=\"\" \/>\n\t<input name=\"frm_state\" type=\"hidden\" value=\"LIkjk0j8VHa+yQcAbE3enLnEtWyGUPGtfAczZsib3ZbG3LSN\/PdbWbybxXdjILZx\" \/><\/div>\n<\/fieldset>\n<\/div>\n\n<\/form>\n<\/div>\n<\/div>\n<\/div><div class=\"bde-column-261118-128 bde-column\">\n  \n  \n\t\n\n\n\n<div class=\"bde-rich-text-261118-129 bde-rich-text breakdance-rich-text-styles\">\n<div id=\"_rich_text-105-16\" class=\"oxy-rich-text marginb\"><div id=\"text_block-20-23\" class=\"ct-text-block bmargin01\"><p><strong>WIR FREUEN UNS \u00dcBER BUCHUNGEN VON AGENTUREN<\/strong><\/p><p data-css=\"tve-u-16969a0b37e\"><span data-css=\"tve-u-16968a9d303\">\u200bLassen Sie Live Love Ride Ihr Partner f\u00fcr Raderlebnisse und Fahrradtouren in Portugal sein! Wir laden alle gleichgesinnten Agenturen sowie einzelne Reise- und Sportagenten ein, unsere Produkte ihren Kunden vorzustellen. Wir sind offen f\u00fcr die Schaffung einer starken Partnerschaft und haben eine angemessene Provisionsstruktur sowie touristische Informationen erstellt, damit Sie unsere Produkte Ihrem Publikum mit Vertrauen pr\u00e4sentieren k\u00f6nnen.<br \/><\/span><\/p><p><strong>ANPASSBARE UND INDIVIDUELLE REISEANGEBOTE<\/strong><\/p><p>\u200bWir sind offen daf\u00fcr, ma\u00dfgeschneiderte Raderlebnisse und Fahrradtouren in Portugal f\u00fcr unsere Agenturpartner zu gestalten. Wenn Ihre Kunden ein anderes Reiseziel oder eine andere Route besuchen m\u00f6chten, mit einem bestimmten Fahrrad fahren wollen oder ihre Reise verl\u00e4ngern m\u00f6chten, laden wir Sie ein, die spezifischen Bed\u00fcrfnisse Ihrer Agentur einzureichen. Wir entwerfen gerne individuelle Produkte f\u00fcr unsere Gesch\u00e4ftspartner, die diese ihren Kunden pr\u00e4sentieren k\u00f6nnen.<\/p><p><strong>IHRE EIGENE, GEBRANDETE ERFAHRUNG<\/strong><\/p><p>Als inbound Sportreiseagentur k\u00f6nnen wir spezifische Fahrradtouren in Portugal f\u00fcr Ihre Agentur gestalten und diese mit Ihrer eigenen Marke am Markt pr\u00e4sentieren. Diese exklusiven Produkte k\u00f6nnen exklusiv f\u00fcr unsere Premium-Gesch\u00e4ftspartner weltweit erstellt und vermarktet werden.<\/p><p>F\u00fcr weitere Informationen kontaktieren Sie bitte unsere Verkaufsabteilung unter ridewithus @ liveloveride.pt oder \u00fcber das Formular.<\/p><\/div><\/div>\n<\/div>\n<\/div><\/div>\n<\/div>\n<\/div><\/div>\n<\/section>","protected":false},"excerpt":{"rendered":"<p>Home Agenturen M\u00f6chten Sie irgendeine Art von Fahrradtour oder Raderlebnis in Portugal planen?Kontaktieren Sie uns! Hinterlassen Sie Ihre Nachricht Contact Us EN Subject First name Last name Email Phone number Message Privacy Policy * I accept your Privacy Policy Newsletter I want to subscribe the newsletter and receive marketing promotions Anti-spam SUBMIT WIR FREUEN UNS [&hellip;]<\/p>\n","protected":false},"author":1,"featured_media":261458,"parent":0,"menu_order":8,"comment_status":"closed","ping_status":"closed","template":"","meta":{"_acf_changed":false,"_seopress_robots_primary_cat":"","_seopress_titles_title":"Reiseb\u00fcros oder Agentur","_seopress_titles_desc":"M\u00f6chten Sie eine Radtour oder ein Radfahrerlebnis in Portugal planen? Kontaktiere uns!","_seopress_robots_index":"","_breakdance_hide_in_design_set":false,"_breakdance_tags":"","footnotes":""},"class_list":["post-261118","page","type-page","status-publish","has-post-thumbnail","hentry"],"acf":[],"_links":{"self":[{"href":"https:\/\/portugalbiketours.com\/de\/wp-json\/wp\/v2\/pages\/261118","targetHints":{"allow":["GET"]}}],"collection":[{"href":"https:\/\/portugalbiketours.com\/de\/wp-json\/wp\/v2\/pages"}],"about":[{"href":"https:\/\/portugalbiketours.com\/de\/wp-json\/wp\/v2\/types\/page"}],"author":[{"embeddable":true,"href":"https:\/\/portugalbiketours.com\/de\/wp-json\/wp\/v2\/users\/1"}],"replies":[{"embeddable":true,"href":"https:\/\/portugalbiketours.com\/de\/wp-json\/wp\/v2\/comments?post=261118"}],"version-history":[{"count":0,"href":"https:\/\/portugalbiketours.com\/de\/wp-json\/wp\/v2\/pages\/261118\/revisions"}],"wp:featuredmedia":[{"embeddable":true,"href":"https:\/\/portugalbiketours.com\/de\/wp-json\/wp\/v2\/media\/261458"}],"wp:attachment":[{"href":"https:\/\/portugalbiketours.com\/de\/wp-json\/wp\/v2\/media?parent=261118"}],"curies":[{"name":"wp","href":"https:\/\/api.w.org\/{rel}","templated":true}]}}