{"id":261145,"date":"2019-10-16T09:30:59","date_gmt":"2019-10-16T08:30:59","guid":{"rendered":"https:\/\/portugalbiketours.com\/partners\/go-cycling-portugal-bike-rentals-and-maps\/"},"modified":"2025-11-23T09:02:25","modified_gmt":"2025-11-23T09:02:25","slug":"go-cycling-portugal-fahrradverleih-und-karten","status":"publish","type":"page","link":"https:\/\/portugalbiketours.com\/de\/partner\/go-cycling-portugal-fahrradverleih-und-karten\/","title":{"rendered":"Go Cycling Portugal &#8211; Fahrradverleih und Karten"},"content":{"rendered":"<section class=\"bde-section-261145-129 bde-section\">\n  \n  \n\t\n\n\n\n<div class=\"section-container\"><div class=\"bde-div-261145-130 bde-div\">\n  \n  \n\t\n\n\n\n<div class=\"bde-div-261145-131 bde-div\">\n              \n  \n  \n\t\n\n  <div class=\"section-background-overlay\"><\/div>\n\n\n<div class=\"bde-shortcode-261145-132 bde-shortcode dark-links\"><nav  aria-label=\"Brotkrumen\"><ol class=\"breadcrumb\" itemscope itemtype=\"https:\/\/schema.org\/BreadcrumbList\"><li class=\"breadcrumb-item active\" aria-current=\"page\" itemprop=\"itemListElement\" itemscope itemtype=\"https:\/\/schema.org\/ListItem\"><span itemprop=\"name\">Home<\/span><meta itemprop=\"position\" content=\"1\"><\/li><\/ol><\/nav><\/div><div class=\"bde-div-261145-133 bde-div\">\n  \n  \n\t\n\n\n\n<h1 class=\"bde-heading-261145-134 bde-heading\">\nPartner\n<\/h1><div class=\"bde-text-261145-135 bde-text\">\nWir sind stolze Partner der besten Marken und Agenturen weltweit.\n<\/div>\n<\/div>\n<\/div><div class=\"bde-div-261145-136 bde-div\">\n  \n  \n\t\n\n\n\n<div class=\"bde-columns-261145-137 bde-columns\"><div class=\"bde-column-261145-138 bde-column\">\n  \n  \n\t\n\n\n\n<h2 class=\"bde-heading-261145-139 bde-heading\">\nAgenturen, Veranstalter und Sponsoren\n<\/h2><div class=\"bde-post-loop-261145-140 bde-post-loop phox-facets-target phox-facets-target-default\"><div class=\"bde-loop bde-loop-list ee-posts ee-posts-list\">    <article class=\"bde-loop-item ee-post\">\n        <div class=\"bde-div-1499-100-260814-1499-1 bde-div bde-div-1499-100\">\n  \n  \n\t\n\n\n\n\n<\/div>    <\/article>\n    <article class=\"bde-loop-item ee-post\">\n        <div class=\"bde-div-1499-100-261063-1499-1 bde-div bde-div-1499-100\">\n  \n  \n\t\n\n\n\n\n<\/div>    <\/article>\n    <article class=\"bde-loop-item ee-post\">\n        <div class=\"bde-div-1499-100-261070-1499-1 bde-div bde-div-1499-100\">\n  \n  \n\t\n\n\n\n\n<\/div>    <\/article>\n    <article class=\"bde-loop-item ee-post\">\n        <div class=\"bde-div-1499-100-261094-1499-1 bde-div bde-div-1499-100\">\n  \n  \n\t\n\n\n\n\n<\/div>    <\/article>\n    <article class=\"bde-loop-item ee-post\">\n        <div class=\"bde-div-1499-100-261097-1499-1 bde-div bde-div-1499-100\">\n  \n  \n\t\n\n\n\n\n<\/div>    <\/article>\n    <article class=\"bde-loop-item ee-post\">\n        <div class=\"bde-div-1499-100-261101-1499-1 bde-div bde-div-1499-100\">\n  \n  \n\t\n\n\n\n\n<\/div>    <\/article>\n    <article class=\"bde-loop-item ee-post\">\n        <div class=\"bde-div-1499-100-261112-1499-1 bde-div bde-div-1499-100\">\n  \n  \n\t\n\n\n\n\n<\/div>    <\/article>\n    <article class=\"bde-loop-item ee-post\">\n        <div class=\"bde-div-1499-100-261115-1499-1 bde-div bde-div-1499-100\">\n  \n  \n\t\n\n\n\n\n<\/div>    <\/article>\n    <article class=\"bde-loop-item ee-post\">\n        <div class=\"bde-div-1499-100-261118-1499-1 bde-div bde-div-1499-100\">\n  \n  \n\t\n\n\n\n\n<\/div>    <\/article>\n    <article class=\"bde-loop-item ee-post\">\n        <div class=\"bde-div-1499-100-261121-1499-1 bde-div bde-div-1499-100\">\n  \n  \n\t\n\n\n\n\n<\/div>    <\/article>\n    <article class=\"bde-loop-item ee-post\">\n        <div class=\"bde-div-1499-100-261137-1499-1 bde-div bde-div-1499-100\">\n  \n  \n\t\n\n\n\n\n<\/div>    <\/article>\n    <article class=\"bde-loop-item ee-post\">\n        <div class=\"bde-div-1499-100-261142-1499-1 bde-div bde-div-1499-100\">\n  \n  \n\t\n\n\n\n\n<\/div>    <\/article>\n    <article class=\"bde-loop-item ee-post\">\n        <div class=\"bde-div-1499-100-261145-1499-1 bde-div bde-div-1499-100\">\n  \n  \n\t\n\n\n\n\n<\/div>    <\/article>\n    <article class=\"bde-loop-item ee-post\">\n        <div class=\"bde-div-1499-100-261182-1499-1 bde-div bde-div-1499-100\">\n  \n  \n\t\n\n\n\n\n<\/div>    <\/article>\n    <article class=\"bde-loop-item ee-post\">\n        <div class=\"bde-div-1499-100-261185-1499-1 bde-div bde-div-1499-100\">\n  \n  \n\t\n\n\n\n\n<\/div>    <\/article>\n    <article class=\"bde-loop-item ee-post\">\n        <div class=\"bde-div-1499-100-261188-1499-1 bde-div bde-div-1499-100\">\n  \n  \n\t\n\n\n\n\n<\/div>    <\/article>\n    <article class=\"bde-loop-item ee-post\">\n        <div class=\"bde-div-1499-100-261191-1499-1 bde-div bde-div-1499-100\">\n  \n  \n\t\n\n\n\n\n<\/div>    <\/article>\n    <article class=\"bde-loop-item ee-post\">\n        <div class=\"bde-div-1499-100-261194-1499-1 bde-div bde-div-1499-100\">\n  \n  \n\t\n\n\n\n\n<\/div>    <\/article>\n    <article class=\"bde-loop-item ee-post\">\n        <div class=\"bde-div-1499-100-261197-1499-1 bde-div bde-div-1499-100\">\n  \n  \n\t\n\n\n\n\n<\/div>    <\/article>\n    <article class=\"bde-loop-item ee-post\">\n        <div class=\"bde-div-1499-100-261200-1499-1 bde-div bde-div-1499-100\">\n  \n  \n\t\n\n\n\n\n<\/div>    <\/article>\n<\/div>\r\n<\/div>\n<\/div><div class=\"bde-column-261145-145 bde-column\">\n  \n  \n\t\n\n\n\n<div class=\"bde-rich-text-261145-146 bde-rich-text breakdance-rich-text-styles\">\n<div id=\"_rich_text-105-16\" class=\"oxy-rich-text marginb\"><div id=\"text_block-20-23\" class=\"ct-text-block bmargin01\"><h3 id=\"headline-10-4346\" class=\"ct-headline mf130\">GO CYCLING PORTUGAL - FAHRRADVERLEIH UND KARTEN<\/h3><\/div><\/div>\n<\/div><img decoding=\"async\" class=\"bde-image2-261145-147 bde-image2\" src=\"https:\/\/portugalbiketours.com\/wp-content\/uploads\/partner-3.jpg\" alt=\"partner 3\" loading=\"lazy\" srcset=\"https:\/\/portugalbiketours.com\/wp-content\/uploads\/partner-3.jpg 900w, https:\/\/portugalbiketours.com\/wp-content\/uploads\/partner-3-300x97.jpg 300w, https:\/\/portugalbiketours.com\/wp-content\/uploads\/partner-3-768x249.jpg 768w\" sizes=\"(max-width: 900px) 100vw, 900px\"><div class=\"bde-rich-text-261145-148 bde-rich-text breakdance-rich-text-styles\">\n<div id=\"_rich_text-105-16\" class=\"oxy-rich-text marginb\"><div id=\"text_block-20-23\" class=\"ct-text-block bmargin01\"><div id=\"_rich_text-12-4346\" class=\"oxy-rich-text\"><p data-css=\"tve-u-16dd3e9c81f\"><strong>Fahrradverleih, Routen und Tourenpakete f\u00fcr unabh\u00e4ngige Reisende<\/strong><\/p><p data-css=\"tve-u-16dd3ea539d\">Go Cycling Portugal ist unser bevorzugter Partner f\u00fcr alles rund um Fahrradverleih in Portugal. Go Cycling Portugal spezialisiert sich auf <a href=\"http:\/\/gocyclingportugal.com\/\" target=\"_blank\" rel=\"noopener\">Fahrradverleih in Portugal<\/a>, Fahrradstrecken und selbstgef\u00fchrte Fahrradtourenpakete, damit alle Abenteurer Portugal mit dem Fahrrad in ihrem eigenen Tempo entdecken k\u00f6nnen. Sie bieten ausgezeichnete und sorgf\u00e4ltig abgestimmte Fahrr\u00e4der, Ausr\u00fcstung und Know-how f\u00fcr alle unabh\u00e4ngigen Fahrradreisenden, die Portugal kennenlernen m\u00f6chten.<\/p><\/div><\/div><\/div>\n<\/div>\n<\/div><\/div>\n<\/div>\n<\/div><\/div>\n<\/section>","protected":false},"excerpt":{"rendered":"<p>Home Partner Wir sind stolze Partner der besten Marken und Agenturen weltweit. Agenturen, Veranstalter und Sponsoren GO CYCLING PORTUGAL &#8211; FAHRRADVERLEIH UND KARTEN Fahrradverleih, Routen und Tourenpakete f\u00fcr unabh\u00e4ngige ReisendeGo Cycling Portugal ist unser bevorzugter Partner f\u00fcr alles rund um Fahrradverleih in Portugal. Go Cycling Portugal spezialisiert sich auf Fahrradverleih in Portugal, Fahrradstrecken und selbstgef\u00fchrte [&hellip;]<\/p>\n","protected":false},"author":1,"featured_media":261458,"parent":261121,"menu_order":12,"comment_status":"closed","ping_status":"closed","template":"","meta":{"_acf_changed":false,"_seopress_robots_primary_cat":"","_seopress_titles_title":"Go Cycling Portugal - Fahrradverleih und Karten","_seopress_titles_desc":"Fahrradverleih, Routen und Tourpakete f\u00fcr unabh\u00e4ngige Reisende.","_seopress_robots_index":"","_breakdance_hide_in_design_set":false,"_breakdance_tags":"","footnotes":""},"class_list":["post-261145","page","type-page","status-publish","has-post-thumbnail","hentry"],"acf":[],"_links":{"self":[{"href":"https:\/\/portugalbiketours.com\/de\/wp-json\/wp\/v2\/pages\/261145","targetHints":{"allow":["GET"]}}],"collection":[{"href":"https:\/\/portugalbiketours.com\/de\/wp-json\/wp\/v2\/pages"}],"about":[{"href":"https:\/\/portugalbiketours.com\/de\/wp-json\/wp\/v2\/types\/page"}],"author":[{"embeddable":true,"href":"https:\/\/portugalbiketours.com\/de\/wp-json\/wp\/v2\/users\/1"}],"replies":[{"embeddable":true,"href":"https:\/\/portugalbiketours.com\/de\/wp-json\/wp\/v2\/comments?post=261145"}],"version-history":[{"count":0,"href":"https:\/\/portugalbiketours.com\/de\/wp-json\/wp\/v2\/pages\/261145\/revisions"}],"up":[{"embeddable":true,"href":"https:\/\/portugalbiketours.com\/de\/wp-json\/wp\/v2\/pages\/261121"}],"wp:featuredmedia":[{"embeddable":true,"href":"https:\/\/portugalbiketours.com\/de\/wp-json\/wp\/v2\/media\/261458"}],"wp:attachment":[{"href":"https:\/\/portugalbiketours.com\/de\/wp-json\/wp\/v2\/media?parent=261145"}],"curies":[{"name":"wp","href":"https:\/\/api.w.org\/{rel}","templated":true}]}}