{"id":261185,"date":"2019-06-24T23:25:29","date_gmt":"2019-06-24T22:25:29","guid":{"rendered":"https:\/\/portugalbiketours.com\/partners\/live-love-hike-walking-tours-portugal\/"},"modified":"2025-11-23T09:02:25","modified_gmt":"2025-11-23T09:02:25","slug":"live-love-hike-walking-tours-portugal","status":"publish","type":"page","link":"https:\/\/portugalbiketours.com\/de\/partner\/live-love-hike-walking-tours-portugal\/","title":{"rendered":"Live Love Hike &#8211; Walking Tours Portugal"},"content":{"rendered":"<section class=\"bde-section-261185-129 bde-section\">\n  \n  \n\t\n\n\n\n<div class=\"section-container\"><div class=\"bde-div-261185-130 bde-div\">\n  \n  \n\t\n\n\n\n<div class=\"bde-div-261185-131 bde-div\">\n              \n  \n  \n\t\n\n  <div class=\"section-background-overlay\"><\/div>\n\n\n<div class=\"bde-shortcode-261185-132 bde-shortcode dark-links\"><nav  aria-label=\"Brotkrumen\"><ol class=\"breadcrumb\" itemscope itemtype=\"https:\/\/schema.org\/BreadcrumbList\"><li class=\"breadcrumb-item active\" aria-current=\"page\" itemprop=\"itemListElement\" itemscope itemtype=\"https:\/\/schema.org\/ListItem\"><span itemprop=\"name\">Home<\/span><meta itemprop=\"position\" content=\"1\"><\/li><\/ol><\/nav><\/div><div class=\"bde-div-261185-133 bde-div\">\n  \n  \n\t\n\n\n\n<h1 class=\"bde-heading-261185-134 bde-heading\">\nPartner\n<\/h1><div class=\"bde-text-261185-135 bde-text\">\nWir sind stolze Partner der besten Marken und Agenturen weltweit.\n<\/div>\n<\/div>\n<\/div><div class=\"bde-div-261185-136 bde-div\">\n  \n  \n\t\n\n\n\n<div class=\"bde-columns-261185-137 bde-columns\"><div class=\"bde-column-261185-138 bde-column\">\n  \n  \n\t\n\n\n\n<h2 class=\"bde-heading-261185-139 bde-heading\">\nAgenturen, Veranstalter und Sponsoren\n<\/h2><div class=\"bde-post-loop-261185-140 bde-post-loop phox-facets-target phox-facets-target-default\"><div class=\"bde-loop bde-loop-list ee-posts ee-posts-list\">    <article class=\"bde-loop-item ee-post\">\n        <div class=\"bde-div-1499-100-260814-1499-1 bde-div bde-div-1499-100\">\n  \n  \n\t\n\n\n\n\n<\/div>    <\/article>\n    <article class=\"bde-loop-item ee-post\">\n        <div class=\"bde-div-1499-100-261063-1499-1 bde-div bde-div-1499-100\">\n  \n  \n\t\n\n\n\n\n<\/div>    <\/article>\n    <article class=\"bde-loop-item ee-post\">\n        <div class=\"bde-div-1499-100-261070-1499-1 bde-div bde-div-1499-100\">\n  \n  \n\t\n\n\n\n\n<\/div>    <\/article>\n    <article class=\"bde-loop-item ee-post\">\n        <div class=\"bde-div-1499-100-261094-1499-1 bde-div bde-div-1499-100\">\n  \n  \n\t\n\n\n\n\n<\/div>    <\/article>\n    <article class=\"bde-loop-item ee-post\">\n        <div class=\"bde-div-1499-100-261097-1499-1 bde-div bde-div-1499-100\">\n  \n  \n\t\n\n\n\n\n<\/div>    <\/article>\n    <article class=\"bde-loop-item ee-post\">\n        <div class=\"bde-div-1499-100-261101-1499-1 bde-div bde-div-1499-100\">\n  \n  \n\t\n\n\n\n\n<\/div>    <\/article>\n    <article class=\"bde-loop-item ee-post\">\n        <div class=\"bde-div-1499-100-261112-1499-1 bde-div bde-div-1499-100\">\n  \n  \n\t\n\n\n\n\n<\/div>    <\/article>\n    <article class=\"bde-loop-item ee-post\">\n        <div class=\"bde-div-1499-100-261115-1499-1 bde-div bde-div-1499-100\">\n  \n  \n\t\n\n\n\n\n<\/div>    <\/article>\n    <article class=\"bde-loop-item ee-post\">\n        <div class=\"bde-div-1499-100-261118-1499-1 bde-div bde-div-1499-100\">\n  \n  \n\t\n\n\n\n\n<\/div>    <\/article>\n    <article class=\"bde-loop-item ee-post\">\n        <div class=\"bde-div-1499-100-261121-1499-1 bde-div bde-div-1499-100\">\n  \n  \n\t\n\n\n\n\n<\/div>    <\/article>\n    <article class=\"bde-loop-item ee-post\">\n        <div class=\"bde-div-1499-100-261137-1499-1 bde-div bde-div-1499-100\">\n  \n  \n\t\n\n\n\n\n<\/div>    <\/article>\n    <article class=\"bde-loop-item ee-post\">\n        <div class=\"bde-div-1499-100-261142-1499-1 bde-div bde-div-1499-100\">\n  \n  \n\t\n\n\n\n\n<\/div>    <\/article>\n    <article class=\"bde-loop-item ee-post\">\n        <div class=\"bde-div-1499-100-261145-1499-1 bde-div bde-div-1499-100\">\n  \n  \n\t\n\n\n\n\n<\/div>    <\/article>\n    <article class=\"bde-loop-item ee-post\">\n        <div class=\"bde-div-1499-100-261182-1499-1 bde-div bde-div-1499-100\">\n  \n  \n\t\n\n\n\n\n<\/div>    <\/article>\n    <article class=\"bde-loop-item ee-post\">\n        <div class=\"bde-div-1499-100-261185-1499-1 bde-div bde-div-1499-100\">\n  \n  \n\t\n\n\n\n\n<\/div>    <\/article>\n    <article class=\"bde-loop-item ee-post\">\n        <div class=\"bde-div-1499-100-261188-1499-1 bde-div bde-div-1499-100\">\n  \n  \n\t\n\n\n\n\n<\/div>    <\/article>\n    <article class=\"bde-loop-item ee-post\">\n        <div class=\"bde-div-1499-100-261191-1499-1 bde-div bde-div-1499-100\">\n  \n  \n\t\n\n\n\n\n<\/div>    <\/article>\n    <article class=\"bde-loop-item ee-post\">\n        <div class=\"bde-div-1499-100-261194-1499-1 bde-div bde-div-1499-100\">\n  \n  \n\t\n\n\n\n\n<\/div>    <\/article>\n    <article class=\"bde-loop-item ee-post\">\n        <div class=\"bde-div-1499-100-261197-1499-1 bde-div bde-div-1499-100\">\n  \n  \n\t\n\n\n\n\n<\/div>    <\/article>\n    <article class=\"bde-loop-item ee-post\">\n        <div class=\"bde-div-1499-100-261200-1499-1 bde-div bde-div-1499-100\">\n  \n  \n\t\n\n\n\n\n<\/div>    <\/article>\n<\/div>\r\n<\/div>\n<\/div><div class=\"bde-column-261185-145 bde-column\">\n  \n  \n\t\n\n\n\n<div class=\"bde-rich-text-261185-146 bde-rich-text breakdance-rich-text-styles\">\n<div id=\"_rich_text-105-16\" class=\"oxy-rich-text marginb\"><div id=\"text_block-20-23\" class=\"ct-text-block bmargin01\"><h3 id=\"headline-10-478\" class=\"ct-headline mf130\">LIVE LOVE HIKE - WANDERTOUREN PORTUGAL<\/h3><\/div><\/div>\n<\/div><img decoding=\"async\" class=\"bde-image2-261185-147 bde-image2\" src=\"https:\/\/portugalbiketours.com\/wp-content\/uploads\/partner-5.jpg\" alt=\"partner 5\" loading=\"lazy\" srcset=\"https:\/\/portugalbiketours.com\/wp-content\/uploads\/partner-5.jpg 900w, https:\/\/portugalbiketours.com\/wp-content\/uploads\/partner-5-300x278.jpg 300w, https:\/\/portugalbiketours.com\/wp-content\/uploads\/partner-5-768x712.jpg 768w\" sizes=\"(max-width: 900px) 100vw, 900px\"><div class=\"bde-rich-text-261185-148 bde-rich-text breakdance-rich-text-styles\">\n<div id=\"_rich_text-105-16\" class=\"oxy-rich-text marginb\"><div id=\"text_block-20-23\" class=\"ct-text-block bmargin01\"><div id=\"_rich_text-12-478\" class=\"oxy-rich-text\"><p data-css=\"tve-u-16dd3ed0723\"><strong>Unsere Schwesterfirma, spezialisiert auf Walking-, Wander- und Trailrunning-Urlaube in Portugal<\/strong><\/p><p data-css=\"tve-u-16b8bd7b7e3\">Live Love Hike bietet Wanderurlaube in Portugal an und hat sich zum Ziel gesetzt, gro\u00dfartige Erlebnisse f\u00fcr diejenigen zu schaffen, die unser Land \u00fcber seine Nebenstra\u00dfen und Pfade entdecken m\u00f6chten. Begleitet von erfahrenen einheimischen Guides lernen die G\u00e4ste die reiche Kultur und die historische Vergangenheit des Landes kennen, probieren die lokale Gastronomie und Weine und entspannen in charmanten Hotels und Spas.<br \/><br \/>Live Love Hike -\u00a0<a href=\"https:\/\/walkingtoursportugal.com\/\" target=\"_blank\" rel=\"noopener\">Walking Tours Portugal<\/a>\u00a0bietet Premium-Erlebnisse, die mit Blick auf Ihr Wohlbefinden gestaltet sind, und wir sind stets auf der Suche nach den besten Pfaden des Landes, um Ihre Tour weiter zu verbessern. Von den besten Hotels, Mahlzeiten, Weinverkostungen und Museen bis hin zur pers\u00f6nlichen Betreuung durch ihre Guides und der passenden Ausr\u00fcstung f\u00fcr Ihr Wandererlebnis gestalten und begleiten sie G\u00e4ste bei integrierten Erlebnissen, die das Beste Portugals bieten.<\/p><\/div><\/div><\/div>\n<\/div>\n<\/div><\/div>\n<\/div>\n<\/div><\/div>\n<\/section>","protected":false},"excerpt":{"rendered":"<p>Home Partner Wir sind stolze Partner der besten Marken und Agenturen weltweit. Agenturen, Veranstalter und Sponsoren LIVE LOVE HIKE &#8211; WANDERTOUREN PORTUGAL Unsere Schwesterfirma, spezialisiert auf Walking-, Wander- und Trailrunning-Urlaube in PortugalLive Love Hike bietet Wanderurlaube in Portugal an und hat sich zum Ziel gesetzt, gro\u00dfartige Erlebnisse f\u00fcr diejenigen zu schaffen, die unser Land \u00fcber [&hellip;]<\/p>\n","protected":false},"author":1,"featured_media":261458,"parent":261121,"menu_order":14,"comment_status":"closed","ping_status":"closed","template":"","meta":{"_acf_changed":false,"_seopress_robots_primary_cat":"","_seopress_titles_title":"Live Love Hike - Walking Tours Portugal","_seopress_titles_desc":"Unsere Schwesterfirma, spezialisiert auf Wanderurlaub in Portugal.","_seopress_robots_index":"","_breakdance_hide_in_design_set":false,"_breakdance_tags":"","footnotes":""},"class_list":["post-261185","page","type-page","status-publish","has-post-thumbnail","hentry"],"acf":[],"_links":{"self":[{"href":"https:\/\/portugalbiketours.com\/de\/wp-json\/wp\/v2\/pages\/261185","targetHints":{"allow":["GET"]}}],"collection":[{"href":"https:\/\/portugalbiketours.com\/de\/wp-json\/wp\/v2\/pages"}],"about":[{"href":"https:\/\/portugalbiketours.com\/de\/wp-json\/wp\/v2\/types\/page"}],"author":[{"embeddable":true,"href":"https:\/\/portugalbiketours.com\/de\/wp-json\/wp\/v2\/users\/1"}],"replies":[{"embeddable":true,"href":"https:\/\/portugalbiketours.com\/de\/wp-json\/wp\/v2\/comments?post=261185"}],"version-history":[{"count":0,"href":"https:\/\/portugalbiketours.com\/de\/wp-json\/wp\/v2\/pages\/261185\/revisions"}],"up":[{"embeddable":true,"href":"https:\/\/portugalbiketours.com\/de\/wp-json\/wp\/v2\/pages\/261121"}],"wp:featuredmedia":[{"embeddable":true,"href":"https:\/\/portugalbiketours.com\/de\/wp-json\/wp\/v2\/media\/261458"}],"wp:attachment":[{"href":"https:\/\/portugalbiketours.com\/de\/wp-json\/wp\/v2\/media?parent=261185"}],"curies":[{"name":"wp","href":"https:\/\/api.w.org\/{rel}","templated":true}]}}