{"id":261188,"date":"2019-06-24T23:11:51","date_gmt":"2019-06-24T22:11:51","guid":{"rendered":"https:\/\/portugalbiketours.com\/partners\/porto-and-northern-portugal-official-tourism-board\/"},"modified":"2025-11-23T09:02:25","modified_gmt":"2025-11-23T09:02:25","slug":"porto-and-northern-portugal-official-tourism-board","status":"publish","type":"page","link":"https:\/\/portugalbiketours.com\/de\/partner\/porto-and-northern-portugal-official-tourism-board\/","title":{"rendered":"Porto und der Norden Tourismusverband &#8211; Porto Convention Bureau"},"content":{"rendered":"<section class=\"bde-section-261188-129 bde-section\">\n  \n  \n\t\n\n\n\n<div class=\"section-container\"><div class=\"bde-div-261188-130 bde-div\">\n  \n  \n\t\n\n\n\n<div class=\"bde-div-261188-131 bde-div\">\n              \n  \n  \n\t\n\n  <div class=\"section-background-overlay\"><\/div>\n\n\n<div class=\"bde-shortcode-261188-132 bde-shortcode dark-links\"><nav  aria-label=\"Brotkrumen\"><ol class=\"breadcrumb\" itemscope itemtype=\"https:\/\/schema.org\/BreadcrumbList\"><li class=\"breadcrumb-item active\" aria-current=\"page\" itemprop=\"itemListElement\" itemscope itemtype=\"https:\/\/schema.org\/ListItem\"><span itemprop=\"name\">Home<\/span><meta itemprop=\"position\" content=\"1\"><\/li><\/ol><\/nav><\/div><div class=\"bde-div-261188-133 bde-div\">\n  \n  \n\t\n\n\n\n<h1 class=\"bde-heading-261188-134 bde-heading\">\nPartner\n<\/h1><div class=\"bde-text-261188-135 bde-text\">\nWir sind stolze Partner der besten Marken und Agenturen weltweit.\n<\/div>\n<\/div>\n<\/div><div class=\"bde-div-261188-136 bde-div\">\n  \n  \n\t\n\n\n\n<div class=\"bde-columns-261188-137 bde-columns\"><div class=\"bde-column-261188-138 bde-column\">\n  \n  \n\t\n\n\n\n<h2 class=\"bde-heading-261188-139 bde-heading\">\nAgenturen, Veranstalter und Sponsoren\n<\/h2><div class=\"bde-post-loop-261188-140 bde-post-loop phox-facets-target phox-facets-target-default\"><div class=\"bde-loop bde-loop-list ee-posts ee-posts-list\">    <article class=\"bde-loop-item ee-post\">\n        <div class=\"bde-div-1499-100-260814-1499-1 bde-div bde-div-1499-100\">\n  \n  \n\t\n\n\n\n\n<\/div>    <\/article>\n    <article class=\"bde-loop-item ee-post\">\n        <div class=\"bde-div-1499-100-261063-1499-1 bde-div bde-div-1499-100\">\n  \n  \n\t\n\n\n\n\n<\/div>    <\/article>\n    <article class=\"bde-loop-item ee-post\">\n        <div class=\"bde-div-1499-100-261070-1499-1 bde-div bde-div-1499-100\">\n  \n  \n\t\n\n\n\n\n<\/div>    <\/article>\n    <article class=\"bde-loop-item ee-post\">\n        <div class=\"bde-div-1499-100-261094-1499-1 bde-div bde-div-1499-100\">\n  \n  \n\t\n\n\n\n\n<\/div>    <\/article>\n    <article class=\"bde-loop-item ee-post\">\n        <div class=\"bde-div-1499-100-261097-1499-1 bde-div bde-div-1499-100\">\n  \n  \n\t\n\n\n\n\n<\/div>    <\/article>\n    <article class=\"bde-loop-item ee-post\">\n        <div class=\"bde-div-1499-100-261101-1499-1 bde-div bde-div-1499-100\">\n  \n  \n\t\n\n\n\n\n<\/div>    <\/article>\n    <article class=\"bde-loop-item ee-post\">\n        <div class=\"bde-div-1499-100-261112-1499-1 bde-div bde-div-1499-100\">\n  \n  \n\t\n\n\n\n\n<\/div>    <\/article>\n    <article class=\"bde-loop-item ee-post\">\n        <div class=\"bde-div-1499-100-261115-1499-1 bde-div bde-div-1499-100\">\n  \n  \n\t\n\n\n\n\n<\/div>    <\/article>\n    <article class=\"bde-loop-item ee-post\">\n        <div class=\"bde-div-1499-100-261118-1499-1 bde-div bde-div-1499-100\">\n  \n  \n\t\n\n\n\n\n<\/div>    <\/article>\n    <article class=\"bde-loop-item ee-post\">\n        <div class=\"bde-div-1499-100-261121-1499-1 bde-div bde-div-1499-100\">\n  \n  \n\t\n\n\n\n\n<\/div>    <\/article>\n    <article class=\"bde-loop-item ee-post\">\n        <div class=\"bde-div-1499-100-261137-1499-1 bde-div bde-div-1499-100\">\n  \n  \n\t\n\n\n\n\n<\/div>    <\/article>\n    <article class=\"bde-loop-item ee-post\">\n        <div class=\"bde-div-1499-100-261142-1499-1 bde-div bde-div-1499-100\">\n  \n  \n\t\n\n\n\n\n<\/div>    <\/article>\n    <article class=\"bde-loop-item ee-post\">\n        <div class=\"bde-div-1499-100-261145-1499-1 bde-div bde-div-1499-100\">\n  \n  \n\t\n\n\n\n\n<\/div>    <\/article>\n    <article class=\"bde-loop-item ee-post\">\n        <div class=\"bde-div-1499-100-261182-1499-1 bde-div bde-div-1499-100\">\n  \n  \n\t\n\n\n\n\n<\/div>    <\/article>\n    <article class=\"bde-loop-item ee-post\">\n        <div class=\"bde-div-1499-100-261185-1499-1 bde-div bde-div-1499-100\">\n  \n  \n\t\n\n\n\n\n<\/div>    <\/article>\n    <article class=\"bde-loop-item ee-post\">\n        <div class=\"bde-div-1499-100-261188-1499-1 bde-div bde-div-1499-100\">\n  \n  \n\t\n\n\n\n\n<\/div>    <\/article>\n    <article class=\"bde-loop-item ee-post\">\n        <div class=\"bde-div-1499-100-261191-1499-1 bde-div bde-div-1499-100\">\n  \n  \n\t\n\n\n\n\n<\/div>    <\/article>\n    <article class=\"bde-loop-item ee-post\">\n        <div class=\"bde-div-1499-100-261194-1499-1 bde-div bde-div-1499-100\">\n  \n  \n\t\n\n\n\n\n<\/div>    <\/article>\n    <article class=\"bde-loop-item ee-post\">\n        <div class=\"bde-div-1499-100-261197-1499-1 bde-div bde-div-1499-100\">\n  \n  \n\t\n\n\n\n\n<\/div>    <\/article>\n    <article class=\"bde-loop-item ee-post\">\n        <div class=\"bde-div-1499-100-261200-1499-1 bde-div bde-div-1499-100\">\n  \n  \n\t\n\n\n\n\n<\/div>    <\/article>\n<\/div>\r\n<\/div>\n<\/div><div class=\"bde-column-261188-145 bde-column\">\n  \n  \n\t\n\n\n\n<div class=\"bde-rich-text-261188-146 bde-rich-text breakdance-rich-text-styles\">\n<div id=\"_rich_text-105-16\" class=\"oxy-rich-text marginb\"><div id=\"text_block-20-23\" class=\"ct-text-block bmargin01\"><h3 id=\"headline-10-469\" class=\"ct-headline mf130\">PORTO UND NORDPORTUGAL OFFIZIELLES TOURISMUSB\u00dcRO<\/h3><\/div><\/div>\n<\/div><img decoding=\"async\" class=\"bde-image2-261188-147 bde-image2\" src=\"https:\/\/portugalbiketours.com\/wp-content\/uploads\/partner-6.png\" alt=\"partner 6\" loading=\"lazy\" srcset=\"https:\/\/portugalbiketours.com\/wp-content\/uploads\/partner-6.png 1000w, https:\/\/portugalbiketours.com\/wp-content\/uploads\/partner-6-300x229.png 300w, https:\/\/portugalbiketours.com\/wp-content\/uploads\/partner-6-768x586.png 768w\" sizes=\"(max-width: 1000px) 100vw, 1000px\"><div class=\"bde-rich-text-261188-148 bde-rich-text breakdance-rich-text-styles\">\n<div id=\"_rich_text-105-16\" class=\"oxy-rich-text marginb\"><div id=\"text_block-20-23\" class=\"ct-text-block bmargin01\"><p><strong>Wir sind Mitglieder des Tourismusverbands Porto und Nordportugal<\/strong><\/p><div id=\"_rich_text-12-469\" class=\"oxy-rich-text\"><div class=\"thrv_wrapper thrv_text_element fixlcolor\"><p data-css=\"tve-u-16b8bc7a00e\">Das Porto Convention Bureau ist ein gemeinn\u00fctziger Verein, der 1995 auf Initiative verschiedener Stadtverwaltungen wie Porto, Gaia und Gondomar sowie von Wirtschaftsverb\u00e4nden, der Universit\u00e4t Porto und einer Reihe von Akteuren der privaten Tourismusbranche gegr\u00fcndet wurde.<br \/><br \/>Das Hauptziel ist die F\u00f6rderung von Porto und Nordportugal im Bereich des Gesch\u00e4ftstourismus, insbesondere als bevorzugtes Ziel f\u00fcr Kongresse, Incentives und andere Veranstaltungen.<\/p><\/div><\/div><\/div><\/div>\n<\/div>\n<\/div><\/div>\n<\/div>\n<\/div><\/div>\n<\/section>","protected":false},"excerpt":{"rendered":"<p>Home Partner Wir sind stolze Partner der besten Marken und Agenturen weltweit. Agenturen, Veranstalter und Sponsoren PORTO UND NORDPORTUGAL OFFIZIELLES TOURISMUSB\u00dcRO Wir sind Mitglieder des Tourismusverbands Porto und NordportugalDas Porto Convention Bureau ist ein gemeinn\u00fctziger Verein, der 1995 auf Initiative verschiedener Stadtverwaltungen wie Porto, Gaia und Gondomar sowie von Wirtschaftsverb\u00e4nden, der Universit\u00e4t Porto und einer [&hellip;]<\/p>\n","protected":false},"author":1,"featured_media":261458,"parent":261121,"menu_order":15,"comment_status":"closed","ping_status":"closed","template":"","meta":{"_acf_changed":false,"_seopress_robots_primary_cat":"","_seopress_titles_title":"Porto Norden Tourismusverband-Porto Convention Bureau","_seopress_titles_desc":"Wir sind Mitglieder von Porto und der Norden Tourismusverband - Porto Convention Bureau","_seopress_robots_index":"","_breakdance_hide_in_design_set":false,"_breakdance_tags":"","footnotes":""},"class_list":["post-261188","page","type-page","status-publish","has-post-thumbnail","hentry"],"acf":[],"_links":{"self":[{"href":"https:\/\/portugalbiketours.com\/de\/wp-json\/wp\/v2\/pages\/261188","targetHints":{"allow":["GET"]}}],"collection":[{"href":"https:\/\/portugalbiketours.com\/de\/wp-json\/wp\/v2\/pages"}],"about":[{"href":"https:\/\/portugalbiketours.com\/de\/wp-json\/wp\/v2\/types\/page"}],"author":[{"embeddable":true,"href":"https:\/\/portugalbiketours.com\/de\/wp-json\/wp\/v2\/users\/1"}],"replies":[{"embeddable":true,"href":"https:\/\/portugalbiketours.com\/de\/wp-json\/wp\/v2\/comments?post=261188"}],"version-history":[{"count":0,"href":"https:\/\/portugalbiketours.com\/de\/wp-json\/wp\/v2\/pages\/261188\/revisions"}],"up":[{"embeddable":true,"href":"https:\/\/portugalbiketours.com\/de\/wp-json\/wp\/v2\/pages\/261121"}],"wp:featuredmedia":[{"embeddable":true,"href":"https:\/\/portugalbiketours.com\/de\/wp-json\/wp\/v2\/media\/261458"}],"wp:attachment":[{"href":"https:\/\/portugalbiketours.com\/de\/wp-json\/wp\/v2\/media?parent=261188"}],"curies":[{"name":"wp","href":"https:\/\/api.w.org\/{rel}","templated":true}]}}