{"id":261191,"date":"2019-10-16T09:25:14","date_gmt":"2019-10-16T08:25:14","guid":{"rendered":"https:\/\/portugalbiketours.com\/partners\/portuguese-rural-hotels\/"},"modified":"2025-11-23T09:02:25","modified_gmt":"2025-11-23T09:02:25","slug":"portugiesische-laendliche-hotels","status":"publish","type":"page","link":"https:\/\/portugalbiketours.com\/de\/partner\/portugiesische-laendliche-hotels\/","title":{"rendered":"Portugiesische, l\u00e4ndliche Hotels"},"content":{"rendered":"<section class=\"bde-section-261191-129 bde-section\">\n  \n  \n\t\n\n\n\n<div class=\"section-container\"><div class=\"bde-div-261191-130 bde-div\">\n  \n  \n\t\n\n\n\n<div class=\"bde-div-261191-131 bde-div\">\n              \n  \n  \n\t\n\n  <div class=\"section-background-overlay\"><\/div>\n\n\n<div class=\"bde-shortcode-261191-132 bde-shortcode dark-links\"><nav  aria-label=\"Brotkrumen\"><ol class=\"breadcrumb\" itemscope itemtype=\"https:\/\/schema.org\/BreadcrumbList\"><li class=\"breadcrumb-item active\" aria-current=\"page\" itemprop=\"itemListElement\" itemscope itemtype=\"https:\/\/schema.org\/ListItem\"><span itemprop=\"name\">Home<\/span><meta itemprop=\"position\" content=\"1\"><\/li><\/ol><\/nav><\/div><div class=\"bde-div-261191-133 bde-div\">\n  \n  \n\t\n\n\n\n<h1 class=\"bde-heading-261191-134 bde-heading\">\nPartner\n<\/h1><div class=\"bde-text-261191-135 bde-text\">\nWir sind stolze Partner der besten Marken und Agenturen weltweit.\n<\/div>\n<\/div>\n<\/div><div class=\"bde-div-261191-136 bde-div\">\n  \n  \n\t\n\n\n\n<div class=\"bde-columns-261191-137 bde-columns\"><div class=\"bde-column-261191-138 bde-column\">\n  \n  \n\t\n\n\n\n<h2 class=\"bde-heading-261191-139 bde-heading\">\nAgenturen, Veranstalter und Sponsoren\n<\/h2><div class=\"bde-post-loop-261191-140 bde-post-loop phox-facets-target phox-facets-target-default\"><div class=\"bde-loop bde-loop-list ee-posts ee-posts-list\">    <article class=\"bde-loop-item ee-post\">\n        <div class=\"bde-div-1499-100-260814-1499-1 bde-div bde-div-1499-100\">\n  \n  \n\t\n\n\n\n\n<\/div>    <\/article>\n    <article class=\"bde-loop-item ee-post\">\n        <div class=\"bde-div-1499-100-261063-1499-1 bde-div bde-div-1499-100\">\n  \n  \n\t\n\n\n\n\n<\/div>    <\/article>\n    <article class=\"bde-loop-item ee-post\">\n        <div class=\"bde-div-1499-100-261070-1499-1 bde-div bde-div-1499-100\">\n  \n  \n\t\n\n\n\n\n<\/div>    <\/article>\n    <article class=\"bde-loop-item ee-post\">\n        <div class=\"bde-div-1499-100-261094-1499-1 bde-div bde-div-1499-100\">\n  \n  \n\t\n\n\n\n\n<\/div>    <\/article>\n    <article class=\"bde-loop-item ee-post\">\n        <div class=\"bde-div-1499-100-261097-1499-1 bde-div bde-div-1499-100\">\n  \n  \n\t\n\n\n\n\n<\/div>    <\/article>\n    <article class=\"bde-loop-item ee-post\">\n        <div class=\"bde-div-1499-100-261101-1499-1 bde-div bde-div-1499-100\">\n  \n  \n\t\n\n\n\n\n<\/div>    <\/article>\n    <article class=\"bde-loop-item ee-post\">\n        <div class=\"bde-div-1499-100-261112-1499-1 bde-div bde-div-1499-100\">\n  \n  \n\t\n\n\n\n\n<\/div>    <\/article>\n    <article class=\"bde-loop-item ee-post\">\n        <div class=\"bde-div-1499-100-261115-1499-1 bde-div bde-div-1499-100\">\n  \n  \n\t\n\n\n\n\n<\/div>    <\/article>\n    <article class=\"bde-loop-item ee-post\">\n        <div class=\"bde-div-1499-100-261118-1499-1 bde-div bde-div-1499-100\">\n  \n  \n\t\n\n\n\n\n<\/div>    <\/article>\n    <article class=\"bde-loop-item ee-post\">\n        <div class=\"bde-div-1499-100-261121-1499-1 bde-div bde-div-1499-100\">\n  \n  \n\t\n\n\n\n\n<\/div>    <\/article>\n    <article class=\"bde-loop-item ee-post\">\n        <div class=\"bde-div-1499-100-261137-1499-1 bde-div bde-div-1499-100\">\n  \n  \n\t\n\n\n\n\n<\/div>    <\/article>\n    <article class=\"bde-loop-item ee-post\">\n        <div class=\"bde-div-1499-100-261142-1499-1 bde-div bde-div-1499-100\">\n  \n  \n\t\n\n\n\n\n<\/div>    <\/article>\n    <article class=\"bde-loop-item ee-post\">\n        <div class=\"bde-div-1499-100-261145-1499-1 bde-div bde-div-1499-100\">\n  \n  \n\t\n\n\n\n\n<\/div>    <\/article>\n    <article class=\"bde-loop-item ee-post\">\n        <div class=\"bde-div-1499-100-261182-1499-1 bde-div bde-div-1499-100\">\n  \n  \n\t\n\n\n\n\n<\/div>    <\/article>\n    <article class=\"bde-loop-item ee-post\">\n        <div class=\"bde-div-1499-100-261185-1499-1 bde-div bde-div-1499-100\">\n  \n  \n\t\n\n\n\n\n<\/div>    <\/article>\n    <article class=\"bde-loop-item ee-post\">\n        <div class=\"bde-div-1499-100-261188-1499-1 bde-div bde-div-1499-100\">\n  \n  \n\t\n\n\n\n\n<\/div>    <\/article>\n    <article class=\"bde-loop-item ee-post\">\n        <div class=\"bde-div-1499-100-261191-1499-1 bde-div bde-div-1499-100\">\n  \n  \n\t\n\n\n\n\n<\/div>    <\/article>\n    <article class=\"bde-loop-item ee-post\">\n        <div class=\"bde-div-1499-100-261194-1499-1 bde-div bde-div-1499-100\">\n  \n  \n\t\n\n\n\n\n<\/div>    <\/article>\n    <article class=\"bde-loop-item ee-post\">\n        <div class=\"bde-div-1499-100-261197-1499-1 bde-div bde-div-1499-100\">\n  \n  \n\t\n\n\n\n\n<\/div>    <\/article>\n    <article class=\"bde-loop-item ee-post\">\n        <div class=\"bde-div-1499-100-261200-1499-1 bde-div bde-div-1499-100\">\n  \n  \n\t\n\n\n\n\n<\/div>    <\/article>\n<\/div>\r\n<\/div>\n<\/div><div class=\"bde-column-261191-145 bde-column\">\n  \n  \n\t\n\n\n\n<div class=\"bde-rich-text-261191-146 bde-rich-text breakdance-rich-text-styles\">\n<div id=\"_rich_text-105-16\" class=\"oxy-rich-text marginb\"><div id=\"text_block-20-23\" class=\"ct-text-block bmargin01\"><h3 id=\"headline-10-4316\" class=\"ct-headline mf130\">PORTUGIESISCHE LANDHOTELS<\/h3><\/div><\/div>\n---\n<\/div><img decoding=\"async\" class=\"bde-image2-261191-147 bde-image2\" src=\"https:\/\/portugalbiketours.com\/wp-content\/uploads\/partner-7.jpg\" alt=\"partner 7\" loading=\"lazy\" sizes=\"(max-width: 283px) 100vw, 283px\"><div class=\"bde-rich-text-261191-148 bde-rich-text breakdance-rich-text-styles\">\n<div id=\"_rich_text-105-16\" class=\"oxy-rich-text marginb\"><div id=\"text_block-20-23\" class=\"ct-text-block bmargin01\"><div id=\"_rich_text-12-4316\" class=\"oxy-rich-text\"><div class=\"thrv_wrapper thrv_text_element\" data-tag=\"h4\"><p data-css=\"tve-u-16b8bcce457\"><strong>Kunst, Geschichte und Kultur.<\/strong><\/p><p data-css=\"tve-u-16b8bcce457\">Drei Worte, mit denen wir ein Landhotel in Portugal besser zusammenfassen und charakterisieren k\u00f6nnen.<\/p><\/div><div class=\"thrv_wrapper thrv_text_element fixlcolor\"><p data-css=\"tve-u-16b8bc7a00e\">Viel mehr als ein Hotel \u2013 in jedem einzelnen finden Sie seine eigene Identit\u00e4t und ein St\u00fcck portugiesischer Geschichte. Eine \u00dcbernachtung in einem Landhotel ist das Wiedererleben von Erinnerungen, mit einer Welt voller Eindr\u00fccke, die Sie in die Vergangenheit entf\u00fchrt und uns f\u00fcr die Zukunft inspiriert. Sehen Sie alle Landhotels Portugals auf deren Webseite hier:\u00a0<a href=\"http:\/\/www.hoteisruraisportugal.com.pt\/\" target=\"_blank\" rel=\"noopener\">http:\/\/www.hoteisruraisportugal.com.pt\/<\/a><br \/><br \/>Live Love Ride ist stolzer Partner von \u201eHot\u00e9is Rurais de Portugal\u201c.<\/p><\/div><\/div><\/div><\/div>\n<\/div>\n<\/div><\/div>\n<\/div>\n<\/div><\/div>\n<\/section>","protected":false},"excerpt":{"rendered":"<p>Home Partner Wir sind stolze Partner der besten Marken und Agenturen weltweit. Agenturen, Veranstalter und Sponsoren PORTUGIESISCHE LANDHOTELS &#8212; Kunst, Geschichte und Kultur.Drei Worte, mit denen wir ein Landhotel in Portugal besser zusammenfassen und charakterisieren k\u00f6nnen.Viel mehr als ein Hotel \u2013 in jedem einzelnen finden Sie seine eigene Identit\u00e4t und ein St\u00fcck portugiesischer Geschichte. Eine [&hellip;]<\/p>\n","protected":false},"author":1,"featured_media":261458,"parent":261121,"menu_order":16,"comment_status":"closed","ping_status":"closed","template":"","meta":{"_acf_changed":false,"_seopress_robots_primary_cat":"","_seopress_titles_title":"Portugiesische, l\u00e4ndliche Hotels","_seopress_titles_desc":"Kunst, Geschichte und Kultur. Mit diesen drei W\u00f6rtern lassen sich l\u00e4ndliche Hotels in Portugal am besten beschreiben.","_seopress_robots_index":"","_breakdance_hide_in_design_set":false,"_breakdance_tags":"","footnotes":""},"class_list":["post-261191","page","type-page","status-publish","has-post-thumbnail","hentry"],"acf":[],"_links":{"self":[{"href":"https:\/\/portugalbiketours.com\/de\/wp-json\/wp\/v2\/pages\/261191","targetHints":{"allow":["GET"]}}],"collection":[{"href":"https:\/\/portugalbiketours.com\/de\/wp-json\/wp\/v2\/pages"}],"about":[{"href":"https:\/\/portugalbiketours.com\/de\/wp-json\/wp\/v2\/types\/page"}],"author":[{"embeddable":true,"href":"https:\/\/portugalbiketours.com\/de\/wp-json\/wp\/v2\/users\/1"}],"replies":[{"embeddable":true,"href":"https:\/\/portugalbiketours.com\/de\/wp-json\/wp\/v2\/comments?post=261191"}],"version-history":[{"count":0,"href":"https:\/\/portugalbiketours.com\/de\/wp-json\/wp\/v2\/pages\/261191\/revisions"}],"up":[{"embeddable":true,"href":"https:\/\/portugalbiketours.com\/de\/wp-json\/wp\/v2\/pages\/261121"}],"wp:featuredmedia":[{"embeddable":true,"href":"https:\/\/portugalbiketours.com\/de\/wp-json\/wp\/v2\/media\/261458"}],"wp:attachment":[{"href":"https:\/\/portugalbiketours.com\/de\/wp-json\/wp\/v2\/media?parent=261191"}],"curies":[{"name":"wp","href":"https:\/\/api.w.org\/{rel}","templated":true}]}}