{"id":261197,"date":"2019-10-16T09:37:00","date_gmt":"2019-10-16T08:37:00","guid":{"rendered":"https:\/\/portugalbiketours.com\/partners\/touristlink-certified-partner\/"},"modified":"2025-11-23T09:02:34","modified_gmt":"2025-11-23T09:02:34","slug":"touristlink-zertifizierte-partner","status":"publish","type":"page","link":"https:\/\/portugalbiketours.com\/de\/partner\/touristlink-zertifizierte-partner\/","title":{"rendered":"Touristlink zertifizierte Partner"},"content":{"rendered":"<section class=\"bde-section-261197-129 bde-section\">\n  \n  \n\t\n\n\n\n<div class=\"section-container\"><div class=\"bde-div-261197-130 bde-div\">\n  \n  \n\t\n\n\n\n<div class=\"bde-div-261197-131 bde-div\">\n              \n  \n  \n\t\n\n  <div class=\"section-background-overlay\"><\/div>\n\n\n<div class=\"bde-shortcode-261197-132 bde-shortcode dark-links\"><nav  aria-label=\"Brotkrumen\"><ol class=\"breadcrumb\" itemscope itemtype=\"https:\/\/schema.org\/BreadcrumbList\"><li class=\"breadcrumb-item active\" aria-current=\"page\" itemprop=\"itemListElement\" itemscope itemtype=\"https:\/\/schema.org\/ListItem\"><span itemprop=\"name\">Home<\/span><meta itemprop=\"position\" content=\"1\"><\/li><\/ol><\/nav><\/div><div class=\"bde-div-261197-133 bde-div\">\n  \n  \n\t\n\n\n\n<h1 class=\"bde-heading-261197-134 bde-heading\">\nPartner\n<\/h1><div class=\"bde-text-261197-135 bde-text\">\nWir sind stolze Partner der besten Marken und Agenturen weltweit.\n<\/div>\n<\/div>\n<\/div><div class=\"bde-div-261197-136 bde-div\">\n  \n  \n\t\n\n\n\n<div class=\"bde-columns-261197-137 bde-columns\"><div class=\"bde-column-261197-138 bde-column\">\n  \n  \n\t\n\n\n\n<h2 class=\"bde-heading-261197-139 bde-heading\">\nAgenturen, Veranstalter und Sponsoren\n<\/h2><div class=\"bde-post-loop-261197-140 bde-post-loop phox-facets-target phox-facets-target-default\"><div class=\"bde-loop bde-loop-list ee-posts ee-posts-list\">    <article class=\"bde-loop-item ee-post\">\n        <div class=\"bde-div-1499-100-260814-1499-1 bde-div bde-div-1499-100\">\n  \n  \n\t\n\n\n\n\n<\/div>    <\/article>\n    <article class=\"bde-loop-item ee-post\">\n        <div class=\"bde-div-1499-100-261063-1499-1 bde-div bde-div-1499-100\">\n  \n  \n\t\n\n\n\n\n<\/div>    <\/article>\n    <article class=\"bde-loop-item ee-post\">\n        <div class=\"bde-div-1499-100-261070-1499-1 bde-div bde-div-1499-100\">\n  \n  \n\t\n\n\n\n\n<\/div>    <\/article>\n    <article class=\"bde-loop-item ee-post\">\n        <div class=\"bde-div-1499-100-261094-1499-1 bde-div bde-div-1499-100\">\n  \n  \n\t\n\n\n\n\n<\/div>    <\/article>\n    <article class=\"bde-loop-item ee-post\">\n        <div class=\"bde-div-1499-100-261097-1499-1 bde-div bde-div-1499-100\">\n  \n  \n\t\n\n\n\n\n<\/div>    <\/article>\n    <article class=\"bde-loop-item ee-post\">\n        <div class=\"bde-div-1499-100-261101-1499-1 bde-div bde-div-1499-100\">\n  \n  \n\t\n\n\n\n\n<\/div>    <\/article>\n    <article class=\"bde-loop-item ee-post\">\n        <div class=\"bde-div-1499-100-261112-1499-1 bde-div bde-div-1499-100\">\n  \n  \n\t\n\n\n\n\n<\/div>    <\/article>\n    <article class=\"bde-loop-item ee-post\">\n        <div class=\"bde-div-1499-100-261115-1499-1 bde-div bde-div-1499-100\">\n  \n  \n\t\n\n\n\n\n<\/div>    <\/article>\n    <article class=\"bde-loop-item ee-post\">\n        <div class=\"bde-div-1499-100-261118-1499-1 bde-div bde-div-1499-100\">\n  \n  \n\t\n\n\n\n\n<\/div>    <\/article>\n    <article class=\"bde-loop-item ee-post\">\n        <div class=\"bde-div-1499-100-261121-1499-1 bde-div bde-div-1499-100\">\n  \n  \n\t\n\n\n\n\n<\/div>    <\/article>\n    <article class=\"bde-loop-item ee-post\">\n        <div class=\"bde-div-1499-100-261137-1499-1 bde-div bde-div-1499-100\">\n  \n  \n\t\n\n\n\n\n<\/div>    <\/article>\n    <article class=\"bde-loop-item ee-post\">\n        <div class=\"bde-div-1499-100-261142-1499-1 bde-div bde-div-1499-100\">\n  \n  \n\t\n\n\n\n\n<\/div>    <\/article>\n    <article class=\"bde-loop-item ee-post\">\n        <div class=\"bde-div-1499-100-261145-1499-1 bde-div bde-div-1499-100\">\n  \n  \n\t\n\n\n\n\n<\/div>    <\/article>\n    <article class=\"bde-loop-item ee-post\">\n        <div class=\"bde-div-1499-100-261182-1499-1 bde-div bde-div-1499-100\">\n  \n  \n\t\n\n\n\n\n<\/div>    <\/article>\n    <article class=\"bde-loop-item ee-post\">\n        <div class=\"bde-div-1499-100-261185-1499-1 bde-div bde-div-1499-100\">\n  \n  \n\t\n\n\n\n\n<\/div>    <\/article>\n    <article class=\"bde-loop-item ee-post\">\n        <div class=\"bde-div-1499-100-261188-1499-1 bde-div bde-div-1499-100\">\n  \n  \n\t\n\n\n\n\n<\/div>    <\/article>\n    <article class=\"bde-loop-item ee-post\">\n        <div class=\"bde-div-1499-100-261191-1499-1 bde-div bde-div-1499-100\">\n  \n  \n\t\n\n\n\n\n<\/div>    <\/article>\n    <article class=\"bde-loop-item ee-post\">\n        <div class=\"bde-div-1499-100-261194-1499-1 bde-div bde-div-1499-100\">\n  \n  \n\t\n\n\n\n\n<\/div>    <\/article>\n    <article class=\"bde-loop-item ee-post\">\n        <div class=\"bde-div-1499-100-261197-1499-1 bde-div bde-div-1499-100\">\n  \n  \n\t\n\n\n\n\n<\/div>    <\/article>\n    <article class=\"bde-loop-item ee-post\">\n        <div class=\"bde-div-1499-100-261200-1499-1 bde-div bde-div-1499-100\">\n  \n  \n\t\n\n\n\n\n<\/div>    <\/article>\n<\/div>\r\n<\/div>\n<\/div><div class=\"bde-column-261197-145 bde-column\">\n  \n  \n\t\n\n\n\n<div class=\"bde-rich-text-261197-146 bde-rich-text breakdance-rich-text-styles\">\n<div id=\"_rich_text-105-16\" class=\"oxy-rich-text marginb\"><div id=\"text_block-20-23\" class=\"ct-text-block bmargin01\"><h3 id=\"headline-10-4371\" class=\"ct-headline mf130\">TOURISTLINK ZERTIFIZIERTER PARTNER<\/h3><\/div><\/div>\n---\n<\/div><img decoding=\"async\" class=\"bde-image2-261197-147 bde-image2\" src=\"https:\/\/portugalbiketours.com\/wp-content\/uploads\/partner-9.png\" alt=\"partner 9\" loading=\"lazy\" sizes=\"(max-width: 150px) 100vw, 150px\"><div class=\"bde-rich-text-261197-148 bde-rich-text breakdance-rich-text-styles\">\n<div id=\"_rich_text-105-16\" class=\"oxy-rich-text marginb\"><div id=\"text_block-20-23\" class=\"ct-text-block bmargin01\"><div id=\"_rich_text-12-4371\" class=\"oxy-rich-text\"><div class=\"thrv_wrapper thrv_text_element\" data-tag=\"h4\"><p data-css=\"tve-u-16b8bcce457\"><strong>Live Love Ride ist ein zertifizierter Tourist Link Partner, eine der gr\u00f6\u00dften Online-Ressourcen f\u00fcr Touristen und Tourismusagenturen zur Vernetzung.<\/strong><\/p><\/div><div class=\"thrv_wrapper thrv_text_element fixlcolor\"><p data-css=\"tve-u-16b8bc7a00e\">Live Love Ride ist ein zertifizierter Tourist Link Partner, der aktiv in der Community engagiert ist!<\/p><\/div><\/div><\/div><\/div>\n<\/div>\n<\/div><\/div>\n<\/div>\n<\/div><\/div>\n<\/section>","protected":false},"excerpt":{"rendered":"<p>Home Partner Wir sind stolze Partner der besten Marken und Agenturen weltweit. Agenturen, Veranstalter und Sponsoren TOURISTLINK ZERTIFIZIERTER PARTNER &#8212; Live Love Ride ist ein zertifizierter Tourist Link Partner, eine der gr\u00f6\u00dften Online-Ressourcen f\u00fcr Touristen und Tourismusagenturen zur Vernetzung.Live Love Ride ist ein zertifizierter Tourist Link Partner, der aktiv in der Community engagiert ist!<\/p>\n","protected":false},"author":1,"featured_media":261458,"parent":261121,"menu_order":18,"comment_status":"closed","ping_status":"closed","template":"","meta":{"_acf_changed":false,"_seopress_robots_primary_cat":"","_seopress_titles_title":"Touristlink zertifizierte Partner","_seopress_titles_desc":"Live Love Ride ist ein zertifizierter Touristlink Partner, eines der gr\u00f6\u00dften Onlineressourcen f\u00fcr Touristen und Reiseb\u00fcros, um sich miteinander zu vernetzen.","_seopress_robots_index":"","_breakdance_hide_in_design_set":false,"_breakdance_tags":"","footnotes":""},"class_list":["post-261197","page","type-page","status-publish","has-post-thumbnail","hentry"],"acf":[],"_links":{"self":[{"href":"https:\/\/portugalbiketours.com\/de\/wp-json\/wp\/v2\/pages\/261197","targetHints":{"allow":["GET"]}}],"collection":[{"href":"https:\/\/portugalbiketours.com\/de\/wp-json\/wp\/v2\/pages"}],"about":[{"href":"https:\/\/portugalbiketours.com\/de\/wp-json\/wp\/v2\/types\/page"}],"author":[{"embeddable":true,"href":"https:\/\/portugalbiketours.com\/de\/wp-json\/wp\/v2\/users\/1"}],"replies":[{"embeddable":true,"href":"https:\/\/portugalbiketours.com\/de\/wp-json\/wp\/v2\/comments?post=261197"}],"version-history":[{"count":0,"href":"https:\/\/portugalbiketours.com\/de\/wp-json\/wp\/v2\/pages\/261197\/revisions"}],"up":[{"embeddable":true,"href":"https:\/\/portugalbiketours.com\/de\/wp-json\/wp\/v2\/pages\/261121"}],"wp:featuredmedia":[{"embeddable":true,"href":"https:\/\/portugalbiketours.com\/de\/wp-json\/wp\/v2\/media\/261458"}],"wp:attachment":[{"href":"https:\/\/portugalbiketours.com\/de\/wp-json\/wp\/v2\/media?parent=261197"}],"curies":[{"name":"wp","href":"https:\/\/api.w.org\/{rel}","templated":true}]}}