{"id":261200,"date":"2019-06-24T23:25:44","date_gmt":"2019-06-24T22:25:44","guid":{"rendered":"https:\/\/portugalbiketours.com\/partners\/turismo-de-portugal-programa-valorizar\/"},"modified":"2025-11-23T09:02:34","modified_gmt":"2025-11-23T09:02:34","slug":"turismo-de-portugal-programa-valorizar","status":"publish","type":"page","link":"https:\/\/portugalbiketours.com\/de\/partner\/turismo-de-portugal-programa-valorizar\/","title":{"rendered":"Turismo de Portugal &#8211; Valorizar-Programm"},"content":{"rendered":"<section class=\"bde-section-261200-129 bde-section\">\n  \n  \n\t\n\n\n\n<div class=\"section-container\"><div class=\"bde-div-261200-130 bde-div\">\n  \n  \n\t\n\n\n\n<div class=\"bde-div-261200-131 bde-div\">\n              \n  \n  \n\t\n\n  <div class=\"section-background-overlay\"><\/div>\n\n\n<div class=\"bde-shortcode-261200-132 bde-shortcode dark-links\"><nav  aria-label=\"Brotkrumen\"><ol class=\"breadcrumb\" itemscope itemtype=\"https:\/\/schema.org\/BreadcrumbList\"><li class=\"breadcrumb-item active\" aria-current=\"page\" itemprop=\"itemListElement\" itemscope itemtype=\"https:\/\/schema.org\/ListItem\"><span itemprop=\"name\">Home<\/span><meta itemprop=\"position\" content=\"1\"><\/li><\/ol><\/nav><\/div><div class=\"bde-div-261200-133 bde-div\">\n  \n  \n\t\n\n\n\n<h1 class=\"bde-heading-261200-134 bde-heading\">\nPartner\n<\/h1><div class=\"bde-text-261200-135 bde-text\">\nWir sind stolze Partner der besten Marken und Agenturen weltweit.\n<\/div>\n<\/div>\n<\/div><div class=\"bde-div-261200-136 bde-div\">\n  \n  \n\t\n\n\n\n<div class=\"bde-columns-261200-137 bde-columns\"><div class=\"bde-column-261200-138 bde-column\">\n  \n  \n\t\n\n\n\n<h2 class=\"bde-heading-261200-139 bde-heading\">\nAgenturen, Veranstalter und Sponsoren\n<\/h2><div class=\"bde-post-loop-261200-140 bde-post-loop phox-facets-target phox-facets-target-default\"><div class=\"bde-loop bde-loop-list ee-posts ee-posts-list\">    <article class=\"bde-loop-item ee-post\">\n        <div class=\"bde-div-1499-100-260814-1499-1 bde-div bde-div-1499-100\">\n  \n  \n\t\n\n\n\n\n<\/div>    <\/article>\n    <article class=\"bde-loop-item ee-post\">\n        <div class=\"bde-div-1499-100-261063-1499-1 bde-div bde-div-1499-100\">\n  \n  \n\t\n\n\n\n\n<\/div>    <\/article>\n    <article class=\"bde-loop-item ee-post\">\n        <div class=\"bde-div-1499-100-261070-1499-1 bde-div bde-div-1499-100\">\n  \n  \n\t\n\n\n\n\n<\/div>    <\/article>\n    <article class=\"bde-loop-item ee-post\">\n        <div class=\"bde-div-1499-100-261094-1499-1 bde-div bde-div-1499-100\">\n  \n  \n\t\n\n\n\n\n<\/div>    <\/article>\n    <article class=\"bde-loop-item ee-post\">\n        <div class=\"bde-div-1499-100-261097-1499-1 bde-div bde-div-1499-100\">\n  \n  \n\t\n\n\n\n\n<\/div>    <\/article>\n    <article class=\"bde-loop-item ee-post\">\n        <div class=\"bde-div-1499-100-261101-1499-1 bde-div bde-div-1499-100\">\n  \n  \n\t\n\n\n\n\n<\/div>    <\/article>\n    <article class=\"bde-loop-item ee-post\">\n        <div class=\"bde-div-1499-100-261112-1499-1 bde-div bde-div-1499-100\">\n  \n  \n\t\n\n\n\n\n<\/div>    <\/article>\n    <article class=\"bde-loop-item ee-post\">\n        <div class=\"bde-div-1499-100-261115-1499-1 bde-div bde-div-1499-100\">\n  \n  \n\t\n\n\n\n\n<\/div>    <\/article>\n    <article class=\"bde-loop-item ee-post\">\n        <div class=\"bde-div-1499-100-261118-1499-1 bde-div bde-div-1499-100\">\n  \n  \n\t\n\n\n\n\n<\/div>    <\/article>\n    <article class=\"bde-loop-item ee-post\">\n        <div class=\"bde-div-1499-100-261121-1499-1 bde-div bde-div-1499-100\">\n  \n  \n\t\n\n\n\n\n<\/div>    <\/article>\n    <article class=\"bde-loop-item ee-post\">\n        <div class=\"bde-div-1499-100-261137-1499-1 bde-div bde-div-1499-100\">\n  \n  \n\t\n\n\n\n\n<\/div>    <\/article>\n    <article class=\"bde-loop-item ee-post\">\n        <div class=\"bde-div-1499-100-261142-1499-1 bde-div bde-div-1499-100\">\n  \n  \n\t\n\n\n\n\n<\/div>    <\/article>\n    <article class=\"bde-loop-item ee-post\">\n        <div class=\"bde-div-1499-100-261145-1499-1 bde-div bde-div-1499-100\">\n  \n  \n\t\n\n\n\n\n<\/div>    <\/article>\n    <article class=\"bde-loop-item ee-post\">\n        <div class=\"bde-div-1499-100-261182-1499-1 bde-div bde-div-1499-100\">\n  \n  \n\t\n\n\n\n\n<\/div>    <\/article>\n    <article class=\"bde-loop-item ee-post\">\n        <div class=\"bde-div-1499-100-261185-1499-1 bde-div bde-div-1499-100\">\n  \n  \n\t\n\n\n\n\n<\/div>    <\/article>\n    <article class=\"bde-loop-item ee-post\">\n        <div class=\"bde-div-1499-100-261188-1499-1 bde-div bde-div-1499-100\">\n  \n  \n\t\n\n\n\n\n<\/div>    <\/article>\n    <article class=\"bde-loop-item ee-post\">\n        <div class=\"bde-div-1499-100-261191-1499-1 bde-div bde-div-1499-100\">\n  \n  \n\t\n\n\n\n\n<\/div>    <\/article>\n    <article class=\"bde-loop-item ee-post\">\n        <div class=\"bde-div-1499-100-261194-1499-1 bde-div bde-div-1499-100\">\n  \n  \n\t\n\n\n\n\n<\/div>    <\/article>\n    <article class=\"bde-loop-item ee-post\">\n        <div class=\"bde-div-1499-100-261197-1499-1 bde-div bde-div-1499-100\">\n  \n  \n\t\n\n\n\n\n<\/div>    <\/article>\n    <article class=\"bde-loop-item ee-post\">\n        <div class=\"bde-div-1499-100-261200-1499-1 bde-div bde-div-1499-100\">\n  \n  \n\t\n\n\n\n\n<\/div>    <\/article>\n<\/div>\r\n<\/div>\n<\/div><div class=\"bde-column-261200-145 bde-column\">\n  \n  \n\t\n\n\n\n<div class=\"bde-rich-text-261200-146 bde-rich-text breakdance-rich-text-styles\">\n<div id=\"_rich_text-105-16\" class=\"oxy-rich-text marginb\"><div id=\"text_block-20-23\" class=\"ct-text-block bmargin01\"><h3 id=\"headline-10-480\" class=\"ct-headline mf130\">TURISMO DE PORTUGAL - PROGRAMA VALORIZAR<\/h3><\/div><\/div>\n---\n<\/div><img decoding=\"async\" class=\"bde-image2-261200-147 bde-image2\" src=\"https:\/\/portugalbiketours.com\/wp-content\/uploads\/partner-10.jpg\" alt=\"partner 10\" loading=\"lazy\" srcset=\"https:\/\/portugalbiketours.com\/wp-content\/uploads\/partner-10.jpg 1022w, https:\/\/portugalbiketours.com\/wp-content\/uploads\/partner-10-300x116.jpg 300w, https:\/\/portugalbiketours.com\/wp-content\/uploads\/partner-10-768x297.jpg 768w\" sizes=\"(max-width: 1022px) 100vw, 1022px\"><div class=\"bde-rich-text-261200-148 bde-rich-text breakdance-rich-text-styles\">\n<div id=\"_rich_text-105-16\" class=\"oxy-rich-text marginb\"><div id=\"text_block-20-23\" class=\"ct-text-block bmargin01\"><div id=\"_rich_text-12-480\" class=\"oxy-rich-text\"><div class=\"thrv_wrapper thrv_text_element\" data-tag=\"h4\"><p data-css=\"tve-u-16b8bcce457\"><strong>WIR SIND STOLZE MITGLIEDER DES NATIONALEN TOURISMUSVERBANDS UND TEIL DES \"VALORIZAR\"-PROGRAMMS<\/strong><\/p><\/div><div class=\"thrv_wrapper thrv_text_element fixlcolor\"><p data-css=\"tve-u-16b8bdcaf46\">Integriert im Ministerium f\u00fcr Wirtschaft, Innovation und Entwicklung ist Turismo de Portugal die nationale Tourismusbeh\u00f6rde, die f\u00fcr die F\u00f6rderung, Aufwertung und Nachhaltigkeit von touristischen Aktivit\u00e4ten verantwortlich ist und alle institutionellen Kompetenzen im Zusammenhang mit der F\u00f6rderung von Tourismusaktivit\u00e4ten von der Angebots- bis zur Nachfrageseite in einer einzigen Einrichtung b\u00fcndelt.<br \/><br \/>\"Live Love Ride\" ist eine von Turismo de Portugal zertifizierte Reiseagentur und Tourismusveranstalter.<br \/><br \/>RNAVT - 5091<br \/>RNAAT- 18\/2015<\/p><\/div><div class=\"thrv_wrapper thrv_text_element fixlcolor\"><p data-css=\"tve-u-16b8bdcaf46\">Unterst\u00fctzungslinie zur touristischen Aufwertung des Binnenlands<br \/><br \/>Einrichtung: OAK, unipessoal lda<br \/><br \/>Projekt: \"Live Love Ride &amp; Walking. Qualifizierung des Angebots f\u00fcr Cycling &amp; Walking\"<br \/><br \/>Investition: 69.001,17\u20ac<br \/><br \/>Finanzierung: 62.105,05\u20ac<\/p><\/div><\/div><\/div><\/div>\n<\/div>\n<\/div><\/div>\n<\/div>\n<\/div><\/div>\n<\/section>","protected":false},"excerpt":{"rendered":"<p>Home Partner Wir sind stolze Partner der besten Marken und Agenturen weltweit. Agenturen, Veranstalter und Sponsoren TURISMO DE PORTUGAL &#8211; PROGRAMA VALORIZAR &#8212; WIR SIND STOLZE MITGLIEDER DES NATIONALEN TOURISMUSVERBANDS UND TEIL DES &#8222;VALORIZAR&#8220;-PROGRAMMSIntegriert im Ministerium f\u00fcr Wirtschaft, Innovation und Entwicklung ist Turismo de Portugal die nationale Tourismusbeh\u00f6rde, die f\u00fcr die F\u00f6rderung, Aufwertung und Nachhaltigkeit [&hellip;]<\/p>\n","protected":false},"author":1,"featured_media":261458,"parent":261121,"menu_order":19,"comment_status":"closed","ping_status":"closed","template":"","meta":{"_acf_changed":false,"_seopress_robots_primary_cat":"","_seopress_titles_title":"Portugal Tourismus - Valorizar-Programm","_seopress_titles_desc":"Wir sind stolze Mitglieder des gr\u00f6\u00dften nationalen Tourismusverbandes und werden von diesem Programm unterst\u00fctzt","_seopress_robots_index":"","_breakdance_hide_in_design_set":false,"_breakdance_tags":"","footnotes":""},"class_list":["post-261200","page","type-page","status-publish","has-post-thumbnail","hentry"],"acf":[],"_links":{"self":[{"href":"https:\/\/portugalbiketours.com\/de\/wp-json\/wp\/v2\/pages\/261200","targetHints":{"allow":["GET"]}}],"collection":[{"href":"https:\/\/portugalbiketours.com\/de\/wp-json\/wp\/v2\/pages"}],"about":[{"href":"https:\/\/portugalbiketours.com\/de\/wp-json\/wp\/v2\/types\/page"}],"author":[{"embeddable":true,"href":"https:\/\/portugalbiketours.com\/de\/wp-json\/wp\/v2\/users\/1"}],"replies":[{"embeddable":true,"href":"https:\/\/portugalbiketours.com\/de\/wp-json\/wp\/v2\/comments?post=261200"}],"version-history":[{"count":0,"href":"https:\/\/portugalbiketours.com\/de\/wp-json\/wp\/v2\/pages\/261200\/revisions"}],"up":[{"embeddable":true,"href":"https:\/\/portugalbiketours.com\/de\/wp-json\/wp\/v2\/pages\/261121"}],"wp:featuredmedia":[{"embeddable":true,"href":"https:\/\/portugalbiketours.com\/de\/wp-json\/wp\/v2\/media\/261458"}],"wp:attachment":[{"href":"https:\/\/portugalbiketours.com\/de\/wp-json\/wp\/v2\/media?parent=261200"}],"curies":[{"name":"wp","href":"https:\/\/api.w.org\/{rel}","templated":true}]}}