{"id":261254,"date":"2019-03-10T10:52:00","date_gmt":"2019-03-10T10:52:00","guid":{"rendered":"https:\/\/portugalbiketours.com\/privacy-policy\/"},"modified":"2025-11-23T09:02:34","modified_gmt":"2025-11-23T09:02:34","slug":"datenschutzerklaerung","status":"publish","type":"page","link":"https:\/\/portugalbiketours.com\/de\/datenschutzerklaerung\/","title":{"rendered":"DATENSCHUTZERKL\u00c4RUNG"},"content":{"rendered":"<section class=\"bde-section-261254-112 bde-section\">\n  \n  \n\t\n\n\n\n<div class=\"section-container\"><div class=\"bde-div-261254-113 bde-div\">\n  \n  \n\t\n\n\n\n<div class=\"bde-div-261254-114 bde-div\">\n              \n  \n  \n\t\n\n  <div class=\"section-background-overlay\"><\/div>\n\n\n<div class=\"bde-shortcode-261254-115 bde-shortcode dark-links\"><nav  aria-label=\"Brotkrumen\"><ol class=\"breadcrumb\" itemscope itemtype=\"https:\/\/schema.org\/BreadcrumbList\"><li class=\"breadcrumb-item active\" aria-current=\"page\" itemprop=\"itemListElement\" itemscope itemtype=\"https:\/\/schema.org\/ListItem\"><span itemprop=\"name\">Home<\/span><meta itemprop=\"position\" content=\"1\"><\/li><\/ol><\/nav><\/div><div class=\"bde-div-261254-116 bde-div\">\n  \n  \n\t\n\n\n\n<h1 class=\"bde-heading-261254-117 bde-heading\">\nDatenschutzerkl\u00e4rung\n<\/h1><div class=\"bde-text-261254-118 bde-text\">\nLive Love Ride Datenschutzerkl\u00e4rung\n<\/div>\n<\/div>\n<\/div><div class=\"bde-div-261254-119 bde-div\">\n  \n  \n\t\n\n\n\n<h2 class=\"bde-heading-261254-120 bde-heading\">\nWas ist Ihre Datenschutzerkl\u00e4rung?\n<\/h2><div class=\"bde-rich-text-261254-121 bde-rich-text breakdance-rich-text-styles\">\n<div id=\"_rich_text-9-3\" class=\"oxy-rich-text marginb\"><p>Unsere Datenschutzerkl\u00e4rung ist ganz einfach: Wir verwenden Ihre E-Mail-Adresse oder andere von Ihnen bereitgestellte Informationen nicht f\u00fcr andere Zwecke als den, f\u00fcr den Sie sie uns urspr\u00fcnglich gegeben haben: um Ihnen Reiserouten zu senden, Ihre Fahrradtour besser vorzubereiten und gelegentlich unseren Newsletter zu erhalten. Dies kann beinhalten, dass wir Abonnenten gelegentlich kontaktieren, um Informationen zu aktualisieren, und von Zeit zu Zeit einige G\u00e4ste einladen, an einer Umfrage teilzunehmen. Gelegentlich informieren wir unsere Besucher auch \u00fcber relevante Veranstaltungen und Produkte.<\/p><\/div><h3 id=\"headline-10-3\" class=\"ct-headline marginb mf130\">Ihr Name und Ihre E-Mail-Adresse<\/h3><div id=\"_rich_text-11-3\" class=\"oxy-rich-text marginb\">Wir vermieten, tauschen oder verkaufen unsere Listen nicht an Werbetreibende, andere Websites oder Listbroker.<\/div><h3 id=\"headline-12-3\" class=\"ct-headline marginb mf130\">Die Informationen, die wir speichern<\/h3><div id=\"_rich_text-13-3\" class=\"oxy-rich-text marginb\"><p><strong>Website<\/strong><\/p><p>Wir erfassen keine personenbezogenen Daten unserer Webseitenbesucher, sondern nur anonyme Informationen, wie in den folgenden Abschnitten beschrieben.<\/p><p><strong>Newsletter<\/strong><\/p><p>Wir nutzen MailChimp als unseren Anbieter f\u00fcr E-Mail-Marketing und Automatisierung. Innerhalb von MailChimp speichern wir folgende Daten:<\/p><p>Informationen, die Newsletter-Abonnenten bei der Anmeldung zur Anforderung eines unserer Downloads angegeben haben. Dies kann Vor- und Nachname, E-Mail-Adresse, Telefonnummer, Berufsbezeichnung, Organisation, Unternehmensgr\u00f6\u00dfe und Land umfassen. Diese Informationen werden nur von Newsletter-Abonnenten gespeichert, die sie bei der Anforderung eines Downloads angegeben haben.<\/p><p>Informationen, die Newsletter-Abonnenten bei der Anmeldung zum Erhalt unseres Newsletters angegeben haben. In der Regel beschr\u00e4nkt sich dies auf Name und E-Mail-Adresse.<\/p><p>Informationen, die MailChimp selbst aus der Aktivit\u00e4t der Newsletter-Abonnenten ermittelt, wie IP-basierter Standort (Breiten-\/L\u00e4ngengrad, Zeitzone und Land).<\/p><p>Wir verkaufen oder vermieten diese Informationen nicht und verwenden sie nur gelegentlich in aggregierter und anonymer Form, um allgemeine Daten \u00fcber unsere Newsletter-Abonnenten zu ermitteln.<\/p><p><strong>Bezahlte Produkte<\/strong><\/p><p>Wir haben Zugriff auf Informationen, die Sie beim Kauf eines kostenpflichtigen Produkts, wie einer Fahrradtour, bereitgestellt haben. Dies beschr\u00e4nkt sich auf Informationen, die zur Zahlungsabwicklung notwendig sind, wie Name, Adresse und Kreditkarteninformationen, zus\u00e4tzliche Informationen, die wir f\u00fcr die Bereitstellung einer Reiseversicherung ben\u00f6tigen (Nationalit\u00e4t, Adresse, Geburtsdatum) und Details, die f\u00fcr die Tourvorbereitung erforderlich sind, wie Gr\u00f6\u00dfe, Helmgr\u00f6\u00dfe usw. Diese Informationen werden nicht an Dritte weitergegeben und nach Abschluss Ihrer Erfahrung mit uns gel\u00f6scht.<\/p><\/div><h3 id=\"headline-14-3\" class=\"ct-headline marginb mf130\">Verwaltung Ihrer Daten<\/h3><div id=\"_rich_text-15-3\" class=\"oxy-rich-text marginb\"><p>Sie k\u00f6nnen jederzeit eine Auskunft \u00fcber die bei uns gespeicherten Daten zu Ihrer Person anfordern und auch die L\u00f6schung Ihrer Daten verlangen. Bitte senden Sie dazu eine E-Mail an ridewithus@liveloveride.pt f\u00fcr alle Fragen zu Ihren pers\u00f6nlichen Daten.<\/p><p>Wenn Sie einen Kommentar auf unserer Seite hinterlassen oder eine Reiseroute anfordern, verwenden wir Ihre E-Mail-Adresse nur, um Ihnen Aktualisierungen zu dem spezifischen Eintrag zu senden, zu dem Sie kommentiert haben, oder um eine private Eins-zu-eins-E-Mail-Konversation mit Ihnen zu Ihrem Beitrag zu beginnen.<\/p><\/div><h3 id=\"headline-16-3\" class=\"ct-headline marginb mf130\">Protokollierung, Cookies, Web Beacons und Werbung von Drittanbietern<\/h3><div id=\"_rich_text-17-3\" class=\"oxy-rich-text marginb\"><p>Wir sammeln anonyme Nutzungsdaten (technisch als \u201eReferrer-Logs\u201c bekannt) auf unserer Website, wie IP-Adresse, verweisende Website oder Browsertyp. Wir verkn\u00fcpfen IP-Daten nicht mit personenbezogenen Informationen.<\/p><p>Wir k\u00f6nnen technische Tracking-Methoden wie Cookies oder Web Beacons (ein-Pixel-transparente GIFs) verwenden. Diese Techniken sind anonym und werden nur zu statistischen Zwecken eingesetzt (z.B. um die \u00d6ffnungsrate unserer E-Mails zu ermitteln). Wir versuchen nicht, Ihre anonyme pers\u00f6nliche Nutzung unserer Website und Newsletter zu \u00fcberwachen. Sie k\u00f6nnen Ihren Browser so einstellen, dass er Cookies ablehnt, allerdings kann dies einige Funktionen der Website einschr\u00e4nken.<\/p><\/div><h3 id=\"headline-18-3\" class=\"ct-headline marginb mf130\">Sicherheit<\/h3><div id=\"_rich_text-19-3\" class=\"oxy-rich-text marginb\">Wir haben Sicherheitsma\u00dfnahmen ergriffen, um den Verlust, Missbrauch und die Ver\u00e4nderung der Informationen unter unserer Kontrolle zu sch\u00fctzen. Nur autorisiertes Personal hat physischen und\/oder digitalen Zugang zu Servern und Daten. Alle Server und Datensicherungen sind durch Firewalls und redundante Sicherheitssysteme vor physischen und elektronischen Eindringlingen gesch\u00fctzt, die regelm\u00e4\u00dfig \u00fcberpr\u00fcft und aktualisiert werden.<\/div><h3 id=\"headline-20-3\" class=\"ct-headline marginb mf130\">Rechtlicher Hinweis<\/h3><div id=\"_rich_text-21-3\" class=\"oxy-rich-text marginb\">Personenbezogene Daten, die unserem Unternehmen bereitgestellt werden, k\u00f6nnen gem\u00e4\u00df gerichtlicher oder anderer beh\u00f6rdlicher Vorladungen, Durchsuchungsbefehle oder Anordnungen offengelegt werden. Wir unternehmen alle m\u00f6glichen Anstrengungen, um die Privatsph\u00e4re und Anonymit\u00e4t der Nutzer zu wahren; jedoch k\u00f6nnen wir verpflichtet sein, personenbezogene Daten offenzulegen, wenn dies gesetzlich erforderlich ist, um gerichtlichen Verfahren, Gerichtsbeschl\u00fcssen oder rechtlichen Verfahren auf unserer Website nachzukommen.<\/div>\n<\/div>\n<\/div>\n<\/div><\/div>\n<\/section>","protected":false},"excerpt":{"rendered":"<p>Home Datenschutzerkl\u00e4rung Live Love Ride Datenschutzerkl\u00e4rung Was ist Ihre Datenschutzerkl\u00e4rung? Unsere Datenschutzerkl\u00e4rung ist ganz einfach: Wir verwenden Ihre E-Mail-Adresse oder andere von Ihnen bereitgestellte Informationen nicht f\u00fcr andere Zwecke als den, f\u00fcr den Sie sie uns urspr\u00fcnglich gegeben haben: um Ihnen Reiserouten zu senden, Ihre Fahrradtour besser vorzubereiten und gelegentlich unseren Newsletter zu erhalten. Dies [&hellip;]<\/p>\n","protected":false},"author":1,"featured_media":261458,"parent":0,"menu_order":22,"comment_status":"closed","ping_status":"open","template":"","meta":{"_acf_changed":false,"_seopress_robots_primary_cat":"","_seopress_titles_title":"DATENSCHUTZERKL\u00c4RUNG","_seopress_titles_desc":"Datenschutzrichtlinie ist ganz einfach: Wir verwenden Ihre E-Mail-Adresse oder andere Informationen, die Sie uns zur Verf\u00fcgung stellen, nicht f\u00fcr andere Zwecke","_seopress_robots_index":"","_breakdance_hide_in_design_set":false,"_breakdance_tags":"","footnotes":""},"class_list":["post-261254","page","type-page","status-publish","has-post-thumbnail","hentry"],"acf":[],"_links":{"self":[{"href":"https:\/\/portugalbiketours.com\/de\/wp-json\/wp\/v2\/pages\/261254","targetHints":{"allow":["GET"]}}],"collection":[{"href":"https:\/\/portugalbiketours.com\/de\/wp-json\/wp\/v2\/pages"}],"about":[{"href":"https:\/\/portugalbiketours.com\/de\/wp-json\/wp\/v2\/types\/page"}],"author":[{"embeddable":true,"href":"https:\/\/portugalbiketours.com\/de\/wp-json\/wp\/v2\/users\/1"}],"replies":[{"embeddable":true,"href":"https:\/\/portugalbiketours.com\/de\/wp-json\/wp\/v2\/comments?post=261254"}],"version-history":[{"count":0,"href":"https:\/\/portugalbiketours.com\/de\/wp-json\/wp\/v2\/pages\/261254\/revisions"}],"wp:featuredmedia":[{"embeddable":true,"href":"https:\/\/portugalbiketours.com\/de\/wp-json\/wp\/v2\/media\/261458"}],"wp:attachment":[{"href":"https:\/\/portugalbiketours.com\/de\/wp-json\/wp\/v2\/media?parent=261254"}],"curies":[{"name":"wp","href":"https:\/\/api.w.org\/{rel}","templated":true}]}}