{"id":261257,"date":"2020-11-24T10:53:05","date_gmt":"2020-11-24T10:53:05","guid":{"rendered":"https:\/\/portugalbiketours.com\/cancellation-policy\/"},"modified":"2025-11-23T09:02:34","modified_gmt":"2025-11-23T09:02:34","slug":"stornierungsbedingungen","status":"publish","type":"page","link":"https:\/\/portugalbiketours.com\/de\/stornierungsbedingungen\/","title":{"rendered":"Stornierungsbedingungen"},"content":{"rendered":"<section class=\"bde-section-261257-113 bde-section\">\n  \n  \n\t\n\n\n\n<div class=\"section-container\"><div class=\"bde-div-261257-114 bde-div\">\n  \n  \n\t\n\n\n\n<div class=\"bde-div-261257-115 bde-div\">\n              \n  \n  \n\t\n\n  <div class=\"section-background-overlay\"><\/div>\n\n\n<div class=\"bde-shortcode-261257-116 bde-shortcode dark-links\"><nav  aria-label=\"Brotkrumen\"><ol class=\"breadcrumb\" itemscope itemtype=\"https:\/\/schema.org\/BreadcrumbList\"><li class=\"breadcrumb-item active\" aria-current=\"page\" itemprop=\"itemListElement\" itemscope itemtype=\"https:\/\/schema.org\/ListItem\"><span itemprop=\"name\">Home<\/span><meta itemprop=\"position\" content=\"1\"><\/li><\/ol><\/nav><\/div><div class=\"bde-div-261257-117 bde-div\">\n  \n  \n\t\n\n\n\n<h1 class=\"bde-heading-261257-118 bde-heading\">\nStornierungsbedingungen\n<\/h1><div class=\"bde-text-261257-119 bde-text\">\nStornierungsbedingungen von Live Love Ride\n<\/div>\n<\/div>\n<\/div><div class=\"bde-div-261257-120 bde-div\">\n  \n  \n\t\n\n\n\n<div class=\"bde-rich-text-261257-121 bde-rich-text breakdance-rich-text-styles\">\n<div id=\"_rich_text-9-3\" class=\"oxy-rich-text marginb\"><div id=\"_rich_text-8-27087\" class=\"oxy-rich-text marginb\"><p>Unsere Stornierungsbedingungen machen es so einfach wie m\u00f6glich, Ihre Radtour auf andere Termine oder Ziele umzubuchen. Selbst in unsicheren Zeiten k\u00f6nnen Sie sich auf unsere Flexibilit\u00e4t verlassen, damit Sie Ihre Reise mit Vertrauen buchen k\u00f6nnen.\u00a0<strong>Ihre Anzahlung ist bis zu 30 Tage vor Abreise vollst\u00e4ndig \u00fcbertragbar, und Ihre hinterlegte Anzahlung verf\u00e4llt nicht.<\/strong>\u00a0Unten finden Sie alle Optionen, um je nach Stornierungsdatum entweder eine R\u00fcckerstattung oder ein Future Trip Guthaben zu w\u00e4hlen. Wenn Sie Fragen haben, <a href=\"https:\/\/portugalbiketours.com\/contact\/\">kontaktieren Sie uns<\/a>.<\/p><\/div><div id=\"_rich_text-9-27087\" class=\"oxy-rich-text marginb\"><p><strong>STANDARD-STORNIERUNGSRICHTLINIE<\/strong> (gilt f\u00fcr alle Standard-Selbstfahrer-, gef\u00fchrten oder Premium-Touren):<\/p><\/div><\/div>\n<\/div><div class=\"autogenerated-blce-table-261257-122 autogenerated-blce-table tablem\">\n<div class=\"table-wrapper\">\n    <table>\n    <thead>\n      <tr>\n                  <th scope=\"col\">Anzahl der Tage bis zum Startdatum<\/th>\n                  <th scope=\"col\">Stornierungsoption (R\u00fcckerstattung)<br>Stornogeb\u00fchr<\/th>\n                  <th scope=\"col\">VerschiebungsoptionZuk\u00fcnftiger Reiseguthaben<\/th>\n              <\/tr>\n    <\/thead>\n    <tbody>\n              <tr>\n                      <td data-label=\"Anzahl der Tage bis zum Startdatum\">\n                              Mehr als 120 Tage\n                          <\/td>\n                      <td data-label=\"Stornierungsoption (R\u00fcckerstattung)<br>Stornogeb\u00fchr\">\n                              Keine Stornogeb\u00fchr. Volle R\u00fcckerstattung.\n                          <\/td>\n                      <td data-label=\"VerschiebungsoptionZuk\u00fcnftiger Reiseguthaben\">\n                              100 % der Anzahlung\n                          <\/td>\n                  <\/tr>\n              <tr>\n                      <td data-label=\"Anzahl der Tage bis zum Startdatum\">\n                              120\u201391 Tage\n                          <\/td>\n                      <td data-label=\"Stornierungsoption (R\u00fcckerstattung)<br>Stornogeb\u00fchr\">\n                              Stornogeb\u00fchr von 40 % Ihrer Anzahlung. Der verbleibende Betrag wird erstattet.\n                          <\/td>\n                      <td data-label=\"VerschiebungsoptionZuk\u00fcnftiger Reiseguthaben\">\n                              100 % der Anzahlung\n                          <\/td>\n                  <\/tr>\n              <tr>\n                      <td data-label=\"Anzahl der Tage bis zum Startdatum\">\n                              90-31 Tage\n                          <\/td>\n                      <td data-label=\"Stornierungsoption (R\u00fcckerstattung)<br>Stornogeb\u00fchr\">\n                              Stornogeb\u00fchr von 60 % Ihrer Anzahlung. Der verbleibende Betrag wird erstattet.\n                          <\/td>\n                      <td data-label=\"VerschiebungsoptionZuk\u00fcnftiger Reiseguthaben\">\n                              100 % der Anzahlung\n                          <\/td>\n                  <\/tr>\n              <tr>\n                      <td data-label=\"Anzahl der Tage bis zum Startdatum\">\n                              30 Tage oder weniger\n                          <\/td>\n                      <td data-label=\"Stornierungsoption (R\u00fcckerstattung)<br>Stornogeb\u00fchr\">\n                              Stornogeb\u00fchr von 100 % des Reisepreises. Keine R\u00fcckerstattung.\n                          <\/td>\n                      <td data-label=\"VerschiebungsoptionZuk\u00fcnftiger Reiseguthaben\">\n                              50 % der Anzahlung\n                          <\/td>\n                  <\/tr>\n          <\/tbody>\n  <\/table>\n  <\/div>\n<\/div><div class=\"bde-rich-text-261257-123 bde-rich-text breakdance-rich-text-styles\">\n<div id=\"_rich_text-9-3\" class=\"oxy-rich-text marginb\"><div id=\"_rich_text-8-27087\" class=\"oxy-rich-text marginb\">\u00a0<\/div><div id=\"div_block-10-27087\" class=\"ct-div-block marginb\"><div id=\"div_block-45-27087\" class=\"ct-div-block \"><div id=\"div_block-50-27087\" class=\"ct-div-block celheight\"><div id=\"text_block-51-27087\" class=\"ct-text-block\">Unser Future Trip Guthaben <strong>verf\u00e4llt niemals und kann auf andere Touren, zuk\u00fcnftige Termine oder sogar andere G\u00e4ste \u00fcbertragen werden<\/strong>. Bitte beachten Sie, dass der Preis f\u00fcr zuk\u00fcnftige Touren aufgrund externer oder interner Kostensteigerungen unserer Touren variieren kann.<\/div><\/div><\/div><\/div><h2 id=\"headline-89-27087\" class=\"ct-headline marginb mf140\">Stornierungsbedingungen f\u00fcr individuelle Touren:<\/h2><div id=\"_rich_text-90-27087\" class=\"oxy-rich-text marginb\">Unsere Standard-Stornierungsbedingungen gelten nicht f\u00fcr ma\u00dfgeschneiderte oder individuelle Touren und werden projektbezogen kommuniziert.<\/div><h2 id=\"headline-91-27087\" class=\"ct-headline marginb mf140\">Wenn Live Love Ride eine Tour absagt:<\/h2><div id=\"_rich_text-92-27087\" class=\"oxy-rich-text marginb\"><p>Live Love Ride sagt eine Tour normalerweise nicht ab, sobald diese garantiert ist. Aufgrund der anhaltenden Coronavirus-Situation werden wir jedoch eine Absage einer Tour in den 30 Tagen vor Tourbeginn in Erw\u00e4gung ziehen, basierend auf Informationen der portugiesischen Regierung oder der portugiesischen Nationalen Gesundheitsdirektion (Direc\u00e7\u00e3o Geral da Sa\u00fade). Sollte Live Love Ride eine Tour gem\u00e4\u00df den Informationen einer der genannten Institutionen absagen, \u00fcbertragen wir Ihr gesamtes Guthaben bei uns als Future Trip Guthaben, das nicht verf\u00e4llt. Im Falle einer Absage \u00fcbernimmt Live Love Ride keine Verantwortung f\u00fcr Verluste durch nicht erstattungsf\u00e4hige Reisekosten.<\/p><\/div><h2 id=\"headline-93-27087\" class=\"ct-headline marginb mf140\">Ausnahmen:<\/h2><div id=\"_rich_text-94-27087\" class=\"oxy-rich-text marginb\">Wir machen keine Ausnahmen von dieser Richtlinie, unabh\u00e4ngig von pers\u00f6nlichen Notf\u00e4llen, unerwartetem Wetter, Naturkatastrophen oder Terrorismus.<\/div><\/div>\n<\/div>\n<\/div>\n<\/div><\/div>\n<\/section>","protected":false},"excerpt":{"rendered":"<p>Home Stornierungsbedingungen Stornierungsbedingungen von Live Love Ride Unsere Stornierungsbedingungen machen es so einfach wie m\u00f6glich, Ihre Radtour auf andere Termine oder Ziele umzubuchen. Selbst in unsicheren Zeiten k\u00f6nnen Sie sich auf unsere Flexibilit\u00e4t verlassen, damit Sie Ihre Reise mit Vertrauen buchen k\u00f6nnen.\u00a0Ihre Anzahlung ist bis zu 30 Tage vor Abreise vollst\u00e4ndig \u00fcbertragbar, und Ihre hinterlegte [&hellip;]<\/p>\n","protected":false},"author":1,"featured_media":261458,"parent":0,"menu_order":23,"comment_status":"closed","ping_status":"closed","template":"","meta":{"_acf_changed":false,"_seopress_robots_primary_cat":"","_seopress_titles_title":"Stornierungsbedingungen","_seopress_titles_desc":"","_seopress_robots_index":"","_breakdance_hide_in_design_set":false,"_breakdance_tags":"","footnotes":""},"class_list":["post-261257","page","type-page","status-publish","has-post-thumbnail","hentry"],"acf":[],"_links":{"self":[{"href":"https:\/\/portugalbiketours.com\/de\/wp-json\/wp\/v2\/pages\/261257","targetHints":{"allow":["GET"]}}],"collection":[{"href":"https:\/\/portugalbiketours.com\/de\/wp-json\/wp\/v2\/pages"}],"about":[{"href":"https:\/\/portugalbiketours.com\/de\/wp-json\/wp\/v2\/types\/page"}],"author":[{"embeddable":true,"href":"https:\/\/portugalbiketours.com\/de\/wp-json\/wp\/v2\/users\/1"}],"replies":[{"embeddable":true,"href":"https:\/\/portugalbiketours.com\/de\/wp-json\/wp\/v2\/comments?post=261257"}],"version-history":[{"count":0,"href":"https:\/\/portugalbiketours.com\/de\/wp-json\/wp\/v2\/pages\/261257\/revisions"}],"wp:featuredmedia":[{"embeddable":true,"href":"https:\/\/portugalbiketours.com\/de\/wp-json\/wp\/v2\/media\/261458"}],"wp:attachment":[{"href":"https:\/\/portugalbiketours.com\/de\/wp-json\/wp\/v2\/media?parent=261257"}],"curies":[{"name":"wp","href":"https:\/\/api.w.org\/{rel}","templated":true}]}}