{"id":261263,"date":"2020-12-15T18:38:20","date_gmt":"2020-12-15T18:38:20","guid":{"rendered":"https:\/\/portugalbiketours.com\/subscribe-newsletter\/"},"modified":"2025-11-26T06:49:00","modified_gmt":"2025-11-26T06:49:00","slug":"abonniere-den-newsletter","status":"publish","type":"page","link":"https:\/\/portugalbiketours.com\/de\/abonniere-den-newsletter\/","title":{"rendered":"Abonniere den Newsletter"},"content":{"rendered":"<section class=\"bde-section-261263-116 bde-section\">\n  \n  \n\t\n\n\n\n<div class=\"section-container\"><div class=\"bde-div-261263-117 bde-div\">\n  \n  \n\t\n\n\n\n<div class=\"bde-div-261263-118 bde-div\">\n              \n  \n  \n\t\n\n  <div class=\"section-background-overlay\"><\/div>\n\n\n<div class=\"bde-shortcode-261263-119 bde-shortcode dark-links\"><nav  aria-label=\"Brotkrumen\"><ol class=\"breadcrumb\" itemscope itemtype=\"https:\/\/schema.org\/BreadcrumbList\"><li class=\"breadcrumb-item active\" aria-current=\"page\" itemprop=\"itemListElement\" itemscope itemtype=\"https:\/\/schema.org\/ListItem\"><span itemprop=\"name\">Home<\/span><meta itemprop=\"position\" content=\"1\"><\/li><\/ol><\/nav><\/div><div class=\"bde-div-261263-120 bde-div\">\n  \n  \n\t\n\n\n\n<h1 class=\"bde-heading-261263-121 bde-heading\">\nMelden Sie sich f\u00fcr unseren Newsletter an\n<\/h1><div class=\"bde-text-261263-122 bde-text\">\nNehmen Sie an der Verlosung f\u00fcr einen Fahrradurlaub zu zweit teil!\n<\/div>\n<\/div>\n<\/div><div class=\"bde-div-261263-123 bde-div\">\n  \n  \n\t\n\n\n\n<div class=\"bde-rich-text-261263-124 bde-rich-text breakdance-rich-text-styles\">\n<div id=\"_rich_text-105-16\" class=\"oxy-rich-text marginb\"><div id=\"text_block-20-23\" class=\"ct-text-block bmargin01\">Schlie\u00dfen Sie sich anderen Fahrradbegeisterten an und erhalten Sie exklusive Angebote, neue Reiseziele und planen Sie Ihren n\u00e4chsten Fahrradurlaub. Au\u00dferdem nehmen Sie allein durch die Anmeldung zu unserem Newsletter an der Verlosung einer Reise f\u00fcr zwei Personen bei unserer Fahrradtour im Minho teil: Die gr\u00fcne Wiege Portugals. Siehe unten die Gesch\u00e4ftsbedingungen.<\/div><\/div>\n<\/div><div class=\"bde-shortcode-261263-125 bde-shortcode\"><div class=\"frm_forms  with_frm_style frm_style_contact-home\" id=\"frm_form_25_container\" data-token=\"21c63413949ef9e692ee649d34e15863\">\n<form enctype=\"multipart\/form-data\" method=\"post\" class=\"frm-show-form  frm_js_validate  frm_ajax_submit  frm_pro_form  frm_logic_form \" id=\"form_newsletter-de\" data-token=\"21c63413949ef9e692ee649d34e15863\">\n<div class=\"frm_form_fields \">\n<fieldset>\n<legend class=\"frm_screen_reader\">Subscribe newsletter DE<\/legend>\r\n\r\n<div class=\"frm_fields_container\">\n<input type=\"hidden\" name=\"frm_action\" value=\"create\" \/>\n<input type=\"hidden\" name=\"form_id\" value=\"25\" \/>\n<input type=\"hidden\" name=\"frm_hide_fields_25\" id=\"frm_hide_fields_25\" value=\"\" \/>\n<input type=\"hidden\" name=\"form_key\" value=\"newsletter-de\" \/>\n<input type=\"hidden\" name=\"item_meta[0]\" value=\"\" \/>\n<input type=\"hidden\" id=\"frm_submit_entry_25\" name=\"frm_submit_entry_25\" value=\"446a611ea1\" \/><input type=\"hidden\" name=\"_wp_http_referer\" value=\"\/de\/wp-json\/wp\/v2\/pages\/261263\" \/>\t\t<input  type=\"hidden\" name=\"item_meta[412]\" id=\"field_hyty8\" value=\"07\/04\/2026 17:10:33\"  data-frmval=\"07\/04\/2026 17:10:33\"   \/>\n\t\t\t\t<input  type=\"hidden\" name=\"item_meta[413]\" id=\"field_f8g0f8\" value=\"Subscribe Newsletter\"  data-frmval=\"Subscribe Newsletter\"   \/>\n\t\t\t\t<input  type=\"hidden\" name=\"item_meta[414]\" id=\"field_bp16o8\" value=\"https:\/\/portugalbiketours.com\/de\/de\/wp-json\/wp\/v2\/pages\/261263\"  data-frmval=\"https:\/\/portugalbiketours.com\/de\/de\/wp-json\/wp\/v2\/pages\/261263\"   \/>\n\t\t\t\t<input  type=\"hidden\" name=\"item_meta[415]\" id=\"field_p2nk7\" value=\"https:\/\/portugalbiketours.com\/de\/de\/wp-json\/wp\/v2\/pages\/261263\"  data-frmval=\"https:\/\/portugalbiketours.com\/de\/de\/wp-json\/wp\/v2\/pages\/261263\"   \/>\n\t\t<div id=\"frm_field_416_container\" class=\"frm_form_field form-field  frm_required_field frm_top_container frm_full\">\r\n    <label for=\"field_qh4icy49199ea1d8\" id=\"field_qh4icy49199ea1d8_label\" class=\"frm_primary_label\">Vorname\r\n        <span class=\"frm_required\"><\/span>\r\n    <\/label>\r\n    <input  type=\"text\" id=\"field_qh4icy49199ea1d8\" name=\"item_meta[416]\" value=\"\"  placeholder=\"Geben Sie Ihren Namen ein\" data-reqmsg=\"Dieses Feld darf nicht leer sein.\" aria-required=\"true\" data-invmsg=\"Name is invalid\" aria-invalid=\"false\"   \/>\r\n    \r\n    \r\n<\/div>\n<div id=\"frm_field_417_container\" class=\"frm_form_field form-field  frm_required_field frm_top_container frm_full\">\r\n    <label for=\"field_953jh8\" id=\"field_953jh8_label\" class=\"frm_primary_label\">Nachname\r\n        <span class=\"frm_required\"><\/span>\r\n    <\/label>\r\n    <input  type=\"text\" id=\"field_953jh8\" name=\"item_meta[417]\" value=\"\"  placeholder=\"Geben Sie Ihren Nachnamen ein\" data-reqmsg=\"Dieses Feld darf nicht leer sein.\" aria-required=\"true\" data-invmsg=\"Name is invalid\" aria-invalid=\"false\"   \/>\r\n    \r\n    \r\n<\/div>\n<div id=\"frm_field_418_container\" class=\"frm_form_field form-field  frm_required_field frm_top_container frm_full\">\r\n    <label for=\"field_29yf4de64b6e6a008\" id=\"field_29yf4de64b6e6a008_label\" class=\"frm_primary_label\">Email\r\n        <span class=\"frm_required\"><\/span>\r\n    <\/label>\r\n    <input type=\"email\" id=\"field_29yf4de64b6e6a008\" name=\"item_meta[418]\" value=\"\"  placeholder=\"Geben Sie Ihre E-Mail-Adresse ein.\" data-reqmsg=\"Dieses Feld darf nicht leer sein.\" aria-required=\"true\" data-invmsg=\"Email ist ung\u00fcltig\" aria-invalid=\"false\"  \/>\r\n    \r\n    \r\n<\/div>\n<div id=\"frm_field_419_container\" class=\"frm_form_field form-field  frm_required_field frm_none_container vertical_radio\">\r\n    <div  id=\"field_t2z8kdfa71440038_label\" class=\"frm_primary_label\">Datenschutzrichtlinie\r\n        <span class=\"frm_required\">*<\/span>\r\n    <\/div>\r\n    <div class=\"frm_opt_container\" aria-labelledby=\"field_t2z8kdfa71440038_label\" role=\"group\">\t\t<div class=\"frm_checkbox\" id=\"frm_checkbox_419-0\">\t\t\t<label  for=\"field_t2z8kdfa71440038-0\">\n\t\t\t<input type=\"checkbox\" name=\"item_meta[419][]\" id=\"field_t2z8kdfa71440038-0\" value=\"Ich akzeptiere Ihre &lt;a rel=&quot;nofollow&quot; target=&quot;_blank&quot;  href=&quot;https:\/\/portugalbiketours.com\/de\/datenschutzerklaerung\/&quot;&gt;Datenschutzrichtlinie&lt;\/a&gt;\"  data-reqmsg=\"Dieses Feld darf nicht leer sein.\" data-invmsg=\"Datenschutzrichtlinie ist ung\u00fcltig\"   aria-required=\"true\"  \/> Ich akzeptiere Ihre <a rel=\"nofollow\" target=\"_blank\" href=\"https:\/\/portugalbiketours.com\/de\/datenschutzerklaerung\/\">Datenschutzrichtlinie<\/a><\/label><\/div>\n<\/div>\r\n    \r\n    \r\n<\/div>\n\t\t<input  type=\"hidden\" name=\"item_meta[420]\" id=\"field_m0iyv8\" value=\"Ich m\u00f6chte den Newsletter abonnieren und Marketingaktionen erhalten.\"  data-frmval=\"Ich m\u00f6chte den Newsletter abonnieren und Marketingaktionen erhalten.\"   \/>\n\t\t<div id=\"frm_field_472_container\" class=\"frm_form_field form-field  frm_top_container hided vertical_radio\">\n\t<div  id=\"field_a4dzp_label\" class=\"frm_primary_label\">Check it\n\t\t<span class=\"frm_required\" aria-hidden=\"true\"><\/span>\n\t<\/div>\n\t<div class=\"frm_opt_container\" aria-labelledby=\"field_a4dzp_label\" role=\"group\">\t\t<div class=\"frm_checkbox\" id=\"frm_checkbox_472-0\">\t\t\t<label  for=\"field_a4dzp-0\">\n\t\t\t<input type=\"checkbox\" name=\"item_meta[472][]\" id=\"field_a4dzp-0\" value=\"Check it\"  data-invmsg=\"Check it is invalid\"   \/> Check it<\/label><\/div>\n<\/div>\n\t\n\t\n<\/div>\n<div id=\"frm_field_421_container\" class=\"frm_form_field form-field \">\r\n\t<div class=\"frm_submit\">\r\n\r\n<button class=\"frm_button_submit frm_final_submit\" type=\"submit\"   formnovalidate=\"formnovalidate\">Abonnieren<\/button>\r\n\r\n<\/div>\r\n<\/div>\n\t<input type=\"hidden\" name=\"item_key\" value=\"\" \/>\n\t<input name=\"frm_state\" type=\"hidden\" value=\"LIkjk0j8VHa+yQcAbE3enLHly5RekRLeT+mtCScJJpHG3LSN\/PdbWbybxXdjILZx\" \/><\/div>\n<\/fieldset>\n<\/div>\n\n<\/form>\n<\/div>\n<\/div>\n<\/div>\n<\/div><\/div>\n<\/section>","protected":false},"excerpt":{"rendered":"<p>Home Melden Sie sich f\u00fcr unseren Newsletter an Nehmen Sie an der Verlosung f\u00fcr einen Fahrradurlaub zu zweit teil! Schlie\u00dfen Sie sich anderen Fahrradbegeisterten an und erhalten Sie exklusive Angebote, neue Reiseziele und planen Sie Ihren n\u00e4chsten Fahrradurlaub. Au\u00dferdem nehmen Sie allein durch die Anmeldung zu unserem Newsletter an der Verlosung einer Reise f\u00fcr zwei [&hellip;]<\/p>\n","protected":false},"author":1,"featured_media":261458,"parent":0,"menu_order":25,"comment_status":"closed","ping_status":"closed","template":"","meta":{"_acf_changed":false,"_seopress_robots_primary_cat":"","_seopress_titles_title":"Abonniere den Newsletter","_seopress_titles_desc":"Abonniere den Newsletter","_seopress_robots_index":"","_breakdance_hide_in_design_set":false,"_breakdance_tags":"","footnotes":""},"class_list":["post-261263","page","type-page","status-publish","has-post-thumbnail","hentry"],"acf":[],"_links":{"self":[{"href":"https:\/\/portugalbiketours.com\/de\/wp-json\/wp\/v2\/pages\/261263","targetHints":{"allow":["GET"]}}],"collection":[{"href":"https:\/\/portugalbiketours.com\/de\/wp-json\/wp\/v2\/pages"}],"about":[{"href":"https:\/\/portugalbiketours.com\/de\/wp-json\/wp\/v2\/types\/page"}],"author":[{"embeddable":true,"href":"https:\/\/portugalbiketours.com\/de\/wp-json\/wp\/v2\/users\/1"}],"replies":[{"embeddable":true,"href":"https:\/\/portugalbiketours.com\/de\/wp-json\/wp\/v2\/comments?post=261263"}],"version-history":[{"count":0,"href":"https:\/\/portugalbiketours.com\/de\/wp-json\/wp\/v2\/pages\/261263\/revisions"}],"wp:featuredmedia":[{"embeddable":true,"href":"https:\/\/portugalbiketours.com\/de\/wp-json\/wp\/v2\/media\/261458"}],"wp:attachment":[{"href":"https:\/\/portugalbiketours.com\/de\/wp-json\/wp\/v2\/media?parent=261263"}],"curies":[{"name":"wp","href":"https:\/\/api.w.org\/{rel}","templated":true}]}}