{"id":261269,"date":"2020-04-25T11:54:44","date_gmt":"2020-04-25T10:54:44","guid":{"rendered":"https:\/\/portugalbiketours.com\/clean-and-safe\/"},"modified":"2025-11-23T09:02:42","modified_gmt":"2025-11-23T09:02:42","slug":"clean-and-safe","status":"publish","type":"page","link":"https:\/\/portugalbiketours.com\/de\/clean-and-safe\/","title":{"rendered":"Clean and Safe &#8211; Sauber und sicher"},"content":{"rendered":"<section class=\"bde-section-261269-110 bde-section\">\n  \n  \n\t\n\n\n\n<div class=\"section-container\"><div class=\"bde-div-261269-111 bde-div\">\n  \n  \n\t\n\n\n\n<div class=\"bde-div-261269-112 bde-div\">\n              \n  \n  \n\t\n\n  <div class=\"section-background-overlay\"><\/div>\n\n\n<div class=\"bde-shortcode-261269-113 bde-shortcode dark-links\"><nav  aria-label=\"Brotkrumen\"><ol class=\"breadcrumb\" itemscope itemtype=\"https:\/\/schema.org\/BreadcrumbList\"><li class=\"breadcrumb-item active\" aria-current=\"page\" itemprop=\"itemListElement\" itemscope itemtype=\"https:\/\/schema.org\/ListItem\"><span itemprop=\"name\">Home<\/span><meta itemprop=\"position\" content=\"1\"><\/li><\/ol><\/nav><\/div><div class=\"bde-div-261269-114 bde-div\">\n  \n  \n\t\n\n\n\n<h1 class=\"bde-heading-261269-115 bde-heading\">\nEin \u201eClean and Safe\u201c-Betrieb, zertifiziert von \u201eTurismo de Portugal\u201c\n<\/h1><div class=\"bde-text-261269-116 bde-text\">\nUnser Unternehmen ist ein \u201eClean and Safe\u201c-Betrieb, da es die von der portugiesischen Nationalen Tourismusbeh\u00f6rde \u201eTurismo de Portugal\u201c festgelegten Gesundheits- und Sicherheitsregeln einh\u00e4lt.\n<\/div>\n<\/div>\n<\/div><div class=\"bde-div-261269-117 bde-div\">\n  \n  \n\t\n\n\n\n<div class=\"bde-rich-text-261269-118 bde-rich-text breakdance-rich-text-styles\">\n<div id=\"_rich_text-105-16\" class=\"oxy-rich-text marginb\"><div id=\"text_block-20-23\" class=\"ct-text-block bmargin01\"><div id=\"_rich_text-8-13471\" class=\"oxy-rich-text\">Die Weltgesundheitsorganisation hat das Coronavirus, den Erreger von Covid-19, als eine gesundheitliche Notlage von internationaler Tragweite erkl\u00e4rt. Um Risiken und Infektionen zu vermeiden, indem ein internes Protokoll zur Pr\u00e4vention, Kontrolle und \u00dcberwachung definiert wird, erkl\u00e4rt unser Unternehmen, dass es die von \"Turismo de Portugal\" festgelegten Protokolle befolgt, in \u00dcbereinstimmung mit den Richtlinien der Direc\u00e7\u00e3o Geral da Sa\u00fade, die es erm\u00f6glichen, als ein \"Clean and Safe\"-Betrieb anerkannt zu werden.<\/div><img decoding=\"async\" id=\"image-9-13471\" class=\"ct-image\" src=\"https:\/\/portugalbiketours.com\/wp-content\/uploads\/2020\/04\/TDP_AS_Print_Original-1-300x300.png\" alt=\"\" \/><h2 id=\"headline-10-13471\" class=\"ct-headline mf140 marginb\">Interne Schulung und Festlegung von Verfahren f\u00fcr alle Mitarbeiter:<\/h2><div id=\"_rich_text-11-13471\" class=\"oxy-rich-text marginb\"><p>Unser Personal wurde zu folgenden Themen informiert und\/oder speziell geschult:<\/p><ul><li>Internes Protokoll bez\u00fcglich der Coronavirus Covid-19-Pandemie.<\/li><li>Wie die grundlegenden Vorsichtsma\u00dfnahmen und Infektionskontrollen im Zusammenhang mit dem Coronavirus Covid-19 einzuhalten sind, wie folgt:<ul><li>Handhygiene: H\u00e4ufiges H\u00e4ndewaschen mit Wasser und Seife f\u00fcr mindestens 20 Sekunden oder Verwendung von Handdesinfektionsmitteln mit mindestens 70 % Alkohol, wobei alle Fl\u00e4chen der H\u00e4nde bedeckt und eingerieben werden, bis sie trocken sind.<\/li><li>Atemetikette: Husten oder Niesen in die gebeugte Armbeuge oder Verwendung eines Papiertaschentuchs, das sofort in den M\u00fcll geworfen werden sollte; H\u00e4ndehygiene nach Husten, Niesen oder Naseputzen; Vermeidung des Ber\u00fchrens von Augen, Nase und Mund mit den H\u00e4nden;<\/li><li>Soziales Verhalten: \u00c4nderung der H\u00e4ufigkeit und Art der Kontakte innerhalb des Personals und zwischen Personal und Kunden, Vermeidung (sofern m\u00f6glich) von engem Kontakt, H\u00e4ndesch\u00fctteln, K\u00fcssen, gemeinsamen Arbeitspl\u00e4tzen, Pr\u00e4senzbesprechungen sowie dem Teilen von Speisen, Besteck, Gl\u00e4sern und Handt\u00fcchern.<\/li><\/ul><\/li><\/ul><p>Wie die t\u00e4gliche Selbst\u00fcberwachung zur Fieberkontrolle durch zweimaliges Messen der K\u00f6rpertemperatur und Dokumentation von Wert und Zeitpunkt sowie das \u00dcberpr\u00fcfen von Husten oder Atembeschwerden durchzuf\u00fchren ist.<\/p><p>Wie die Richtlinien der \"Direc\u00e7\u00e3o Geral da Sa\u00fade\" zur Desinfektion aller Oberfl\u00e4chen und zum Waschen der in unseren Einrichtungen verwendeten Kleidung einzuhalten sind.<\/p><\/div><h3 id=\"headline-12-13471\" class=\"ct-headline marginb mf130\">Informationen f\u00fcr alle Kunden:<\/h3><div id=\"_rich_text-13-13471\" class=\"oxy-rich-text marginb\"><p>Alle Kunden werden \u00fcber folgende Informationen informiert:<\/p><ul><li>Wie grundlegende Vorsichtsma\u00dfnahmen und Infektionskontrollen im Zusammenhang mit dem Coronavirus-Ausbruch einzuhalten sind.<\/li><li>Was das interne Protokoll bez\u00fcglich des Coronavirus Covid-19-Ausbruchs beinhaltet.<\/li><\/ul><\/div><h3 id=\"headline-14-13471\" class=\"ct-headline marginb mf130\">Das Unternehmen verf\u00fcgt \u00fcber:<\/h3><div id=\"_rich_text-15-13471\" class=\"oxy-rich-text marginb\"><p>Pers\u00f6nliche Schutzausr\u00fcstung in ausreichender Anzahl f\u00fcr alle an den Aktivit\u00e4ten beteiligten Mitarbeiter.<\/p><p>Pers\u00f6nliche Schutzausr\u00fcstung f\u00fcr Kunden (maximale Gruppengr\u00f6\u00dfe)<\/p><\/div><h3 id=\"headline-16-13471\" class=\"ct-headline marginb mf130\">Das interne Reinigungs- und Hygienisierungsprotokoll gew\u00e4hrleistet:<\/h3><div id=\"_rich_text-17-13471\" class=\"oxy-rich-text marginb\"><p>Waschen aller Kleidung und anderer bei den Aktivit\u00e4ten getragener Accessoires (Handt\u00fccher, Radbekleidung) bei hohen Temperaturen (ca. 60\u00baC) f\u00fcr alle Mitarbeiter und Kunden.<\/p><p>Bereitstellung von alkoholbasiertem Handdesinfektionsmittel, wann immer dies f\u00fcr die Teilnehmer aller Aktivit\u00e4ten gerechtfertigt ist.<\/p><p>Hygienisierung oder Desinfektion aller verwendeten Ausr\u00fcstungen nach jeder Aktivit\u00e4t gem\u00e4\u00df den f\u00fcr die jeweilige Ausr\u00fcstung geltenden Regeln.<\/p><p>Hygienisierung oder Desinfektion aller eingesetzten Transportmittel nach jeder Aktivit\u00e4t und gem\u00e4\u00df den f\u00fcr die jeweilige Transportausr\u00fcstung geltenden Regeln.<\/p><\/div><h3 id=\"headline-18-13471\" class=\"ct-headline marginb mf130\">Die Serviceorganisation gew\u00e4hrleistet:<\/h3><div id=\"_rich_text-19-13471\" class=\"oxy-rich-text marginb\"><p>Einhalten des sozialen Abstands zwischen den Teilnehmern aller Aktivit\u00e4ten gem\u00e4\u00df den Empfehlungen der \"Direc\u00e7\u00e3o Geral da Sa\u00fade\".<\/p><p>Maximale Belegung der bei den Aktivit\u00e4ten eingesetzten Transportmittel gem\u00e4\u00df den Empfehlungen der \"Direc\u00e7\u00e3o Geral da Sa\u00fade\".<\/p><p>Verteilung von Informationen zu den Aktivit\u00e4ten vorzugsweise \u00fcber digitale\/online Plattformen.<\/p><p>Befolgung interner Hygienisierungs- und Sicherheitsprotokolle durch die an den Aktivit\u00e4ten beteiligten Partner.<\/p><p>Dass stets ein verantwortliches Mitglied des Personals bereitsteht, um im Verdachtsfall einer Infektion die Verfahren umzusetzen (Begleitung des Kunden mit Symptomen in den Isolationsbereich, Bereitstellung der notwendigen Unterst\u00fctzung und Kontaktaufnahme mit dem Nationalen Gesundheitsdienst).<\/p><p>Die Lagerung aller von Erkrankten produzierten Abf\u00e4lle, die verd\u00e4chtigt werden, infekti\u00f6s zu sein, erfolgt in einem Plastikbeutel, der nach dem Verschlie\u00dfen separat aufbewahrt und einem lizenzierten Betreiber zur Entsorgung von Krankenhausabf\u00e4llen mit biologischer Gef\u00e4hrdung \u00fcbergeben wird.<\/p><\/div><\/div><\/div>\n<\/div>\n<\/div>\n<\/div><\/div>\n<\/section>","protected":false},"excerpt":{"rendered":"<p>Home Ein \u201eClean and Safe\u201c-Betrieb, zertifiziert von \u201eTurismo de Portugal\u201c Unser Unternehmen ist ein \u201eClean and Safe\u201c-Betrieb, da es die von der portugiesischen Nationalen Tourismusbeh\u00f6rde \u201eTurismo de Portugal\u201c festgelegten Gesundheits- und Sicherheitsregeln einh\u00e4lt. Die Weltgesundheitsorganisation hat das Coronavirus, den Erreger von Covid-19, als eine gesundheitliche Notlage von internationaler Tragweite erkl\u00e4rt. Um Risiken und Infektionen zu [&hellip;]<\/p>\n","protected":false},"author":1,"featured_media":261458,"parent":0,"menu_order":27,"comment_status":"closed","ping_status":"closed","template":"","meta":{"_acf_changed":false,"_seopress_robots_primary_cat":"","_seopress_titles_title":"Live Love Ride ist eine saubere und sichere Einrichtung","_seopress_titles_desc":"Live Love Ride ist eine saubere und sichere Einrichtung, die den Gesundheits- und Sicherheitsvorschriften der portugiesischen Tourismusbeh\u00f6rde folgt","_seopress_robots_index":"","_breakdance_hide_in_design_set":false,"_breakdance_tags":"","footnotes":""},"class_list":["post-261269","page","type-page","status-publish","has-post-thumbnail","hentry"],"acf":[],"_links":{"self":[{"href":"https:\/\/portugalbiketours.com\/de\/wp-json\/wp\/v2\/pages\/261269","targetHints":{"allow":["GET"]}}],"collection":[{"href":"https:\/\/portugalbiketours.com\/de\/wp-json\/wp\/v2\/pages"}],"about":[{"href":"https:\/\/portugalbiketours.com\/de\/wp-json\/wp\/v2\/types\/page"}],"author":[{"embeddable":true,"href":"https:\/\/portugalbiketours.com\/de\/wp-json\/wp\/v2\/users\/1"}],"replies":[{"embeddable":true,"href":"https:\/\/portugalbiketours.com\/de\/wp-json\/wp\/v2\/comments?post=261269"}],"version-history":[{"count":0,"href":"https:\/\/portugalbiketours.com\/de\/wp-json\/wp\/v2\/pages\/261269\/revisions"}],"wp:featuredmedia":[{"embeddable":true,"href":"https:\/\/portugalbiketours.com\/de\/wp-json\/wp\/v2\/media\/261458"}],"wp:attachment":[{"href":"https:\/\/portugalbiketours.com\/de\/wp-json\/wp\/v2\/media?parent=261269"}],"curies":[{"name":"wp","href":"https:\/\/api.w.org\/{rel}","templated":true}]}}