{"id":261062,"date":"2019-03-10T11:54:40","date_gmt":"2019-03-10T11:54:40","guid":{"rendered":"https:\/\/portugalbiketours.com\/calendar\/"},"modified":"2025-12-02T08:20:14","modified_gmt":"2025-12-02T08:20:14","slug":"dates","status":"publish","type":"page","link":"https:\/\/portugalbiketours.com\/fr\/dates\/","title":{"rendered":"Dates"},"content":{"rendered":"<section class=\"bde-section-261062-180 bde-section\">\n  \n  \n\t\n\n\n\n<div class=\"section-container\"><div class=\"bde-div-261062-181 bde-div\">\n  \n  \n\t\n\n\n\n<div class=\"bde-div-261062-182 bde-div\">\n              \n  \n  \n\t\n\n  <div class=\"section-background-overlay\"><\/div>\n\n\n<div class=\"bde-shortcode-261062-183 bde-shortcode dark-links\"><nav  aria-label=\"Fil d&#039;Ariane\"><ol class=\"breadcrumb\" itemscope itemtype=\"https:\/\/schema.org\/BreadcrumbList\"><li class=\"breadcrumb-item active\" aria-current=\"page\" itemprop=\"itemListElement\" itemscope itemtype=\"https:\/\/schema.org\/ListItem\"><span itemprop=\"name\">Accueil<\/span><meta itemprop=\"position\" content=\"1\"><\/li><\/ol><\/nav><\/div><div class=\"bde-div-261062-184 bde-div\">\n  \n  \n\t\n\n\n\n<h1 class=\"bde-heading-261062-185 bde-heading\">\nCircuits \u00e0 v\u00e9lo en groupe au Portugal\n<\/h1><div class=\"bde-text-261062-186 bde-text\">\nJoin our group bike tours in Portugal and ride through the most scenic landscapes while making new friends! Our groups are always small, guided by local experts and rich in meaningful connections. You can choose from our pre-scheduled guided bike tours below and find out why we're trusted by travelers who seek a riding experience of a lifetime!\n<\/div>\n<\/div><div class=\"bde-globalblock-261062-187 bde-globalblock\"><\/div><div class=\"bde-content-reveal-261062-188 bde-content-reveal\">\n<div class=\"bde-content-reveal__container is-hidden\">\n  <div class=\"bde-content-reveal__content\">\n    <div class=\"bde-text-261062-189 bde-text\">\nJoin our group bike tours in Portugal and ride through the most scenic landscapes while making new friends! Our groups are always small, guided by local experts and rich in meaningful connections. You can choose from our pre-scheduled guided bike tours below and find out why we're trusted by travelers who seek a riding experience of a lifetime!\n<\/div>\n  <\/div>\n\n      \n  \n                                    \n    \n    \n    \n                                                    \n            \n            <button type=\"button\" class=\"button-atom button-atom--text bde-content-reveal__button\"   data-i18n-more=\"&#9662;\" data-i18n-less=\"&#9652;\">\n    \n        <span class=\"button-atom__text\">&#9662;<\/span>\n\n        \n        \n            <\/button>\n    \n<\/div>\n\n<\/div>\n<\/div><div class=\"bde-div-261062-190 bde-div\">\n  \n  \n\t\n\n\n\n<h2 class=\"bde-heading-261062-191 bde-heading\">\nProchains circuits \u00e0 v\u00e9lo en groupe au Portugal :\n<\/h2><div class=\"bde-rich-text-261062-192 bde-rich-text breakdance-rich-text-styles\">\n<ul><li>D\u00e9parts confirm\u00e9s (n\u00e9cessite un minimum de deux participants)<\/li><li>Groupes r\u00e9duits garantis, limit\u00e9s \u00e0 8 participants par circuit<\/li><\/ul>\n<\/div><div id=\"slidates\" class=\"bde-shortcode-261062-193 bde-shortcode\"><div id=\"frmapi-58951105\" class=\"frmapi-form\" data-url=\"https:\/\/cms.llride.com\/wp-json\/frm\/v2\/views\/5895?exclude_script=installer-dismiss-nag%2Cinstall-recommended_plugin\"><\/div><\/div><div class=\"bde-rich-text-261062-194 bde-rich-text breakdance-rich-text-styles\">\n<p><strong>REMARQUE :<\/strong> Tous les circuits \u00e0 v\u00e9lo ci-dessous sont \u00e9galement disponibles en exp\u00e9riences priv\u00e9es, qu'elles soient en autonomie, guid\u00e9es ou premium, et peuvent commencer \u00e0 d'autres dates.<\/p>\n<\/div>\n<\/div><div class=\"bde-div-261062-195 bde-div\">\n  \n  \n\t\n\n\n\n<div class=\"bde-text-261062-196 bde-text\">\n\n<\/div>\n<\/div>\n<\/div><div class=\"bde-div-261062-197 bde-div\">\n  \n  \n\t\n\n\n\n<div class=\"bde-content-reveal-261062-198 bde-content-reveal\">\n<div class=\"bde-content-reveal__container is-hidden\">\n  <div class=\"bde-content-reveal__content\">\n    <div class=\"bde-rich-text-261062-199 bde-rich-text breakdance-rich-text-styles\">\n\n<\/div>\n  <\/div>\n\n      \n  \n                                    \n    \n    \n    \n                                                    \n            \n            <button type=\"button\" class=\"button-atom button-atom--text bde-content-reveal__button\"   data-i18n-more=\"&#9662;\" data-i18n-less=\"&#9652;\">\n    \n        <span class=\"button-atom__text\">&#9662;<\/span>\n\n        \n        \n            <\/button>\n    \n<\/div>\n\n<\/div>\n<\/div><\/div>\n<\/section>","protected":false},"excerpt":{"rendered":"<p>Accueil Circuits \u00e0 v\u00e9lo en groupe au Portugal Join our group bike tours in Portugal and ride through the most scenic landscapes while making new friends! Our groups are always small, guided by local experts and rich in meaningful connections. You can choose from our pre-scheduled guided bike tours below and find out why we&rsquo;re [&hellip;]<\/p>\n","protected":false},"author":1,"featured_media":261428,"parent":0,"menu_order":1,"comment_status":"closed","ping_status":"closed","template":"","meta":{"_acf_changed":false,"_seopress_robots_primary_cat":"","_seopress_titles_title":"Dates","_seopress_titles_desc":"Choose from any of the suggested dates to join an open group. If you&#039;d prefer to go on any of these walking tours but on a different date, you can make it private for your group or customize a tour.","_seopress_robots_index":"","_breakdance_hide_in_design_set":false,"_breakdance_tags":"","footnotes":""},"class_list":["post-261062","page","type-page","status-publish","has-post-thumbnail","hentry"],"acf":[],"_links":{"self":[{"href":"https:\/\/portugalbiketours.com\/fr\/wp-json\/wp\/v2\/pages\/261062","targetHints":{"allow":["GET"]}}],"collection":[{"href":"https:\/\/portugalbiketours.com\/fr\/wp-json\/wp\/v2\/pages"}],"about":[{"href":"https:\/\/portugalbiketours.com\/fr\/wp-json\/wp\/v2\/types\/page"}],"author":[{"embeddable":true,"href":"https:\/\/portugalbiketours.com\/fr\/wp-json\/wp\/v2\/users\/1"}],"replies":[{"embeddable":true,"href":"https:\/\/portugalbiketours.com\/fr\/wp-json\/wp\/v2\/comments?post=261062"}],"version-history":[{"count":2,"href":"https:\/\/portugalbiketours.com\/fr\/wp-json\/wp\/v2\/pages\/261062\/revisions"}],"predecessor-version":[{"id":264013,"href":"https:\/\/portugalbiketours.com\/fr\/wp-json\/wp\/v2\/pages\/261062\/revisions\/264013"}],"wp:featuredmedia":[{"embeddable":true,"href":"https:\/\/portugalbiketours.com\/fr\/wp-json\/wp\/v2\/media\/261428"}],"wp:attachment":[{"href":"https:\/\/portugalbiketours.com\/fr\/wp-json\/wp\/v2\/media?parent=261062"}],"curies":[{"name":"wp","href":"https:\/\/api.w.org\/{rel}","templated":true}]}}