{"id":261068,"date":"2019-03-10T11:54:40","date_gmt":"2019-03-10T11:54:40","guid":{"rendered":"https:\/\/portugalbiketours.com\/cycling-portugal\/"},"modified":"2025-12-06T20:46:20","modified_gmt":"2025-12-06T20:46:20","slug":"cyclisme-portugal","status":"publish","type":"page","link":"https:\/\/portugalbiketours.com\/fr\/cyclisme-portugal\/","title":{"rendered":"Cyclisme Portugal"},"content":{"rendered":"<section class=\"bde-section-261068-233 bde-section\">\n  \n  \n\t\n\n\n\n<div class=\"section-container\"><div class=\"bde-div-261068-234 bde-div\">\n  \n  \n\t\n\n\n\n<div class=\"bde-div-261068-235 bde-div\">\n              \n  \n  \n\t\n\n  <div class=\"section-background-overlay\"><\/div>\n\n\n<div class=\"bde-shortcode-261068-236 bde-shortcode dark-links\"><nav  aria-label=\"Fil d&#039;Ariane\"><ol class=\"breadcrumb\" itemscope itemtype=\"https:\/\/schema.org\/BreadcrumbList\"><li class=\"breadcrumb-item active\" aria-current=\"page\" itemprop=\"itemListElement\" itemscope itemtype=\"https:\/\/schema.org\/ListItem\"><span itemprop=\"name\">Accueil<\/span><meta itemprop=\"position\" content=\"1\"><\/li><\/ol><\/nav><\/div><div class=\"bde-div-261068-237 bde-div\">\n  \n  \n\t\n\n\n\n<h1 class=\"bde-heading-261068-238 bde-heading\">\nLe cyclisme au Portugal : Les vacances de votre vie\n<\/h1><div class=\"bde-text-261068-239 bde-text\">\nPlanifiez vos vacances \u00e0 v\u00e9lo au Portugal.\n<\/div>\n<\/div><div class=\"bde-globalblock-261068-240 bde-globalblock\"><\/div>\n<\/div><div class=\"bde-div-261068-241 bde-div\">\n  \n  \n\t\n\n\n\n<div class=\"bde-columns-261068-242 bde-columns\"><div class=\"bde-column-261068-243 bde-column\">\n  \n  \n\t\n\n\n\n<img decoding=\"async\" class=\"bde-image2-261068-244 bde-image2\" src=\"https:\/\/portugalbiketours.com\/wp-content\/uploads\/Cycling-Portugal-the-holidays-of-your-life1.svg\" alt=\"cycling portugal the holidays of your life[1]\" loading=\"lazy\">\n<\/div><div class=\"bde-column-261068-245 bde-column\">\n  \n  \n\t\n\n\n\n<h2 class=\"bde-heading-261068-246 bde-heading\">\nUne destination touristique incroyable pour le cyclisme\n<\/h2><div class=\"bde-rich-text-261068-247 bde-rich-text breakdance-rich-text-styles\">\n<p>\/ Fond\u00e9 en 868, le Portugal a \u00e9tabli ses fronti\u00e8res continentales en 1297 et est la plus ancienne nation d\u2019Europe ;<\/p><p>\/ La langue portugaise est parl\u00e9e par environ 230 millions de personnes dans le monde (dont 210 millions de locuteurs natifs), et est la langue officielle de 9 pays ;<\/p><p>\/ Avec 10 millions d\u2019habitants et 92 212 km2 de superficie, il est consid\u00e9r\u00e9 comme l\u2019un des pays les plus g\u00e9ographiquement diversifi\u00e9s d\u2019Europe et abrite plusieurs sites et traditions inscrits au patrimoine mondial de l\u2019UNESCO ;<\/p><p>\/ En tant que pays europ\u00e9en moderne, le Portugal dispose d\u2019excellentes infrastructures pour le tourisme, l\u2019une des activit\u00e9s \u00e9conomiques les plus importantes du pays, tout en \u00e9tant fier de pr\u00e9server son patrimoine, ses valeurs traditionnelles ainsi que ses arts et artisanats ;<\/p><p>\/ Face \u00e0 l\u2019oc\u00e9an Atlantique Nord, il b\u00e9n\u00e9ficie d\u2019un climat maritime, avec une temp\u00e9rature moyenne annuelle de 16\u00baC et un temps ensoleill\u00e9 toute l\u2019ann\u00e9e, ce qui le rend parfait pour faire du v\u00e9lo au Portugal ;<\/p>\n<\/div>\n<\/div><\/div>\n<\/div><div class=\"bde-div-261068-248 bde-div\">\n  \n  \n\t\n\n\n\n<div class=\"bde-div-261068-249 bde-div\">\n  \n  \n\t\n\n\n\n<h2 class=\"bde-heading-261068-250 bde-heading\">\nUne histoire et une culture uniques\n<\/h2><div class=\"bde-text-261068-251 bde-text\">\nEn faisant du v\u00e9lo au Portugal, vous vivrez les exp\u00e9riences les plus authentiques du pays.\n<\/div>\n<\/div><div class=\"bde-div-261068-252 bde-div\">\n  \n  \n\t\n\n\n\n<div class=\"bde-columns-261068-253 bde-columns\"><div class=\"bde-column-261068-254 bde-column\">\n  \n  \n\t\n\n\n\n<img decoding=\"async\" class=\"bde-image2-261068-255 bde-image2\" src=\"https:\/\/portugalbiketours.com\/wp-content\/uploads\/One-of-a-kind-history-and-culture1.svg\" alt=\"one of a kind history and culture[1]\" loading=\"lazy\">\n<\/div><div class=\"bde-column-261068-256 bde-column\">\n  \n  \n\t\n\n\n\n<h3 class=\"bde-heading-261068-257 bde-heading\">\nUn pays de navigateurs et d\u2019explorateurs\n<\/h3><div class=\"bde-rich-text-261068-258 bde-rich-text breakdance-rich-text-styles\">\n<p>Un pays au c\u0153ur des routes commerciales, qui a autrefois dirig\u00e9 la flotte navale la plus puissante que le monde ait jamais vue, pendant plus de 600 ans. En faisant du v\u00e9lo au Portugal, vous d\u00e9couvrirez un pays d\u2019explorateurs, l\u2019un des premiers \u00e0 s\u2019aventurer en mer et \u00e0 d\u00e9couvrir des cultures en Afrique, en Asie, en Inde et dans les Am\u00e9riques, ce qui est encore visible aujourd\u2019hui dans sa langue, la troisi\u00e8me la plus parl\u00e9e au monde.<\/p><p><strong>UN CREUSET DE CULTURES VIEUX DE 1000 ANS<\/strong><\/p><p>Le comt\u00e9 de \u00ab Portucale \u00bb a \u00e9t\u00e9 form\u00e9 en 1139 par D. Afonso Henriques, lors d\u2019une bataille familiale \u00e9pique. Mais bien avant sa fondation, la \u00ab Lusitanie \u00bb \u00e9tait habit\u00e9e par les Romains d\u00e8s 45 av. J.-C., les Wisigoths, les Maures et bien d\u2019autres. Le Portugal d\u2019aujourd\u2019hui est un \u00c9tat-nation souverain qui est fier de faire partie de l\u2019Europe et de poss\u00e9der une histoire et une identit\u00e9 riches et fortes.<\/p><p><strong>MONUMENTS ET MUS\u00c9ES RENCONTRENT L\u2019ART CONTEMPORAIN &amp; MODERNE<\/strong><\/p><p>En tant que petit pays ouvert sur le monde, le Portugal a toujours embrass\u00e9 d\u2019autres cultures et arts. Aujourd\u2019hui, vous constaterez que l\u2019architecture moderne et contemporaine, la litt\u00e9rature, la musique et le th\u00e9\u00e2tre se m\u00ealent aux traditions mill\u00e9naires et \u00e0 l\u2019artisanat. Se promener au Portugal offre une mani\u00e8re relaxante et authentique de d\u00e9couvrir le pays.<\/p>\n<\/div>\n<\/div><\/div>\n<\/div>\n<\/div><div class=\"bde-div-261068-259 bde-div\">\n  \n  \n\t\n\n\n\n<div class=\"bde-div-261068-260 bde-div\">\n  \n  \n\t\n\n\n\n<h2 class=\"bde-heading-261068-261 bde-heading\">\nGastronomie, exp\u00e9riences et h\u00f4tels incroyables<br>\n<\/h2><div class=\"bde-text-261068-262 bde-text\">\nDe grandes saveurs et vins pour compl\u00e9ter vos vacances \u00e0 v\u00e9lo au Portugal.\n<\/div>\n<\/div><div class=\"bde-div-261068-263 bde-div\">\n  \n  \n\t\n\n\n\n<div class=\"bde-columns-261068-264 bde-columns\"><div class=\"bde-column-261068-265 bde-column\">\n  \n  \n\t\n\n\n\n<img decoding=\"async\" class=\"bde-image2-261068-266 bde-image2\" src=\"https:\/\/portugalbiketours.com\/wp-content\/uploads\/Amazing-gastronomy-experiences-and-hotels1.svg\" alt=\"amazing gastronomy experiences and hotels[1]\" loading=\"lazy\">\n<\/div><div class=\"bde-column-261068-267 bde-column\">\n  \n  \n\t\n\n\n\n<h3 class=\"bde-heading-261068-268 bde-heading\">\nDe la cuisine m\u00e9diterran\u00e9enne aux fromages de l\u2019int\u00e9rieur et aux \u00ab enchidos \u00bb\n<\/h3><div class=\"bde-rich-text-261068-269 bde-rich-text breakdance-rich-text-styles\">\n<p>\u00catre baign\u00e9 par l\u2019oc\u00e9an Atlantique signifie que le Portugal prosp\u00e8re gr\u00e2ce \u00e0 des poissons et fruits de mer fantastiques et frais, utilis\u00e9s avec expertise dans sa cuisine m\u00e9diterran\u00e9enne embl\u00e9matique. Mais la grande vari\u00e9t\u00e9 de cultures et de paysages du pays fait que chaque r\u00e9gion offre une infinit\u00e9 de fromages, de vins et de gastronomie locale.<\/p><p><strong>MEILLEURS PAYS VITICOLES DU MONDE<\/strong><\/p><p>Vous d\u00e9couvrirez les meilleurs sentiers du Douro et de l\u2019Alentejo, explorant des r\u00e9gions \u00e9lues parmi les meilleurs pays viticoles du monde, non seulement parce qu\u2019elles abritent certaines des meilleures exp\u00e9riences de d\u00e9gustation de vin, mais aussi gr\u00e2ce \u00e0 leurs paysages pittoresques et authentiques, leurs habitants, leurs vignobles, leurs fermes et leur culture.<\/p><p><strong>SAVEUR ET RICHESSE \u00c0 CHAQUE BOUCH\u00c9E<\/strong><\/p><p>Partout o\u00f9 vous irez, vous trouverez facile de savourer une cuisine authentique, simple et d\u00e9licieuse. Des restaurants \u00e9toil\u00e9s Michelin aux \u00ab tascas \u00bb locales, le Portugal est un paradis pour les gourmets.<\/p>\n<\/div>\n<\/div><\/div>\n<\/div>\n<\/div><div class=\"bde-div-261068-270 bde-div\">\n  \n  \n\t\n\n\n\n<div class=\"bde-div-261068-271 bde-div\">\n  \n  \n\t\n\n\n\n<h2 class=\"bde-heading-261068-272 bde-heading\">\nClimat et g\u00e9ographie parfaits pour le cyclisme au Portugal\n<\/h2><div class=\"bde-text-261068-273 bde-text\">\nUn temps id\u00e9al, parfait pour des vacances \u00e0 v\u00e9lo toute l\u2019ann\u00e9e.\n<\/div>\n<\/div><div class=\"bde-div-261068-274 bde-div\">\n  \n  \n\t\n\n\n\n<div class=\"bde-columns-261068-275 bde-columns\"><div class=\"bde-column-261068-276 bde-column\">\n  \n  \n\t\n\n\n\n<img decoding=\"async\" class=\"bde-image2-261068-277 bde-image2\" src=\"https:\/\/portugalbiketours.com\/wp-content\/uploads\/Amazing-gastronomy-experiences-and-hotels1.svg\" alt=\"amazing gastronomy experiences and hotels[1]\" loading=\"lazy\">\n<\/div><div class=\"bde-column-261068-278 bde-column\">\n  \n  \n\t\n\n\n\n<h3 class=\"bde-heading-261068-279 bde-heading\">\nUne exp\u00e9rience ensoleill\u00e9e garantie\n<\/h3><div class=\"bde-rich-text-261068-280 bde-rich-text breakdance-rich-text-styles\">\n<p>Le climat atlantique mod\u00e9r\u00e9 du pays le rend id\u00e9al pour rouler en toutes saisons. En marchant au Portugal, vous vivrez un automne et un hiver mod\u00e9r\u00e9s, surmont\u00e9s d\u2019un printemps et d\u2019un \u00e9t\u00e9 ensoleill\u00e9s. Cela en fait une destination parfaite pour des vacances de randonn\u00e9e, que ce soit en automne\/printemps ou tout au long de l\u2019\u00e9t\u00e9.<\/p><p><strong>DIVERSIT\u00c9 INCROYABLE DES PAYSAGES<\/strong><\/p><p>Le Portugal abrite des plages magnifiques, des vall\u00e9es glaciaires, de grandes cha\u00eenes de montagnes, des r\u00e9gions viticoles et des parcs nationaux, le tout en format condens\u00e9.<\/p><p><strong>ABONDANCE DE ROUTES SANS VOITURE ET DE SENTIERS EXCEPTIONNELS<\/strong><\/p><p>En marchant au Portugal, vous trouverez des chemins de campagne et des sentiers en excellent \u00e9tat. De nombreuses r\u00e9gions ont investi dans la cr\u00e9ation de sentiers de randonn\u00e9e de diff\u00e9rentes dimensions ainsi que dans leur entretien et am\u00e9lioration, ce qui en fait un lieu parfait pour la randonn\u00e9e et la marche.<\/p>\n<\/div>\n<\/div><\/div>\n<\/div>\n<\/div><div class=\"bde-div-261068-281 bde-div\">\n  \n  \n\t\n\n\n\n<div class=\"bde-div-261068-282 bde-div\">\n  \n  \n\t\n\n\n\n<h2 class=\"bde-heading-261068-283 bde-heading\">\nAuthentique et accueillant\n<\/h2><div class=\"bde-text-261068-284 bde-text\">\nLe cyclisme au Portugal, vos prochaines vacances de r\u00eave\n<\/div>\n<\/div><div class=\"bde-div-261068-285 bde-div\">\n  \n  \n\t\n\n\n\n<div class=\"bde-columns-261068-286 bde-columns\"><div class=\"bde-column-261068-287 bde-column\">\n  \n  \n\t\n\n\n\n<img decoding=\"async\" class=\"bde-image2-261068-288 bde-image2\" src=\"https:\/\/portugalbiketours.com\/wp-content\/uploads\/Authentic-and-welcoming1.svg\" alt=\"authentic and welcoming[1]\" loading=\"lazy\">\n<\/div><div class=\"bde-column-261068-289 bde-column\">\n  \n  \n\t\n\n\n\n<h3 class=\"bde-heading-261068-290 bde-heading\">\nH\u00f4tels de charme et destinations\n<\/h3><div class=\"bde-rich-text-261068-291 bde-rich-text breakdance-rich-text-styles\">\n<p>Le tourisme est l\u2019une des principales activit\u00e9s du Portugal. En randonnant au Portugal, vous trouverez d\u2019excellentes infrastructures pour soutenir votre s\u00e9jour : des h\u00f4tels 5 \u00e9toiles incroyables aux palais et fermes de charme restaur\u00e9s avec soin pour accueillir des touristes du monde entier. Abritant plusieurs sites du patrimoine mondial de l\u2019UNESCO, nous prenons fi\u00e8rement soin de nos attractions touristiques et destinations.<\/p><p><strong>AUTHENTICIT\u00c9 DU PAYS<\/strong><\/p><p>Bien que pays moderne, le Portugal conserve vivantes ses traditions et coutumes. Avec des fronti\u00e8res \u00e9tablies depuis 1139, la culture du pays se mat\u00e9rialise dans sa musique embl\u00e9matique, sa litt\u00e9rature, son art, son artisanat et ses produits, mais elle se transmet aussi de g\u00e9n\u00e9ration en g\u00e9n\u00e9ration et s\u2019inscrit v\u00e9ritablement dans les routines quotidiennes qui composent le mode de vie portugais.<\/p><p><strong>NATURE ACCUEILLANTE DES PORTUGAIS<\/strong><\/p><p>Le peuple portugais est naturellement accueillant, tout comme les cyclistes locaux. Nous aimons organiser des d\u00eeners et recevoir des invit\u00e9s et touristes \u2013 il y a toujours une place de plus \u00e0 notre table.<\/p>\n<\/div>\n<\/div><\/div>\n<\/div>\n<\/div><div class=\"bde-div-261068-292 bde-div\">\n  \n  \n\t\n\n\n\n<div class=\"bde-div-261068-293 bde-div\">\n  \n  \n\t\n\n\n\n<h2 class=\"bde-heading-261068-294 bde-heading\">\nCyclisme au Portugal dans des r\u00e9gions uniques\n<\/h2><div class=\"bde-text-261068-295 bde-text\">\nVacances \u00e0 v\u00e9lo du nord au sud du pays\n<\/div>\n<\/div><div class=\"bde-div-261068-296 bde-div\">\n  \n  \n\t\n\n\n\n<div class=\"bde-columns-261068-297 bde-columns\"><div class=\"bde-column-261068-298 bde-column\">\n  \n  \n\t\n\n\n\n<img decoding=\"async\" class=\"bde-image2-261068-299 bde-image2\" src=\"https:\/\/portugalbiketours.com\/wp-content\/uploads\/Authentic-and-welcoming1.svg\" alt=\"authentic and welcoming[1]\" loading=\"lazy\">\n<\/div><div class=\"bde-column-261068-300 bde-column\">\n  \n  \n\t\n\n\n\n<h3 class=\"bde-heading-261068-301 bde-heading\">\nContactez-nous pour planifier vos prochaines vacances \u00e0 v\u00e9lo de r\u00eave au Portugal :\n<\/h3><div class=\"bde-rich-text-261068-302 bde-rich-text breakdance-rich-text-styles\">\n<p>\/ TOUR \u00c0 V\u00c9LO DANS LA VALL\u00c9E DU DOURO<\/p><p>\/ TOUR \u00c0 V\u00c9LO EN ALENTEJO \u2013 PARCOUREZ LE PAYS DU VIN<\/p><p>\/ TOUR \u00c0 V\u00c9LO SUR LES C\u00d4TES D\u2019ARGENT ET BLEUE<\/p><p>\/ TOUR \u00c0 V\u00c9LO EN ALGARVE<\/p><p>\/ TOUR \u00c0 V\u00c9LO DE PORTO \u00c0 SAINT-JACQUES-DE-COMPOSTELLE<\/p><p>\/ TOUR \u00c0 V\u00c9LO SUR LA C\u00d4TE ATLANTIQUE - DE LISBONNE \u00c0 SAGRES<\/p>\n<\/div>\n<\/div><\/div>\n<\/div>\n<\/div>\n<\/div><\/div>\n<\/section>","protected":false},"excerpt":{"rendered":"<p>Accueil Le cyclisme au Portugal : Les vacances de votre vie Planifiez vos vacances \u00e0 v\u00e9lo au Portugal. Une destination touristique incroyable pour le cyclisme \/ Fond\u00e9 en 868, le Portugal a \u00e9tabli ses fronti\u00e8res continentales en 1297 et est la plus ancienne nation d\u2019Europe ;\/ La langue portugaise est parl\u00e9e par environ 230 millions [&hellip;]<\/p>\n","protected":false},"author":1,"featured_media":261428,"parent":0,"menu_order":2,"comment_status":"closed","ping_status":"closed","template":"","meta":{"_acf_changed":false,"_seopress_robots_primary_cat":"","_seopress_titles_title":"Cyclisme Portugal","_seopress_titles_desc":"Cyclisme Portugal: Les vacances de votre vie.Planifier votre visite du Portugal &agrave; v&eacute;lo et profitez du climat agr&eacute;able, des paysages, de la gastronomie et de la richesse culturelle du Portugal &agrave; v&eacute;lo.&nbsp;","_seopress_robots_index":"","_breakdance_hide_in_design_set":false,"_breakdance_tags":"","footnotes":""},"class_list":["post-261068","page","type-page","status-publish","has-post-thumbnail","hentry"],"acf":[],"_links":{"self":[{"href":"https:\/\/portugalbiketours.com\/fr\/wp-json\/wp\/v2\/pages\/261068","targetHints":{"allow":["GET"]}}],"collection":[{"href":"https:\/\/portugalbiketours.com\/fr\/wp-json\/wp\/v2\/pages"}],"about":[{"href":"https:\/\/portugalbiketours.com\/fr\/wp-json\/wp\/v2\/types\/page"}],"author":[{"embeddable":true,"href":"https:\/\/portugalbiketours.com\/fr\/wp-json\/wp\/v2\/users\/1"}],"replies":[{"embeddable":true,"href":"https:\/\/portugalbiketours.com\/fr\/wp-json\/wp\/v2\/comments?post=261068"}],"version-history":[{"count":1,"href":"https:\/\/portugalbiketours.com\/fr\/wp-json\/wp\/v2\/pages\/261068\/revisions"}],"predecessor-version":[{"id":265045,"href":"https:\/\/portugalbiketours.com\/fr\/wp-json\/wp\/v2\/pages\/261068\/revisions\/265045"}],"wp:featuredmedia":[{"embeddable":true,"href":"https:\/\/portugalbiketours.com\/fr\/wp-json\/wp\/v2\/media\/261428"}],"wp:attachment":[{"href":"https:\/\/portugalbiketours.com\/fr\/wp-json\/wp\/v2\/media?parent=261068"}],"curies":[{"name":"wp","href":"https:\/\/api.w.org\/{rel}","templated":true}]}}