{"id":261111,"date":"2019-03-10T11:54:40","date_gmt":"2019-03-10T11:54:40","guid":{"rendered":"https:\/\/portugalbiketours.com\/contact\/"},"modified":"2025-11-26T12:21:39","modified_gmt":"2025-11-26T12:21:39","slug":"contact","status":"publish","type":"page","link":"https:\/\/portugalbiketours.com\/fr\/contact\/","title":{"rendered":"Contacter"},"content":{"rendered":"<section class=\"bde-section-261111-186 bde-section\">\n  \n  \n\t\n\n\n\n<div class=\"section-container\"><div class=\"bde-div-261111-187 bde-div\">\n  \n  \n\t\n\n\n\n<div class=\"bde-div-261111-188 bde-div\">\n              \n  \n  \n\t\n\n  <div class=\"section-background-overlay\"><\/div>\n\n\n<div class=\"bde-shortcode-261111-189 bde-shortcode dark-links\"><nav  aria-label=\"Fil d&#039;Ariane\"><ol class=\"breadcrumb\" itemscope itemtype=\"https:\/\/schema.org\/BreadcrumbList\"><li class=\"breadcrumb-item active\" aria-current=\"page\" itemprop=\"itemListElement\" itemscope itemtype=\"https:\/\/schema.org\/ListItem\"><span itemprop=\"name\">Accueil<\/span><meta itemprop=\"position\" content=\"1\"><\/li><\/ol><\/nav><\/div><div class=\"bde-div-261111-190 bde-div\">\n  \n  \n\t\n\n\n\n<h1 class=\"bde-heading-261111-191 bde-heading\">\nContact\n<\/h1><div class=\"bde-text-261111-192 bde-text\">\nContactez-nous pour planifier vos vacances cyclistes de r\u00eave au Portugal\n<\/div>\n<\/div>\n<\/div><div class=\"bde-div-261111-193 bde-div\">\n  \n  \n\t\n\n\n\n<div class=\"bde-columns-261111-194 bde-columns\"><div class=\"bde-column-261111-195 bde-column\">\n  \n  \n\t\n\n\n\n<h2 class=\"bde-heading-261111-196 bde-heading\">\nLaissez votre message\n<\/h2><div class=\"bde-shortcode-261111-197 bde-shortcode\"><div class=\"frm_forms  with_frm_style frm_style_contact-home\" id=\"frm_form_18_container\" data-token=\"4130d2dae7495d7267d836137d319037\">\n<form enctype=\"multipart\/form-data\" method=\"post\" class=\"frm-show-form  frm_js_validate  frm_ajax_submit  frm_pro_form  frm_logic_form \" id=\"form_contact-us-fr\" data-token=\"4130d2dae7495d7267d836137d319037\">\n<div class=\"frm_form_fields \">\n<fieldset>\n<legend class=\"frm_screen_reader\">Contact Us FR<\/legend>\r\n\r\n<div class=\"frm_fields_container\">\n<input type=\"hidden\" name=\"frm_action\" value=\"create\" \/>\n<input type=\"hidden\" name=\"form_id\" value=\"18\" \/>\n<input type=\"hidden\" name=\"frm_hide_fields_18\" id=\"frm_hide_fields_18\" value=\"\" \/>\n<input type=\"hidden\" name=\"form_key\" value=\"contact-us-fr\" \/>\n<input type=\"hidden\" name=\"item_meta[0]\" value=\"\" \/>\n<input type=\"hidden\" id=\"frm_submit_entry_18\" name=\"frm_submit_entry_18\" value=\"98087d056f\" \/><input type=\"hidden\" name=\"_wp_http_referer\" value=\"\/fr\/wp-json\/wp\/v2\/pages\/261111\" \/>\t\t<input  type=\"hidden\" name=\"item_meta[336]\" id=\"field_5f0zz4\" value=\"06\/04\/2026 20:27:41\"  data-frmval=\"06\/04\/2026 20:27:41\"   \/>\n\t\t\t\t<input  type=\"hidden\" name=\"item_meta[337]\" id=\"field_udjul4\" value=\"Contact Us FR\"  data-frmval=\"Contact Us FR\"   \/>\n\t\t\t\t<input  type=\"hidden\" name=\"item_meta[338]\" id=\"field_p2nk33\" value=\"https:\/\/portugalbiketours.com\/fr\/fr\/wp-json\/wp\/v2\/pages\/261111\"  data-frmval=\"https:\/\/portugalbiketours.com\/fr\/fr\/wp-json\/wp\/v2\/pages\/261111\"   \/>\n\t\t<div id=\"frm_field_339_container\" class=\"frm_form_field form-field  frm_required_field frm_top_container frm_full\">\r\n    <label for=\"field_e6lis633\" id=\"field_e6lis633_label\" class=\"frm_primary_label\">Sujet\r\n        <span class=\"frm_required\"><\/span>\r\n    <\/label>\r\n    <input  type=\"text\" id=\"field_e6lis633\" name=\"item_meta[339]\" value=\"\"  placeholder=\"Veuillez saisir l&#039;objet de votre message\" data-reqmsg=\"Ce champ ne peut pas \u00eatre vide.\" aria-required=\"true\" data-invmsg=\"Sujet is invalid\" aria-invalid=\"false\"   \/>\r\n    \r\n    \r\n<\/div>\n<div id=\"frm_field_340_container\" class=\"frm_form_field form-field  frm_required_field frm_top_container frm_full\">\r\n    <label for=\"field_qh4icy4\" id=\"field_qh4icy4_label\" class=\"frm_primary_label\">Pr\u00e9nom\r\n        <span class=\"frm_required\"><\/span>\r\n    <\/label>\r\n    <input  type=\"text\" id=\"field_qh4icy4\" name=\"item_meta[340]\" value=\"\"  placeholder=\"Saisissez votre pr\u00e9nom\" data-reqmsg=\"Ce champ ne peut pas \u00eatre vide.\" aria-required=\"true\" data-invmsg=\"Name is invalid\" aria-invalid=\"false\"   \/>\r\n    \r\n    \r\n<\/div>\n<div id=\"frm_field_341_container\" class=\"frm_form_field form-field  frm_required_field frm_top_container frm_full\">\r\n    <label for=\"field_fio14\" id=\"field_fio14_label\" class=\"frm_primary_label\">Nom de famille\r\n        <span class=\"frm_required\"><\/span>\r\n    <\/label>\r\n    <input  type=\"text\" id=\"field_fio14\" name=\"item_meta[341]\" value=\"\"  placeholder=\"Saisissez votre nom de famille\" data-reqmsg=\"Ce champ ne peut pas \u00eatre vide.\" aria-required=\"true\" data-invmsg=\"Name is invalid\" aria-invalid=\"false\"   \/>\r\n    \r\n    \r\n<\/div>\n<div id=\"frm_field_342_container\" class=\"frm_form_field form-field  frm_required_field frm_top_container frm_full\">\r\n    <label for=\"field_29yf4d33\" id=\"field_29yf4d33_label\" class=\"frm_primary_label\">Email\r\n        <span class=\"frm_required\"><\/span>\r\n    <\/label>\r\n    <input type=\"email\" id=\"field_29yf4d33\" name=\"item_meta[342]\" value=\"\"  placeholder=\"Saisissez votre adresse e-mail\" data-reqmsg=\"Ce champ ne peut pas \u00eatre vide.\" aria-required=\"true\" data-invmsg=\"Email est invalide\" aria-invalid=\"false\"  \/>\r\n    \r\n    \r\n<\/div>\n<div id=\"frm_field_343_container\" class=\"frm_form_field form-field  frm_top_container\">\r\n    <label for=\"field_o6x7s4\" id=\"field_o6x7s4_label\" class=\"frm_primary_label\">Num\u00e9ro de t\u00e9l\u00e9phone\r\n        <span class=\"frm_required\" aria-hidden=\"true\"><\/span>\r\n    <\/label>\r\n    <input  type=\"text\" id=\"field_o6x7s4\" name=\"item_meta[343]\" value=\"\"  placeholder=\"Saisissez votre num\u00e9ro de t\u00e9l\u00e9phone\" data-invmsg=\"Text is invalid\" aria-invalid=\"false\"   \/>\r\n    \r\n    \r\n<\/div>\n<div id=\"frm_field_344_container\" class=\"frm_form_field form-field  frm_required_field frm_top_container frm_full\">\r\n    <label for=\"field_9jv0r133\" id=\"field_9jv0r133_label\" class=\"frm_primary_label\">Message\r\n        <span class=\"frm_required\"><\/span>\r\n    <\/label>\r\n    <textarea name=\"item_meta[344]\" id=\"field_9jv0r133\" rows=\"5\"  data-reqmsg=\"Ce champ ne peut pas \u00eatre vide.\" aria-required=\"true\" data-invmsg=\"Message est invalide\" aria-invalid=\"false\"  ><\/textarea>\r\n    \r\n    \r\n<\/div>\n<div id=\"frm_field_345_container\" class=\"frm_form_field form-field  frm_required_field frm_none_container vertical_radio\">\r\n    <div  id=\"field_8ma1h4_label\" class=\"frm_primary_label\">Politique de confidentialit\u00e9\r\n        <span class=\"frm_required\">*<\/span>\r\n    <\/div>\r\n    <div class=\"frm_opt_container\" aria-labelledby=\"field_8ma1h4_label\" role=\"group\">\t\t<div class=\"frm_checkbox\" id=\"frm_checkbox_345-0\">\t\t\t<label  for=\"field_8ma1h4-0\">\n\t\t\t<input type=\"checkbox\" name=\"item_meta[345][]\" id=\"field_8ma1h4-0\" value=\"J&#039;accepte votre &lt;a rel=&quot;nofollow&quot; target=&quot;_blank&quot; href=&quot;https:\/\/portugalbiketours.com\/fr\/politique-de-confidentialite\/&quot;&gt;Politique de confidentialit\u00e9&lt;\/a&gt;\"  data-reqmsg=\"Politique de confidentialit\u00e9 cannot be blank.\" data-invmsg=\"Politique de confidentialit\u00e9 is invalid\"   aria-required=\"true\"  \/> J'accepte votre <a rel=\"nofollow\" target=\"_blank\" href=\"https:\/\/portugalbiketours.com\/fr\/politique-de-confidentialite\/\">Politique de confidentialit\u00e9<\/a><\/label><\/div>\n<\/div>\r\n    \r\n    \r\n<\/div>\n<div id=\"frm_field_346_container\" class=\"frm_form_field form-field  frm_none_container vertical_radio\">\r\n    <div  id=\"field_vveqa4_label\" class=\"frm_primary_label\">Newsletter\r\n        <span class=\"frm_required\"><\/span>\r\n    <\/div>\r\n    <div class=\"frm_opt_container\" aria-labelledby=\"field_vveqa4_label\" role=\"group\">\t\t<div class=\"frm_checkbox\" id=\"frm_checkbox_346-1\">\t\t\t<label  for=\"field_vveqa4-1\">\n\t\t\t<input type=\"checkbox\" name=\"item_meta[346][]\" id=\"field_vveqa4-1\" value=\"Je souhaite m&#039;abonner \u00e0 la newsletter et recevoir des offres promotionnelles.\"  data-invmsg=\"Newsletter est invalide\"   \/> Je souhaite m'abonner \u00e0 la newsletter et recevoir des offres promotionnelles.<\/label><\/div>\n<\/div>\r\n    \r\n    \r\n<\/div>\n<div id=\"frm_field_347_container\" class=\"frm_form_field form-field  frm_top_container\">\r\n    <label for=\"field_hbe3q3\" id=\"field_hbe3q3_label\" class=\"frm_primary_label\">Anti-spam\r\n        <span class=\"frm_required\" aria-hidden=\"true\"><\/span>\r\n    <\/label>\r\n    <input type=\"number\" id=\"field_hbe3q3\" name=\"item_meta[347]\" value=\"\" placeholder=\"Saisissez un nombre entre 5 et 7\" data-invmsg=\"Anti-spam est invalide\" aria-invalid=\"false\"   min=\"0\" max=\"9999999\" step=\"any\" \/>\r\n    \r\n    \r\n<\/div>\n<div id=\"frm_field_348_container\" class=\"frm_form_field form-field  frm12 frm_first\">\r\n\t<div class=\"frm_submit\">\r\n\r\n<button class=\"frm_button_submit frm_final_submit\" type=\"submit\"   formnovalidate=\"formnovalidate\">SOUMETTRE<\/button>\r\n\r\n<\/div>\r\n<\/div>\n\t<input type=\"hidden\" name=\"item_key\" value=\"\" \/>\n\t<input name=\"frm_state\" type=\"hidden\" value=\"LIkjk0j8VHa+yQcAbE3enEQtTKQ74vI\/D2qXZyW8oETG3LSN\/PdbWbybxXdjILZx\" \/><\/div>\n<\/fieldset>\n<\/div>\n\n<\/form>\n<\/div>\n<\/div>\n<\/div><div class=\"bde-column-261111-198 bde-column\">\n  \n  \n\t\n\n\n\n<h3 class=\"bde-heading-261111-199 bde-heading\">\nContactez-nous pour planifier vos vacances cyclistes de r\u00eave au Portugal.\n<\/h3><div class=\"bde-rich-text-261111-200 bde-rich-text breakdance-rich-text-styles\">\n<div id=\"_rich_text-105-16\" class=\"oxy-rich-text marginb\"><div id=\"text_block-20-23\" class=\"ct-text-block bmargin01\"><b>Email<\/b>: <a href=\"mailto:ridewithus@liveloveride.pt\">ridewithus (@) liveloveride.pt<\/a><\/div><div>\u00a0<\/div><div id=\"text_block-21-23\" class=\"ct-text-block bmargin01\"><b>EUR<\/b>: <a href=\"tel:+351217590365\">(+351)217 590 365<\/a> -\u00a0Appel vers le r\u00e9seau fixe national portugais<\/div><div>\u00a0<\/div><div id=\"text_block-22-23\" class=\"ct-text-block bmargin01\"><b>US\/CAN<\/b>: <a href=\"tel:+19176953350\">+1 (917) 695-3350<\/a><\/div><div id=\"text_block-23-23\" class=\"ct-text-block bmargin01\">\u00a0<\/div><div id=\"text_block-24-23\" class=\"ct-text-block bmargin01\"><b>Adresse<\/b>:\u00a0Av. Infante D.Henrique, Lt.311, 1950-421 Lisboa<\/div><\/div>\n<\/div>\n<\/div><\/div>\n<\/div>\n<\/div><\/div>\n<\/section>","protected":false},"excerpt":{"rendered":"<p>Accueil Contact Contactez-nous pour planifier vos vacances cyclistes de r\u00eave au Portugal Laissez votre message Contact Us FR Sujet Pr\u00e9nom Nom de famille Email Num\u00e9ro de t\u00e9l\u00e9phone Message Politique de confidentialit\u00e9 * J&rsquo;accepte votre Politique de confidentialit\u00e9 Newsletter Je souhaite m&rsquo;abonner \u00e0 la newsletter et recevoir des offres promotionnelles. Anti-spam SOUMETTRE Contactez-nous pour planifier vos [&hellip;]<\/p>\n","protected":false},"author":1,"featured_media":261428,"parent":0,"menu_order":6,"comment_status":"closed","ping_status":"closed","template":"","meta":{"_acf_changed":false,"_seopress_robots_primary_cat":"","_seopress_titles_title":"Contacter","_seopress_titles_desc":"Contactez-nous pour planifier vos vacances de r\u00eave \u00e0 v\u00e9lo au Portugal.","_seopress_robots_index":"","_breakdance_hide_in_design_set":false,"_breakdance_tags":"","footnotes":""},"class_list":["post-261111","page","type-page","status-publish","has-post-thumbnail","hentry"],"acf":[],"_links":{"self":[{"href":"https:\/\/portugalbiketours.com\/fr\/wp-json\/wp\/v2\/pages\/261111","targetHints":{"allow":["GET"]}}],"collection":[{"href":"https:\/\/portugalbiketours.com\/fr\/wp-json\/wp\/v2\/pages"}],"about":[{"href":"https:\/\/portugalbiketours.com\/fr\/wp-json\/wp\/v2\/types\/page"}],"author":[{"embeddable":true,"href":"https:\/\/portugalbiketours.com\/fr\/wp-json\/wp\/v2\/users\/1"}],"replies":[{"embeddable":true,"href":"https:\/\/portugalbiketours.com\/fr\/wp-json\/wp\/v2\/comments?post=261111"}],"version-history":[{"count":0,"href":"https:\/\/portugalbiketours.com\/fr\/wp-json\/wp\/v2\/pages\/261111\/revisions"}],"wp:featuredmedia":[{"embeddable":true,"href":"https:\/\/portugalbiketours.com\/fr\/wp-json\/wp\/v2\/media\/261428"}],"wp:attachment":[{"href":"https:\/\/portugalbiketours.com\/fr\/wp-json\/wp\/v2\/media?parent=261111"}],"curies":[{"name":"wp","href":"https:\/\/api.w.org\/{rel}","templated":true}]}}