{"id":261114,"date":"2020-11-22T08:12:17","date_gmt":"2020-11-22T08:12:17","guid":{"rendered":"https:\/\/portugalbiketours.com\/loyalty-club\/"},"modified":"2025-11-23T08:57:15","modified_gmt":"2025-11-23T08:57:15","slug":"club-de-fidelite","status":"publish","type":"page","link":"https:\/\/portugalbiketours.com\/fr\/club-de-fidelite\/","title":{"rendered":"Club de fid\u00e9lit\u00e9"},"content":{"rendered":"<section class=\"bde-section-261114-158 bde-section\">\n  \n  \n\t\n\n\n\n<div class=\"section-container\"><div class=\"bde-div-261114-159 bde-div\">\n  \n  \n\t\n\n\n\n<div class=\"bde-div-261114-160 bde-div\">\n              \n  \n  \n\t\n\n  <div class=\"section-background-overlay\"><\/div>\n\n\n<div class=\"bde-shortcode-261114-161 bde-shortcode dark-links\"><nav  aria-label=\"Fil d&#039;Ariane\"><ol class=\"breadcrumb\" itemscope itemtype=\"https:\/\/schema.org\/BreadcrumbList\"><li class=\"breadcrumb-item active\" aria-current=\"page\" itemprop=\"itemListElement\" itemscope itemtype=\"https:\/\/schema.org\/ListItem\"><span itemprop=\"name\">Accueil<\/span><meta itemprop=\"position\" content=\"1\"><\/li><\/ol><\/nav><\/div><div class=\"bde-div-261114-162 bde-div\">\n  \n  \n\t\n\n\n\n<h1 class=\"bde-heading-261114-163 bde-heading\">\nClub de fid\u00e9lit\u00e9\n<\/h1><div class=\"bde-text-261114-164 bde-text\">\nRejoignez le club de fid\u00e9lit\u00e9 Live Love Riders\n<\/div>\n<\/div>\n<\/div><div class=\"bde-div-261114-165 bde-div\">\n  \n  \n\t\n\n\n\n<div class=\"bde-rich-text-261114-166 bde-rich-text breakdance-rich-text-styles\">\n<div id=\"_rich_text-105-16\" class=\"oxy-rich-text marginb\"><div id=\"text_block-20-23\" class=\"ct-text-block bmargin01\"><div id=\"_rich_text-8-26979\" class=\"oxy-rich-text marginb\"><p>Si vous avez d\u00e9j\u00e0 voyag\u00e9 avec nous, cela signifie que vous faites partie du club Live Love Rider. Pour vous remercier de votre fid\u00e9lit\u00e9 - profitez de ces avantages exclusifs avec nous.<\/p><\/div><a id=\"link_text-11-26979\" class=\"ct-link-text\" href=\"https:\/\/portugalbiketours.com\/contact\/\" target=\"_self\"><\/a><\/div><\/div>\n<\/div><h2 class=\"bde-heading-261114-167 bde-heading\">\nContactez-nous pour planifier vos vacances de r\u00eave \u00e0 v\u00e9lo au Portugal.\n<\/h2><div class=\"bde-rich-text-261114-168 bde-rich-text breakdance-rich-text-styles\">\n<div id=\"_rich_text-105-16\" class=\"oxy-rich-text marginb\"><div id=\"text_block-20-23\" class=\"ct-text-block bmargin01\"><div id=\"_rich_text-8-26979\" class=\"oxy-rich-text marginb\">\u00a0<\/div><div id=\"_rich_text-10-26979\" class=\"oxy-rich-text marginb\"><ul><li>150 EUR de cr\u00e9dit voyage sur votre compte pour chaque nouvel invit\u00e9 que vous recommandez \u00e0 Live Love Ride ;<\/li><li>Surprise d\u2019anniversaire annuelle ;<\/li><li>Liste d\u2019attente prioritaire pour les voyages complets ;<\/li><li>D\u00e9couvrez nos nouvelles excursions en tant que cycliste \u00ab\u00a0Pionnier\u00a0\u00bb : Soyez le premier \u00e0 parcourir des circuits guid\u00e9s s\u00e9lectionn\u00e9s et tout neufs - au prix d\u2019un circuit en autonomie ;<\/li><li>5 % de r\u00e9duction pour r\u00e9server vos prochaines excursions standard en autonomie ou guid\u00e9es (exclusif pour les paiements par virement bancaire) ;<\/li><\/ul><\/div><a id=\"link_text-11-26979\" class=\"ct-link-text\" href=\"https:\/\/portugalbiketours.com\/contact\/\" target=\"_self\">Contactez-nous pour plus d\u2019informations.<\/a><\/div><\/div>\n<\/div>\n<\/div>\n<\/div><\/div>\n<\/section>","protected":false},"excerpt":{"rendered":"<p>Accueil Club de fid\u00e9lit\u00e9 Rejoignez le club de fid\u00e9lit\u00e9 Live Love Riders Si vous avez d\u00e9j\u00e0 voyag\u00e9 avec nous, cela signifie que vous faites partie du club Live Love Rider. Pour vous remercier de votre fid\u00e9lit\u00e9 &#8211; profitez de ces avantages exclusifs avec nous. Contactez-nous pour planifier vos vacances de r\u00eave \u00e0 v\u00e9lo au Portugal. [&hellip;]<\/p>\n","protected":false},"author":1,"featured_media":261428,"parent":0,"menu_order":7,"comment_status":"closed","ping_status":"closed","template":"","meta":{"_acf_changed":false,"_seopress_robots_primary_cat":"","_seopress_titles_title":"Club de fid\u00e9lit\u00e9","_seopress_titles_desc":"Si vous avez d\u00e9j\u00e0 voyag\u00e9 avec nous, cela signifie que vous faites partie du club de Live Love Rider. Merci pour votre fid\u00e9lit\u00e9 - profitez de ces avantages exclusifs avec nous.","_seopress_robots_index":"","_breakdance_hide_in_design_set":false,"_breakdance_tags":"","footnotes":""},"class_list":["post-261114","page","type-page","status-publish","has-post-thumbnail","hentry"],"acf":[],"_links":{"self":[{"href":"https:\/\/portugalbiketours.com\/fr\/wp-json\/wp\/v2\/pages\/261114","targetHints":{"allow":["GET"]}}],"collection":[{"href":"https:\/\/portugalbiketours.com\/fr\/wp-json\/wp\/v2\/pages"}],"about":[{"href":"https:\/\/portugalbiketours.com\/fr\/wp-json\/wp\/v2\/types\/page"}],"author":[{"embeddable":true,"href":"https:\/\/portugalbiketours.com\/fr\/wp-json\/wp\/v2\/users\/1"}],"replies":[{"embeddable":true,"href":"https:\/\/portugalbiketours.com\/fr\/wp-json\/wp\/v2\/comments?post=261114"}],"version-history":[{"count":0,"href":"https:\/\/portugalbiketours.com\/fr\/wp-json\/wp\/v2\/pages\/261114\/revisions"}],"wp:featuredmedia":[{"embeddable":true,"href":"https:\/\/portugalbiketours.com\/fr\/wp-json\/wp\/v2\/media\/261428"}],"wp:attachment":[{"href":"https:\/\/portugalbiketours.com\/fr\/wp-json\/wp\/v2\/media?parent=261114"}],"curies":[{"name":"wp","href":"https:\/\/api.w.org\/{rel}","templated":true}]}}