{"id":261135,"date":"2019-06-24T23:25:39","date_gmt":"2019-06-24T22:25:39","guid":{"rendered":"https:\/\/portugalbiketours.com\/partners\/adventure-travel-trade-association-atta\/"},"modified":"2025-11-23T08:57:25","modified_gmt":"2025-11-23T08:57:25","slug":"adventure-travel-trade-association-atta","status":"publish","type":"page","link":"https:\/\/portugalbiketours.com\/fr\/partnaires\/adventure-travel-trade-association-atta\/","title":{"rendered":"Adventure Travel Trade Association (ATTA)"},"content":{"rendered":"<section class=\"bde-section-261135-120 bde-section\">\n  \n  \n\t\n\n\n\n<div class=\"section-container\"><div class=\"bde-div-261135-121 bde-div\">\n  \n  \n\t\n\n\n\n<div class=\"bde-div-261135-122 bde-div\">\n              \n  \n  \n\t\n\n  <div class=\"section-background-overlay\"><\/div>\n\n\n<div class=\"bde-shortcode-261135-123 bde-shortcode dark-links\"><nav  aria-label=\"Fil d&#039;Ariane\"><ol class=\"breadcrumb\" itemscope itemtype=\"https:\/\/schema.org\/BreadcrumbList\"><li class=\"breadcrumb-item active\" aria-current=\"page\" itemprop=\"itemListElement\" itemscope itemtype=\"https:\/\/schema.org\/ListItem\"><span itemprop=\"name\">Accueil<\/span><meta itemprop=\"position\" content=\"1\"><\/li><\/ol><\/nav><\/div><div class=\"bde-div-261135-124 bde-div\">\n  \n  \n\t\n\n\n\n<h1 class=\"bde-heading-261135-125 bde-heading\">\nPartenaires\n<\/h1><div class=\"bde-text-261135-126 bde-text\">\nNous sommes fiers d\u2019\u00eatre partenaires des meilleures marques et agences dans le monde.\n<\/div>\n<\/div>\n<\/div><div class=\"bde-div-261135-127 bde-div\">\n  \n  \n\t\n\n\n\n<div class=\"bde-columns-261135-128 bde-columns\"><div class=\"bde-column-261135-129 bde-column\">\n  \n  \n\t\n\n\n\n<h2 class=\"bde-heading-261135-130 bde-heading\">\nAgences, op\u00e9rateurs et sponsors\n<\/h2><div class=\"bde-post-loop-261135-131 bde-post-loop phox-facets-target phox-facets-target-default\"><div class=\"bde-loop bde-loop-list ee-posts ee-posts-list\">    <article class=\"bde-loop-item ee-post\">\n        <div class=\"bde-div-1499-100-260812-1499-1 bde-div bde-div-1499-100\">\n  \n  \n\t\n\n\n\n\n<\/div>    <\/article>\n    <article class=\"bde-loop-item ee-post\">\n        <div class=\"bde-div-1499-100-261062-1499-1 bde-div bde-div-1499-100\">\n  \n  \n\t\n\n\n\n\n<\/div>    <\/article>\n    <article class=\"bde-loop-item ee-post\">\n        <div class=\"bde-div-1499-100-261068-1499-1 bde-div bde-div-1499-100\">\n  \n  \n\t\n\n\n\n\n<\/div>    <\/article>\n    <article class=\"bde-loop-item ee-post\">\n        <div class=\"bde-div-1499-100-261093-1499-1 bde-div bde-div-1499-100\">\n  \n  \n\t\n\n\n\n\n<\/div>    <\/article>\n    <article class=\"bde-loop-item ee-post\">\n        <div class=\"bde-div-1499-100-261096-1499-1 bde-div bde-div-1499-100\">\n  \n  \n\t\n\n\n\n\n<\/div>    <\/article>\n    <article class=\"bde-loop-item ee-post\">\n        <div class=\"bde-div-1499-100-261099-1499-1 bde-div bde-div-1499-100\">\n  \n  \n\t\n\n\n\n\n<\/div>    <\/article>\n    <article class=\"bde-loop-item ee-post\">\n        <div class=\"bde-div-1499-100-261111-1499-1 bde-div bde-div-1499-100\">\n  \n  \n\t\n\n\n\n\n<\/div>    <\/article>\n    <article class=\"bde-loop-item ee-post\">\n        <div class=\"bde-div-1499-100-261114-1499-1 bde-div bde-div-1499-100\">\n  \n  \n\t\n\n\n\n\n<\/div>    <\/article>\n    <article class=\"bde-loop-item ee-post\">\n        <div class=\"bde-div-1499-100-261117-1499-1 bde-div bde-div-1499-100\">\n  \n  \n\t\n\n\n\n\n<\/div>    <\/article>\n    <article class=\"bde-loop-item ee-post\">\n        <div class=\"bde-div-1499-100-261120-1499-1 bde-div bde-div-1499-100\">\n  \n  \n\t\n\n\n\n\n<\/div>    <\/article>\n    <article class=\"bde-loop-item ee-post\">\n        <div class=\"bde-div-1499-100-261135-1499-1 bde-div bde-div-1499-100\">\n  \n  \n\t\n\n\n\n\n<\/div>    <\/article>\n    <article class=\"bde-loop-item ee-post\">\n        <div class=\"bde-div-1499-100-261141-1499-1 bde-div bde-div-1499-100\">\n  \n  \n\t\n\n\n\n\n<\/div>    <\/article>\n    <article class=\"bde-loop-item ee-post\">\n        <div class=\"bde-div-1499-100-261144-1499-1 bde-div bde-div-1499-100\">\n  \n  \n\t\n\n\n\n\n<\/div>    <\/article>\n    <article class=\"bde-loop-item ee-post\">\n        <div class=\"bde-div-1499-100-261181-1499-1 bde-div bde-div-1499-100\">\n  \n  \n\t\n\n\n\n\n<\/div>    <\/article>\n    <article class=\"bde-loop-item ee-post\">\n        <div class=\"bde-div-1499-100-261183-1499-1 bde-div bde-div-1499-100\">\n  \n  \n\t\n\n\n\n\n<\/div>    <\/article>\n    <article class=\"bde-loop-item ee-post\">\n        <div class=\"bde-div-1499-100-261187-1499-1 bde-div bde-div-1499-100\">\n  \n  \n\t\n\n\n\n\n<\/div>    <\/article>\n    <article class=\"bde-loop-item ee-post\">\n        <div class=\"bde-div-1499-100-261190-1499-1 bde-div bde-div-1499-100\">\n  \n  \n\t\n\n\n\n\n<\/div>    <\/article>\n    <article class=\"bde-loop-item ee-post\">\n        <div class=\"bde-div-1499-100-261193-1499-1 bde-div bde-div-1499-100\">\n  \n  \n\t\n\n\n\n\n<\/div>    <\/article>\n    <article class=\"bde-loop-item ee-post\">\n        <div class=\"bde-div-1499-100-261196-1499-1 bde-div bde-div-1499-100\">\n  \n  \n\t\n\n\n\n\n<\/div>    <\/article>\n    <article class=\"bde-loop-item ee-post\">\n        <div class=\"bde-div-1499-100-261199-1499-1 bde-div bde-div-1499-100\">\n  \n  \n\t\n\n\n\n\n<\/div>    <\/article>\n<\/div>\r\n<\/div>\n<\/div><div class=\"bde-column-261135-132 bde-column\">\n  \n  \n\t\n\n\n\n<div class=\"bde-rich-text-261135-133 bde-rich-text breakdance-rich-text-styles\">\n<div id=\"_rich_text-105-16\" class=\"oxy-rich-text marginb\"><div id=\"text_block-20-23\" class=\"ct-text-block bmargin01\"><h3 id=\"headline-22-479\" class=\"ct-headline mf130\">Adventure Travel Trade Association (ATTA)<\/h3><\/div><\/div>\n<\/div><img decoding=\"async\" class=\"bde-image2-261135-134 bde-image2\" src=\"https:\/\/portugalbiketours.com\/wp-content\/uploads\/partner-1.jpg\" alt=\"partner 1\" loading=\"lazy\" srcset=\"https:\/\/portugalbiketours.com\/wp-content\/uploads\/partner-1.jpg 900w, https:\/\/portugalbiketours.com\/wp-content\/uploads\/partner-1-300x146.jpg 300w, https:\/\/portugalbiketours.com\/wp-content\/uploads\/partner-1-768x373.jpg 768w\" sizes=\"(max-width: 900px) 100vw, 900px\"><div class=\"bde-rich-text-261135-135 bde-rich-text breakdance-rich-text-styles\">\n<div id=\"_rich_text-105-16\" class=\"oxy-rich-text marginb\"><div id=\"text_block-20-23\" class=\"ct-text-block bmargin01\"><p>Live love ride est un membre fier de l'association professionnelle du voyage d'aventure<\/p><div id=\"_rich_text-24-479\" class=\"oxy-rich-text\"><p><a href=\"http:\/\/www.adventuretravel.biz\/\" target=\"_blank\" rel=\"noopener\">ATTA<\/a> Les membres repr\u00e9sentent une communaut\u00e9 dynamique de plus de 1 000 entreprises, destinations et m\u00e9dias responsables et rentables qui transforment \u00e0 la fois les clients et les entreprises en d\u00e9fenseurs de la durabilit\u00e9 et de la justice dans le monde entier. Nos membres, r\u00e9partis sur six continents et plus de 60 pays, incluent des voyagistes, des organisations de marketing de destinations, des offices de tourisme, des agents de voyages sp\u00e9cialis\u00e9s, des guides, des h\u00e9bergements, des m\u00e9dias et des prestataires de services.<\/p><\/div><\/div><\/div>\n<\/div>\n<\/div><\/div>\n<\/div>\n<\/div><\/div>\n<\/section>","protected":false},"excerpt":{"rendered":"<p>Accueil Partenaires Nous sommes fiers d\u2019\u00eatre partenaires des meilleures marques et agences dans le monde. Agences, op\u00e9rateurs et sponsors Adventure Travel Trade Association (ATTA) Live love ride est un membre fier de l&rsquo;association professionnelle du voyage d&rsquo;aventureATTA Les membres repr\u00e9sentent une communaut\u00e9 dynamique de plus de 1 000 entreprises, destinations et m\u00e9dias responsables et rentables [&hellip;]<\/p>\n","protected":false},"author":1,"featured_media":261428,"parent":261120,"menu_order":10,"comment_status":"closed","ping_status":"closed","template":"","meta":{"_acf_changed":false,"_seopress_robots_primary_cat":"","_seopress_titles_title":"Adventure Travel Trade Association","_seopress_titles_desc":"Live Love Ride est fier d&#039;\u00eatre membre de Adventure Travel Trade Association","_seopress_robots_index":"","_breakdance_hide_in_design_set":false,"_breakdance_tags":"","footnotes":""},"class_list":["post-261135","page","type-page","status-publish","has-post-thumbnail","hentry"],"acf":[],"_links":{"self":[{"href":"https:\/\/portugalbiketours.com\/fr\/wp-json\/wp\/v2\/pages\/261135","targetHints":{"allow":["GET"]}}],"collection":[{"href":"https:\/\/portugalbiketours.com\/fr\/wp-json\/wp\/v2\/pages"}],"about":[{"href":"https:\/\/portugalbiketours.com\/fr\/wp-json\/wp\/v2\/types\/page"}],"author":[{"embeddable":true,"href":"https:\/\/portugalbiketours.com\/fr\/wp-json\/wp\/v2\/users\/1"}],"replies":[{"embeddable":true,"href":"https:\/\/portugalbiketours.com\/fr\/wp-json\/wp\/v2\/comments?post=261135"}],"version-history":[{"count":0,"href":"https:\/\/portugalbiketours.com\/fr\/wp-json\/wp\/v2\/pages\/261135\/revisions"}],"up":[{"embeddable":true,"href":"https:\/\/portugalbiketours.com\/fr\/wp-json\/wp\/v2\/pages\/261120"}],"wp:featuredmedia":[{"embeddable":true,"href":"https:\/\/portugalbiketours.com\/fr\/wp-json\/wp\/v2\/media\/261428"}],"wp:attachment":[{"href":"https:\/\/portugalbiketours.com\/fr\/wp-json\/wp\/v2\/media?parent=261135"}],"curies":[{"name":"wp","href":"https:\/\/api.w.org\/{rel}","templated":true}]}}