{"id":261144,"date":"2019-10-16T09:30:59","date_gmt":"2019-10-16T08:30:59","guid":{"rendered":"https:\/\/portugalbiketours.com\/partners\/go-cycling-portugal-bike-rentals-and-maps\/"},"modified":"2025-11-23T08:57:25","modified_gmt":"2025-11-23T08:57:25","slug":"go-cycling-portugal-location-de-velos-et-cartes-routieres","status":"publish","type":"page","link":"https:\/\/portugalbiketours.com\/fr\/partnaires\/go-cycling-portugal-location-de-velos-et-cartes-routieres\/","title":{"rendered":"Go Cycling Portugal &#8211; Location de v\u00e9los et cartes routi\u00e8res."},"content":{"rendered":"<section class=\"bde-section-261144-129 bde-section\">\n  \n  \n\t\n\n\n\n<div class=\"section-container\"><div class=\"bde-div-261144-130 bde-div\">\n  \n  \n\t\n\n\n\n<div class=\"bde-div-261144-131 bde-div\">\n              \n  \n  \n\t\n\n  <div class=\"section-background-overlay\"><\/div>\n\n\n<div class=\"bde-shortcode-261144-132 bde-shortcode dark-links\"><nav  aria-label=\"Fil d&#039;Ariane\"><ol class=\"breadcrumb\" itemscope itemtype=\"https:\/\/schema.org\/BreadcrumbList\"><li class=\"breadcrumb-item active\" aria-current=\"page\" itemprop=\"itemListElement\" itemscope itemtype=\"https:\/\/schema.org\/ListItem\"><span itemprop=\"name\">Accueil<\/span><meta itemprop=\"position\" content=\"1\"><\/li><\/ol><\/nav><\/div><div class=\"bde-div-261144-133 bde-div\">\n  \n  \n\t\n\n\n\n<h1 class=\"bde-heading-261144-134 bde-heading\">\nPartenaires\n<\/h1><div class=\"bde-text-261144-135 bde-text\">\nNous sommes fiers d\u2019\u00eatre partenaires des meilleures marques et agences dans le monde.\n<\/div>\n<\/div>\n<\/div><div class=\"bde-div-261144-136 bde-div\">\n  \n  \n\t\n\n\n\n<div class=\"bde-columns-261144-137 bde-columns\"><div class=\"bde-column-261144-138 bde-column\">\n  \n  \n\t\n\n\n\n<h2 class=\"bde-heading-261144-139 bde-heading\">\nAgences, op\u00e9rateurs et sponsors\n<\/h2><div class=\"bde-post-loop-261144-140 bde-post-loop phox-facets-target phox-facets-target-default\"><div class=\"bde-loop bde-loop-list ee-posts ee-posts-list\">    <article class=\"bde-loop-item ee-post\">\n        <div class=\"bde-div-1499-100-260812-1499-1 bde-div bde-div-1499-100\">\n  \n  \n\t\n\n\n\n\n<\/div>    <\/article>\n    <article class=\"bde-loop-item ee-post\">\n        <div class=\"bde-div-1499-100-261062-1499-1 bde-div bde-div-1499-100\">\n  \n  \n\t\n\n\n\n\n<\/div>    <\/article>\n    <article class=\"bde-loop-item ee-post\">\n        <div class=\"bde-div-1499-100-261068-1499-1 bde-div bde-div-1499-100\">\n  \n  \n\t\n\n\n\n\n<\/div>    <\/article>\n    <article class=\"bde-loop-item ee-post\">\n        <div class=\"bde-div-1499-100-261093-1499-1 bde-div bde-div-1499-100\">\n  \n  \n\t\n\n\n\n\n<\/div>    <\/article>\n    <article class=\"bde-loop-item ee-post\">\n        <div class=\"bde-div-1499-100-261096-1499-1 bde-div bde-div-1499-100\">\n  \n  \n\t\n\n\n\n\n<\/div>    <\/article>\n    <article class=\"bde-loop-item ee-post\">\n        <div class=\"bde-div-1499-100-261099-1499-1 bde-div bde-div-1499-100\">\n  \n  \n\t\n\n\n\n\n<\/div>    <\/article>\n    <article class=\"bde-loop-item ee-post\">\n        <div class=\"bde-div-1499-100-261111-1499-1 bde-div bde-div-1499-100\">\n  \n  \n\t\n\n\n\n\n<\/div>    <\/article>\n    <article class=\"bde-loop-item ee-post\">\n        <div class=\"bde-div-1499-100-261114-1499-1 bde-div bde-div-1499-100\">\n  \n  \n\t\n\n\n\n\n<\/div>    <\/article>\n    <article class=\"bde-loop-item ee-post\">\n        <div class=\"bde-div-1499-100-261117-1499-1 bde-div bde-div-1499-100\">\n  \n  \n\t\n\n\n\n\n<\/div>    <\/article>\n    <article class=\"bde-loop-item ee-post\">\n        <div class=\"bde-div-1499-100-261120-1499-1 bde-div bde-div-1499-100\">\n  \n  \n\t\n\n\n\n\n<\/div>    <\/article>\n    <article class=\"bde-loop-item ee-post\">\n        <div class=\"bde-div-1499-100-261135-1499-1 bde-div bde-div-1499-100\">\n  \n  \n\t\n\n\n\n\n<\/div>    <\/article>\n    <article class=\"bde-loop-item ee-post\">\n        <div class=\"bde-div-1499-100-261141-1499-1 bde-div bde-div-1499-100\">\n  \n  \n\t\n\n\n\n\n<\/div>    <\/article>\n    <article class=\"bde-loop-item ee-post\">\n        <div class=\"bde-div-1499-100-261144-1499-1 bde-div bde-div-1499-100\">\n  \n  \n\t\n\n\n\n\n<\/div>    <\/article>\n    <article class=\"bde-loop-item ee-post\">\n        <div class=\"bde-div-1499-100-261181-1499-1 bde-div bde-div-1499-100\">\n  \n  \n\t\n\n\n\n\n<\/div>    <\/article>\n    <article class=\"bde-loop-item ee-post\">\n        <div class=\"bde-div-1499-100-261183-1499-1 bde-div bde-div-1499-100\">\n  \n  \n\t\n\n\n\n\n<\/div>    <\/article>\n    <article class=\"bde-loop-item ee-post\">\n        <div class=\"bde-div-1499-100-261187-1499-1 bde-div bde-div-1499-100\">\n  \n  \n\t\n\n\n\n\n<\/div>    <\/article>\n    <article class=\"bde-loop-item ee-post\">\n        <div class=\"bde-div-1499-100-261190-1499-1 bde-div bde-div-1499-100\">\n  \n  \n\t\n\n\n\n\n<\/div>    <\/article>\n    <article class=\"bde-loop-item ee-post\">\n        <div class=\"bde-div-1499-100-261193-1499-1 bde-div bde-div-1499-100\">\n  \n  \n\t\n\n\n\n\n<\/div>    <\/article>\n    <article class=\"bde-loop-item ee-post\">\n        <div class=\"bde-div-1499-100-261196-1499-1 bde-div bde-div-1499-100\">\n  \n  \n\t\n\n\n\n\n<\/div>    <\/article>\n    <article class=\"bde-loop-item ee-post\">\n        <div class=\"bde-div-1499-100-261199-1499-1 bde-div bde-div-1499-100\">\n  \n  \n\t\n\n\n\n\n<\/div>    <\/article>\n<\/div>\r\n<\/div>\n<\/div><div class=\"bde-column-261144-145 bde-column\">\n  \n  \n\t\n\n\n\n<div class=\"bde-rich-text-261144-146 bde-rich-text breakdance-rich-text-styles\">\n<div id=\"_rich_text-105-16\" class=\"oxy-rich-text marginb\"><div id=\"text_block-20-23\" class=\"ct-text-block bmargin01\"><h3 id=\"headline-10-4346\" class=\"ct-headline mf130\">GO CYCLING PORTUGAL - LOCATION DE V\u00c9LOS ET CARTES<\/h3><\/div><\/div>\n<\/div><img decoding=\"async\" class=\"bde-image2-261144-147 bde-image2\" src=\"https:\/\/portugalbiketours.com\/wp-content\/uploads\/partner-3.jpg\" alt=\"partner 3\" loading=\"lazy\" srcset=\"https:\/\/portugalbiketours.com\/wp-content\/uploads\/partner-3.jpg 900w, https:\/\/portugalbiketours.com\/wp-content\/uploads\/partner-3-300x97.jpg 300w, https:\/\/portugalbiketours.com\/wp-content\/uploads\/partner-3-768x249.jpg 768w\" sizes=\"(max-width: 900px) 100vw, 900px\"><div class=\"bde-rich-text-261144-148 bde-rich-text breakdance-rich-text-styles\">\n<div id=\"_rich_text-105-16\" class=\"oxy-rich-text marginb\"><div id=\"text_block-20-23\" class=\"ct-text-block bmargin01\"><div id=\"_rich_text-12-4346\" class=\"oxy-rich-text\"><p data-css=\"tve-u-16dd3e9c81f\"><strong>Location de v\u00e9los, itin\u00e9raires et packs de voyage pour voyageurs ind\u00e9pendants<\/strong><\/p><p data-css=\"tve-u-16dd3ea539d\">Go Cycling Portugal est notre partenaire de r\u00e9f\u00e9rence pour tout ce qui concerne la location de v\u00e9los au Portugal. Go Cycling Portugal est sp\u00e9cialis\u00e9 dans la <a href=\"http:\/\/gocyclingportugal.com\/\" target=\"_blank\" rel=\"noopener\">location de v\u00e9los au Portugal<\/a>, les itin\u00e9raires cyclables et les packs de voyage \u00e0 v\u00e9lo autoguid\u00e9s afin que tous les aventuriers puissent d\u00e9couvrir le Portugal \u00e0 v\u00e9lo \u00e0 leur propre rythme. Ils fournissent d\u2019excellents v\u00e9los parfaitement r\u00e9gl\u00e9s, du mat\u00e9riel et des connaissances pour tous les cyclotouristes ind\u00e9pendants souhaitant d\u00e9couvrir le Portugal.<\/p><\/div><\/div><\/div>\n<\/div>\n<\/div><\/div>\n<\/div>\n<\/div><\/div>\n<\/section>","protected":false},"excerpt":{"rendered":"<p>Accueil Partenaires Nous sommes fiers d\u2019\u00eatre partenaires des meilleures marques et agences dans le monde. Agences, op\u00e9rateurs et sponsors GO CYCLING PORTUGAL &#8211; LOCATION DE V\u00c9LOS ET CARTES Location de v\u00e9los, itin\u00e9raires et packs de voyage pour voyageurs ind\u00e9pendantsGo Cycling Portugal est notre partenaire de r\u00e9f\u00e9rence pour tout ce qui concerne la location de v\u00e9los [&hellip;]<\/p>\n","protected":false},"author":1,"featured_media":261428,"parent":261120,"menu_order":12,"comment_status":"closed","ping_status":"closed","template":"","meta":{"_acf_changed":false,"_seopress_robots_primary_cat":"","_seopress_titles_title":"Go Cycling Portugal - Location de v\u00e9los et cartes routi\u00e8res.","_seopress_titles_desc":"Location de v\u00e9los, de cartes routi\u00e8res et formules de voyage \u00e0 v\u00e9lo pour les cyclistes ind\u00e9pendants.","_seopress_robots_index":"","_breakdance_hide_in_design_set":false,"_breakdance_tags":"","footnotes":""},"class_list":["post-261144","page","type-page","status-publish","has-post-thumbnail","hentry"],"acf":[],"_links":{"self":[{"href":"https:\/\/portugalbiketours.com\/fr\/wp-json\/wp\/v2\/pages\/261144","targetHints":{"allow":["GET"]}}],"collection":[{"href":"https:\/\/portugalbiketours.com\/fr\/wp-json\/wp\/v2\/pages"}],"about":[{"href":"https:\/\/portugalbiketours.com\/fr\/wp-json\/wp\/v2\/types\/page"}],"author":[{"embeddable":true,"href":"https:\/\/portugalbiketours.com\/fr\/wp-json\/wp\/v2\/users\/1"}],"replies":[{"embeddable":true,"href":"https:\/\/portugalbiketours.com\/fr\/wp-json\/wp\/v2\/comments?post=261144"}],"version-history":[{"count":0,"href":"https:\/\/portugalbiketours.com\/fr\/wp-json\/wp\/v2\/pages\/261144\/revisions"}],"up":[{"embeddable":true,"href":"https:\/\/portugalbiketours.com\/fr\/wp-json\/wp\/v2\/pages\/261120"}],"wp:featuredmedia":[{"embeddable":true,"href":"https:\/\/portugalbiketours.com\/fr\/wp-json\/wp\/v2\/media\/261428"}],"wp:attachment":[{"href":"https:\/\/portugalbiketours.com\/fr\/wp-json\/wp\/v2\/media?parent=261144"}],"curies":[{"name":"wp","href":"https:\/\/api.w.org\/{rel}","templated":true}]}}