{"id":261183,"date":"2019-06-24T23:25:29","date_gmt":"2019-06-24T22:25:29","guid":{"rendered":"https:\/\/portugalbiketours.com\/partners\/live-love-hike-walking-tours-portugal\/"},"modified":"2025-11-23T08:57:25","modified_gmt":"2025-11-23T08:57:25","slug":"live-love-hike-walking-tours-portugal","status":"publish","type":"page","link":"https:\/\/portugalbiketours.com\/fr\/partnaires\/live-love-hike-walking-tours-portugal\/","title":{"rendered":"Live Love Hike &#8211; Walking Tours Portugal"},"content":{"rendered":"<section class=\"bde-section-261183-129 bde-section\">\n  \n  \n\t\n\n\n\n<div class=\"section-container\"><div class=\"bde-div-261183-130 bde-div\">\n  \n  \n\t\n\n\n\n<div class=\"bde-div-261183-131 bde-div\">\n              \n  \n  \n\t\n\n  <div class=\"section-background-overlay\"><\/div>\n\n\n<div class=\"bde-shortcode-261183-132 bde-shortcode dark-links\"><nav  aria-label=\"Fil d&#039;Ariane\"><ol class=\"breadcrumb\" itemscope itemtype=\"https:\/\/schema.org\/BreadcrumbList\"><li class=\"breadcrumb-item active\" aria-current=\"page\" itemprop=\"itemListElement\" itemscope itemtype=\"https:\/\/schema.org\/ListItem\"><span itemprop=\"name\">Accueil<\/span><meta itemprop=\"position\" content=\"1\"><\/li><\/ol><\/nav><\/div><div class=\"bde-div-261183-133 bde-div\">\n  \n  \n\t\n\n\n\n<h1 class=\"bde-heading-261183-134 bde-heading\">\nPartenaires\n<\/h1><div class=\"bde-text-261183-135 bde-text\">\nNous sommes fiers d\u2019\u00eatre partenaires des meilleures marques et agences dans le monde.\n<\/div>\n<\/div>\n<\/div><div class=\"bde-div-261183-136 bde-div\">\n  \n  \n\t\n\n\n\n<div class=\"bde-columns-261183-137 bde-columns\"><div class=\"bde-column-261183-138 bde-column\">\n  \n  \n\t\n\n\n\n<h2 class=\"bde-heading-261183-139 bde-heading\">\nAgences, op\u00e9rateurs et sponsors\n<\/h2><div class=\"bde-post-loop-261183-140 bde-post-loop phox-facets-target phox-facets-target-default\"><div class=\"bde-loop bde-loop-list ee-posts ee-posts-list\">    <article class=\"bde-loop-item ee-post\">\n        <div class=\"bde-div-1499-100-260812-1499-1 bde-div bde-div-1499-100\">\n  \n  \n\t\n\n\n\n\n<\/div>    <\/article>\n    <article class=\"bde-loop-item ee-post\">\n        <div class=\"bde-div-1499-100-261062-1499-1 bde-div bde-div-1499-100\">\n  \n  \n\t\n\n\n\n\n<\/div>    <\/article>\n    <article class=\"bde-loop-item ee-post\">\n        <div class=\"bde-div-1499-100-261068-1499-1 bde-div bde-div-1499-100\">\n  \n  \n\t\n\n\n\n\n<\/div>    <\/article>\n    <article class=\"bde-loop-item ee-post\">\n        <div class=\"bde-div-1499-100-261093-1499-1 bde-div bde-div-1499-100\">\n  \n  \n\t\n\n\n\n\n<\/div>    <\/article>\n    <article class=\"bde-loop-item ee-post\">\n        <div class=\"bde-div-1499-100-261096-1499-1 bde-div bde-div-1499-100\">\n  \n  \n\t\n\n\n\n\n<\/div>    <\/article>\n    <article class=\"bde-loop-item ee-post\">\n        <div class=\"bde-div-1499-100-261099-1499-1 bde-div bde-div-1499-100\">\n  \n  \n\t\n\n\n\n\n<\/div>    <\/article>\n    <article class=\"bde-loop-item ee-post\">\n        <div class=\"bde-div-1499-100-261111-1499-1 bde-div bde-div-1499-100\">\n  \n  \n\t\n\n\n\n\n<\/div>    <\/article>\n    <article class=\"bde-loop-item ee-post\">\n        <div class=\"bde-div-1499-100-261114-1499-1 bde-div bde-div-1499-100\">\n  \n  \n\t\n\n\n\n\n<\/div>    <\/article>\n    <article class=\"bde-loop-item ee-post\">\n        <div class=\"bde-div-1499-100-261117-1499-1 bde-div bde-div-1499-100\">\n  \n  \n\t\n\n\n\n\n<\/div>    <\/article>\n    <article class=\"bde-loop-item ee-post\">\n        <div class=\"bde-div-1499-100-261120-1499-1 bde-div bde-div-1499-100\">\n  \n  \n\t\n\n\n\n\n<\/div>    <\/article>\n    <article class=\"bde-loop-item ee-post\">\n        <div class=\"bde-div-1499-100-261135-1499-1 bde-div bde-div-1499-100\">\n  \n  \n\t\n\n\n\n\n<\/div>    <\/article>\n    <article class=\"bde-loop-item ee-post\">\n        <div class=\"bde-div-1499-100-261141-1499-1 bde-div bde-div-1499-100\">\n  \n  \n\t\n\n\n\n\n<\/div>    <\/article>\n    <article class=\"bde-loop-item ee-post\">\n        <div class=\"bde-div-1499-100-261144-1499-1 bde-div bde-div-1499-100\">\n  \n  \n\t\n\n\n\n\n<\/div>    <\/article>\n    <article class=\"bde-loop-item ee-post\">\n        <div class=\"bde-div-1499-100-261181-1499-1 bde-div bde-div-1499-100\">\n  \n  \n\t\n\n\n\n\n<\/div>    <\/article>\n    <article class=\"bde-loop-item ee-post\">\n        <div class=\"bde-div-1499-100-261183-1499-1 bde-div bde-div-1499-100\">\n  \n  \n\t\n\n\n\n\n<\/div>    <\/article>\n    <article class=\"bde-loop-item ee-post\">\n        <div class=\"bde-div-1499-100-261187-1499-1 bde-div bde-div-1499-100\">\n  \n  \n\t\n\n\n\n\n<\/div>    <\/article>\n    <article class=\"bde-loop-item ee-post\">\n        <div class=\"bde-div-1499-100-261190-1499-1 bde-div bde-div-1499-100\">\n  \n  \n\t\n\n\n\n\n<\/div>    <\/article>\n    <article class=\"bde-loop-item ee-post\">\n        <div class=\"bde-div-1499-100-261193-1499-1 bde-div bde-div-1499-100\">\n  \n  \n\t\n\n\n\n\n<\/div>    <\/article>\n    <article class=\"bde-loop-item ee-post\">\n        <div class=\"bde-div-1499-100-261196-1499-1 bde-div bde-div-1499-100\">\n  \n  \n\t\n\n\n\n\n<\/div>    <\/article>\n    <article class=\"bde-loop-item ee-post\">\n        <div class=\"bde-div-1499-100-261199-1499-1 bde-div bde-div-1499-100\">\n  \n  \n\t\n\n\n\n\n<\/div>    <\/article>\n<\/div>\r\n<\/div>\n<\/div><div class=\"bde-column-261183-145 bde-column\">\n  \n  \n\t\n\n\n\n<div class=\"bde-rich-text-261183-146 bde-rich-text breakdance-rich-text-styles\">\n<div id=\"_rich_text-105-16\" class=\"oxy-rich-text marginb\"><div id=\"text_block-20-23\" class=\"ct-text-block bmargin01\"><h3 id=\"headline-10-478\" class=\"ct-headline mf130\">LIVE LOVE HIKE - CIRCUITS DE RANDONN\u00c9E AU PORTUGAL<\/h3><\/div><\/div>\n---\n<\/div><img decoding=\"async\" class=\"bde-image2-261183-147 bde-image2\" src=\"https:\/\/portugalbiketours.com\/wp-content\/uploads\/partner-5.jpg\" alt=\"partner 5\" loading=\"lazy\" srcset=\"https:\/\/portugalbiketours.com\/wp-content\/uploads\/partner-5.jpg 900w, https:\/\/portugalbiketours.com\/wp-content\/uploads\/partner-5-300x278.jpg 300w, https:\/\/portugalbiketours.com\/wp-content\/uploads\/partner-5-768x712.jpg 768w\" sizes=\"(max-width: 900px) 100vw, 900px\"><div class=\"bde-rich-text-261183-148 bde-rich-text breakdance-rich-text-styles\">\n<div id=\"_rich_text-105-16\" class=\"oxy-rich-text marginb\"><div id=\"text_block-20-23\" class=\"ct-text-block bmargin01\"><div id=\"_rich_text-12-478\" class=\"oxy-rich-text\"><p data-css=\"tve-u-16dd3ed0723\"><strong>Notre soci\u00e9t\u00e9 s\u0153ur, sp\u00e9cialis\u00e9e dans les vacances de marche, randonn\u00e9e et trail au Portugal<\/strong><\/p><p data-css=\"tve-u-16b8bd7b7e3\">Organisant des vacances de marche au Portugal, l\u2019objectif de Live Love Hike est d\u2019offrir des exp\u00e9riences incroyables \u00e0 ceux qui souhaitent explorer notre pays par ses chemins de traverse et sentiers. Accompagn\u00e9s par des guides locaux exp\u00e9riment\u00e9s, les invit\u00e9s d\u00e9couvriront la riche culture et l\u2019histoire du pays, go\u00fbteront \u00e0 la gastronomie locale et aux vins, et se d\u00e9tendront dans des h\u00f4tels charmants et des spas.<br \/><br \/>Live Love Hike -\u00a0<a href=\"https:\/\/walkingtoursportugal.com\/\" target=\"_blank\" rel=\"noopener\">Walking Tours Portugal<\/a>\u00a0propose des exp\u00e9riences premium, con\u00e7ues pour votre bonheur, et nous sommes toujours \u00e0 la recherche des meilleurs sentiers du pays pour am\u00e9liorer encore votre circuit. Des meilleurs h\u00f4tels, repas, d\u00e9gustations de vin et mus\u00e9es au traitement personnalis\u00e9 par leurs guides et l\u2019\u00e9quipement adapt\u00e9 pour votre exp\u00e9rience de marche, ils con\u00e7oivent et accompagnent les invit\u00e9s dans des exp\u00e9riences int\u00e9gr\u00e9es offrant le meilleur du Portugal.<\/p><\/div><\/div><\/div>\n<\/div>\n<\/div><\/div>\n<\/div>\n<\/div><\/div>\n<\/section>","protected":false},"excerpt":{"rendered":"<p>Accueil Partenaires Nous sommes fiers d\u2019\u00eatre partenaires des meilleures marques et agences dans le monde. Agences, op\u00e9rateurs et sponsors LIVE LOVE HIKE &#8211; CIRCUITS DE RANDONN\u00c9E AU PORTUGAL &#8212; Notre soci\u00e9t\u00e9 s\u0153ur, sp\u00e9cialis\u00e9e dans les vacances de marche, randonn\u00e9e et trail au PortugalOrganisant des vacances de marche au Portugal, l\u2019objectif de Live Love Hike est [&hellip;]<\/p>\n","protected":false},"author":1,"featured_media":261428,"parent":261120,"menu_order":14,"comment_status":"closed","ping_status":"closed","template":"","meta":{"_acf_changed":false,"_seopress_robots_primary_cat":"","_seopress_titles_title":"Live Love Hike - Walking Tours Portugal","_seopress_titles_desc":"Notre soci\u00e9t\u00e9 s\u0153ur, sp\u00e9cialis\u00e9e dans les vacances de randonn\u00e9e au Portugal.","_seopress_robots_index":"","_breakdance_hide_in_design_set":false,"_breakdance_tags":"","footnotes":""},"class_list":["post-261183","page","type-page","status-publish","has-post-thumbnail","hentry"],"acf":[],"_links":{"self":[{"href":"https:\/\/portugalbiketours.com\/fr\/wp-json\/wp\/v2\/pages\/261183","targetHints":{"allow":["GET"]}}],"collection":[{"href":"https:\/\/portugalbiketours.com\/fr\/wp-json\/wp\/v2\/pages"}],"about":[{"href":"https:\/\/portugalbiketours.com\/fr\/wp-json\/wp\/v2\/types\/page"}],"author":[{"embeddable":true,"href":"https:\/\/portugalbiketours.com\/fr\/wp-json\/wp\/v2\/users\/1"}],"replies":[{"embeddable":true,"href":"https:\/\/portugalbiketours.com\/fr\/wp-json\/wp\/v2\/comments?post=261183"}],"version-history":[{"count":0,"href":"https:\/\/portugalbiketours.com\/fr\/wp-json\/wp\/v2\/pages\/261183\/revisions"}],"up":[{"embeddable":true,"href":"https:\/\/portugalbiketours.com\/fr\/wp-json\/wp\/v2\/pages\/261120"}],"wp:featuredmedia":[{"embeddable":true,"href":"https:\/\/portugalbiketours.com\/fr\/wp-json\/wp\/v2\/media\/261428"}],"wp:attachment":[{"href":"https:\/\/portugalbiketours.com\/fr\/wp-json\/wp\/v2\/media?parent=261183"}],"curies":[{"name":"wp","href":"https:\/\/api.w.org\/{rel}","templated":true}]}}