{"id":261187,"date":"2019-06-24T23:11:51","date_gmt":"2019-06-24T22:11:51","guid":{"rendered":"https:\/\/portugalbiketours.com\/partners\/porto-and-northern-portugal-official-tourism-board\/"},"modified":"2025-11-23T08:57:25","modified_gmt":"2025-11-23T08:57:25","slug":"porto-convention-bureau","status":"publish","type":"page","link":"https:\/\/portugalbiketours.com\/fr\/partnaires\/porto-convention-bureau\/","title":{"rendered":"Bureau Officiel du Tourisme de Porto et du Nord du Portugal"},"content":{"rendered":"<section class=\"bde-section-261187-129 bde-section\">\n  \n  \n\t\n\n\n\n<div class=\"section-container\"><div class=\"bde-div-261187-130 bde-div\">\n  \n  \n\t\n\n\n\n<div class=\"bde-div-261187-131 bde-div\">\n              \n  \n  \n\t\n\n  <div class=\"section-background-overlay\"><\/div>\n\n\n<div class=\"bde-shortcode-261187-132 bde-shortcode dark-links\"><nav  aria-label=\"Fil d&#039;Ariane\"><ol class=\"breadcrumb\" itemscope itemtype=\"https:\/\/schema.org\/BreadcrumbList\"><li class=\"breadcrumb-item active\" aria-current=\"page\" itemprop=\"itemListElement\" itemscope itemtype=\"https:\/\/schema.org\/ListItem\"><span itemprop=\"name\">Accueil<\/span><meta itemprop=\"position\" content=\"1\"><\/li><\/ol><\/nav><\/div><div class=\"bde-div-261187-133 bde-div\">\n  \n  \n\t\n\n\n\n<h1 class=\"bde-heading-261187-134 bde-heading\">\nPartenaires\n<\/h1><div class=\"bde-text-261187-135 bde-text\">\nNous sommes fiers d\u2019\u00eatre partenaires des meilleures marques et agences dans le monde.\n<\/div>\n<\/div>\n<\/div><div class=\"bde-div-261187-136 bde-div\">\n  \n  \n\t\n\n\n\n<div class=\"bde-columns-261187-137 bde-columns\"><div class=\"bde-column-261187-138 bde-column\">\n  \n  \n\t\n\n\n\n<h2 class=\"bde-heading-261187-139 bde-heading\">\nAgences, op\u00e9rateurs et sponsors\n<\/h2><div class=\"bde-post-loop-261187-140 bde-post-loop phox-facets-target phox-facets-target-default\"><div class=\"bde-loop bde-loop-list ee-posts ee-posts-list\">    <article class=\"bde-loop-item ee-post\">\n        <div class=\"bde-div-1499-100-260812-1499-1 bde-div bde-div-1499-100\">\n  \n  \n\t\n\n\n\n\n<\/div>    <\/article>\n    <article class=\"bde-loop-item ee-post\">\n        <div class=\"bde-div-1499-100-261062-1499-1 bde-div bde-div-1499-100\">\n  \n  \n\t\n\n\n\n\n<\/div>    <\/article>\n    <article class=\"bde-loop-item ee-post\">\n        <div class=\"bde-div-1499-100-261068-1499-1 bde-div bde-div-1499-100\">\n  \n  \n\t\n\n\n\n\n<\/div>    <\/article>\n    <article class=\"bde-loop-item ee-post\">\n        <div class=\"bde-div-1499-100-261093-1499-1 bde-div bde-div-1499-100\">\n  \n  \n\t\n\n\n\n\n<\/div>    <\/article>\n    <article class=\"bde-loop-item ee-post\">\n        <div class=\"bde-div-1499-100-261096-1499-1 bde-div bde-div-1499-100\">\n  \n  \n\t\n\n\n\n\n<\/div>    <\/article>\n    <article class=\"bde-loop-item ee-post\">\n        <div class=\"bde-div-1499-100-261099-1499-1 bde-div bde-div-1499-100\">\n  \n  \n\t\n\n\n\n\n<\/div>    <\/article>\n    <article class=\"bde-loop-item ee-post\">\n        <div class=\"bde-div-1499-100-261111-1499-1 bde-div bde-div-1499-100\">\n  \n  \n\t\n\n\n\n\n<\/div>    <\/article>\n    <article class=\"bde-loop-item ee-post\">\n        <div class=\"bde-div-1499-100-261114-1499-1 bde-div bde-div-1499-100\">\n  \n  \n\t\n\n\n\n\n<\/div>    <\/article>\n    <article class=\"bde-loop-item ee-post\">\n        <div class=\"bde-div-1499-100-261117-1499-1 bde-div bde-div-1499-100\">\n  \n  \n\t\n\n\n\n\n<\/div>    <\/article>\n    <article class=\"bde-loop-item ee-post\">\n        <div class=\"bde-div-1499-100-261120-1499-1 bde-div bde-div-1499-100\">\n  \n  \n\t\n\n\n\n\n<\/div>    <\/article>\n    <article class=\"bde-loop-item ee-post\">\n        <div class=\"bde-div-1499-100-261135-1499-1 bde-div bde-div-1499-100\">\n  \n  \n\t\n\n\n\n\n<\/div>    <\/article>\n    <article class=\"bde-loop-item ee-post\">\n        <div class=\"bde-div-1499-100-261141-1499-1 bde-div bde-div-1499-100\">\n  \n  \n\t\n\n\n\n\n<\/div>    <\/article>\n    <article class=\"bde-loop-item ee-post\">\n        <div class=\"bde-div-1499-100-261144-1499-1 bde-div bde-div-1499-100\">\n  \n  \n\t\n\n\n\n\n<\/div>    <\/article>\n    <article class=\"bde-loop-item ee-post\">\n        <div class=\"bde-div-1499-100-261181-1499-1 bde-div bde-div-1499-100\">\n  \n  \n\t\n\n\n\n\n<\/div>    <\/article>\n    <article class=\"bde-loop-item ee-post\">\n        <div class=\"bde-div-1499-100-261183-1499-1 bde-div bde-div-1499-100\">\n  \n  \n\t\n\n\n\n\n<\/div>    <\/article>\n    <article class=\"bde-loop-item ee-post\">\n        <div class=\"bde-div-1499-100-261187-1499-1 bde-div bde-div-1499-100\">\n  \n  \n\t\n\n\n\n\n<\/div>    <\/article>\n    <article class=\"bde-loop-item ee-post\">\n        <div class=\"bde-div-1499-100-261190-1499-1 bde-div bde-div-1499-100\">\n  \n  \n\t\n\n\n\n\n<\/div>    <\/article>\n    <article class=\"bde-loop-item ee-post\">\n        <div class=\"bde-div-1499-100-261193-1499-1 bde-div bde-div-1499-100\">\n  \n  \n\t\n\n\n\n\n<\/div>    <\/article>\n    <article class=\"bde-loop-item ee-post\">\n        <div class=\"bde-div-1499-100-261196-1499-1 bde-div bde-div-1499-100\">\n  \n  \n\t\n\n\n\n\n<\/div>    <\/article>\n    <article class=\"bde-loop-item ee-post\">\n        <div class=\"bde-div-1499-100-261199-1499-1 bde-div bde-div-1499-100\">\n  \n  \n\t\n\n\n\n\n<\/div>    <\/article>\n<\/div>\r\n<\/div>\n<\/div><div class=\"bde-column-261187-145 bde-column\">\n  \n  \n\t\n\n\n\n<div class=\"bde-rich-text-261187-146 bde-rich-text breakdance-rich-text-styles\">\n<div id=\"_rich_text-105-16\" class=\"oxy-rich-text marginb\"><div id=\"text_block-20-23\" class=\"ct-text-block bmargin01\"><h3 id=\"headline-10-469\" class=\"ct-headline mf130\">OFFICE DU TOURISME OFFICIEL DE PORTO ET DU NORD DU PORTUGAL<\/h3><\/div><\/div>\n<\/div><img decoding=\"async\" class=\"bde-image2-261187-147 bde-image2\" src=\"https:\/\/portugalbiketours.com\/wp-content\/uploads\/partner-6.png\" alt=\"partner 6\" loading=\"lazy\" srcset=\"https:\/\/portugalbiketours.com\/wp-content\/uploads\/partner-6.png 1000w, https:\/\/portugalbiketours.com\/wp-content\/uploads\/partner-6-300x229.png 300w, https:\/\/portugalbiketours.com\/wp-content\/uploads\/partner-6-768x586.png 768w\" sizes=\"(max-width: 1000px) 100vw, 1000px\"><div class=\"bde-rich-text-261187-148 bde-rich-text breakdance-rich-text-styles\">\n<div id=\"_rich_text-105-16\" class=\"oxy-rich-text marginb\"><div id=\"text_block-20-23\" class=\"ct-text-block bmargin01\"><p><strong>Nous sommes membres de l\u2019Office du Tourisme de Porto et du Nord<\/strong><\/p><div id=\"_rich_text-12-469\" class=\"oxy-rich-text\"><div class=\"thrv_wrapper thrv_text_element fixlcolor\"><p data-css=\"tve-u-16b8bc7a00e\">Le Porto Convention Bureau est une association \u00e0 but non lucratif fond\u00e9e en 1995 \u00e0 l\u2019initiative de plusieurs municipalit\u00e9s, telles que Porto, Gaia et Gondomar, ainsi que d\u2019associations professionnelles, de l\u2019Universit\u00e9 de Porto et d\u2019un ensemble d\u2019entit\u00e9s op\u00e9rant dans le secteur priv\u00e9 du tourisme.<br \/><br \/>L\u2019objectif principal est de promouvoir Porto et le Nord du Portugal dans le segment du tourisme d\u2019affaires, en particulier comme destination privil\u00e9gi\u00e9e pour les congr\u00e8s, les incentives et autres \u00e9v\u00e9nements.<\/p><\/div><\/div><\/div><\/div>\n<\/div>\n<\/div><\/div>\n<\/div>\n<\/div><\/div>\n<\/section>","protected":false},"excerpt":{"rendered":"<p>Accueil Partenaires Nous sommes fiers d\u2019\u00eatre partenaires des meilleures marques et agences dans le monde. Agences, op\u00e9rateurs et sponsors OFFICE DU TOURISME OFFICIEL DE PORTO ET DU NORD DU PORTUGAL Nous sommes membres de l\u2019Office du Tourisme de Porto et du NordLe Porto Convention Bureau est une association \u00e0 but non lucratif fond\u00e9e en 1995 [&hellip;]<\/p>\n","protected":false},"author":1,"featured_media":261428,"parent":261120,"menu_order":15,"comment_status":"closed","ping_status":"closed","template":"","meta":{"_acf_changed":false,"_seopress_robots_primary_cat":"","_seopress_titles_title":"Bureau Officiel du Tourisme de Porto et du Nord du Portugal","_seopress_titles_desc":"Nous sommes part du Bureau Officiel du Tourisme de Porto et du Nord du Portugal","_seopress_robots_index":"","_breakdance_hide_in_design_set":false,"_breakdance_tags":"","footnotes":""},"class_list":["post-261187","page","type-page","status-publish","has-post-thumbnail","hentry"],"acf":[],"_links":{"self":[{"href":"https:\/\/portugalbiketours.com\/fr\/wp-json\/wp\/v2\/pages\/261187","targetHints":{"allow":["GET"]}}],"collection":[{"href":"https:\/\/portugalbiketours.com\/fr\/wp-json\/wp\/v2\/pages"}],"about":[{"href":"https:\/\/portugalbiketours.com\/fr\/wp-json\/wp\/v2\/types\/page"}],"author":[{"embeddable":true,"href":"https:\/\/portugalbiketours.com\/fr\/wp-json\/wp\/v2\/users\/1"}],"replies":[{"embeddable":true,"href":"https:\/\/portugalbiketours.com\/fr\/wp-json\/wp\/v2\/comments?post=261187"}],"version-history":[{"count":0,"href":"https:\/\/portugalbiketours.com\/fr\/wp-json\/wp\/v2\/pages\/261187\/revisions"}],"up":[{"embeddable":true,"href":"https:\/\/portugalbiketours.com\/fr\/wp-json\/wp\/v2\/pages\/261120"}],"wp:featuredmedia":[{"embeddable":true,"href":"https:\/\/portugalbiketours.com\/fr\/wp-json\/wp\/v2\/media\/261428"}],"wp:attachment":[{"href":"https:\/\/portugalbiketours.com\/fr\/wp-json\/wp\/v2\/media?parent=261187"}],"curies":[{"name":"wp","href":"https:\/\/api.w.org\/{rel}","templated":true}]}}