{"id":261253,"date":"2019-03-10T10:52:00","date_gmt":"2019-03-10T10:52:00","guid":{"rendered":"https:\/\/portugalbiketours.com\/privacy-policy\/"},"modified":"2025-11-23T08:57:34","modified_gmt":"2025-11-23T08:57:34","slug":"politique-de-confidentialite","status":"publish","type":"page","link":"https:\/\/portugalbiketours.com\/fr\/politique-de-confidentialite\/","title":{"rendered":"Politique de Confidentialit\u00e9"},"content":{"rendered":"<section class=\"bde-section-261253-112 bde-section\">\n  \n  \n\t\n\n\n\n<div class=\"section-container\"><div class=\"bde-div-261253-113 bde-div\">\n  \n  \n\t\n\n\n\n<div class=\"bde-div-261253-114 bde-div\">\n              \n  \n  \n\t\n\n  <div class=\"section-background-overlay\"><\/div>\n\n\n<div class=\"bde-shortcode-261253-115 bde-shortcode dark-links\"><nav  aria-label=\"Fil d&#039;Ariane\"><ol class=\"breadcrumb\" itemscope itemtype=\"https:\/\/schema.org\/BreadcrumbList\"><li class=\"breadcrumb-item active\" aria-current=\"page\" itemprop=\"itemListElement\" itemscope itemtype=\"https:\/\/schema.org\/ListItem\"><span itemprop=\"name\">Accueil<\/span><meta itemprop=\"position\" content=\"1\"><\/li><\/ol><\/nav><\/div><div class=\"bde-div-261253-116 bde-div\">\n  \n  \n\t\n\n\n\n<h1 class=\"bde-heading-261253-117 bde-heading\">\nPolitique de confidentialit\u00e9\n<\/h1><div class=\"bde-text-261253-118 bde-text\">\nPolitique de confidentialit\u00e9 Live Love Ride\n<\/div>\n<\/div>\n<\/div><div class=\"bde-div-261253-119 bde-div\">\n  \n  \n\t\n\n\n\n<h2 class=\"bde-heading-261253-120 bde-heading\">\nQuelle est votre politique de confidentialit\u00e9?\n<\/h2><div class=\"bde-rich-text-261253-121 bde-rich-text breakdance-rich-text-styles\">\n<div id=\"_rich_text-9-3\" class=\"oxy-rich-text marginb\"><p>Notre politique de confidentialit\u00e9 est assez simple : nous n\u2019utiliserons pas votre adresse e-mail ni aucune autre information que vous nous fournissez \u00e0 d\u2019autres fins que celles pour lesquelles vous nous l\u2019avez initialement donn\u00e9e : vous envoyer des itin\u00e9raires, mieux pr\u00e9parer votre voyage \u00e0 v\u00e9lo, et recevoir occasionnellement notre newsletter. Cela peut inclure contacter les abonn\u00e9s pour mettre \u00e0 jour les informations de temps en temps, et, de temps \u00e0 autre, inviter certains invit\u00e9s \u00e0 participer \u00e0 une enqu\u00eate. Occasionnellement, nous informons \u00e9galement nos visiteurs d\u2019\u00e9v\u00e9nements et de produits pertinents.<\/p><\/div><h3 id=\"headline-10-3\" class=\"ct-headline marginb mf130\">Votre nom et adresse e-mail<\/h3><div id=\"_rich_text-11-3\" class=\"oxy-rich-text marginb\">Nous ne louerons, n\u2019\u00e9changerons ni ne vendrons nos listes \u00e0 des annonceurs, autres sites web ou courtiers en listes.<\/div><h3 id=\"headline-12-3\" class=\"ct-headline marginb mf130\">Les informations que nous d\u00e9tenons<\/h3><div id=\"_rich_text-13-3\" class=\"oxy-rich-text marginb\"><p><strong>Site<\/strong><\/p><p>Nous ne recueillons aucune information d\u2019identification personnelle sur les visiteurs de notre site, seulement des informations anonymes comme d\u00e9taill\u00e9 dans les sections ci-dessous.<\/p><p><strong>Newsletter<\/strong><\/p><p>Nous utilisons MailChimp comme fournisseur de services de marketing par e-mail et d\u2019automatisation. Au sein de MailChimp, nous d\u00e9tenons les donn\u00e9es suivantes :<\/p><p>Informations que les abonn\u00e9s \u00e0 la newsletter ont pu fournir lorsqu\u2019ils ont choisi de recevoir l\u2019un de nos t\u00e9l\u00e9chargements. Cela peut inclure le pr\u00e9nom et le nom, l\u2019adresse e-mail, le num\u00e9ro de t\u00e9l\u00e9phone, le poste, l\u2019organisation, la taille de l\u2019entreprise et le pays. Ces informations ne sont d\u00e9tenues que pour les abonn\u00e9s \u00e0 la newsletter qui les ont soumises lors de la demande de t\u00e9l\u00e9chargement.<\/p><p>Informations que les abonn\u00e9s \u00e0 la newsletter ont pu fournir en s\u2019inscrivant pour recevoir notre newsletter. Typiquement, cela se limite au nom et \u00e0 l\u2019adresse e-mail.<\/p><p>Informations que MailChimp d\u00e9termine lui-m\u00eame \u00e0 partir de l\u2019activit\u00e9 des abonn\u00e9s \u00e0 la newsletter, telles que la localisation bas\u00e9e sur l\u2019IP (latitude\/longitude, fuseau horaire et pays).<\/p><p>Nous ne vendons ni ne louons ces informations, et les utilisons uniquement parfois de mani\u00e8re agr\u00e9g\u00e9e et anonyme pour d\u00e9terminer des donn\u00e9es g\u00e9n\u00e9rales sur notre audience d\u2019abonn\u00e9s \u00e0 la newsletter.<\/p><p><strong>Produits payants<\/strong><\/p><p>Nous avons acc\u00e8s aux informations que vous avez fournies lors de l\u2019achat d\u2019un produit payant, comme un voyage \u00e0 v\u00e9lo. Cela se limite aux informations n\u00e9cessaires pour traiter votre paiement, telles que nom, adresse et informations de carte de cr\u00e9dit, ainsi qu\u2019aux informations suppl\u00e9mentaires dont nous avons besoin pour vous fournir une assurance voyage (nationalit\u00e9, adresse, date de naissance) et aux d\u00e9tails requis pour la pr\u00e9paration du voyage, comme la taille, la taille du casque, etc. Ces informations ne sont pas communiqu\u00e9es \u00e0 des tiers, et sont supprim\u00e9es une fois votre exp\u00e9rience termin\u00e9e avec nous.<\/p><\/div><h3 id=\"headline-14-3\" class=\"ct-headline marginb mf130\">Gestion de vos donn\u00e9es<\/h3><div id=\"_rich_text-15-3\" class=\"oxy-rich-text marginb\"><p>Vous pouvez demander \u00e0 tout moment \u00e0 voir les donn\u00e9es que nous d\u00e9tenons sur vous, et vous pouvez \u00e9galement demander la suppression de vos donn\u00e9es \u00e0 tout moment. Veuillez envoyer un e-mail \u00e0 ridewithus@liveloveride.pt pour toute question relative \u00e0 vos donn\u00e9es personnelles.<\/p><p>Si vous publiez un commentaire sur notre site ou demandez un itin\u00e9raire, nous n\u2019utiliserons pas votre e-mail sauf pour vous envoyer des notifications de mise \u00e0 jour concernant l\u2019entr\u00e9e sp\u00e9cifique que vous avez comment\u00e9e, ou pour initier une conversation priv\u00e9e par e-mail \u00e0 propos de votre publication.<\/p><\/div><h3 id=\"headline-16-3\" class=\"ct-headline marginb mf130\">Journalisation, cookies, balises web et publicit\u00e9 tierce<\/h3><div id=\"_rich_text-17-3\" class=\"oxy-rich-text marginb\"><p>Nous collectons des donn\u00e9es d\u2019utilisation anonymes (techniquement appel\u00e9es \u00ab journaux de r\u00e9f\u00e9rents \u00bb) sur notre site web, telles que l\u2019adresse IP, le site r\u00e9f\u00e9rent ou le type de navigateur. Nous ne relions pas les donn\u00e9es IP \u00e0 des informations d\u2019identification personnelle.<\/p><p>Nous pouvons utiliser des moyens techniques de suivi tels que les cookies ou les balises web (gifs transparents d\u2019un pixel). Ces techniques sont anonymes et utilis\u00e9es uniquement \u00e0 des fins statistiques (par exemple, pour conna\u00eetre notre taux d\u2019ouverture des e-mails). Nous ne tenterons pas de surveiller votre utilisation personnelle anonyme de notre site et de nos lettres. Vous pouvez configurer votre navigateur pour refuser les cookies si vous le souhaitez, bien que cela puisse limiter certaines fonctionnalit\u00e9s du site.<\/p><\/div><h3 id=\"headline-18-3\" class=\"ct-headline marginb mf130\">S\u00e9curit\u00e9<\/h3><div id=\"_rich_text-19-3\" class=\"oxy-rich-text marginb\">Nous avons mis en place des mesures de s\u00e9curit\u00e9 pour prot\u00e9ger contre la perte, l\u2019utilisation abusive et l\u2019alt\u00e9ration des informations sous notre contr\u00f4le. Seul le personnel autoris\u00e9 a acc\u00e8s physique et\/ou num\u00e9rique aux serveurs et aux donn\u00e9es. Tous les serveurs et sauvegardes de donn\u00e9es sont prot\u00e9g\u00e9s contre les intrusions physiques et \u00e9lectroniques gr\u00e2ce \u00e0 l\u2019utilisation de pare-feu et de syst\u00e8mes de s\u00e9curit\u00e9 redondants, qui sont p\u00e9riodiquement \u00e9valu\u00e9s et mis \u00e0 jour.<\/div><h3 id=\"headline-20-3\" class=\"ct-headline marginb mf130\">Avertissement l\u00e9gal<\/h3><div id=\"_rich_text-21-3\" class=\"oxy-rich-text marginb\">Les informations personnellement identifiables fournies \u00e0 notre entreprise sont susceptibles d\u2019\u00eatre divulgu\u00e9es en vertu de citations \u00e0 compara\u00eetre judiciaires ou autres, mandats ou ordonnances gouvernementales. Nous faisons tout notre possible pour pr\u00e9server la confidentialit\u00e9 et l\u2019anonymat des utilisateurs ; cependant, nous pouvons \u00eatre amen\u00e9s \u00e0 divulguer des informations personnelles lorsque la loi l\u2019exige, notamment pour se conformer \u00e0 des proc\u00e9dures judiciaires, ordonnances de tribunal ou processus l\u00e9gaux signifi\u00e9s \u00e0 notre site web.<\/div>\n<\/div>\n<\/div>\n<\/div><\/div>\n<\/section>","protected":false},"excerpt":{"rendered":"<p>Accueil Politique de confidentialit\u00e9 Politique de confidentialit\u00e9 Live Love Ride Quelle est votre politique de confidentialit\u00e9? Notre politique de confidentialit\u00e9 est assez simple : nous n\u2019utiliserons pas votre adresse e-mail ni aucune autre information que vous nous fournissez \u00e0 d\u2019autres fins que celles pour lesquelles vous nous l\u2019avez initialement donn\u00e9e : vous envoyer des itin\u00e9raires, [&hellip;]<\/p>\n","protected":false},"author":1,"featured_media":261428,"parent":0,"menu_order":22,"comment_status":"closed","ping_status":"open","template":"","meta":{"_acf_changed":false,"_seopress_robots_primary_cat":"","_seopress_titles_title":"Politique de Confidentialit\u00e9","_seopress_titles_desc":"Notre politique de confidentialit\u00e9 est assez simple: nous n&#039;utiliserons pas votre adresse e-mail ou autre information que vous nous fournissez, \u00e0 d&#039;autres fins.","_seopress_robots_index":"","_breakdance_hide_in_design_set":false,"_breakdance_tags":"","footnotes":""},"class_list":["post-261253","page","type-page","status-publish","has-post-thumbnail","hentry"],"acf":[],"_links":{"self":[{"href":"https:\/\/portugalbiketours.com\/fr\/wp-json\/wp\/v2\/pages\/261253","targetHints":{"allow":["GET"]}}],"collection":[{"href":"https:\/\/portugalbiketours.com\/fr\/wp-json\/wp\/v2\/pages"}],"about":[{"href":"https:\/\/portugalbiketours.com\/fr\/wp-json\/wp\/v2\/types\/page"}],"author":[{"embeddable":true,"href":"https:\/\/portugalbiketours.com\/fr\/wp-json\/wp\/v2\/users\/1"}],"replies":[{"embeddable":true,"href":"https:\/\/portugalbiketours.com\/fr\/wp-json\/wp\/v2\/comments?post=261253"}],"version-history":[{"count":0,"href":"https:\/\/portugalbiketours.com\/fr\/wp-json\/wp\/v2\/pages\/261253\/revisions"}],"wp:featuredmedia":[{"embeddable":true,"href":"https:\/\/portugalbiketours.com\/fr\/wp-json\/wp\/v2\/media\/261428"}],"wp:attachment":[{"href":"https:\/\/portugalbiketours.com\/fr\/wp-json\/wp\/v2\/media?parent=261253"}],"curies":[{"name":"wp","href":"https:\/\/api.w.org\/{rel}","templated":true}]}}