{"id":261256,"date":"2020-11-24T10:53:05","date_gmt":"2020-11-24T10:53:05","guid":{"rendered":"https:\/\/portugalbiketours.com\/cancellation-policy\/"},"modified":"2025-11-23T08:57:34","modified_gmt":"2025-11-23T08:57:34","slug":"politique-dannulation","status":"publish","type":"page","link":"https:\/\/portugalbiketours.com\/fr\/politique-dannulation\/","title":{"rendered":"Politique d&rsquo;annulation"},"content":{"rendered":"<section class=\"bde-section-261256-113 bde-section\">\n  \n  \n\t\n\n\n\n<div class=\"section-container\"><div class=\"bde-div-261256-114 bde-div\">\n  \n  \n\t\n\n\n\n<div class=\"bde-div-261256-115 bde-div\">\n              \n  \n  \n\t\n\n  <div class=\"section-background-overlay\"><\/div>\n\n\n<div class=\"bde-shortcode-261256-116 bde-shortcode dark-links\"><nav  aria-label=\"Fil d&#039;Ariane\"><ol class=\"breadcrumb\" itemscope itemtype=\"https:\/\/schema.org\/BreadcrumbList\"><li class=\"breadcrumb-item active\" aria-current=\"page\" itemprop=\"itemListElement\" itemscope itemtype=\"https:\/\/schema.org\/ListItem\"><span itemprop=\"name\">Accueil<\/span><meta itemprop=\"position\" content=\"1\"><\/li><\/ol><\/nav><\/div><div class=\"bde-div-261256-117 bde-div\">\n  \n  \n\t\n\n\n\n<h1 class=\"bde-heading-261256-118 bde-heading\">\nPolitique d'annulation\n<\/h1><div class=\"bde-text-261256-119 bde-text\">\nPolitique d'annulation Live Love Ride\n<\/div>\n<\/div>\n<\/div><div class=\"bde-div-261256-120 bde-div\">\n  \n  \n\t\n\n\n\n<div class=\"bde-rich-text-261256-121 bde-rich-text breakdance-rich-text-styles\">\n<div id=\"_rich_text-9-3\" class=\"oxy-rich-text marginb\"><div id=\"_rich_text-8-27087\" class=\"oxy-rich-text marginb\"><p>Notre politique d'annulation facilite au maximum le changement de votre circuit \u00e0 pied vers d'autres dates ou destinations. M\u00eame en p\u00e9riode d'incertitude, vous pouvez compter sur nous pour offrir de la flexibilit\u00e9 afin que vous puissiez r\u00e9server votre voyage en toute confiance.\u00a0<strong>Votre acompte de voyage est enti\u00e8rement transf\u00e9rable jusqu'\u00e0 30 jours avant le d\u00e9part, et votre acompte enregistr\u00e9 n'expire pas.<\/strong>\u00a0Vous trouverez ci-dessous toutes les options pour choisir soit un remboursement, soit un cr\u00e9dit pour un voyage futur en fonction de votre date d'annulation. Si vous avez des doutes, il vous suffit de <a href=\"https:\/\/portugalbiketours.com\/contact\/\">nous contacter<\/a>.<\/p><\/div><div id=\"_rich_text-9-27087\" class=\"oxy-rich-text marginb\"><p><strong>POLITIQUE D'ANNULATION STANDARD<\/strong> (s'applique \u00e0 tous les circuits standard autoguid\u00e9s, guid\u00e9s ou premium) :<\/p><\/div><\/div>\n<\/div><div class=\"autogenerated-blce-table-261256-122 autogenerated-blce-table tablem\">\n<div class=\"table-wrapper\">\n    <table>\n    <thead>\n      <tr>\n                  <th scope=\"col\">Nombre de jours avant la date de d\u00e9but<\/th>\n                  <th scope=\"col\">Option d'annulation (remboursement)<br>Frais d'annulation<\/th>\n                  <th scope=\"col\">Option de report<br>Cr\u00e9dit pour un voyage futur<\/th>\n              <\/tr>\n    <\/thead>\n    <tbody>\n              <tr>\n                      <td data-label=\"Nombre de jours avant la date de d\u00e9but\">\n                              Plus de 120 jours\n                          <\/td>\n                      <td data-label=\"Option d'annulation (remboursement)<br>Frais d'annulation\">\n                              Aucun frais d'annulation. Remboursement int\u00e9gral.\n                          <\/td>\n                      <td data-label=\"Option de report<br>Cr\u00e9dit pour un voyage futur\">\n                              100 % de l'acompte\n                          <\/td>\n                  <\/tr>\n              <tr>\n                      <td data-label=\"Nombre de jours avant la date de d\u00e9but\">\n                              120-91 jours\n                          <\/td>\n                      <td data-label=\"Option d'annulation (remboursement)<br>Frais d'annulation\">\n                              Frais d'annulation de 40 % de votre acompte. Valeur restante rembours\u00e9e.\n                          <\/td>\n                      <td data-label=\"Option de report<br>Cr\u00e9dit pour un voyage futur\">\n                              100 % de l'acompte\n                          <\/td>\n                  <\/tr>\n              <tr>\n                      <td data-label=\"Nombre de jours avant la date de d\u00e9but\">\n                              90-31 jours\n                          <\/td>\n                      <td data-label=\"Option d'annulation (remboursement)<br>Frais d'annulation\">\n                              Frais d'annulation de 60 % de votre acompte. Valeur restante rembours\u00e9e.\n                          <\/td>\n                      <td data-label=\"Option de report<br>Cr\u00e9dit pour un voyage futur\">\n                              100 % de l'acompte\n                          <\/td>\n                  <\/tr>\n              <tr>\n                      <td data-label=\"Nombre de jours avant la date de d\u00e9but\">\n                              30 jours ou moins\n                          <\/td>\n                      <td data-label=\"Option d'annulation (remboursement)<br>Frais d'annulation\">\n                              Frais d'annulation de 100 % du prix du voyage. Aucun remboursement.\n                          <\/td>\n                      <td data-label=\"Option de report<br>Cr\u00e9dit pour un voyage futur\">\n                              50 % de l'acompte\n                          <\/td>\n                  <\/tr>\n          <\/tbody>\n  <\/table>\n  <\/div>\n<\/div><div class=\"bde-rich-text-261256-123 bde-rich-text breakdance-rich-text-styles\">\n<div id=\"_rich_text-9-3\" class=\"oxy-rich-text marginb\"><div id=\"_rich_text-8-27087\" class=\"oxy-rich-text marginb\">\u00a0<\/div><div id=\"div_block-10-27087\" class=\"ct-div-block marginb\"><div id=\"div_block-45-27087\" class=\"ct-div-block \"><div id=\"div_block-50-27087\" class=\"ct-div-block celheight\"><div id=\"text_block-51-27087\" class=\"ct-text-block\">Notre cr\u00e9dit pour voyage futur <strong>n'expire jamais et peut \u00eatre transf\u00e9r\u00e9 \u00e0 d'autres circuits, dates futures ou m\u00eame \u00e0 d'autres clients<\/strong>. Veuillez noter que le prix des circuits futurs peut diff\u00e9rer, en raison d'augmentations de co\u00fbts externes ou internes de nos circuits.<\/div><\/div><\/div><\/div><h2 id=\"headline-89-27087\" class=\"ct-headline marginb mf140\">Politique d'annulation pour voyage personnalis\u00e9 :<\/h2><div id=\"_rich_text-90-27087\" class=\"oxy-rich-text marginb\">Nos politiques d'annulation standard ne s'appliquent pas aux circuits personnalis\u00e9s ou sur mesure, et seront communiqu\u00e9es au cas par cas.<\/div><h2 id=\"headline-91-27087\" class=\"ct-headline marginb mf140\">Si Live Love Ride d\u00e9cide d'annuler un circuit :<\/h2><div id=\"_rich_text-92-27087\" class=\"oxy-rich-text marginb\"><p>Live Love Ride n'annule g\u00e9n\u00e9ralement pas un voyage une fois qu'il est garanti. Cependant, en raison de la situation actuelle li\u00e9e au Coronavirus, nous envisagerons d'annuler un voyage dans les 30 jours pr\u00e9c\u00e9dant la date de d\u00e9but du circuit en fonction des informations fournies par le Gouvernement portugais ou la Direction g\u00e9n\u00e9rale de la sant\u00e9 portugaise (Direc\u00e7\u00e3o Geral da Sa\u00fade). Si Live Love Ride annule un circuit conform\u00e9ment aux informations de l'une des institutions mentionn\u00e9es ci-dessus, nous transf\u00e9rerons tout votre cr\u00e9dit chez nous pour que vous puissiez l'utiliser comme cr\u00e9dit pour un voyage futur, qui n'expire pas. En cas d'annulation, Live Love Ride n'est pas responsable des pertes encourues pour des frais de voyage non remboursables.<\/p><\/div><h2 id=\"headline-93-27087\" class=\"ct-headline marginb mf140\">Exceptions :<\/h2><div id=\"_rich_text-94-27087\" class=\"oxy-rich-text marginb\">Nous n'accordons aucune exception \u00e0 cette politique pour quelque raison que ce soit, y compris les urgences personnelles, les intemp\u00e9ries impr\u00e9vues, les catastrophes naturelles ou le terrorisme.<\/div><\/div>\n<\/div>\n<\/div>\n<\/div><\/div>\n<\/section>","protected":false},"excerpt":{"rendered":"<p>Accueil Politique d&rsquo;annulation Politique d&rsquo;annulation Live Love Ride Notre politique d&rsquo;annulation facilite au maximum le changement de votre circuit \u00e0 pied vers d&rsquo;autres dates ou destinations. M\u00eame en p\u00e9riode d&rsquo;incertitude, vous pouvez compter sur nous pour offrir de la flexibilit\u00e9 afin que vous puissiez r\u00e9server votre voyage en toute confiance.\u00a0Votre acompte de voyage est enti\u00e8rement [&hellip;]<\/p>\n","protected":false},"author":1,"featured_media":261428,"parent":0,"menu_order":23,"comment_status":"closed","ping_status":"closed","template":"","meta":{"_acf_changed":false,"_seopress_robots_primary_cat":"","_seopress_titles_title":"Politique d&#039;annulation","_seopress_titles_desc":"","_seopress_robots_index":"","_breakdance_hide_in_design_set":false,"_breakdance_tags":"","footnotes":""},"class_list":["post-261256","page","type-page","status-publish","has-post-thumbnail","hentry"],"acf":[],"_links":{"self":[{"href":"https:\/\/portugalbiketours.com\/fr\/wp-json\/wp\/v2\/pages\/261256","targetHints":{"allow":["GET"]}}],"collection":[{"href":"https:\/\/portugalbiketours.com\/fr\/wp-json\/wp\/v2\/pages"}],"about":[{"href":"https:\/\/portugalbiketours.com\/fr\/wp-json\/wp\/v2\/types\/page"}],"author":[{"embeddable":true,"href":"https:\/\/portugalbiketours.com\/fr\/wp-json\/wp\/v2\/users\/1"}],"replies":[{"embeddable":true,"href":"https:\/\/portugalbiketours.com\/fr\/wp-json\/wp\/v2\/comments?post=261256"}],"version-history":[{"count":0,"href":"https:\/\/portugalbiketours.com\/fr\/wp-json\/wp\/v2\/pages\/261256\/revisions"}],"wp:featuredmedia":[{"embeddable":true,"href":"https:\/\/portugalbiketours.com\/fr\/wp-json\/wp\/v2\/media\/261428"}],"wp:attachment":[{"href":"https:\/\/portugalbiketours.com\/fr\/wp-json\/wp\/v2\/media?parent=261256"}],"curies":[{"name":"wp","href":"https:\/\/api.w.org\/{rel}","templated":true}]}}