{"id":261259,"date":"2019-03-10T11:54:40","date_gmt":"2019-03-10T11:54:40","guid":{"rendered":"https:\/\/portugalbiketours.com\/odr\/"},"modified":"2025-11-23T08:57:34","modified_gmt":"2025-11-23T08:57:34","slug":"odr","status":"publish","type":"page","link":"https:\/\/portugalbiketours.com\/fr\/odr\/","title":{"rendered":"ODR &#8211; R\u00e9solution des litiges en ligne"},"content":{"rendered":"<section class=\"bde-section-261259-113 bde-section\">\n  \n  \n\t\n\n\n\n<div class=\"section-container\"><div class=\"bde-div-261259-114 bde-div\">\n  \n  \n\t\n\n\n\n<div class=\"bde-div-261259-115 bde-div\">\n              \n  \n  \n\t\n\n  <div class=\"section-background-overlay\"><\/div>\n\n\n<div class=\"bde-shortcode-261259-116 bde-shortcode dark-links\"><nav  aria-label=\"Fil d&#039;Ariane\"><ol class=\"breadcrumb\" itemscope itemtype=\"https:\/\/schema.org\/BreadcrumbList\"><li class=\"breadcrumb-item active\" aria-current=\"page\" itemprop=\"itemListElement\" itemscope itemtype=\"https:\/\/schema.org\/ListItem\"><span itemprop=\"name\">Accueil<\/span><meta itemprop=\"position\" content=\"1\"><\/li><\/ol><\/nav><\/div><div class=\"bde-div-261259-117 bde-div\">\n  \n  \n\t\n\n\n\n<h1 class=\"bde-heading-261259-118 bde-heading\">\nRLL\n<\/h1><div class=\"bde-text-261259-119 bde-text\">\nLive Love Ride ODR\n<\/div>\n<\/div>\n<\/div><div class=\"bde-div-261259-120 bde-div\">\n  \n  \n\t\n\n\n\n<h2 class=\"bde-heading-261259-121 bde-heading\">\nR\u00e9solution des litiges en ligne<br>\n<\/h2><div class=\"bde-rich-text-261259-122 bde-rich-text breakdance-rich-text-styles\">\n<div id=\"_rich_text-9-3\" class=\"oxy-rich-text marginb\"><div id=\"_rich_text-8-27087\" class=\"oxy-rich-text marginb\"><p data-css=\"tve-u-16969b1372a\"><strong>Conform\u00e9ment \u00e0 la loi n\u00b0 144\/2015 du 08 septembre, nous listons ci-dessous les centres de r\u00e9solution des litiges en ligne (Entidades de Resolu\u00e7\u00e3o Alternativa de Lit\u00edgios de Consumo) que vous pouvez contacter en cas de conflit lors de l\u2019achat de produits ou services sur ce site :<\/strong><\/p><ul class=\"\"><li data-css=\"tve-u-16969b2fc94\">Centro Nacional de Informa\u00e7\u00e3o e Arbitragem de Conflitos de Consumo (CNIACC)<br \/>Universidade Nova de Lisboa - Faculdade de Direito<br \/>Campus de Campolide<br \/>1099-032 Lisboa<br \/><br \/><\/li><li data-css=\"tve-u-16969b2fc96\">Centro de Arbitragem de Conflitos de Consumo de Lisboa (CACCL)<br \/>Rua dos Douradores, n.\u00ba 116, 2.\u00ba andar<br \/>1100-207 Lisboa<br \/><a class=\"tve-froala\" href=\"http:\/\/www.centroarbitragemlisboa.pt\/\" target=\"_blank\" rel=\"noopener\">www.centroarbitragemlisboa.pt<\/a><br \/><a href=\"http:\/\/www.centroarbitragemlisboa.pt\/\" target=\"_blank\" rel=\"noopener\">\u00a0<\/a><\/li><li data-css=\"tve-u-16969b2fc98\">Centro de Arbitragem de Conflitos de Consumo do Distrito de Coimbra (CACCDC)<br \/>Av. Fern\u00e3o Magalh\u00e3es, n.\u00ba 240, 1.\u00ba andar<br \/>3000-172 Coimbra<br \/><a class=\"tve-froala\" href=\"http:\/\/www.centrodearbitragemdecoimbra.com\/\" target=\"_blank\" rel=\"noopener\">www.centrodearbitragemdecoimbra.com<br \/><\/a>\u00a0<\/li><li data-css=\"tve-u-16969b2fc9a\">Centro de Arbitragem de Conflitos de Consumo da Madeira (CACCRAM)<br \/>Rua Direita, n.\u00ba 27, 1.\u00ba andar<br \/>9050-405 Funchal<br \/><br \/>Centro de Arbitragem de Conflitos de Consumo do Vale do Ave\/Tribunal Arbitral (CACCVA)<\/li><li data-css=\"tve-u-16969b2fc9a\">Rua Capit\u00e3o Alfredo Guimar\u00e3es, n.\u00ba 1<br \/>4800-019 Guimar\u00e3es<br \/><a class=\"tve-froala\" href=\"http:\/\/www.triave.pt\/\" target=\"_blank\" rel=\"noopener\">www.triave.pt<\/a><br \/><br \/><\/li><li data-css=\"tve-u-16969b2fc9d\">Centro de Informa\u00e7\u00e3o, Media\u00e7\u00e3o e Arbitragem de Consumo (Tribunal Arbitral de Consumo) (CIAB)<br \/>Rua D. Afonso Henriques, n.\u00ba 1 (Ed. Junta de Freguesia da S\u00e9)<br \/>4700-030 Braga<br \/>Av. Rocha Paris, n.\u00ba 103 (Edif\u00edcio Vila Rosa)<br \/>4900-394 Viana do Castelo<br \/><a href=\"http:\/\/www.ciab.pt\/\" target=\"_blank\" rel=\"noopener\">www.ciab.pt<\/a><br \/><br \/><\/li><li data-css=\"tve-u-16969b2fc9f\">Centro de Informa\u00e7\u00e3o, Media\u00e7\u00e3o e Arbitragem de Conflitos de Consumo do Algarve (CIMAAL)<br \/>Edif\u00edcio Ninho de Empresas<br \/>Estrada da Penha<br \/>8005-131 Faro<br \/><a href=\"http:\/\/www.consumidoronline.pt\/\" target=\"_blank\" rel=\"noopener\">www.consumidoronline.pt<\/a><br \/><br \/><\/li><li data-css=\"tve-u-16969b2fca1\">Centro de Informa\u00e7\u00e3o de Consumo e Arbitragem do Porto (CICAP)<br \/>Rua Dami\u00e3o de G\u00f3is, n.\u00ba 31, Loja 6<br \/>4050-225 Porto<br \/><a href=\"http:\/\/www.cicap.pt\/\" target=\"_blank\" rel=\"noopener\">www.cicap.pt<\/a><br \/><br \/><\/li><li data-css=\"tve-u-16969afe03a\">Vous pouvez consulter d\u2019autres entit\u00e9s et informations sur le <a class=\"tve-froala\" href=\"http:\/\/www.consumidor.pt\/\" target=\"_blank\" rel=\"noopener\">Portail du Consommateur<\/a>.<\/li><\/ul><h3 class=\"data-css=\" data-css=\"tve-u-16969b2b4e9\">R\u00e9solution des litiges en ligne<\/h3><p class=\"data-css=\" data-css=\"tve-u-16969b2c848\">Le r\u00e8glement europ\u00e9en 524\/2013 a cr\u00e9\u00e9 une plateforme \u00e9lectronique pour la r\u00e9solution des litiges de consommation (CDR). La plateforme CDR en ligne a comp\u00e9tence pour la r\u00e9solution des diff\u00e9rends concernant les obligations contractuelles d\u00e9coulant des contrats de vente ou de services en ligne. La plateforme CDR est accessible \u00e0 l\u2019adresse suivante : <a class=\"tve-froala\" href=\"https:\/\/webgate.ec.europa.eu\/odr\/\" target=\"_blank\" rel=\"noopener\">https:\/\/webgate.ec.europa.eu\/odr\/<\/a><\/p><\/div><\/div>\n<\/div>\n<\/div>\n<\/div><\/div>\n<\/section>","protected":false},"excerpt":{"rendered":"<p>Accueil RLL Live Love Ride ODR R\u00e9solution des litiges en ligne Conform\u00e9ment \u00e0 la loi n\u00b0 144\/2015 du 08 septembre, nous listons ci-dessous les centres de r\u00e9solution des litiges en ligne (Entidades de Resolu\u00e7\u00e3o Alternativa de Lit\u00edgios de Consumo) que vous pouvez contacter en cas de conflit lors de l\u2019achat de produits ou services sur [&hellip;]<\/p>\n","protected":false},"author":1,"featured_media":261428,"parent":0,"menu_order":24,"comment_status":"closed","ping_status":"closed","template":"","meta":{"_acf_changed":false,"_seopress_robots_primary_cat":"","_seopress_titles_title":"ODR - R\u00e9solution des litiges en ligne","_seopress_titles_desc":"R\u00e9solution des litiges en ligne. Conform\u00e9ment \u00e0 la loi n \u00b0 144\/2015 du 08 septembre, ci-dessous, nous listons les centres de r\u00e9solution des litiges en ligne suivants","_seopress_robots_index":"","_breakdance_hide_in_design_set":false,"_breakdance_tags":"","footnotes":""},"class_list":["post-261259","page","type-page","status-publish","has-post-thumbnail","hentry"],"acf":[],"_links":{"self":[{"href":"https:\/\/portugalbiketours.com\/fr\/wp-json\/wp\/v2\/pages\/261259","targetHints":{"allow":["GET"]}}],"collection":[{"href":"https:\/\/portugalbiketours.com\/fr\/wp-json\/wp\/v2\/pages"}],"about":[{"href":"https:\/\/portugalbiketours.com\/fr\/wp-json\/wp\/v2\/types\/page"}],"author":[{"embeddable":true,"href":"https:\/\/portugalbiketours.com\/fr\/wp-json\/wp\/v2\/users\/1"}],"replies":[{"embeddable":true,"href":"https:\/\/portugalbiketours.com\/fr\/wp-json\/wp\/v2\/comments?post=261259"}],"version-history":[{"count":0,"href":"https:\/\/portugalbiketours.com\/fr\/wp-json\/wp\/v2\/pages\/261259\/revisions"}],"wp:featuredmedia":[{"embeddable":true,"href":"https:\/\/portugalbiketours.com\/fr\/wp-json\/wp\/v2\/media\/261428"}],"wp:attachment":[{"href":"https:\/\/portugalbiketours.com\/fr\/wp-json\/wp\/v2\/media?parent=261259"}],"curies":[{"name":"wp","href":"https:\/\/api.w.org\/{rel}","templated":true}]}}