{"id":261262,"date":"2020-12-15T18:38:20","date_gmt":"2020-12-15T18:38:20","guid":{"rendered":"https:\/\/portugalbiketours.com\/subscribe-newsletter\/"},"modified":"2025-11-26T06:49:02","modified_gmt":"2025-11-26T06:49:02","slug":"abonnez-vous-a-la-newsletter","status":"publish","type":"page","link":"https:\/\/portugalbiketours.com\/fr\/abonnez-vous-a-la-newsletter\/","title":{"rendered":"Abonnez-vous \u00e0 la newsletter"},"content":{"rendered":"<section class=\"bde-section-261262-116 bde-section\">\n  \n  \n\t\n\n\n\n<div class=\"section-container\"><div class=\"bde-div-261262-117 bde-div\">\n  \n  \n\t\n\n\n\n<div class=\"bde-div-261262-118 bde-div\">\n              \n  \n  \n\t\n\n  <div class=\"section-background-overlay\"><\/div>\n\n\n<div class=\"bde-shortcode-261262-119 bde-shortcode dark-links\"><nav  aria-label=\"Fil d&#039;Ariane\"><ol class=\"breadcrumb\" itemscope itemtype=\"https:\/\/schema.org\/BreadcrumbList\"><li class=\"breadcrumb-item active\" aria-current=\"page\" itemprop=\"itemListElement\" itemscope itemtype=\"https:\/\/schema.org\/ListItem\"><span itemprop=\"name\">Accueil<\/span><meta itemprop=\"position\" content=\"1\"><\/li><\/ol><\/nav><\/div><div class=\"bde-div-261262-120 bde-div\">\n  \n  \n\t\n\n\n\n<h1 class=\"bde-heading-261262-121 bde-heading\">\nInscrivez-vous \u00e0 notre newsletter<br>\n<\/h1><div class=\"bde-text-261262-122 bde-text\">\nParticipez pour tenter de gagner des vacances \u00e0 v\u00e9lo pour deux !<br>\n<\/div>\n<\/div>\n<\/div><div class=\"bde-div-261262-123 bde-div\">\n  \n  \n\t\n\n\n\n<div class=\"bde-rich-text-261262-124 bde-rich-text breakdance-rich-text-styles\">\n<div id=\"_rich_text-105-16\" class=\"oxy-rich-text marginb\"><div id=\"text_block-20-23\" class=\"ct-text-block bmargin01\">Rejoignez d\u2019autres passionn\u00e9s de cyclisme et recevez des offres exclusives, de nouvelles destinations et planifiez vos prochaines vacances \u00e0 v\u00e9lo. De plus, rien que pour votre inscription \u00e0 notre newsletter, vous serez inscrit pour tenter de gagner un voyage pour deux lors de notre Bike Tour au Minho : Le Berceau Vert du Portugal. Voir les termes et conditions ci-dessous.<\/div><\/div>\n<\/div><div class=\"bde-shortcode-261262-125 bde-shortcode\"><div class=\"frm_forms  with_frm_style frm_style_contact-home\" id=\"frm_form_24_container\" data-token=\"21c63413949ef9e692ee649d34e15863\">\n<form enctype=\"multipart\/form-data\" method=\"post\" class=\"frm-show-form  frm_js_validate  frm_ajax_submit  frm_pro_form  frm_logic_form \" id=\"form_newsletter-fr\" data-token=\"21c63413949ef9e692ee649d34e15863\">\n<div class=\"frm_form_fields \">\n<fieldset>\n<legend class=\"frm_screen_reader\">Subscribe newsletter FR<\/legend>\r\n\r\n<div class=\"frm_fields_container\">\n<input type=\"hidden\" name=\"frm_action\" value=\"create\" \/>\n<input type=\"hidden\" name=\"form_id\" value=\"24\" \/>\n<input type=\"hidden\" name=\"frm_hide_fields_24\" id=\"frm_hide_fields_24\" value=\"\" \/>\n<input type=\"hidden\" name=\"form_key\" value=\"newsletter-fr\" \/>\n<input type=\"hidden\" name=\"item_meta[0]\" value=\"\" \/>\n<input type=\"hidden\" id=\"frm_submit_entry_24\" name=\"frm_submit_entry_24\" value=\"446a611ea1\" \/><input type=\"hidden\" name=\"_wp_http_referer\" value=\"\/fr\/wp-json\/wp\/v2\/pages\/261262\" \/>\t\t<input  type=\"hidden\" name=\"item_meta[402]\" id=\"field_hyty7\" value=\"07\/04\/2026 17:06:55\"  data-frmval=\"07\/04\/2026 17:06:55\"   \/>\n\t\t\t\t<input  type=\"hidden\" name=\"item_meta[403]\" id=\"field_f8g0f7\" value=\"Subscribe Newsletter\"  data-frmval=\"Subscribe Newsletter\"   \/>\n\t\t\t\t<input  type=\"hidden\" name=\"item_meta[404]\" id=\"field_bp16o7\" value=\"https:\/\/portugalbiketours.com\/fr\/fr\/wp-json\/wp\/v2\/pages\/261262\"  data-frmval=\"https:\/\/portugalbiketours.com\/fr\/fr\/wp-json\/wp\/v2\/pages\/261262\"   \/>\n\t\t\t\t<input  type=\"hidden\" name=\"item_meta[405]\" id=\"field_p2nk6\" value=\"https:\/\/portugalbiketours.com\/fr\/fr\/wp-json\/wp\/v2\/pages\/261262\"  data-frmval=\"https:\/\/portugalbiketours.com\/fr\/fr\/wp-json\/wp\/v2\/pages\/261262\"   \/>\n\t\t<div id=\"frm_field_406_container\" class=\"frm_form_field form-field  frm_required_field frm_top_container frm_full\">\r\n    <label for=\"field_qh4icy49199ea1d7\" id=\"field_qh4icy49199ea1d7_label\" class=\"frm_primary_label\">Pr\u00e9nom\r\n        <span class=\"frm_required\"><\/span>\r\n    <\/label>\r\n    <input  type=\"text\" id=\"field_qh4icy49199ea1d7\" name=\"item_meta[406]\" value=\"\"  placeholder=\"Entrez votre nom\" data-reqmsg=\"Ce champ ne peut pas \u00eatre vide.\" aria-required=\"true\" data-invmsg=\"Name is invalid\" aria-invalid=\"false\"   \/>\r\n    \r\n    \r\n<\/div>\n<div id=\"frm_field_407_container\" class=\"frm_form_field form-field  frm_required_field frm_top_container frm_full\">\r\n    <label for=\"field_953jh7\" id=\"field_953jh7_label\" class=\"frm_primary_label\">Nom de famille\r\n        <span class=\"frm_required\"><\/span>\r\n    <\/label>\r\n    <input  type=\"text\" id=\"field_953jh7\" name=\"item_meta[407]\" value=\"\"  placeholder=\"Saisissez votre nom de famille\" data-reqmsg=\"Ce champ ne peut pas \u00eatre vide.\" aria-required=\"true\" data-invmsg=\"Name is invalid\" aria-invalid=\"false\"   \/>\r\n    \r\n    \r\n<\/div>\n<div id=\"frm_field_408_container\" class=\"frm_form_field form-field  frm_required_field frm_top_container frm_full\">\r\n    <label for=\"field_29yf4de64b6e6a007\" id=\"field_29yf4de64b6e6a007_label\" class=\"frm_primary_label\">Email\r\n        <span class=\"frm_required\"><\/span>\r\n    <\/label>\r\n    <input type=\"email\" id=\"field_29yf4de64b6e6a007\" name=\"item_meta[408]\" value=\"\"  placeholder=\"Saisissez votre adresse e-mail\" data-reqmsg=\"Ce champ ne peut pas \u00eatre vide.\" aria-required=\"true\" data-invmsg=\"Email est invalide\" aria-invalid=\"false\"  \/>\r\n    \r\n    \r\n<\/div>\n<div id=\"frm_field_409_container\" class=\"frm_form_field form-field  frm_required_field frm_none_container vertical_radio\">\r\n    <div  id=\"field_t2z8kdfa71440037_label\" class=\"frm_primary_label\">Politique de confidentialit\u00e9\r\n        <span class=\"frm_required\">*<\/span>\r\n    <\/div>\r\n    <div class=\"frm_opt_container\" aria-labelledby=\"field_t2z8kdfa71440037_label\" role=\"group\">\t\t<div class=\"frm_checkbox\" id=\"frm_checkbox_409-0\">\t\t\t<label  for=\"field_t2z8kdfa71440037-0\">\n\t\t\t<input type=\"checkbox\" name=\"item_meta[409][]\" id=\"field_t2z8kdfa71440037-0\" value=\"J&#039;accepte votre &lt;a rel=&quot;nofollow&quot; target=&quot;_blank&quot;  href=&quot;https:\/\/portugalbiketours.com\/fr\/politique-de-confidentialite\/&quot;&gt;Politique de confidentialit\u00e9&lt;\/a&gt;\"  data-reqmsg=\"Ce champ ne peut pas \u00eatre vide.\" data-invmsg=\"Politique de confidentialit\u00e9 est invalide\"   aria-required=\"true\"  \/> J'accepte votre <a rel=\"nofollow\" target=\"_blank\" href=\"https:\/\/portugalbiketours.com\/fr\/politique-de-confidentialite\/\">Politique de confidentialit\u00e9<\/a><\/label><\/div>\n<\/div>\r\n    \r\n    \r\n<\/div>\n\t\t<input  type=\"hidden\" name=\"item_meta[410]\" id=\"field_m0iyv7\" value=\"Je souhaite m&#039;abonner \u00e0 la newsletter et recevoir des offres promotionnelles.\"  data-frmval=\"Je souhaite m&#039;abonner \u00e0 la newsletter et recevoir des offres promotionnelles.\"   \/>\n\t\t<div id=\"frm_field_474_container\" class=\"frm_form_field form-field  frm_top_container hided vertical_radio\">\n\t<div  id=\"field_koh8i_label\" class=\"frm_primary_label\">Check it\n\t\t<span class=\"frm_required\" aria-hidden=\"true\"><\/span>\n\t<\/div>\n\t<div class=\"frm_opt_container\" aria-labelledby=\"field_koh8i_label\" role=\"group\">\t\t<div class=\"frm_checkbox\" id=\"frm_checkbox_474-0\">\t\t\t<label  for=\"field_koh8i-0\">\n\t\t\t<input type=\"checkbox\" name=\"item_meta[474][]\" id=\"field_koh8i-0\" value=\"Check it\"  data-invmsg=\"Check it is invalid\"   \/> Check it<\/label><\/div>\n<\/div>\n\t\n\t\n<\/div>\n<div id=\"frm_field_411_container\" class=\"frm_form_field form-field \">\r\n\t<div class=\"frm_submit\">\r\n\r\n<button class=\"frm_button_submit frm_final_submit\" type=\"submit\"   formnovalidate=\"formnovalidate\">S&#039;abonner<\/button>\r\n\r\n<\/div>\r\n<\/div>\n\t<input type=\"hidden\" name=\"item_key\" value=\"\" \/>\n\t<input name=\"frm_state\" type=\"hidden\" value=\"LIkjk0j8VHa+yQcAbE3enL3TrjYtAQpkIavycIIRt63G3LSN\/PdbWbybxXdjILZx\" \/><\/div>\n<\/fieldset>\n<\/div>\n\n<\/form>\n<\/div>\n<\/div>\n<\/div>\n<\/div><\/div>\n<\/section>","protected":false},"excerpt":{"rendered":"<p>Accueil Inscrivez-vous \u00e0 notre newsletter Participez pour tenter de gagner des vacances \u00e0 v\u00e9lo pour deux ! Rejoignez d\u2019autres passionn\u00e9s de cyclisme et recevez des offres exclusives, de nouvelles destinations et planifiez vos prochaines vacances \u00e0 v\u00e9lo. De plus, rien que pour votre inscription \u00e0 notre newsletter, vous serez inscrit pour tenter de gagner un [&hellip;]<\/p>\n","protected":false},"author":1,"featured_media":261428,"parent":0,"menu_order":25,"comment_status":"closed","ping_status":"closed","template":"","meta":{"_acf_changed":false,"_seopress_robots_primary_cat":"","_seopress_titles_title":"Abonnez-vous \u00e0 la newsletter","_seopress_titles_desc":"Abonnez-vous \u00e0 la newsletter","_seopress_robots_index":"","_breakdance_hide_in_design_set":false,"_breakdance_tags":"","footnotes":""},"class_list":["post-261262","page","type-page","status-publish","has-post-thumbnail","hentry"],"acf":[],"_links":{"self":[{"href":"https:\/\/portugalbiketours.com\/fr\/wp-json\/wp\/v2\/pages\/261262","targetHints":{"allow":["GET"]}}],"collection":[{"href":"https:\/\/portugalbiketours.com\/fr\/wp-json\/wp\/v2\/pages"}],"about":[{"href":"https:\/\/portugalbiketours.com\/fr\/wp-json\/wp\/v2\/types\/page"}],"author":[{"embeddable":true,"href":"https:\/\/portugalbiketours.com\/fr\/wp-json\/wp\/v2\/users\/1"}],"replies":[{"embeddable":true,"href":"https:\/\/portugalbiketours.com\/fr\/wp-json\/wp\/v2\/comments?post=261262"}],"version-history":[{"count":0,"href":"https:\/\/portugalbiketours.com\/fr\/wp-json\/wp\/v2\/pages\/261262\/revisions"}],"wp:featuredmedia":[{"embeddable":true,"href":"https:\/\/portugalbiketours.com\/fr\/wp-json\/wp\/v2\/media\/261428"}],"wp:attachment":[{"href":"https:\/\/portugalbiketours.com\/fr\/wp-json\/wp\/v2\/media?parent=261262"}],"curies":[{"name":"wp","href":"https:\/\/api.w.org\/{rel}","templated":true}]}}