{"id":261268,"date":"2020-04-25T11:54:44","date_gmt":"2020-04-25T10:54:44","guid":{"rendered":"https:\/\/portugalbiketours.com\/clean-and-safe\/"},"modified":"2025-11-23T08:57:43","modified_gmt":"2025-11-23T08:57:43","slug":"clean-and-safe","status":"publish","type":"page","link":"https:\/\/portugalbiketours.com\/fr\/clean-and-safe\/","title":{"rendered":"Clean and Safe &#8211; Propre et s\u00fbr"},"content":{"rendered":"<section class=\"bde-section-261268-110 bde-section\">\n  \n  \n\t\n\n\n\n<div class=\"section-container\"><div class=\"bde-div-261268-111 bde-div\">\n  \n  \n\t\n\n\n\n<div class=\"bde-div-261268-112 bde-div\">\n              \n  \n  \n\t\n\n  <div class=\"section-background-overlay\"><\/div>\n\n\n<div class=\"bde-shortcode-261268-113 bde-shortcode dark-links\"><nav  aria-label=\"Fil d&#039;Ariane\"><ol class=\"breadcrumb\" itemscope itemtype=\"https:\/\/schema.org\/BreadcrumbList\"><li class=\"breadcrumb-item active\" aria-current=\"page\" itemprop=\"itemListElement\" itemscope itemtype=\"https:\/\/schema.org\/ListItem\"><span itemprop=\"name\">Accueil<\/span><meta itemprop=\"position\" content=\"1\"><\/li><\/ol><\/nav><\/div><div class=\"bde-div-261268-114 bde-div\">\n  \n  \n\t\n\n\n\n<h1 class=\"bde-heading-261268-115 bde-heading\">\nUn \u00e9tablissement \u00ab propre et s\u00fbr \u00bb, certifi\u00e9 par \u00ab Turismo de Portugal \u00bb\n<\/h1><div class=\"bde-text-261268-116 bde-text\">\nNotre entreprise est un \u00e9tablissement \u00ab propre et s\u00fbr \u00bb car elle suit les r\u00e8gles de sant\u00e9 et de s\u00e9curit\u00e9 \u00e9tablies par l'office national du tourisme portugais \u00ab Turismo de Portugal \u00bb.\n<\/div>\n<\/div>\n<\/div><div class=\"bde-div-261268-117 bde-div\">\n  \n  \n\t\n\n\n\n<div class=\"bde-rich-text-261268-118 bde-rich-text breakdance-rich-text-styles\">\n<div id=\"_rich_text-105-16\" class=\"oxy-rich-text marginb\"><div id=\"text_block-20-23\" class=\"ct-text-block bmargin01\"><div id=\"_rich_text-8-13471\" class=\"oxy-rich-text\">L'Organisation mondiale de la sant\u00e9 a d\u00e9clar\u00e9 le Coronavirus, agent causal de la Covid-19, comme une urgence de sant\u00e9 publique d'importance internationale. Pour \u00e9viter les risques et les infections en assurant un protocole interne qui d\u00e9finit les protocoles de pr\u00e9vention, de contr\u00f4le et de surveillance, notre entreprise d\u00e9clare suivre les protocoles d\u00e9finis par \"Turismo de Portugal\", en accord avec les orientations de la Direc\u00e7\u00e3o Geral da Sa\u00fade, ce qui lui permet d'\u00eatre consid\u00e9r\u00e9e comme un \u00e9tablissement \"Propre et S\u00fbr\".<\/div><img decoding=\"async\" id=\"image-9-13471\" class=\"ct-image\" src=\"https:\/\/portugalbiketours.com\/wp-content\/uploads\/2020\/04\/TDP_AS_Print_Original-1-300x300.png\" alt=\"\" \/><h2 id=\"headline-10-13471\" class=\"ct-headline mf140 marginb\">Formation interne et mise en place de proc\u00e9dures pour tout le personnel :<\/h2><div id=\"_rich_text-11-13471\" class=\"oxy-rich-text marginb\"><p>Notre personnel a \u00e9t\u00e9 inform\u00e9 et\/ou form\u00e9 sp\u00e9cifiquement sur les sujets suivants :<\/p><ul><li>Protocole interne concernant la pand\u00e9mie de Coronavirus Covid-19.<\/li><li>Comment suivre les mesures de pr\u00e9caution de base et le contr\u00f4le des infections concernant les proc\u00e9dures li\u00e9es au Coronavirus Covid-19 comme suit :<ul><li>Hygi\u00e8ne des mains : se laver fr\u00e9quemment les mains avec de l'eau et du savon pendant au moins 20 secondes ou utiliser un d\u00e9sinfectant pour les mains contenant au moins 70\u00ba d'alcool, en couvrant toutes les surfaces des mains et en les frottant jusqu'\u00e0 ce qu'elles soient s\u00e8ches.<\/li><li>\u00c9tiquette respiratoire : tousser ou \u00e9ternuer dans votre avant-bras fl\u00e9chi ou utiliser un mouchoir en papier, qui doit \u00eatre imm\u00e9diatement jet\u00e9 \u00e0 la poubelle ; hygi\u00e8ne des mains apr\u00e8s avoir touss\u00e9, \u00e9ternu\u00e9 ou s'\u00eatre mouch\u00e9 ; \u00e9viter de toucher ses yeux, son nez et sa bouche avec les mains ;<\/li><li>Conduite sociale : modifier la fr\u00e9quence et les modes de contact au sein du personnel et entre le personnel et les clients, en \u00e9vitant (dans la mesure du possible) tout contact rapproch\u00e9, les poign\u00e9es de main, les baisers, les espaces de travail partag\u00e9s, les r\u00e9unions en pr\u00e9sentiel ainsi que le partage de nourriture, d'ustensiles, de verres et de serviettes.<\/li><\/ul><\/li><\/ul><p>Comment effectuer un auto-suivi quotidien pour \u00e9valuer la fi\u00e8vre (mesurer la temp\u00e9rature corporelle deux fois par jour et enregistrer la valeur et l'heure des r\u00e9sultats), en v\u00e9rifiant toute toux ou difficult\u00e9 respiratoire.<\/p><p>Comment suivre les recommandations de la \"Direc\u00e7\u00e3o Geral da Sa\u00fade\" pour la d\u00e9sinfection de toutes les surfaces et le lavage des v\u00eatements utilis\u00e9s dans nos \u00e9tablissements.<\/p><\/div><h3 id=\"headline-12-13471\" class=\"ct-headline marginb mf130\">Information \u00e0 tous les clients :<\/h3><div id=\"_rich_text-13-13471\" class=\"oxy-rich-text marginb\"><p>Tous les clients sont inform\u00e9s des \u00e9l\u00e9ments suivants :<\/p><ul><li>Comment respecter les pr\u00e9cautions de base et le contr\u00f4le des infections concernant l'\u00e9pid\u00e9mie de coronavirus.<\/li><li>Quel est le protocole interne concernant l'\u00e9pid\u00e9mie de Coronavirus Covid-19.<\/li><\/ul><\/div><h3 id=\"headline-14-13471\" class=\"ct-headline marginb mf130\">L'\u00e9tablissement dispose de :<\/h3><div id=\"_rich_text-15-13471\" class=\"oxy-rich-text marginb\"><p>\u00c9quipements de protection individuelle en nombre suffisant pour tout le personnel impliqu\u00e9 dans les activit\u00e9s.<\/p><p>\u00c9quipements de protection individuelle pour les clients (capacit\u00e9 maximale des groupes)<\/p><\/div><h3 id=\"headline-16-13471\" class=\"ct-headline marginb mf130\">Le protocole interne de nettoyage et d'hygi\u00e9nisation garantit :<\/h3><div id=\"_rich_text-17-13471\" class=\"oxy-rich-text marginb\"><p>Le lavage \u00e0 haute temp\u00e9rature de tous les v\u00eatements et autres accessoires port\u00e9s lors des activit\u00e9s (serviettes, tenue de cyclisme), pour tout le personnel et les clients (environ 60\u00baC).<\/p><p>La mise \u00e0 disposition de d\u00e9sinfectant pour les mains \u00e0 base d'alcool, lorsque cela est justifi\u00e9, aux participants de toutes les activit\u00e9s.<\/p><p>L'hygi\u00e9nisation ou la d\u00e9sinfection de tout le mat\u00e9riel utilis\u00e9, apr\u00e8s chaque activit\u00e9, selon les r\u00e8gles appliqu\u00e9es \u00e0 chaque type de mat\u00e9riel.<\/p><p>L'hygi\u00e9nisation ou la d\u00e9sinfection de tous les transports utilis\u00e9s, apr\u00e8s chaque activit\u00e9, et selon les r\u00e8gles appliqu\u00e9es \u00e0 chaque type de mat\u00e9riel de transport.<\/p><\/div><h3 id=\"headline-18-13471\" class=\"ct-headline marginb mf130\">L'organisation du service assure :<\/h3><div id=\"_rich_text-19-13471\" class=\"oxy-rich-text marginb\"><p>Le maintien de la distanciation sociale entre les participants \u00e0 toutes les activit\u00e9s, conform\u00e9ment aux recommandations de la \"Direc\u00e7\u00e3o Geral da Sa\u00fade\".<\/p><p>La capacit\u00e9 maximale des transports utilis\u00e9s lors des activit\u00e9s, conform\u00e9ment aux recommandations de la \"Direc\u00e7\u00e3o Geral da Sa\u00fade\".<\/p><p>La diffusion des informations concernant les activit\u00e9s, de pr\u00e9f\u00e9rence via des plateformes num\u00e9riques\/en ligne.<\/p><p>Le respect des protocoles internes d'hygi\u00e9nisation et de s\u00e9curit\u00e9 par les partenaires impliqu\u00e9s dans les activit\u00e9s.<\/p><p>Qu'il y ait toujours un membre responsable du personnel pr\u00eat \u00e0 mettre en \u0153uvre les proc\u00e9dures en cas de suspicion d'infection (accompagner le client pr\u00e9sentant des sympt\u00f4mes vers l'espace d'isolement, lui fournir l'assistance n\u00e9cessaire et contacter le Service National de Sant\u00e9).<\/p><p>Le stockage de tous les d\u00e9chets produits par les malades suspects d'\u00eatre infect\u00e9s est effectu\u00e9 dans un sac plastique qui, une fois scell\u00e9, doit \u00eatre mis \u00e0 part et envoy\u00e9 \u00e0 un op\u00e9rateur agr\u00e9\u00e9 pour la gestion des d\u00e9chets hospitaliers \u00e0 risque biologique.<\/p><\/div><\/div><\/div>\n<\/div>\n<\/div>\n<\/div><\/div>\n<\/section>","protected":false},"excerpt":{"rendered":"<p>Accueil Un \u00e9tablissement \u00ab propre et s\u00fbr \u00bb, certifi\u00e9 par \u00ab Turismo de Portugal \u00bb Notre entreprise est un \u00e9tablissement \u00ab propre et s\u00fbr \u00bb car elle suit les r\u00e8gles de sant\u00e9 et de s\u00e9curit\u00e9 \u00e9tablies par l&rsquo;office national du tourisme portugais \u00ab Turismo de Portugal \u00bb. L&rsquo;Organisation mondiale de la sant\u00e9 a d\u00e9clar\u00e9 le [&hellip;]<\/p>\n","protected":false},"author":1,"featured_media":261428,"parent":0,"menu_order":27,"comment_status":"closed","ping_status":"closed","template":"","meta":{"_acf_changed":false,"_seopress_robots_primary_cat":"","_seopress_titles_title":"Clean and Safe - Propre et s\u00fbr","_seopress_titles_desc":"Live Love Ride est un \u00e9tablissement \u00abpropre et s\u00fbr\u00bb, qui respecte les r\u00e8gles de sant\u00e9 et de s\u00e9curit\u00e9 \u00e9tablies par le bureau national du tourisme portugais","_seopress_robots_index":"","_breakdance_hide_in_design_set":false,"_breakdance_tags":"","footnotes":""},"class_list":["post-261268","page","type-page","status-publish","has-post-thumbnail","hentry"],"acf":[],"_links":{"self":[{"href":"https:\/\/portugalbiketours.com\/fr\/wp-json\/wp\/v2\/pages\/261268","targetHints":{"allow":["GET"]}}],"collection":[{"href":"https:\/\/portugalbiketours.com\/fr\/wp-json\/wp\/v2\/pages"}],"about":[{"href":"https:\/\/portugalbiketours.com\/fr\/wp-json\/wp\/v2\/types\/page"}],"author":[{"embeddable":true,"href":"https:\/\/portugalbiketours.com\/fr\/wp-json\/wp\/v2\/users\/1"}],"replies":[{"embeddable":true,"href":"https:\/\/portugalbiketours.com\/fr\/wp-json\/wp\/v2\/comments?post=261268"}],"version-history":[{"count":0,"href":"https:\/\/portugalbiketours.com\/fr\/wp-json\/wp\/v2\/pages\/261268\/revisions"}],"wp:featuredmedia":[{"embeddable":true,"href":"https:\/\/portugalbiketours.com\/fr\/wp-json\/wp\/v2\/media\/261428"}],"wp:attachment":[{"href":"https:\/\/portugalbiketours.com\/fr\/wp-json\/wp\/v2\/media?parent=261268"}],"curies":[{"name":"wp","href":"https:\/\/api.w.org\/{rel}","templated":true}]}}