{"id":261271,"date":"2025-11-11T07:02:00","date_gmt":"2025-11-11T07:02:00","guid":{"rendered":"https:\/\/portugalbiketours.com\/spl\/"},"modified":"2025-11-23T08:57:43","modified_gmt":"2025-11-23T08:57:43","slug":"spl","status":"publish","type":"page","link":"https:\/\/portugalbiketours.com\/fr\/spl\/","title":{"rendered":"Start Planning"},"content":{"rendered":"<section class=\"bde-section-261271-110 bde-section\">\n  \n  \n\t\n\n\n\n<div class=\"section-container\"><div class=\"bde-div-261271-111 bde-div\">\n  \n  \n\t\n\n\n\n<div class=\"bde-div-261271-112 bde-div\">\n  \n  \n\t\n\n\n\n<img decoding=\"async\" class=\"bde-image2-261271-113 bde-image2\" src=\"https:\/\/portugalbiketours.com\/wp-content\/uploads\/2021\/01\/portugal-bike-tours-cycling-holidays-live-love-ride.svg\" loading=\"lazy\" sizes=\"(max-width: 604px) 100vw, 604px\">\n<\/div><div class=\"bde-div-261271-114 bde-div\">\n  \n  \n\t\n\n\n\n<div class=\"bde-text-261271-115 bde-text\">\nParlons de vos projets de circuit \u00e0 v\u00e9lo, d\u2019accord ?\n<\/div>\n<\/div><div class=\"bde-div-261271-116 bde-div\">\n  \n  \n\t\n\n\n\n<div class=\"bde-text-261271-117 bde-text\">\nParlez-moi un peu de ce que vous recherchez, et votre expert en circuits \u00e0 v\u00e9lo au Portugal vous aidera \u00e0 concevoir vos vacances \u00e0 v\u00e9lo parfaites, selon vos besoins.\n<\/div>\n<\/div><div class=\"bde-div-261271-118 bde-div\">\n  \n  \n\t\n\n\n\n<div class=\"bde-shortcode-261271-119 bde-shortcode\"><div class=\"frm_forms  with_frm_style frm_style_conversational frm_chat_form_cont\" id=\"frm_form_12_container\" data-token=\"25de256fb1b0d67a7b4de7c924b4809d\">\n<form enctype=\"multipart\/form-data\" method=\"post\" class=\"frm-show-form  frm_js_validate  frm_ajax_submit  frm_pro_form  frm_logic_form \" id=\"form_start-planning-global-pt\" data-token=\"25de256fb1b0d67a7b4de7c924b4809d\">\n<div class=\"frm_form_fields \">\n<fieldset>\n<legend class=\"frm_screen_reader\">Start planning global PT<\/legend>\r\n\r\n<div class=\"frm_chat_form frm_fields_container\">\n<input type=\"hidden\" name=\"frm_action\" value=\"create\" \/>\n<div class=\"frm_active_chat_field frm_chat_start_page\" style=\"--title-margin-bottom: 25px;\" tabindex=\"0\"><div class=\"frm_submit frm_chat_start_wrapper\"><button class=\"button button-primary frm-button-primary frm_chat_start\">Let&#039;s Get Started!<\/button><span class=\"frm_press_enter\">appuyer <strong>Valider<\/strong> <svg width=\"16\" height=\"11\" fill=\"none\" xmlns=\"http:\/\/www.w3.org\/2000\/svg\" viewBox=\"0 0 16 11\"><path fill=\"currentColor\" d=\"M15.3 6c0 .7-.3 1.2-.7 1.7a2.2 2.2 0 0 1-1.7.7H7.4v2.3L.6 7.5l6.8-3.2v2.3H12c.3 0 .6-.1.8-.3.3-.2.4-.5.4-.8V.7h2V6Z\"\/><\/svg><\/span><\/div><\/div><input type=\"hidden\" name=\"form_id\" value=\"12\" \/>\n<input type=\"hidden\" name=\"frm_hide_fields_12\" id=\"frm_hide_fields_12\" value=\"\" \/>\n<input type=\"hidden\" name=\"form_key\" value=\"start-planning-global-pt\" \/>\n<input type=\"hidden\" name=\"item_meta[0]\" value=\"\" \/>\n<input type=\"hidden\" id=\"frm_submit_entry_12\" name=\"frm_submit_entry_12\" value=\"bc711acbcd\" \/><input type=\"hidden\" name=\"_wp_http_referer\" value=\"\/fr\/wp-json\/wp\/v2\/pages\/261271\" \/>\t\t<input  type=\"hidden\" name=\"item_meta[236]\" id=\"field_msmqr45\" value=\"01\/05\/2026 04:23:00\"  data-frmval=\"01\/05\/2026 04:23:00\"   \/>\n\t\t\t\t<input  type=\"hidden\" name=\"item_meta[237]\" id=\"field_5vp2045\" value=\"Start Planning\"  data-frmval=\"Start Planning\"   \/>\n\t\t\t\t<input  type=\"hidden\" name=\"item_meta[238]\" id=\"field_l765d45\" value=\"https:\/\/portugalbiketours.com\/pt-pt\/fr\/wp-json\/wp\/v2\/pages\/261271\"  data-frmval=\"https:\/\/portugalbiketours.com\/pt-pt\/fr\/wp-json\/wp\/v2\/pages\/261271\"   \/>\n\t\t<div id=\"frm_field_239_container\" class=\"frm_form_field frm_inactive_chat_field frm_autoadvance form-field  frm_required_field frm_top_container vertical_radio frm_display_format_buttons frm_text_align_left\">\r\n\t<div  id=\"field_yg4ni5_label\" class=\"frm_primary_label\">How far along are you in your trip planning process?\r\n\t\t<span class=\"frm_required\" aria-hidden=\"true\">*<\/span>\r\n\t<\/div>\r\n\t<div class=\"frm_opt_container\" aria-labelledby=\"field_yg4ni5_label\" role=\"radiogroup\" aria-required=\"true\">\t\t<div class=\"frm_radio\" id=\"frm_radio_239-0\">\t\t\t<label  for=\"field_yg4ni5-0\">\n\t\t\t\t\t<input type=\"radio\" name=\"item_meta[239]\" id=\"field_yg4ni5-0\" value=\"[A] I\u2019m just looking around\"\n\t\t data-reqmsg=\"How far along are you in your trip planning process? cannot be blank.\" data-invmsg=\"How far along are you in your trip planning process? est non valide\"   \/> <div class=\"frm_label_button_container\">[A] I\u2019m just looking around<\/div><\/label><\/div>\n\t\t<div class=\"frm_radio\" id=\"frm_radio_239-1\">\t\t\t<label  for=\"field_yg4ni5-1\">\n\t\t\t\t\t<input type=\"radio\" name=\"item_meta[239]\" id=\"field_yg4ni5-1\" value=\"[B] I\u2019m planning my trip\"\n\t\t data-reqmsg=\"How far along are you in your trip planning process? cannot be blank.\" data-invmsg=\"How far along are you in your trip planning process? est non valide\"   \/> <div class=\"frm_label_button_container\">[B] I\u2019m planning my trip<\/div><\/label><\/div>\n\t\t<div class=\"frm_radio\" id=\"frm_radio_239-2\">\t\t\t<label  for=\"field_yg4ni5-2\">\n\t\t\t\t\t<input type=\"radio\" name=\"item_meta[239]\" id=\"field_yg4ni5-2\" value=\"[C] I\u2019m ready to book\"\n\t\t data-reqmsg=\"How far along are you in your trip planning process? cannot be blank.\" data-invmsg=\"How far along are you in your trip planning process? est non valide\"   \/> <div class=\"frm_label_button_container\">[C] I\u2019m ready to book<\/div><\/label><\/div>\n<\/div>\r\n\t\r\n\t\r\n<\/div>\n<div id=\"frm_field_240_container\" class=\"frm_form_field frm_inactive_chat_field frm_autoadvance form-field  frm_required_field frm_top_container vertical_radio frm_display_format_buttons frm_text_align_left\">\r\n\t<div  id=\"field_qdy5v5_label\" class=\"frm_primary_label\">Which best describes your group?\r\n\t\t<span class=\"frm_required\" aria-hidden=\"true\">*<\/span>\r\n\t<\/div>\r\n\t<div class=\"frm_opt_container\" aria-labelledby=\"field_qdy5v5_label\" role=\"radiogroup\" aria-required=\"true\">\t\t<div class=\"frm_radio\" id=\"frm_radio_240-0\">\t\t\t<label  for=\"field_qdy5v5-0\">\n\t\t\t\t\t<input type=\"radio\" name=\"item_meta[240]\" id=\"field_qdy5v5-0\" value=\"[A] We\u2019re a family\"\n\t\t data-reqmsg=\"Which best describes your group? cannot be blank.\" data-invmsg=\"Which best describes your group? est non valide\"   \/> <div class=\"frm_label_button_container\">[A] We\u2019re a family<\/div><\/label><\/div>\n\t\t<div class=\"frm_radio\" id=\"frm_radio_240-1\">\t\t\t<label  for=\"field_qdy5v5-1\">\n\t\t\t\t\t<input type=\"radio\" name=\"item_meta[240]\" id=\"field_qdy5v5-1\" value=\"[B] We\u2019re a group of friends\"\n\t\t data-reqmsg=\"Which best describes your group? cannot be blank.\" data-invmsg=\"Which best describes your group? est non valide\"   \/> <div class=\"frm_label_button_container\">[B] We\u2019re a group of friends<\/div><\/label><\/div>\n\t\t<div class=\"frm_radio\" id=\"frm_radio_240-2\">\t\t\t<label  for=\"field_qdy5v5-2\">\n\t\t\t\t\t<input type=\"radio\" name=\"item_meta[240]\" id=\"field_qdy5v5-2\" value=\"[C] We\u2019re a couple\"\n\t\t data-reqmsg=\"Which best describes your group? cannot be blank.\" data-invmsg=\"Which best describes your group? est non valide\"   \/> <div class=\"frm_label_button_container\">[C] We\u2019re a couple<\/div><\/label><\/div>\n\t\t<div class=\"frm_radio\" id=\"frm_radio_240-4\">\t\t\t<label  for=\"field_qdy5v5-4\">\n\t\t\t\t\t<input type=\"radio\" name=\"item_meta[240]\" id=\"field_qdy5v5-4\" value=\"[D] I\u2019m a solo traveler\"\n\t\t data-reqmsg=\"Which best describes your group? cannot be blank.\" data-invmsg=\"Which best describes your group? est non valide\"   \/> <div class=\"frm_label_button_container\">[D] I\u2019m a solo traveler<\/div><\/label><\/div>\n<\/div>\r\n\t\r\n\t\r\n<\/div>\n<div id=\"frm_field_241_container\" class=\"frm_form_field frm_inactive_chat_field form-field  frm_required_field frm_top_container\">\r\n\t<label for=\"field_duqvu5\" id=\"field_duqvu5_label\" class=\"frm_primary_label\">How many of you are there?\r\n\t\t<span class=\"frm_required\" aria-hidden=\"true\">*<\/span>\r\n\t<\/label>\r\n\t<textarea name=\"item_meta[241]\" id=\"field_duqvu5\" rows=\"3\"  data-reqmsg=\"How many of you are there? cannot be blank.\" aria-required=\"true\" data-invmsg=\"How many of you are there? is invalid\" aria-invalid=\"false\"  ><\/textarea>\r\n\t\r\n\t\r\n<\/div>\n<div id=\"frm_field_242_container\" class=\"frm_form_field frm_inactive_chat_field frm_autoadvance form-field  frm_top_container vertical_radio frm_display_format_buttons frm_text_align_left\">\r\n\t<div  id=\"field_o5sf85_label\" class=\"frm_primary_label\">How would you rate your cycling ability?\r\n\t\t<span class=\"frm_required\" aria-hidden=\"true\"><\/span>\r\n\t<\/div>\r\n\t<div class=\"frm_opt_container\" aria-labelledby=\"field_o5sf85_label\" role=\"radiogroup\">\t\t<div class=\"frm_radio\" id=\"frm_radio_242-0\">\t\t\t<label  for=\"field_o5sf85-0\">\n\t\t\t\t\t<input type=\"radio\" name=\"item_meta[242]\" id=\"field_o5sf85-0\" value=\"[A] Beginner\"\n\t\t data-invmsg=\"How would you rate your cycling ability? est non valide\"   \/> <div class=\"frm_label_button_container\">[A] Beginner<\/div><\/label><\/div>\n\t\t<div class=\"frm_radio\" id=\"frm_radio_242-1\">\t\t\t<label  for=\"field_o5sf85-1\">\n\t\t\t\t\t<input type=\"radio\" name=\"item_meta[242]\" id=\"field_o5sf85-1\" value=\"[B] Intermediate\"\n\t\t data-invmsg=\"How would you rate your cycling ability? est non valide\"   \/> <div class=\"frm_label_button_container\">[B] Intermediate<\/div><\/label><\/div>\n\t\t<div class=\"frm_radio\" id=\"frm_radio_242-2\">\t\t\t<label  for=\"field_o5sf85-2\">\n\t\t\t\t\t<input type=\"radio\" name=\"item_meta[242]\" id=\"field_o5sf85-2\" value=\"[C] Experienced\"\n\t\t data-invmsg=\"How would you rate your cycling ability? est non valide\"   \/> <div class=\"frm_label_button_container\">[C] Experienced<\/div><\/label><\/div>\n<\/div>\r\n\t\r\n\t\r\n<\/div>\n<div id=\"frm_field_243_container\" class=\"frm_form_field frm_inactive_chat_field frm_autoadvance form-field  frm_top_container vertical_radio frm_display_format_buttons frm_text_align_left\">\r\n\t<div  id=\"field_31uz55_label\" class=\"frm_primary_label\">Which type of bike would you prefer to ride on your tour?\r\n\t\t<span class=\"frm_required\" aria-hidden=\"true\"><\/span>\r\n\t<\/div>\r\n\t<div class=\"frm_opt_container\" aria-labelledby=\"field_31uz55_label\" role=\"radiogroup\">\t\t<div class=\"frm_radio\" id=\"frm_radio_243-0\">\t\t\t<label  for=\"field_31uz55-0\">\n\t\t\t\t\t<input type=\"radio\" name=\"item_meta[243]\" id=\"field_31uz55-0\" value=\"[A] Road bike\"\n\t\t data-invmsg=\"Which type of bike would you prefer to ride on your tour? est non valide\"   \/> <div class=\"frm_label_button_container\">[A] Road bike<\/div><\/label><\/div>\n\t\t<div class=\"frm_radio\" id=\"frm_radio_243-1\">\t\t\t<label  for=\"field_31uz55-1\">\n\t\t\t\t\t<input type=\"radio\" name=\"item_meta[243]\" id=\"field_31uz55-1\" value=\"[B] Touring bike\"\n\t\t data-invmsg=\"Which type of bike would you prefer to ride on your tour? est non valide\"   \/> <div class=\"frm_label_button_container\">[B] Touring bike<\/div><\/label><\/div>\n\t\t<div class=\"frm_radio\" id=\"frm_radio_243-2\">\t\t\t<label  for=\"field_31uz55-2\">\n\t\t\t\t\t<input type=\"radio\" name=\"item_meta[243]\" id=\"field_31uz55-2\" value=\"[C] E-bike\"\n\t\t data-invmsg=\"Which type of bike would you prefer to ride on your tour? est non valide\"   \/> <div class=\"frm_label_button_container\">[C] E-bike<\/div><\/label><\/div>\n\t\t<div class=\"frm_radio\" id=\"frm_radio_243-3\">\t\t\t<label  for=\"field_31uz55-3\">\n\t\t\t\t\t<input type=\"radio\" name=\"item_meta[243]\" id=\"field_31uz55-3\" value=\"[D] Mountain bike\"\n\t\t data-invmsg=\"Which type of bike would you prefer to ride on your tour? est non valide\"   \/> <div class=\"frm_label_button_container\">[D] Mountain bike<\/div><\/label><\/div>\n<\/div>\r\n\t\r\n\t\r\n<\/div>\n<div id=\"frm_field_244_container\" class=\"frm_form_field frm_inactive_chat_field frm_autoadvance form-field  frm_top_container vertical_radio frm_display_format_buttons frm_text_align_left\">\r\n\t<div  id=\"field_rvg3a5_label\" class=\"frm_primary_label\">Which tour type are you looking for?\r\n\t\t<span class=\"frm_required\" aria-hidden=\"true\"><\/span>\r\n\t<\/div>\r\n\t<div class=\"frm_opt_container\" aria-labelledby=\"field_rvg3a5_label\" role=\"radiogroup\">\t\t<div class=\"frm_radio\" id=\"frm_radio_244-0\">\t\t\t<label  for=\"field_rvg3a5-0\">\n\t\t\t\t\t<input type=\"radio\" name=\"item_meta[244]\" id=\"field_rvg3a5-0\" value=\"[A] Self-guided\"\n\t\t data-invmsg=\"Which tour type are you looking for? est non valide\"   \/> <div class=\"frm_label_button_container\">[A] Self-guided<\/div><\/label><\/div>\n\t\t<div class=\"frm_radio\" id=\"frm_radio_244-1\">\t\t\t<label  for=\"field_rvg3a5-1\">\n\t\t\t\t\t<input type=\"radio\" name=\"item_meta[244]\" id=\"field_rvg3a5-1\" value=\"[B] Guided\"\n\t\t data-invmsg=\"Which tour type are you looking for? est non valide\"   \/> <div class=\"frm_label_button_container\">[B] Guided<\/div><\/label><\/div>\n\t\t<div class=\"frm_radio\" id=\"frm_radio_244-2\">\t\t\t<label  for=\"field_rvg3a5-2\">\n\t\t\t\t\t<input type=\"radio\" name=\"item_meta[244]\" id=\"field_rvg3a5-2\" value=\"[C] Premium\"\n\t\t data-invmsg=\"Which tour type are you looking for? est non valide\"   \/> <div class=\"frm_label_button_container\">[C] Premium<\/div><\/label><\/div>\n<\/div>\r\n\t\r\n\t\r\n<\/div>\n<div id=\"frm_field_245_container\" class=\"frm_form_field frm_inactive_chat_field frm_autoadvance form-field  frm_top_container vertical_radio frm_display_format_buttons frm_text_align_left\">\r\n\t<div  id=\"field_iy0r35_label\" class=\"frm_primary_label\">Would you prefer to join a group or take a private tour?\r\n\t\t<span class=\"frm_required\" aria-hidden=\"true\"><\/span>\r\n\t<\/div>\r\n\t<div class=\"frm_opt_container\" aria-labelledby=\"field_iy0r35_label\" role=\"radiogroup\">\t\t<div class=\"frm_radio\" id=\"frm_radio_245-0\">\t\t\t<label  for=\"field_iy0r35-0\">\n\t\t\t\t\t<input type=\"radio\" name=\"item_meta[245]\" id=\"field_iy0r35-0\" value=\"[A] Join a Group Tour\"\n\t\t data-invmsg=\"Would you prefer to join a group or take a private tour? est non valide\"   \/> <div class=\"frm_label_button_container\">[A] Join a Group Tour<\/div><\/label><\/div>\n\t\t<div class=\"frm_radio\" id=\"frm_radio_245-1\">\t\t\t<label  for=\"field_iy0r35-1\">\n\t\t\t\t\t<input type=\"radio\" name=\"item_meta[245]\" id=\"field_iy0r35-1\" value=\"[B] Take a Private Tour\"\n\t\t data-invmsg=\"Would you prefer to join a group or take a private tour? est non valide\"   \/> <div class=\"frm_label_button_container\">[B] Take a Private Tour<\/div><\/label><\/div>\n<\/div>\r\n\t\r\n\t\r\n<\/div>\n<div id=\"frm_field_246_container\" class=\"frm_form_field frm_inactive_chat_field form-field  frm_required_field frm_top_container\">\r\n\t<label for=\"field_eugwk5\" id=\"field_eugwk5_label\" class=\"frm_primary_label\">When do you want to go on your bike tour?\r\n\t\t<span class=\"frm_required\" aria-hidden=\"true\">*<\/span>\r\n\t<\/label>\r\n\t<textarea name=\"item_meta[246]\" id=\"field_eugwk5\" rows=\"3\"  data-reqmsg=\"When do you want to go on your bike tour? cannot be blank.\" aria-required=\"true\" data-invmsg=\"When do you want to go on your bike tour? is invalid\" aria-invalid=\"false\"   aria-describedby=\"frm_desc_field_eugwk5\"><\/textarea>\r\n\t<div class=\"frm_description\" id=\"frm_desc_field_eugwk5\">If you're not sure of the exact date, just give me a rough idea of when you'd like to go<\/div>\r\n\t\r\n<\/div>\n<div id=\"frm_field_247_container\" class=\"frm_form_field frm_inactive_chat_field form-field  frm_required_field frm_top_container\">\r\n\t<label for=\"field_4z4al4\" id=\"field_4z4al4_label\" class=\"frm_primary_label\">Do you have any particular destinations or sights in Portugal in mind?\r\n\t\t<span class=\"frm_required\" aria-hidden=\"true\">*<\/span>\r\n\t<\/label>\r\n\t<textarea name=\"item_meta[247]\" id=\"field_4z4al4\" rows=\"3\"  data-reqmsg=\"Do you have any particular destinations or sights in Portugal in mind? cannot be blank.\" aria-required=\"true\" data-invmsg=\"Do you have any particular destinations or sights in Portugal in mind? is invalid\" aria-invalid=\"false\"  ><\/textarea>\r\n\t\r\n\t\r\n<\/div>\n<div id=\"frm_field_248_container\" class=\"frm_form_field frm_inactive_chat_field form-field  frm_required_field frm_top_container\">\r\n\t<label for=\"field_l0bt35\" id=\"field_l0bt35_label\" class=\"frm_primary_label\">Is there anything else you\u2019d like to tell us about your trip?\r\n\t\t<span class=\"frm_required\" aria-hidden=\"true\">*<\/span>\r\n\t<\/label>\r\n\t<textarea name=\"item_meta[248]\" id=\"field_l0bt35\" rows=\"3\"  data-reqmsg=\"Is there anything else you\u2019d like to tell us about your trip? cannot be blank.\" aria-required=\"true\" data-invmsg=\"Is there anything else you\u2019d like to tell us about your trip? is invalid\" aria-invalid=\"false\"  ><\/textarea>\r\n\t\r\n\t\r\n<\/div>\n<div id=\"frm_field_249_container\" class=\"frm_form_field frm_inactive_chat_field form-field  frm_required_field frm_top_container frm_full\">\r\n    <label for=\"field_qh4icy545\" id=\"field_qh4icy545_label\" class=\"frm_primary_label\">Nearly there! Now I just need a few contact details...\r\n        <span class=\"frm_required\"><\/span>\r\n    <\/label>\r\n    <input  type=\"text\" id=\"field_qh4icy545\" name=\"item_meta[249]\" value=\"\"  placeholder=\"What&#039;s your first name?\" data-reqmsg=\"Nearly there! Now I just need a few contact details... cannot be blank.\" aria-required=\"true\" data-invmsg=\"Name is invalid\" aria-invalid=\"false\"   \/>\r\n    \r\n    \r\n<\/div>\n<div id=\"frm_field_250_container\" class=\"frm_form_field frm_inactive_chat_field form-field  frm_required_field frm_top_container frm_full\">\r\n    <label for=\"field_29d6c45\" id=\"field_29d6c45_label\" class=\"frm_primary_label\">Last name\r\n        <span class=\"frm_required\"><\/span>\r\n    <\/label>\r\n    <input  type=\"text\" id=\"field_29d6c45\" name=\"item_meta[250]\" value=\"\"  placeholder=\"And your last name?\" data-reqmsg=\"Last name cannot be blank.\" aria-required=\"true\" data-invmsg=\"Name is invalid\" aria-invalid=\"false\"   \/>\r\n    \r\n    \r\n<\/div>\n<div id=\"frm_field_251_container\" class=\"frm_form_field frm_inactive_chat_field form-field  frm_required_field frm_top_container frm_full\">\r\n    <label for=\"field_29yf4d545\" id=\"field_29yf4d545_label\" class=\"frm_primary_label\">And what's the best email address to contact you on?\r\n        <span class=\"frm_required\"><\/span>\r\n    <\/label>\r\n    <input type=\"email\" id=\"field_29yf4d545\" name=\"item_meta[251]\" value=\"\"  placeholder=\"Enter your e-mail address\" data-reqmsg=\"And what&#039;s the best email address to contact you on? cannot be blank.\" aria-required=\"true\" data-invmsg=\"Please enter a valid email address\" aria-invalid=\"false\"  \/>\r\n    \r\n    \r\n<\/div>\n<div id=\"frm_field_252_container\" class=\"frm_form_field frm_inactive_chat_field form-field  frm_top_container\">\r\n    <label for=\"field_emhzc45\" id=\"field_emhzc45_label\" class=\"frm_primary_label\">In case we can't get in contact with you via email, please can you provide us with your phone number?\r\n        <span class=\"frm_required\" aria-hidden=\"true\"><\/span>\r\n    <\/label>\r\n    <input  type=\"text\" id=\"field_emhzc45\" name=\"item_meta[252]\" value=\"\"  placeholder=\"Enter your phone number\" data-invmsg=\"Text is invalid\" aria-invalid=\"false\"   \/>\r\n    \r\n    \r\n<\/div>\n<div id=\"frm_field_253_container\" class=\"frm_form_field frm_inactive_chat_field form-field  frm_required_field frm_top_container vertical_radio\">\r\n    <div  id=\"field_t2z8k545_label\" class=\"frm_primary_label\">By submitting this form, you agree to the terms of the Live Love Ride Privacy Policy\r\n        <span class=\"frm_required\">*<\/span>\r\n    <\/div>\r\n    <div class=\"frm_opt_container\" aria-labelledby=\"field_t2z8k545_label\" role=\"group\">\t\t<div class=\"frm_checkbox\" id=\"frm_checkbox_253-0\">\t\t\t<label  for=\"field_t2z8k545-0\">\n\t\t\t<input type=\"checkbox\" name=\"item_meta[253][]\" id=\"field_t2z8k545-0\" value=\"I accept your &lt;a rel=&quot;nofollow&quot; target=&quot;_blank&quot; href=&quot;https:\/\/portugalbiketours.com\/privacy-policy\/&quot;&gt;Privacy Policy&lt;\/a&gt;\"  data-reqmsg=\"By submitting this form, you agree to the terms of the Live Love Ride Privacy Policy cannot be blank.\" data-invmsg=\"By submitting this form, you agree to the terms of the Live Love Ride Privacy Policy is invalid\"   aria-required=\"true\"  \/> I accept your <a rel=\"nofollow\" target=\"_blank\" href=\"https:\/\/portugalbiketours.com\/privacy-policy\/\">Privacy Policy<\/a><\/label><\/div>\n<\/div>\r\n    \r\n    \r\n<\/div>\n<div id=\"frm_field_463_container\" class=\"frm_form_field frm_inactive_chat_field form-field  frm_top_container hided vertical_radio\">\n\t<div  id=\"field_5y7yv_label\" class=\"frm_primary_label\">Check it\n\t\t<span class=\"frm_required\" aria-hidden=\"true\"><\/span>\n\t<\/div>\n\t<div class=\"frm_opt_container\" aria-labelledby=\"field_5y7yv_label\" role=\"group\">\t\t<div class=\"frm_checkbox\" id=\"frm_checkbox_463-0\">\t\t\t<label  for=\"field_5y7yv-0\">\n\t\t\t<input type=\"checkbox\" name=\"item_meta[463][]\" id=\"field_5y7yv-0\" value=\"Check it\"  data-invmsg=\"Check it is invalid\"   \/> Check it<\/label><\/div>\n<\/div>\n\t\n\t\n<\/div>\n<div id=\"frm_field_254_container\" class=\"frm_form_field frm_inactive_chat_field form-field \">\r\n\t<div class=\"frm_submit\">\r\n\r\n<button class=\"frm_button_submit frm_final_submit\" type=\"submit\"   formnovalidate=\"formnovalidate\">SUBMIT<\/button>\r\n\r\n<\/div>\r\n<\/div>\n\t<input type=\"hidden\" name=\"item_key\" value=\"\" \/>\n\t<input name=\"frm_state\" type=\"hidden\" value=\"LIkjk0j8VHa+yQcAbE3enIeHEYve\/NrJ6ca03iPKhUDG3LSN\/PdbWbybxXdjILZx\" \/>\t\t<svg aria-hidden=\"true\" style=\"position: absolute; width: 0; height: 0; overflow: hidden;\" version=\"1.1\" xmlns=\"http:\/\/www.w3.org\/2000\/svg\" xmlns:xlink=\"http:\/\/www.w3.org\/1999\/xlink\">\n\t\t\t<defs>\n\t\t\t\t<symbol id=\"frm_trash_icon\" viewBox=\"0 0 20 20\" fill=\"none\"><path d=\"M2.5 5h15M6.667 5V3.334a1.667 1.667 0 011.667-1.667h3.333a1.667 1.667 0 011.667 1.667V5m2.5 0v11.667a1.667 1.667 0 01-1.667 1.667H5.834a1.667 1.667 0 01-1.667-1.667V5h11.667z\" stroke=\"#484E54\" stroke-linecap=\"round\" stroke-linejoin=\"round\"\/><\/symbol>\n\t\t\t<\/defs>\n\t\t<\/svg>\n\t\t<\/div>\n<\/fieldset>\n<\/div>\n\n<\/form><div class=\"frm-chat-wrapper\"><div class=\"frm_continue_chat_wrapper frm_submit\"><button class=\"button button-primary frm-button-primary frm_continue_chat frm_button_submit frm_hidden\"><span class=\"frm_continue_text\">Continue<\/span><span class=\"frm_continue_final_text\">SUBMIT<\/span> <svg width=\"16\" height=\"11\" fill=\"none\" xmlns=\"http:\/\/www.w3.org\/2000\/svg\" viewBox=\"0 0 16 11\"><path fill=\"currentColor\" d=\"M15.3 6c0 .7-.3 1.2-.7 1.7a2.2 2.2 0 0 1-1.7.7H7.4v2.3L.6 7.5l6.8-3.2v2.3H12c.3 0 .6-.1.8-.3.3-.2.4-.5.4-.8V.7h2V6Z\"\/><\/svg><\/button><\/div><div class=\"frm_chat_arrows\"><a href=\"#\" class=\"frm_chat_arrow frm_chat_prev_arrow\" role=\"button\" aria-label=\"Pr\u00e9c\u00e9dent\"><svg width=\"19\" height=\"19\" viewBox=\"0 0 19 19\" fill=\"none\" xmlns=\"http:\/\/www.w3.org\/2000\/svg\"><path d=\"M14.75 9.5H4.25\" stroke=\"currentColor\" stroke-linecap=\"round\" stroke-linejoin=\"round\"\/><path d=\"M9.5 14.75L4.25 9.5L9.5 4.25\" stroke=\"currentColor\" stroke-linecap=\"round\" stroke-linejoin=\"round\"\/><\/svg><\/a><a href=\"#\" class=\"frm_chat_arrow frm_chat_next_arrow frm_button_submit\" role=\"button\" aria-label=\"continue\"><svg width=\"19\" height=\"19\" viewBox=\"0 0 19 19\" fill=\"none\" xmlns=\"http:\/\/www.w3.org\/2000\/svg\"><path d=\"M4.25 9.5H14.75\" stroke=\"currentColor\" stroke-linecap=\"round\" stroke-linejoin=\"round\"\/><path d=\"M9.5 14.75L14.75 9.5L9.5 4.25\" stroke=\"currentColor\" stroke-linecap=\"round\" stroke-linejoin=\"round\"\/><\/svg><svg class=\"frm_next_checkmark\" width=\"19\" height=\"19\" viewBox=\"0 0 19 19\" fill=\"none\" xmlns=\"http:\/\/www.w3.org\/2000\/svg\"><path d=\"M15.5 4.875L7.25 13.125L3.5 9.375\" stroke=\"currentColor\" stroke-linecap=\"round\" stroke-linejoin=\"round\"\/><\/svg><\/a><\/div><div class=\"frm-key-instructions\">Utiliser <span class=\"frm-instruction-key\">Maj + Tab<\/span> pour revenir en arri\u00e8re<\/div><\/div>\n<\/div>\n<\/div>\n<\/div>\n<\/div><\/div>\n<\/section>","protected":false},"excerpt":{"rendered":"<p>Parlons de vos projets de circuit \u00e0 v\u00e9lo, d\u2019accord ? Parlez-moi un peu de ce que vous recherchez, et votre expert en circuits \u00e0 v\u00e9lo au Portugal vous aidera \u00e0 concevoir vos vacances \u00e0 v\u00e9lo parfaites, selon vos besoins. Start planning global PT Let&#039;s Get Started!appuyer Valider How far along are you in your trip [&hellip;]<\/p>\n","protected":false},"author":1,"featured_media":261428,"parent":0,"menu_order":28,"comment_status":"closed","ping_status":"closed","template":"breakdance_blank_canvas","meta":{"_acf_changed":false,"_seopress_robots_primary_cat":"","_seopress_titles_title":"Create your tour: Bespoke bike tours in Portugal","_seopress_titles_desc":"Customize your bike tour in Portugal ride according to your preferences, for a bespoke cycling holiday.","_seopress_robots_index":"","_breakdance_hide_in_design_set":false,"_breakdance_tags":"","footnotes":""},"class_list":["post-261271","page","type-page","status-publish","has-post-thumbnail","hentry"],"acf":[],"_links":{"self":[{"href":"https:\/\/portugalbiketours.com\/fr\/wp-json\/wp\/v2\/pages\/261271","targetHints":{"allow":["GET"]}}],"collection":[{"href":"https:\/\/portugalbiketours.com\/fr\/wp-json\/wp\/v2\/pages"}],"about":[{"href":"https:\/\/portugalbiketours.com\/fr\/wp-json\/wp\/v2\/types\/page"}],"author":[{"embeddable":true,"href":"https:\/\/portugalbiketours.com\/fr\/wp-json\/wp\/v2\/users\/1"}],"replies":[{"embeddable":true,"href":"https:\/\/portugalbiketours.com\/fr\/wp-json\/wp\/v2\/comments?post=261271"}],"version-history":[{"count":1,"href":"https:\/\/portugalbiketours.com\/fr\/wp-json\/wp\/v2\/pages\/261271\/revisions"}],"predecessor-version":[{"id":264500,"href":"https:\/\/portugalbiketours.com\/fr\/wp-json\/wp\/v2\/pages\/261271\/revisions\/264500"}],"wp:featuredmedia":[{"embeddable":true,"href":"https:\/\/portugalbiketours.com\/fr\/wp-json\/wp\/v2\/media\/261428"}],"wp:attachment":[{"href":"https:\/\/portugalbiketours.com\/fr\/wp-json\/wp\/v2\/media?parent=261271"}],"curies":[{"name":"wp","href":"https:\/\/api.w.org\/{rel}","templated":true}]}}