{"id":261064,"date":"2019-03-10T11:54:40","date_gmt":"2019-03-10T11:54:40","guid":{"rendered":"https:\/\/portugalbiketours.com\/calendar\/"},"modified":"2025-12-02T08:10:01","modified_gmt":"2025-12-02T08:10:01","slug":"datas","status":"publish","type":"page","link":"https:\/\/portugalbiketours.com\/pt-pt\/datas\/","title":{"rendered":"Datas"},"content":{"rendered":"<section class=\"bde-section-261064-180 bde-section\">\n  \n  \n\t\n\n\n\n<div class=\"section-container\"><div class=\"bde-div-261064-181 bde-div\">\n  \n  \n\t\n\n\n\n<div class=\"bde-div-261064-182 bde-div\">\n              \n  \n  \n\t\n\n  <div class=\"section-background-overlay\"><\/div>\n\n\n<div class=\"bde-shortcode-261064-183 bde-shortcode dark-links\"><nav  aria-label=\"breadcrumb\"><ol class=\"breadcrumb\" itemscope itemtype=\"https:\/\/schema.org\/BreadcrumbList\"><li class=\"breadcrumb-item active\" aria-current=\"page\" itemprop=\"itemListElement\" itemscope itemtype=\"https:\/\/schema.org\/ListItem\"><span itemprop=\"name\">In\u00edcio<\/span><meta itemprop=\"position\" content=\"1\"><\/li><\/ol><\/nav><\/div><div class=\"bde-div-261064-184 bde-div\">\n  \n  \n\t\n\n\n\n<h1 class=\"bde-heading-261064-185 bde-heading\">\nPasseios de Bicicleta em Grupo em Portugal\n<\/h1><div class=\"bde-text-261064-186 bde-text\">\nJoin our group bike tours in Portugal and ride through the most scenic landscapes while making new friends! Our groups are always small, guided by local experts and rich in meaningful connections. You can choose from our pre-scheduled guided bike tours below and find out why we're trusted by travelers who seek a riding experience of a lifetime!\n<\/div>\n<\/div><div class=\"bde-globalblock-261064-187 bde-globalblock\"><\/div><div class=\"bde-content-reveal-261064-188 bde-content-reveal\">\n<div class=\"bde-content-reveal__container is-hidden\">\n  <div class=\"bde-content-reveal__content\">\n    <div class=\"bde-text-261064-189 bde-text\">\nJoin our group bike tours in Portugal and ride through the most scenic landscapes while making new friends! Our groups are always small, guided by local experts and rich in meaningful connections. You can choose from our pre-scheduled guided bike tours below and find out why we're trusted by travelers who seek a riding experience of a lifetime!\n<\/div>\n  <\/div>\n\n      \n  \n                                    \n    \n    \n    \n                                                    \n            \n            <button type=\"button\" class=\"button-atom button-atom--text bde-content-reveal__button\"   data-i18n-more=\"&#9662;\" data-i18n-less=\"&#9652;\">\n    \n        <span class=\"button-atom__text\">&#9662;<\/span>\n\n        \n        \n            <\/button>\n    \n<\/div>\n\n<\/div>\n<\/div><div class=\"bde-div-261064-190 bde-div\">\n  \n  \n\t\n\n\n\n<h2 class=\"bde-heading-261064-191 bde-heading\">\nPr\u00f3ximos passeios de bicicleta em grupo em Portugal:\n<\/h2><div class=\"bde-rich-text-261064-192 bde-rich-text breakdance-rich-text-styles\">\n<ul><li>Partidas confirmadas (requer um m\u00ednimo de dois participantes)<\/li><li>Grupos pequenos garantidos, limitados a 8 participantes por passeio<\/li><\/ul>\n<\/div><div id=\"slidates\" class=\"bde-shortcode-261064-193 bde-shortcode\"><div id=\"frmapi-61958572\" class=\"frmapi-form\" data-url=\"https:\/\/cms.llride.com\/wp-json\/frm\/v2\/views\/6195?exclude_script=installer-dismiss-nag%2Cinstall-recommended_plugin\"><\/div><\/div><div class=\"bde-rich-text-261064-194 bde-rich-text breakdance-rich-text-styles\">\n<p><strong>NOTA:<\/strong> Todos os passeios de bicicleta abaixo est\u00e3o tamb\u00e9m dispon\u00edveis como experi\u00eancias privadas, seja em op\u00e7\u00f5es autoguiadas, guiadas ou premium, que podem come\u00e7ar em quaisquer outras datas.<\/p>\n<\/div>\n<\/div><div class=\"bde-div-261064-195 bde-div\">\n  \n  \n\t\n\n\n\n<div class=\"bde-text-261064-196 bde-text\">\n\n<\/div>\n<\/div>\n<\/div><div class=\"bde-div-261064-197 bde-div\">\n  \n  \n\t\n\n\n\n<div class=\"bde-content-reveal-261064-198 bde-content-reveal\">\n<div class=\"bde-content-reveal__container is-hidden\">\n  <div class=\"bde-content-reveal__content\">\n    <div class=\"bde-rich-text-261064-199 bde-rich-text breakdance-rich-text-styles\">\n\n<\/div>\n  <\/div>\n\n      \n  \n                                    \n    \n    \n    \n                                                    \n            \n            <button type=\"button\" class=\"button-atom button-atom--text bde-content-reveal__button\"   data-i18n-more=\"&#9662;\" data-i18n-less=\"&#9652;\">\n    \n        <span class=\"button-atom__text\">&#9662;<\/span>\n\n        \n        \n            <\/button>\n    \n<\/div>\n\n<\/div>\n<\/div><\/div>\n<\/section>","protected":false},"excerpt":{"rendered":"<p>In\u00edcio Passeios de Bicicleta em Grupo em Portugal Join our group bike tours in Portugal and ride through the most scenic landscapes while making new friends! Our groups are always small, guided by local experts and rich in meaningful connections. You can choose from our pre-scheduled guided bike tours below and find out why we&#8217;re [&hellip;]<\/p>\n","protected":false},"author":1,"featured_media":261482,"parent":0,"menu_order":1,"comment_status":"closed","ping_status":"closed","template":"","meta":{"_acf_changed":false,"_seopress_robots_primary_cat":"","_seopress_titles_title":"Datas das tours","_seopress_titles_desc":"Escolha a sua bike tour de acordo com a sua disponibilidade.Ou opte por criar uma viagem de bicicleta privada para o seu grupo, dispon\u00edvel em qualquer data!","_seopress_robots_index":"","_breakdance_hide_in_design_set":false,"_breakdance_tags":"","footnotes":""},"class_list":["post-261064","page","type-page","status-publish","has-post-thumbnail","hentry"],"acf":[],"_links":{"self":[{"href":"https:\/\/portugalbiketours.com\/pt-pt\/wp-json\/wp\/v2\/pages\/261064","targetHints":{"allow":["GET"]}}],"collection":[{"href":"https:\/\/portugalbiketours.com\/pt-pt\/wp-json\/wp\/v2\/pages"}],"about":[{"href":"https:\/\/portugalbiketours.com\/pt-pt\/wp-json\/wp\/v2\/types\/page"}],"author":[{"embeddable":true,"href":"https:\/\/portugalbiketours.com\/pt-pt\/wp-json\/wp\/v2\/users\/1"}],"replies":[{"embeddable":true,"href":"https:\/\/portugalbiketours.com\/pt-pt\/wp-json\/wp\/v2\/comments?post=261064"}],"version-history":[{"count":1,"href":"https:\/\/portugalbiketours.com\/pt-pt\/wp-json\/wp\/v2\/pages\/261064\/revisions"}],"predecessor-version":[{"id":264011,"href":"https:\/\/portugalbiketours.com\/pt-pt\/wp-json\/wp\/v2\/pages\/261064\/revisions\/264011"}],"wp:featuredmedia":[{"embeddable":true,"href":"https:\/\/portugalbiketours.com\/pt-pt\/wp-json\/wp\/v2\/media\/261482"}],"wp:attachment":[{"href":"https:\/\/portugalbiketours.com\/pt-pt\/wp-json\/wp\/v2\/media?parent=261064"}],"curies":[{"name":"wp","href":"https:\/\/api.w.org\/{rel}","templated":true}]}}