{"id":261072,"date":"2019-03-10T11:54:40","date_gmt":"2019-03-10T11:54:40","guid":{"rendered":"https:\/\/portugalbiketours.com\/cycling-portugal\/"},"modified":"2025-12-06T20:46:17","modified_gmt":"2025-12-06T20:46:17","slug":"porque-portugal","status":"publish","type":"page","link":"https:\/\/portugalbiketours.com\/pt-pt\/porque-portugal\/","title":{"rendered":"Porqu\u00ea Portugal?"},"content":{"rendered":"<section class=\"bde-section-261072-233 bde-section\">\n  \n  \n\t\n\n\n\n<div class=\"section-container\"><div class=\"bde-div-261072-234 bde-div\">\n  \n  \n\t\n\n\n\n<div class=\"bde-div-261072-235 bde-div\">\n              \n  \n  \n\t\n\n  <div class=\"section-background-overlay\"><\/div>\n\n\n<div class=\"bde-shortcode-261072-236 bde-shortcode dark-links\"><nav  aria-label=\"breadcrumb\"><ol class=\"breadcrumb\" itemscope itemtype=\"https:\/\/schema.org\/BreadcrumbList\"><li class=\"breadcrumb-item active\" aria-current=\"page\" itemprop=\"itemListElement\" itemscope itemtype=\"https:\/\/schema.org\/ListItem\"><span itemprop=\"name\">In\u00edcio<\/span><meta itemprop=\"position\" content=\"1\"><\/li><\/ol><\/nav><\/div><div class=\"bde-div-261072-237 bde-div\">\n  \n  \n\t\n\n\n\n<h1 class=\"bde-heading-261072-238 bde-heading\">\nCiclismo em Portugal: As F\u00e9rias da Sua Vida\n<\/h1><div class=\"bde-text-261072-239 bde-text\">\nPlaneie as suas f\u00e9rias de bicicleta em Portugal.\n<\/div>\n<\/div><div class=\"bde-globalblock-261072-240 bde-globalblock\"><\/div>\n<\/div><div class=\"bde-div-261072-241 bde-div\">\n  \n  \n\t\n\n\n\n<div class=\"bde-columns-261072-242 bde-columns\"><div class=\"bde-column-261072-243 bde-column\">\n  \n  \n\t\n\n\n\n<img decoding=\"async\" class=\"bde-image2-261072-244 bde-image2\" src=\"https:\/\/portugalbiketours.com\/wp-content\/uploads\/Cycling-Portugal-the-holidays-of-your-life1.svg\" alt=\"cycling portugal the holidays of your life[1]\" loading=\"lazy\">\n<\/div><div class=\"bde-column-261072-245 bde-column\">\n  \n  \n\t\n\n\n\n<h2 class=\"bde-heading-261072-246 bde-heading\">\nUm destino tur\u00edstico incr\u00edvel para ciclismo\n<\/h2><div class=\"bde-rich-text-261072-247 bde-rich-text breakdance-rich-text-styles\">\n<p>\/ Fundado em 868, Portugal estabeleceu as suas fronteiras continentais em 1297 e \u00e9 a na\u00e7\u00e3o mais antiga da Europa;<\/p><p>\/ A l\u00edngua portuguesa \u00e9 falada por cerca de 230 milh\u00f5es de pessoas em todo o mundo (incluindo 210 milh\u00f5es de falantes nativos), e \u00e9 a l\u00edngua oficial de 9 pa\u00edses;<\/p><p>\/ Com 10 milh\u00f5es de habitantes e 92.212 km2 de superf\u00edcie, \u00e9 considerado um dos pa\u00edses mais geograficamente diversos da Europa e lar de v\u00e1rios s\u00edtios e tradi\u00e7\u00f5es patrim\u00f3nio mundial da UNESCO;<\/p><p>\/ Como um pa\u00eds europeu moderno, Portugal possui excelentes infraestruturas para o turismo, uma das atividades econ\u00f3micas mais importantes do pa\u00eds, mas orgulha-se de preservar o seu patrim\u00f3nio, valores tradicionais, bem como as suas artes e of\u00edcios;<\/p><p>\/ Virado para o Oceano Atl\u00e2ntico Norte, tem um clima mar\u00edtimo, com temperatura m\u00e9dia anual de 16\u00baC e tempo soalheiro durante todo o ano, tornando-o perfeito para pedalar em Portugal;<\/p>\n<\/div>\n<\/div><\/div>\n<\/div><div class=\"bde-div-261072-248 bde-div\">\n  \n  \n\t\n\n\n\n<div class=\"bde-div-261072-249 bde-div\">\n  \n  \n\t\n\n\n\n<h2 class=\"bde-heading-261072-250 bde-heading\">\nUma hist\u00f3ria e cultura \u00fanicas\n<\/h2><div class=\"bde-text-261072-251 bde-text\">\nEm Ciclismo Portugal, ir\u00e1 experienciar as viv\u00eancias mais aut\u00eanticas do pa\u00eds.\n<\/div>\n<\/div><div class=\"bde-div-261072-252 bde-div\">\n  \n  \n\t\n\n\n\n<div class=\"bde-columns-261072-253 bde-columns\"><div class=\"bde-column-261072-254 bde-column\">\n  \n  \n\t\n\n\n\n<img decoding=\"async\" class=\"bde-image2-261072-255 bde-image2\" src=\"https:\/\/portugalbiketours.com\/wp-content\/uploads\/One-of-a-kind-history-and-culture1.svg\" alt=\"one of a kind history and culture[1]\" loading=\"lazy\">\n<\/div><div class=\"bde-column-261072-256 bde-column\">\n  \n  \n\t\n\n\n\n<h3 class=\"bde-heading-261072-257 bde-heading\">\nUm pa\u00eds de navegadores e exploradores\n<\/h3><div class=\"bde-rich-text-261072-258 bde-rich-text breakdance-rich-text-styles\">\n<p>Um pa\u00eds no epicentro das rotas comerciais, que uma vez liderou a frota naval mais poderosa que o mundo alguma vez viu, durante mais de 600 anos. A pedalar em Portugal, ir\u00e1 encontrar um pa\u00eds de exploradores e um dos primeiros a aventurar-se pelo mar e descobrir culturas em \u00c1frica, \u00c1sia, \u00cdndia e nas Am\u00e9ricas, algo ainda hoje vis\u00edvel na sua l\u00edngua, a terceira mais falada no mundo.<\/p><p><strong>UM CALDEIR\u00c3O DE CULTURAS COM 1000 ANOS<\/strong><\/p><p>O condado de \u201cPortucale\u201d foi formado em 1139 por D. Afonso Henriques, numa \u00e9pica batalha familiar. Mas mesmo antes da sua funda\u00e7\u00e3o, \u201cLusit\u00e2nia\u201d foi habitada por Romanos desde 45 a.C., pelos Visigodos, Mouros e muitos outros. O Portugal de hoje \u00e9 um Estado-na\u00e7\u00e3o soberano que se orgulha de fazer parte da Europa e de ter uma hist\u00f3ria e identidade ricas e fortes.<\/p><p><strong>MONUMENTOS E MUSEUS ENCONTRAM AS ARTES CONTEMPOR\u00c2NEAS E MODERNAS<\/strong><\/p><p>Como um pa\u00eds pequeno aberto ao mundo, Portugal sempre abra\u00e7ou outras culturas e artes. Atualmente, encontrar\u00e1 que a arquitetura moderna e contempor\u00e2nea, literatura, m\u00fasica e teatro, tudo se mistura com tradi\u00e7\u00f5es milenares e artesanato. Caminhar em Portugal oferece uma forma relaxante e aut\u00eantica de descobrir o pa\u00eds.<\/p>\n<\/div>\n<\/div><\/div>\n<\/div>\n<\/div><div class=\"bde-div-261072-259 bde-div\">\n  \n  \n\t\n\n\n\n<div class=\"bde-div-261072-260 bde-div\">\n  \n  \n\t\n\n\n\n<h2 class=\"bde-heading-261072-261 bde-heading\">\nGastronomia, experi\u00eancias e hot\u00e9is incr\u00edveis<br>\n<\/h2><div class=\"bde-text-261072-262 bde-text\">\nSabores e vinhos excelentes para complementar as suas f\u00e9rias de bicicleta em Portugal.\n<\/div>\n<\/div><div class=\"bde-div-261072-263 bde-div\">\n  \n  \n\t\n\n\n\n<div class=\"bde-columns-261072-264 bde-columns\"><div class=\"bde-column-261072-265 bde-column\">\n  \n  \n\t\n\n\n\n<img decoding=\"async\" class=\"bde-image2-261072-266 bde-image2\" src=\"https:\/\/portugalbiketours.com\/wp-content\/uploads\/Amazing-gastronomy-experiences-and-hotels1.svg\" alt=\"amazing gastronomy experiences and hotels[1]\" loading=\"lazy\">\n<\/div><div class=\"bde-column-261072-267 bde-column\">\n  \n  \n\t\n\n\n\n<h3 class=\"bde-heading-261072-268 bde-heading\">\nDa cozinha mediterr\u00e2nica aos queijos do interior e \u201cenchidos\u201d\n<\/h3><div class=\"bde-rich-text-261072-269 bde-rich-text breakdance-rich-text-styles\">\n<p>Banhado pelo oceano Atl\u00e2ntico, Portugal destaca-se pelo peixe e marisco frescos e fant\u00e1sticos, usados com mestria na sua cozinha mediterr\u00e2nica caracter\u00edstica. Mas a grande variedade de culturas e paisagens do pa\u00eds faz com que cada regi\u00e3o tenha uma infinidade de queijos, vinhos e gastronomia local.<\/p><p><strong>MELHORES PA\u00cdSES PRODUTORES DE VINHO DO MUNDO<\/strong><\/p><p>Vai poder descobrir os melhores trilhos do Douro e do Alentejo, explorando regi\u00f5es que foram eleitas como alguns dos melhores pa\u00edses produtores de vinho do mundo, n\u00e3o s\u00f3 porque s\u00e3o o ber\u00e7o de algumas das melhores experi\u00eancias de prova de vinhos, mas tamb\u00e9m pelas suas paisagens pitorescas e aut\u00eanticas, pessoas, adegas, quintas e cultura.<\/p><p><strong>SABOR E RIQUEZA EM CADA MORDIDA<\/strong><\/p><p>Por onde quer que v\u00e1, vai encontrar facilmente comida excelente, aut\u00eantica e simples. Desde restaurantes com estrelas Michelin at\u00e9 \u00e0s tascas locais, Portugal \u00e9 o para\u00edso dos amantes da gastronomia.<\/p>\n<\/div>\n<\/div><\/div>\n<\/div>\n<\/div><div class=\"bde-div-261072-270 bde-div\">\n  \n  \n\t\n\n\n\n<div class=\"bde-div-261072-271 bde-div\">\n  \n  \n\t\n\n\n\n<h2 class=\"bde-heading-261072-272 bde-heading\">\nClima e geografia perfeitos para pedalar em Portugal\n<\/h2><div class=\"bde-text-261072-273 bde-text\">\n\u00d3timo clima, perfeito para f\u00e9rias de bicicleta durante todo o ano.\n<\/div>\n<\/div><div class=\"bde-div-261072-274 bde-div\">\n  \n  \n\t\n\n\n\n<div class=\"bde-columns-261072-275 bde-columns\"><div class=\"bde-column-261072-276 bde-column\">\n  \n  \n\t\n\n\n\n<img decoding=\"async\" class=\"bde-image2-261072-277 bde-image2\" src=\"https:\/\/portugalbiketours.com\/wp-content\/uploads\/Amazing-gastronomy-experiences-and-hotels1.svg\" alt=\"amazing gastronomy experiences and hotels[1]\" loading=\"lazy\">\n<\/div><div class=\"bde-column-261072-278 bde-column\">\n  \n  \n\t\n\n\n\n<h3 class=\"bde-heading-261072-279 bde-heading\">\nUma experi\u00eancia solar garantida\n<\/h3><div class=\"bde-rich-text-261072-280 bde-rich-text breakdance-rich-text-styles\">\n<p>O clima atl\u00e2ntico moderado do pa\u00eds torna-o ideal para pedalar em todas as esta\u00e7\u00f5es. Ao caminhar em Portugal, vai experienciar outonos e invernos moderados, complementados por primaveras e ver\u00f5es soalheiros. Isto faz de Portugal um destino excelente para f\u00e9rias de caminhada ou trekking, seja no outono\/primavera ou durante o ver\u00e3o.<\/p><p><strong>DIVERSIDADE INCR\u00cdVEL DE PAISAGENS<\/strong><\/p><p>Portugal \u00e9 o lar de praias incr\u00edveis, vales glaciais, grandes cadeias montanhosas, regi\u00f5es vin\u00edcolas e parques nacionais, tudo numa forma condensada.<\/p><p><strong>ABUND\u00c2NCIA DE ESTRADAS SEM TR\u00c1FEGO AUTOM\u00d3VEL E TRILHOS FANT\u00c1STICOS<\/strong><\/p><p>Ao caminhar em Portugal, vai encontrar estradas secund\u00e1rias e trilhos em excelente estado. Muitas regi\u00f5es investiram na cria\u00e7\u00e3o de percursos pedestres de v\u00e1rias dimens\u00f5es e na manuten\u00e7\u00e3o e melhoria desses trilhos, tornando-os perfeitos para caminhadas e trekking.<\/p>\n<\/div>\n<\/div><\/div>\n<\/div>\n<\/div><div class=\"bde-div-261072-281 bde-div\">\n  \n  \n\t\n\n\n\n<div class=\"bde-div-261072-282 bde-div\">\n  \n  \n\t\n\n\n\n<h2 class=\"bde-heading-261072-283 bde-heading\">\nAut\u00eantico e acolhedor\n<\/h2><div class=\"bde-text-261072-284 bde-text\">\nPedalar em Portugal, as suas pr\u00f3ximas f\u00e9rias de sonho\n<\/div>\n<\/div><div class=\"bde-div-261072-285 bde-div\">\n  \n  \n\t\n\n\n\n<div class=\"bde-columns-261072-286 bde-columns\"><div class=\"bde-column-261072-287 bde-column\">\n  \n  \n\t\n\n\n\n<img decoding=\"async\" class=\"bde-image2-261072-288 bde-image2\" src=\"https:\/\/portugalbiketours.com\/wp-content\/uploads\/Authentic-and-welcoming1.svg\" alt=\"authentic and welcoming[1]\" loading=\"lazy\">\n<\/div><div class=\"bde-column-261072-289 bde-column\">\n  \n  \n\t\n\n\n\n<h3 class=\"bde-heading-261072-290 bde-heading\">\nHot\u00e9is de charme e destinos\n<\/h3><div class=\"bde-rich-text-261072-291 bde-rich-text breakdance-rich-text-styles\">\n<p>O turismo \u00e9 uma das principais atividades de Portugal. Ao fazer caminhadas em Portugal, vai encontrar excelentes infraestruturas para apoiar a sua estadia: desde incr\u00edveis hot\u00e9is cinco estrelas a pal\u00e1cios e quintas de charme, restaurados com grande cuidado para receber turistas de todo o mundo. Sede de v\u00e1rios locais classificados como Patrim\u00f3nio Mundial da UNESCO, cuidamos orgulhosamente das nossas atra\u00e7\u00f5es e destinos tur\u00edsticos.<\/p><p><strong>AUTENTICIDADE DO PA\u00cdS<\/strong><\/p><p>Embora seja um pa\u00eds moderno, Portugal mant\u00e9m as suas tradi\u00e7\u00f5es e costumes muito vivos. Com as suas fronteiras estabelecidas desde 1139, a cultura do pa\u00eds materializa-se na sua m\u00fasica, literatura, arte, artesanato e produtos caracter\u00edsticos, mas tamb\u00e9m \u00e9 transmitida de gera\u00e7\u00e3o em gera\u00e7\u00e3o e est\u00e1 verdadeiramente enraizada nas rotinas di\u00e1rias que comp\u00f5em o modo de vida portugu\u00eas.<\/p><p><strong>NATUREZA ACOLHEDORA DOS PORTUGUESES<\/strong><\/p><p>O povo portugu\u00eas \u00e9 acolhedor por natureza, tal como os ciclistas locais. Adoramos organizar jantares e receber convidados e turistas \u2013 h\u00e1 sempre lugar para mais um \u00e0 nossa mesa.<\/p>\n<\/div>\n<\/div><\/div>\n<\/div>\n<\/div><div class=\"bde-div-261072-292 bde-div\">\n  \n  \n\t\n\n\n\n<div class=\"bde-div-261072-293 bde-div\">\n  \n  \n\t\n\n\n\n<h2 class=\"bde-heading-261072-294 bde-heading\">\nCiclismo em Portugal em regi\u00f5es \u00fanicas\n<\/h2><div class=\"bde-text-261072-295 bde-text\">\nF\u00e9rias de bicicleta do norte ao sul do pa\u00eds\n<\/div>\n<\/div><div class=\"bde-div-261072-296 bde-div\">\n  \n  \n\t\n\n\n\n<div class=\"bde-columns-261072-297 bde-columns\"><div class=\"bde-column-261072-298 bde-column\">\n  \n  \n\t\n\n\n\n<img decoding=\"async\" class=\"bde-image2-261072-299 bde-image2\" src=\"https:\/\/portugalbiketours.com\/wp-content\/uploads\/Authentic-and-welcoming1.svg\" alt=\"authentic and welcoming[1]\" loading=\"lazy\">\n<\/div><div class=\"bde-column-261072-300 bde-column\">\n  \n  \n\t\n\n\n\n<h3 class=\"bde-heading-261072-301 bde-heading\">\nContacte-nos para planear as suas pr\u00f3ximas f\u00e9rias de sonho de bicicleta em Portugal:\n<\/h3><div class=\"bde-rich-text-261072-302 bde-rich-text breakdance-rich-text-styles\">\n<p>\/ PASSEIO DE BICICLETA NO RIO DOURO<\/p><p>\/ PASSEIO DE BICICLETA NO ALENTEJO \u2013 PEDALE PELA TERRA DO VINHO<\/p><p>\/ PASSEIO DE BICICLETA NAS COSTAS PRATEADA E AZUL<\/p><p>\/ PASSEIO DE BICICLETA NO ALGARVE<\/p><p>\/ PASSEIO DE BICICLETA DO PORTO A SANTIAGO DE COMPOSTELA<\/p><p>\/ PASSEIO DE BICICLETA NA COSTA ATL\u00c2NTICA - DE LISBOA A SAGRES<\/p>\n<\/div>\n<\/div><\/div>\n<\/div>\n<\/div>\n<\/div><\/div>\n<\/section>","protected":false},"excerpt":{"rendered":"<p>In\u00edcio Ciclismo em Portugal: As F\u00e9rias da Sua Vida Planeie as suas f\u00e9rias de bicicleta em Portugal. Um destino tur\u00edstico incr\u00edvel para ciclismo \/ Fundado em 868, Portugal estabeleceu as suas fronteiras continentais em 1297 e \u00e9 a na\u00e7\u00e3o mais antiga da Europa;\/ A l\u00edngua portuguesa \u00e9 falada por cerca de 230 milh\u00f5es de pessoas [&hellip;]<\/p>\n","protected":false},"author":1,"featured_media":261482,"parent":0,"menu_order":2,"comment_status":"closed","ping_status":"closed","template":"","meta":{"_acf_changed":false,"_seopress_robots_primary_cat":"","_seopress_titles_title":"Porqu\u00ea Portugal?","_seopress_titles_desc":"Pedalar em Portugal \u00e9 uma das melhores formas de conhecer o pa\u00eds. Um clima e geografia incr\u00edveis, gastronomia e cultura tornam o pa\u00eds num excelente destino para f\u00e9rias de bicicleta.","_seopress_robots_index":"","_breakdance_hide_in_design_set":false,"_breakdance_tags":"","footnotes":""},"class_list":["post-261072","page","type-page","status-publish","has-post-thumbnail","hentry"],"acf":[],"_links":{"self":[{"href":"https:\/\/portugalbiketours.com\/pt-pt\/wp-json\/wp\/v2\/pages\/261072","targetHints":{"allow":["GET"]}}],"collection":[{"href":"https:\/\/portugalbiketours.com\/pt-pt\/wp-json\/wp\/v2\/pages"}],"about":[{"href":"https:\/\/portugalbiketours.com\/pt-pt\/wp-json\/wp\/v2\/types\/page"}],"author":[{"embeddable":true,"href":"https:\/\/portugalbiketours.com\/pt-pt\/wp-json\/wp\/v2\/users\/1"}],"replies":[{"embeddable":true,"href":"https:\/\/portugalbiketours.com\/pt-pt\/wp-json\/wp\/v2\/comments?post=261072"}],"version-history":[{"count":1,"href":"https:\/\/portugalbiketours.com\/pt-pt\/wp-json\/wp\/v2\/pages\/261072\/revisions"}],"predecessor-version":[{"id":265047,"href":"https:\/\/portugalbiketours.com\/pt-pt\/wp-json\/wp\/v2\/pages\/261072\/revisions\/265047"}],"wp:featuredmedia":[{"embeddable":true,"href":"https:\/\/portugalbiketours.com\/pt-pt\/wp-json\/wp\/v2\/media\/261482"}],"wp:attachment":[{"href":"https:\/\/portugalbiketours.com\/pt-pt\/wp-json\/wp\/v2\/media?parent=261072"}],"curies":[{"name":"wp","href":"https:\/\/api.w.org\/{rel}","templated":true}]}}