{"id":261116,"date":"2020-11-22T08:12:17","date_gmt":"2020-11-22T08:12:17","guid":{"rendered":"https:\/\/portugalbiketours.com\/loyalty-club\/"},"modified":"2025-11-23T08:46:45","modified_gmt":"2025-11-23T08:46:45","slug":"clube-de-fidelizacao","status":"publish","type":"page","link":"https:\/\/portugalbiketours.com\/pt-pt\/clube-de-fidelizacao\/","title":{"rendered":"Clube de fideliza\u00e7\u00e3o"},"content":{"rendered":"<section class=\"bde-section-261116-158 bde-section\">\n  \n  \n\t\n\n\n\n<div class=\"section-container\"><div class=\"bde-div-261116-159 bde-div\">\n  \n  \n\t\n\n\n\n<div class=\"bde-div-261116-160 bde-div\">\n              \n  \n  \n\t\n\n  <div class=\"section-background-overlay\"><\/div>\n\n\n<div class=\"bde-shortcode-261116-161 bde-shortcode dark-links\"><nav  aria-label=\"breadcrumb\"><ol class=\"breadcrumb\" itemscope itemtype=\"https:\/\/schema.org\/BreadcrumbList\"><li class=\"breadcrumb-item active\" aria-current=\"page\" itemprop=\"itemListElement\" itemscope itemtype=\"https:\/\/schema.org\/ListItem\"><span itemprop=\"name\">In\u00edcio<\/span><meta itemprop=\"position\" content=\"1\"><\/li><\/ol><\/nav><\/div><div class=\"bde-div-261116-162 bde-div\">\n  \n  \n\t\n\n\n\n<h1 class=\"bde-heading-261116-163 bde-heading\">\nClube de Fidelidade\n<\/h1><div class=\"bde-text-261116-164 bde-text\">\nJunte-se ao Clube de Fidelidade Live Love Riders\n<\/div>\n<\/div>\n<\/div><div class=\"bde-div-261116-165 bde-div\">\n  \n  \n\t\n\n\n\n<div class=\"bde-rich-text-261116-166 bde-rich-text breakdance-rich-text-styles\">\n<div id=\"_rich_text-105-16\" class=\"oxy-rich-text marginb\"><div id=\"text_block-20-23\" class=\"ct-text-block bmargin01\"><div id=\"_rich_text-8-26979\" class=\"oxy-rich-text marginb\"><p>Se alguma vez viajou connosco, isso significa que faz parte do clube Live Love Rider. Para agradecer a sua fidelidade - desfrute destes benef\u00edcios exclusivos connosco.<\/p><\/div><a id=\"link_text-11-26979\" class=\"ct-link-text\" href=\"https:\/\/portugalbiketours.com\/contact\/\" target=\"_self\"><\/a><\/div><\/div>\n<\/div><h2 class=\"bde-heading-261116-167 bde-heading\">\nEntre em contacto para planear as suas f\u00e9rias de ciclismo de sonho em Portugal.\n<\/h2><div class=\"bde-rich-text-261116-168 bde-rich-text breakdance-rich-text-styles\">\n<div id=\"_rich_text-105-16\" class=\"oxy-rich-text marginb\"><div id=\"text_block-20-23\" class=\"ct-text-block bmargin01\"><div id=\"_rich_text-8-26979\" class=\"oxy-rich-text marginb\">\u00a0<\/div><div id=\"_rich_text-10-26979\" class=\"oxy-rich-text marginb\"><ul><li>150EUR de cr\u00e9dito de viagem na sua conta por cada novo convidado que indicar ao Live Love Ride;<\/li><li>Surpresa anual no seu anivers\u00e1rio;<\/li><li>Lista de espera priorit\u00e1ria em viagens esgotadas;<\/li><li>Experiencie os nossos novos tours como um ciclista \u201cPioneiro\u201d: Seja o primeiro a pedalar em tours guiados selecionados e totalmente novos - pelo pre\u00e7o de um tour auto-guiado;<\/li><li>5% de desconto para reservar os seus pr\u00f3ximos tours padr\u00e3o auto-guiados ou guiados (exclusivo para pagamentos por transfer\u00eancia banc\u00e1ria);<\/li><\/ul><\/div><a id=\"link_text-11-26979\" class=\"ct-link-text\" href=\"https:\/\/portugalbiketours.com\/contact\/\" target=\"_self\">Contacte-nos para mais informa\u00e7\u00f5es.<\/a><\/div><\/div>\n<\/div>\n<\/div>\n<\/div><\/div>\n<\/section>","protected":false},"excerpt":{"rendered":"<p>In\u00edcio Clube de Fidelidade Junte-se ao Clube de Fidelidade Live Love Riders Se alguma vez viajou connosco, isso significa que faz parte do clube Live Love Rider. Para agradecer a sua fidelidade &#8211; desfrute destes benef\u00edcios exclusivos connosco. Entre em contacto para planear as suas f\u00e9rias de ciclismo de sonho em Portugal. \u00a0150EUR de cr\u00e9dito [&hellip;]<\/p>\n","protected":false},"author":1,"featured_media":261482,"parent":0,"menu_order":7,"comment_status":"closed","ping_status":"closed","template":"","meta":{"_acf_changed":false,"_seopress_robots_primary_cat":"","_seopress_titles_title":"Clube de fideliza\u00e7\u00e3o","_seopress_titles_desc":"Se j\u00e1 viajou connosco, isso significa que voc\u00ea faz parte do clube dos Live Love Riders. Obrigado pela sua fidelidade e prefer\u00eancia - aproveite estes benef\u00edcios exclusivos connosco.","_seopress_robots_index":"","_breakdance_hide_in_design_set":false,"_breakdance_tags":"","footnotes":""},"class_list":["post-261116","page","type-page","status-publish","has-post-thumbnail","hentry"],"acf":[],"_links":{"self":[{"href":"https:\/\/portugalbiketours.com\/pt-pt\/wp-json\/wp\/v2\/pages\/261116","targetHints":{"allow":["GET"]}}],"collection":[{"href":"https:\/\/portugalbiketours.com\/pt-pt\/wp-json\/wp\/v2\/pages"}],"about":[{"href":"https:\/\/portugalbiketours.com\/pt-pt\/wp-json\/wp\/v2\/types\/page"}],"author":[{"embeddable":true,"href":"https:\/\/portugalbiketours.com\/pt-pt\/wp-json\/wp\/v2\/users\/1"}],"replies":[{"embeddable":true,"href":"https:\/\/portugalbiketours.com\/pt-pt\/wp-json\/wp\/v2\/comments?post=261116"}],"version-history":[{"count":0,"href":"https:\/\/portugalbiketours.com\/pt-pt\/wp-json\/wp\/v2\/pages\/261116\/revisions"}],"wp:featuredmedia":[{"embeddable":true,"href":"https:\/\/portugalbiketours.com\/pt-pt\/wp-json\/wp\/v2\/media\/261482"}],"wp:attachment":[{"href":"https:\/\/portugalbiketours.com\/pt-pt\/wp-json\/wp\/v2\/media?parent=261116"}],"curies":[{"name":"wp","href":"https:\/\/api.w.org\/{rel}","templated":true}]}}