{"id":261119,"date":"2019-03-10T11:54:40","date_gmt":"2019-03-10T11:54:40","guid":{"rendered":"https:\/\/portugalbiketours.com\/travel-agents\/"},"modified":"2025-11-23T08:46:53","modified_gmt":"2025-11-23T08:46:53","slug":"agentes-de-viagens","status":"publish","type":"page","link":"https:\/\/portugalbiketours.com\/pt-pt\/agentes-de-viagens\/","title":{"rendered":"Agentes de Viagens"},"content":{"rendered":"<section class=\"bde-section-261119-116 bde-section\">\n  \n  \n\t\n\n\n\n<div class=\"section-container\"><div class=\"bde-div-261119-117 bde-div\">\n  \n  \n\t\n\n\n\n<div class=\"bde-div-261119-118 bde-div\">\n              \n  \n  \n\t\n\n  <div class=\"section-background-overlay\"><\/div>\n\n\n<div class=\"bde-shortcode-261119-119 bde-shortcode dark-links\"><nav  aria-label=\"breadcrumb\"><ol class=\"breadcrumb\" itemscope itemtype=\"https:\/\/schema.org\/BreadcrumbList\"><li class=\"breadcrumb-item active\" aria-current=\"page\" itemprop=\"itemListElement\" itemscope itemtype=\"https:\/\/schema.org\/ListItem\"><span itemprop=\"name\">In\u00edcio<\/span><meta itemprop=\"position\" content=\"1\"><\/li><\/ol><\/nav><\/div><div class=\"bde-div-261119-120 bde-div\">\n  \n  \n\t\n\n\n\n<h1 class=\"bde-heading-261119-121 bde-heading\">\nAgentes\n<\/h1><div class=\"bde-text-261119-122 bde-text\">\nQuer planear qualquer tipo de tour de bicicleta ou experi\u00eancia de ciclismo em Portugal?<br>Contacte-nos!\n<\/div>\n<\/div>\n<\/div><div class=\"bde-div-261119-123 bde-div\">\n  \n  \n\t\n\n\n\n<div class=\"bde-columns-261119-124 bde-columns\"><div class=\"bde-column-261119-125 bde-column\">\n  \n  \n\t\n\n\n\n<h2 class=\"bde-heading-261119-126 bde-heading\">\nDeixe a sua mensagem\n<\/h2><div class=\"bde-shortcode-261119-127 bde-shortcode\"><div class=\"frm_forms  with_frm_style frm_style_contact-home\" id=\"frm_form_6_container\" data-token=\"b0e84331c202b0e6e746f51cf8f1efa1\">\n<form enctype=\"multipart\/form-data\" method=\"post\" class=\"frm-show-form  frm_js_validate  frm_ajax_submit  frm_pro_form  frm_logic_form \" id=\"form_contact-us-en\" data-token=\"b0e84331c202b0e6e746f51cf8f1efa1\">\n<div class=\"frm_form_fields \">\n<fieldset>\n<legend class=\"frm_screen_reader\">Contact Us EN<\/legend>\r\n\r\n<div class=\"frm_fields_container\">\n<input type=\"hidden\" name=\"frm_action\" value=\"create\" \/>\n<input type=\"hidden\" name=\"form_id\" value=\"6\" \/>\n<input type=\"hidden\" name=\"frm_hide_fields_6\" id=\"frm_hide_fields_6\" value=\"\" \/>\n<input type=\"hidden\" name=\"form_key\" value=\"contact-us-en\" \/>\n<input type=\"hidden\" name=\"item_meta[0]\" value=\"\" \/>\n<input type=\"hidden\" id=\"frm_submit_entry_6\" name=\"frm_submit_entry_6\" value=\"f73a661d5c\" \/><input type=\"hidden\" name=\"_wp_http_referer\" value=\"\/pt-pt\/wp-json\/wp\/v2\/pages\/261119\" \/>\t\t<input  type=\"hidden\" name=\"item_meta[60]\" id=\"field_5f0zz2\" value=\"14\/04\/2026 12:58:01\"  data-frmval=\"14\/04\/2026 12:58:01\"   \/>\n\t\t\t\t<input  type=\"hidden\" name=\"item_meta[61]\" id=\"field_udjul2\" value=\"Contact Us\"  data-frmval=\"Contact Us\"   \/>\n\t\t\t\t<input  type=\"hidden\" name=\"item_meta[62]\" id=\"field_p2nk3\" value=\"https:\/\/portugalbiketours.com\/pt-pt\/wp-json\/wp\/v2\/pages\/261119\"  data-frmval=\"https:\/\/portugalbiketours.com\/pt-pt\/wp-json\/wp\/v2\/pages\/261119\"   \/>\n\t\t<div id=\"frm_field_63_container\" class=\"frm_form_field form-field  frm_required_field frm_top_container frm_full\">\r\n    <label for=\"field_e6lis63\" id=\"field_e6lis63_label\" class=\"frm_primary_label\">Subject\r\n        <span class=\"frm_required\"><\/span>\r\n    <\/label>\r\n    <input  type=\"text\" id=\"field_e6lis63\" name=\"item_meta[63]\" value=\"\"  placeholder=\"Enter your message&#039;s subject\" data-reqmsg=\"Subject cannot be blank.\" aria-required=\"true\" data-invmsg=\"Subject \u00e9 inv\u00e1lido\" aria-invalid=\"false\"   \/>\r\n    \r\n    \r\n<\/div>\n<div id=\"frm_field_64_container\" class=\"frm_form_field form-field  frm_required_field frm_top_container frm_full\">\r\n    <label for=\"field_qh4icy22\" id=\"field_qh4icy22_label\" class=\"frm_primary_label\">First name\r\n        <span class=\"frm_required\"><\/span>\r\n    <\/label>\r\n    <input  type=\"text\" id=\"field_qh4icy22\" name=\"item_meta[64]\" value=\"\"  placeholder=\"Enter your first name\" data-reqmsg=\"First name cannot be blank.\" aria-required=\"true\" data-invmsg=\"Name is invalid\" aria-invalid=\"false\"   \/>\r\n    \r\n    \r\n<\/div>\n<div id=\"frm_field_65_container\" class=\"frm_form_field form-field  frm_required_field frm_top_container frm_full\">\r\n    <label for=\"field_fio12\" id=\"field_fio12_label\" class=\"frm_primary_label\">Last name\r\n        <span class=\"frm_required\"><\/span>\r\n    <\/label>\r\n    <input  type=\"text\" id=\"field_fio12\" name=\"item_meta[65]\" value=\"\"  placeholder=\"Enter your last name\" data-reqmsg=\"Last name cannot be blank.\" aria-required=\"true\" data-invmsg=\"Name is invalid\" aria-invalid=\"false\"   \/>\r\n    \r\n    \r\n<\/div>\n<div id=\"frm_field_66_container\" class=\"frm_form_field form-field  frm_required_field frm_top_container frm_full\">\r\n    <label for=\"field_29yf4d3\" id=\"field_29yf4d3_label\" class=\"frm_primary_label\">Email\r\n        <span class=\"frm_required\"><\/span>\r\n    <\/label>\r\n    <input type=\"email\" id=\"field_29yf4d3\" name=\"item_meta[66]\" value=\"\"  placeholder=\"Enter your e-mail address\" data-reqmsg=\"Email cannot be blank.\" aria-required=\"true\" data-invmsg=\"Please enter a valid email address\" aria-invalid=\"false\"  \/>\r\n    \r\n    \r\n<\/div>\n<div id=\"frm_field_67_container\" class=\"frm_form_field form-field  frm_top_container\">\r\n    <label for=\"field_o6x7s2\" id=\"field_o6x7s2_label\" class=\"frm_primary_label\">Phone number\r\n        <span class=\"frm_required\" aria-hidden=\"true\"><\/span>\r\n    <\/label>\r\n    <input  type=\"text\" id=\"field_o6x7s2\" name=\"item_meta[67]\" value=\"\"  placeholder=\"Enter your phone number\" data-invmsg=\"Text is invalid\" aria-invalid=\"false\"   \/>\r\n    \r\n    \r\n<\/div>\n<div id=\"frm_field_68_container\" class=\"frm_form_field form-field  frm_required_field frm_top_container frm_full\">\r\n    <label for=\"field_9jv0r13\" id=\"field_9jv0r13_label\" class=\"frm_primary_label\">Message\r\n        <span class=\"frm_required\"><\/span>\r\n    <\/label>\r\n    <textarea name=\"item_meta[68]\" id=\"field_9jv0r13\" rows=\"5\"  data-reqmsg=\"Message cannot be blank.\" aria-required=\"true\" data-invmsg=\"Message \u00e9 inv\u00e1lido\" aria-invalid=\"false\"  ><\/textarea>\r\n    \r\n    \r\n<\/div>\n<div id=\"frm_field_69_container\" class=\"frm_form_field form-field  frm_required_field frm_none_container vertical_radio\">\r\n    <div  id=\"field_8ma1h2_label\" class=\"frm_primary_label\">Privacy Policy\r\n        <span class=\"frm_required\">*<\/span>\r\n    <\/div>\r\n    <div class=\"frm_opt_container\" aria-labelledby=\"field_8ma1h2_label\" role=\"group\">\t\t<div class=\"frm_checkbox\" id=\"frm_checkbox_69-0\">\t\t\t<label  for=\"field_8ma1h2-0\">\n\t\t\t<input type=\"checkbox\" name=\"item_meta[69][]\" id=\"field_8ma1h2-0\" value=\"I accept your &lt;a rel=&quot;nofollow&quot; target=&quot;_blank&quot; href=&quot;https:\/\/portugalbiketours.com\/privacy-policy\/&quot;&gt;Privacy Policy&lt;\/a&gt;\"  data-reqmsg=\"Privacy Policy cannot be blank.\" data-invmsg=\"Privacy Policy is invalid\"   aria-required=\"true\"  \/> I accept your <a rel=\"nofollow\" target=\"_blank\" href=\"https:\/\/portugalbiketours.com\/privacy-policy\/\">Privacy Policy<\/a><\/label><\/div>\n<\/div>\r\n    \r\n    \r\n<\/div>\n<div id=\"frm_field_70_container\" class=\"frm_form_field form-field  frm_none_container vertical_radio\">\r\n    <div  id=\"field_vveqa2_label\" class=\"frm_primary_label\">Newsletter\r\n        <span class=\"frm_required\"><\/span>\r\n    <\/div>\r\n    <div class=\"frm_opt_container\" aria-labelledby=\"field_vveqa2_label\" role=\"group\">\t\t<div class=\"frm_checkbox\" id=\"frm_checkbox_70-1\">\t\t\t<label  for=\"field_vveqa2-1\">\n\t\t\t<input type=\"checkbox\" name=\"item_meta[70][]\" id=\"field_vveqa2-1\" value=\"I want to subscribe the newsletter and receive marketing promotions\"  data-invmsg=\"Newsletter \u00e9 inv\u00e1lido\"   \/> I want to subscribe the newsletter and receive marketing promotions<\/label><\/div>\n<\/div>\r\n    \r\n    \r\n<\/div>\n<div id=\"frm_field_71_container\" class=\"frm_form_field form-field  frm_top_container\">\r\n    <label for=\"field_hbe3q\" id=\"field_hbe3q_label\" class=\"frm_primary_label\">Anti-spam\r\n        <span class=\"frm_required\" aria-hidden=\"true\"><\/span>\r\n    <\/label>\r\n    <input type=\"number\" id=\"field_hbe3q\" name=\"item_meta[71]\" value=\"\" placeholder=\"Enter the number between 5 and 7\" data-invmsg=\"Number is invalid\" aria-invalid=\"false\"   min=\"0\" max=\"9999999\" step=\"any\" \/>\r\n    \r\n    \r\n<\/div>\n<div id=\"frm_field_72_container\" class=\"frm_form_field form-field \">\r\n\t<div class=\"frm_submit\">\r\n\r\n<button class=\"frm_button_submit frm_final_submit\" type=\"submit\"   formnovalidate=\"formnovalidate\">SUBMIT<\/button>\r\n\r\n<\/div>\r\n<\/div>\n\t<input type=\"hidden\" name=\"item_key\" value=\"\" \/>\n\t<input name=\"frm_state\" type=\"hidden\" value=\"LIkjk0j8VHa+yQcAbE3enMqlhNqluXiK4b+s3OjGNpXG3LSN\/PdbWbybxXdjILZx\" \/><\/div>\n<\/fieldset>\n<\/div>\n\n<\/form>\n<\/div>\n<\/div>\n<\/div><div class=\"bde-column-261119-128 bde-column\">\n  \n  \n\t\n\n\n\n<div class=\"bde-rich-text-261119-129 bde-rich-text breakdance-rich-text-styles\">\n<div id=\"_rich_text-105-16\" class=\"oxy-rich-text marginb\"><div id=\"text_block-20-23\" class=\"ct-text-block bmargin01\"><p><strong>ACEITAMOS RESERVAS DE AG\u00caNCIAS<\/strong><\/p><p data-css=\"tve-u-16969a0b37e\"><span data-css=\"tve-u-16968a9d303\">\u200bDeixe que a Live Love Ride seja o seu parceiro para experi\u00eancias de ciclismo e tours de bicicleta em Portugal! Convidamos todas as ag\u00eancias e agentes de viagens e desporto com interesses semelhantes a apresentar os nossos produtos aos seus clientes. Estamos abertos \u00e0 cria\u00e7\u00e3o de uma parceria s\u00f3lida e cri\u00e1mos uma estrutura de comiss\u00f5es adequada e informa\u00e7\u00e3o tur\u00edstica para que possa apresentar os nossos produtos ao seu p\u00fablico com confian\u00e7a.<br \/><\/span><\/p><p><strong>PRODUTOS DE VIAGEM ADAPTADOS E PERSONALIZ\u00c1VEIS<\/strong><\/p><p>\u200bEstamos dispon\u00edveis para criar experi\u00eancias de ciclismo e tours de bicicleta personalizados em Portugal para os nossos parceiros de ag\u00eancia. Se os seus clientes quiserem visitar um destino ou rota diferente, pedalar numa bicicleta espec\u00edfica, ou prolongar a sua viagem, convidamo-lo a submeter as necessidades espec\u00edficas da sua ag\u00eancia. Teremos todo o gosto em conceber produtos personalizados para os nossos parceiros comerciais apresentarem aos seus clientes.<\/p><p><strong>A SUA PR\u00d3PRIA EXPERI\u00caNCIA, COM A SUA MARCA<\/strong><\/p><p>Como ag\u00eancia de viagens desportivas receptiva, podemos desenhar tours de ciclismo espec\u00edficos em Portugal para a sua ag\u00eancia, apresentando-os com a sua pr\u00f3pria marca no mercado. Estes produtos exclusivos podem ser criados e comercializados em exclusivo, para os nossos parceiros comerciais premium em todo o mundo.<\/p><p>Para mais informa\u00e7\u00f5es, por favor contacte o nosso departamento de vendas atrav\u00e9s do email ridewithus @ liveloveride.pt ou atrav\u00e9s do formul\u00e1rio.<\/p><\/div><\/div>\n<\/div>\n<\/div><\/div>\n<\/div>\n<\/div><\/div>\n<\/section>","protected":false},"excerpt":{"rendered":"<p>In\u00edcio Agentes Quer planear qualquer tipo de tour de bicicleta ou experi\u00eancia de ciclismo em Portugal?Contacte-nos! Deixe a sua mensagem Contact Us EN Subject First name Last name Email Phone number Message Privacy Policy * I accept your Privacy Policy Newsletter I want to subscribe the newsletter and receive marketing promotions Anti-spam SUBMIT ACEITAMOS RESERVAS [&hellip;]<\/p>\n","protected":false},"author":1,"featured_media":261482,"parent":0,"menu_order":8,"comment_status":"closed","ping_status":"closed","template":"","meta":{"_acf_changed":false,"_seopress_robots_primary_cat":"","_seopress_titles_title":"Agentes de viagens","_seopress_titles_desc":"Quer planear qualquer tipo de bike tour ou cicl\u00edstica em Portugal? Contacte-nos!","_seopress_robots_index":"","_breakdance_hide_in_design_set":false,"_breakdance_tags":"","footnotes":""},"class_list":["post-261119","page","type-page","status-publish","has-post-thumbnail","hentry"],"acf":[],"_links":{"self":[{"href":"https:\/\/portugalbiketours.com\/pt-pt\/wp-json\/wp\/v2\/pages\/261119","targetHints":{"allow":["GET"]}}],"collection":[{"href":"https:\/\/portugalbiketours.com\/pt-pt\/wp-json\/wp\/v2\/pages"}],"about":[{"href":"https:\/\/portugalbiketours.com\/pt-pt\/wp-json\/wp\/v2\/types\/page"}],"author":[{"embeddable":true,"href":"https:\/\/portugalbiketours.com\/pt-pt\/wp-json\/wp\/v2\/users\/1"}],"replies":[{"embeddable":true,"href":"https:\/\/portugalbiketours.com\/pt-pt\/wp-json\/wp\/v2\/comments?post=261119"}],"version-history":[{"count":0,"href":"https:\/\/portugalbiketours.com\/pt-pt\/wp-json\/wp\/v2\/pages\/261119\/revisions"}],"wp:featuredmedia":[{"embeddable":true,"href":"https:\/\/portugalbiketours.com\/pt-pt\/wp-json\/wp\/v2\/media\/261482"}],"wp:attachment":[{"href":"https:\/\/portugalbiketours.com\/pt-pt\/wp-json\/wp\/v2\/media?parent=261119"}],"curies":[{"name":"wp","href":"https:\/\/api.w.org\/{rel}","templated":true}]}}