{"id":261122,"date":"2019-03-10T11:54:40","date_gmt":"2019-03-10T11:54:40","guid":{"rendered":"https:\/\/portugalbiketours.com\/partners\/"},"modified":"2025-11-23T08:46:53","modified_gmt":"2025-11-23T08:46:53","slug":"parceiros","status":"publish","type":"page","link":"https:\/\/portugalbiketours.com\/pt-pt\/parceiros\/","title":{"rendered":"Parceiros"},"content":{"rendered":"<section class=\"bde-section-261122-117 bde-section\">\n  \n  \n\t\n\n\n\n<div class=\"section-container\"><div class=\"bde-div-261122-118 bde-div\">\n  \n  \n\t\n\n\n\n<div class=\"bde-div-261122-119 bde-div\">\n              \n  \n  \n\t\n\n  <div class=\"section-background-overlay\"><\/div>\n\n\n<div class=\"bde-shortcode-261122-120 bde-shortcode dark-links\"><nav  aria-label=\"breadcrumb\"><ol class=\"breadcrumb\" itemscope itemtype=\"https:\/\/schema.org\/BreadcrumbList\"><li class=\"breadcrumb-item active\" aria-current=\"page\" itemprop=\"itemListElement\" itemscope itemtype=\"https:\/\/schema.org\/ListItem\"><span itemprop=\"name\">In\u00edcio<\/span><meta itemprop=\"position\" content=\"1\"><\/li><\/ol><\/nav><\/div><div class=\"bde-div-261122-121 bde-div\">\n  \n  \n\t\n\n\n\n<h1 class=\"bde-heading-261122-122 bde-heading\">\nParceiros\n<\/h1><div class=\"bde-text-261122-123 bde-text\">\nTemos orgulho em ser parceiros das melhores marcas e ag\u00eancias a n\u00edvel mundial.\n<\/div>\n<\/div>\n<\/div><div class=\"bde-div-261122-124 bde-div\">\n  \n  \n\t\n\n\n\n<h2 class=\"bde-heading-261122-125 bde-heading\">\nAg\u00eancias, operadores e patrocinadores\n<\/h2><div class=\"bde-post-loop-261122-126 bde-post-loop phox-facets-target phox-facets-target-default\"><div class=\"bde-loop bde-loop-list ee-posts ee-posts-list\">    <article class=\"bde-loop-item ee-post\">\n        <div class=\"bde-div-1499-100-260816-1499-1 bde-div bde-div-1499-100\">\n  \n  \n\t\n\n\n\n\n<\/div>    <\/article>\n    <article class=\"bde-loop-item ee-post\">\n        <div class=\"bde-div-1499-100-261064-1499-1 bde-div bde-div-1499-100\">\n  \n  \n\t\n\n\n\n\n<\/div>    <\/article>\n    <article class=\"bde-loop-item ee-post\">\n        <div class=\"bde-div-1499-100-261072-1499-1 bde-div bde-div-1499-100\">\n  \n  \n\t\n\n\n\n\n<\/div>    <\/article>\n    <article class=\"bde-loop-item ee-post\">\n        <div class=\"bde-div-1499-100-261095-1499-1 bde-div bde-div-1499-100\">\n  \n  \n\t\n\n\n\n\n<\/div>    <\/article>\n    <article class=\"bde-loop-item ee-post\">\n        <div class=\"bde-div-1499-100-261098-1499-1 bde-div bde-div-1499-100\">\n  \n  \n\t\n\n\n\n\n<\/div>    <\/article>\n    <article class=\"bde-loop-item ee-post\">\n        <div class=\"bde-div-1499-100-261103-1499-1 bde-div bde-div-1499-100\">\n  \n  \n\t\n\n\n\n\n<\/div>    <\/article>\n    <article class=\"bde-loop-item ee-post\">\n        <div class=\"bde-div-1499-100-261113-1499-1 bde-div bde-div-1499-100\">\n  \n  \n\t\n\n\n\n\n<\/div>    <\/article>\n    <article class=\"bde-loop-item ee-post\">\n        <div class=\"bde-div-1499-100-261116-1499-1 bde-div bde-div-1499-100\">\n  \n  \n\t\n\n\n\n\n<\/div>    <\/article>\n    <article class=\"bde-loop-item ee-post\">\n        <div class=\"bde-div-1499-100-261119-1499-1 bde-div bde-div-1499-100\">\n  \n  \n\t\n\n\n\n\n<\/div>    <\/article>\n    <article class=\"bde-loop-item ee-post\">\n        <div class=\"bde-div-1499-100-261122-1499-1 bde-div bde-div-1499-100\">\n  \n  \n\t\n\n\n\n\n<\/div>    <\/article>\n    <article class=\"bde-loop-item ee-post\">\n        <div class=\"bde-div-1499-100-261139-1499-1 bde-div bde-div-1499-100\">\n  \n  \n\t\n\n\n\n\n<\/div>    <\/article>\n    <article class=\"bde-loop-item ee-post\">\n        <div class=\"bde-div-1499-100-261143-1499-1 bde-div bde-div-1499-100\">\n  \n  \n\t\n\n\n\n\n<\/div>    <\/article>\n    <article class=\"bde-loop-item ee-post\">\n        <div class=\"bde-div-1499-100-261146-1499-1 bde-div bde-div-1499-100\">\n  \n  \n\t\n\n\n\n\n<\/div>    <\/article>\n    <article class=\"bde-loop-item ee-post\">\n        <div class=\"bde-div-1499-100-261184-1499-1 bde-div bde-div-1499-100\">\n  \n  \n\t\n\n\n\n\n<\/div>    <\/article>\n    <article class=\"bde-loop-item ee-post\">\n        <div class=\"bde-div-1499-100-261186-1499-1 bde-div bde-div-1499-100\">\n  \n  \n\t\n\n\n\n\n<\/div>    <\/article>\n    <article class=\"bde-loop-item ee-post\">\n        <div class=\"bde-div-1499-100-261189-1499-1 bde-div bde-div-1499-100\">\n  \n  \n\t\n\n\n\n\n<\/div>    <\/article>\n    <article class=\"bde-loop-item ee-post\">\n        <div class=\"bde-div-1499-100-261192-1499-1 bde-div bde-div-1499-100\">\n  \n  \n\t\n\n\n\n\n<\/div>    <\/article>\n    <article class=\"bde-loop-item ee-post\">\n        <div class=\"bde-div-1499-100-261195-1499-1 bde-div bde-div-1499-100\">\n  \n  \n\t\n\n\n\n\n<\/div>    <\/article>\n    <article class=\"bde-loop-item ee-post\">\n        <div class=\"bde-div-1499-100-261198-1499-1 bde-div bde-div-1499-100\">\n  \n  \n\t\n\n\n\n\n<\/div>    <\/article>\n    <article class=\"bde-loop-item ee-post\">\n        <div class=\"bde-div-1499-100-261201-1499-1 bde-div bde-div-1499-100\">\n  \n  \n\t\n\n\n\n\n<\/div>    <\/article>\n<\/div>\r\n<\/div>\n<\/div>\n<\/div><\/div>\n<\/section>","protected":false},"excerpt":{"rendered":"<p>In\u00edcio Parceiros Temos orgulho em ser parceiros das melhores marcas e ag\u00eancias a n\u00edvel mundial. Ag\u00eancias, operadores e patrocinadores<\/p>\n","protected":false},"author":1,"featured_media":261482,"parent":0,"menu_order":9,"comment_status":"closed","ping_status":"closed","template":"","meta":{"_acf_changed":false,"_seopress_robots_primary_cat":"","_seopress_titles_title":"Parceiros","_seopress_titles_desc":"A Live Love Ride \u00e9 parceira das melhores ag\u00eancias, organiza\u00e7\u00f5es e marcas mundiais.","_seopress_robots_index":"","_breakdance_hide_in_design_set":false,"_breakdance_tags":"","footnotes":""},"class_list":["post-261122","page","type-page","status-publish","has-post-thumbnail","hentry"],"acf":[],"_links":{"self":[{"href":"https:\/\/portugalbiketours.com\/pt-pt\/wp-json\/wp\/v2\/pages\/261122","targetHints":{"allow":["GET"]}}],"collection":[{"href":"https:\/\/portugalbiketours.com\/pt-pt\/wp-json\/wp\/v2\/pages"}],"about":[{"href":"https:\/\/portugalbiketours.com\/pt-pt\/wp-json\/wp\/v2\/types\/page"}],"author":[{"embeddable":true,"href":"https:\/\/portugalbiketours.com\/pt-pt\/wp-json\/wp\/v2\/users\/1"}],"replies":[{"embeddable":true,"href":"https:\/\/portugalbiketours.com\/pt-pt\/wp-json\/wp\/v2\/comments?post=261122"}],"version-history":[{"count":0,"href":"https:\/\/portugalbiketours.com\/pt-pt\/wp-json\/wp\/v2\/pages\/261122\/revisions"}],"wp:featuredmedia":[{"embeddable":true,"href":"https:\/\/portugalbiketours.com\/pt-pt\/wp-json\/wp\/v2\/media\/261482"}],"wp:attachment":[{"href":"https:\/\/portugalbiketours.com\/pt-pt\/wp-json\/wp\/v2\/media?parent=261122"}],"curies":[{"name":"wp","href":"https:\/\/api.w.org\/{rel}","templated":true}]}}