{"id":261143,"date":"2019-10-16T09:22:31","date_gmt":"2019-10-16T08:22:31","guid":{"rendered":"https:\/\/portugalbiketours.com\/partners\/federacao-portuguesa-de-ciclismo-portuguese-cycling-federation\/"},"modified":"2025-11-23T08:46:53","modified_gmt":"2025-11-23T08:46:53","slug":"federacao-portuguesa-de-ciclismo","status":"publish","type":"page","link":"https:\/\/portugalbiketours.com\/pt-pt\/parceiros\/federacao-portuguesa-de-ciclismo\/","title":{"rendered":"Federa\u00e7\u00e3o Portuguesa de Ciclismo"},"content":{"rendered":"<section class=\"bde-section-261143-129 bde-section\">\n  \n  \n\t\n\n\n\n<div class=\"section-container\"><div class=\"bde-div-261143-130 bde-div\">\n  \n  \n\t\n\n\n\n<div class=\"bde-div-261143-131 bde-div\">\n              \n  \n  \n\t\n\n  <div class=\"section-background-overlay\"><\/div>\n\n\n<div class=\"bde-shortcode-261143-132 bde-shortcode dark-links\"><nav  aria-label=\"breadcrumb\"><ol class=\"breadcrumb\" itemscope itemtype=\"https:\/\/schema.org\/BreadcrumbList\"><li class=\"breadcrumb-item active\" aria-current=\"page\" itemprop=\"itemListElement\" itemscope itemtype=\"https:\/\/schema.org\/ListItem\"><span itemprop=\"name\">In\u00edcio<\/span><meta itemprop=\"position\" content=\"1\"><\/li><\/ol><\/nav><\/div><div class=\"bde-div-261143-133 bde-div\">\n  \n  \n\t\n\n\n\n<h1 class=\"bde-heading-261143-134 bde-heading\">\nParceiros\n<\/h1><div class=\"bde-text-261143-135 bde-text\">\nTemos orgulho em ser parceiros das melhores marcas e ag\u00eancias a n\u00edvel mundial.\n<\/div>\n<\/div>\n<\/div><div class=\"bde-div-261143-136 bde-div\">\n  \n  \n\t\n\n\n\n<div class=\"bde-columns-261143-137 bde-columns\"><div class=\"bde-column-261143-138 bde-column\">\n  \n  \n\t\n\n\n\n<h2 class=\"bde-heading-261143-139 bde-heading\">\nAg\u00eancias, operadores e patrocinadores\n<\/h2><div class=\"bde-post-loop-261143-140 bde-post-loop phox-facets-target phox-facets-target-default\"><div class=\"bde-loop bde-loop-list ee-posts ee-posts-list\">    <article class=\"bde-loop-item ee-post\">\n        <div class=\"bde-div-1499-100-260816-1499-1 bde-div bde-div-1499-100\">\n  \n  \n\t\n\n\n\n\n<\/div>    <\/article>\n    <article class=\"bde-loop-item ee-post\">\n        <div class=\"bde-div-1499-100-261064-1499-1 bde-div bde-div-1499-100\">\n  \n  \n\t\n\n\n\n\n<\/div>    <\/article>\n    <article class=\"bde-loop-item ee-post\">\n        <div class=\"bde-div-1499-100-261072-1499-1 bde-div bde-div-1499-100\">\n  \n  \n\t\n\n\n\n\n<\/div>    <\/article>\n    <article class=\"bde-loop-item ee-post\">\n        <div class=\"bde-div-1499-100-261095-1499-1 bde-div bde-div-1499-100\">\n  \n  \n\t\n\n\n\n\n<\/div>    <\/article>\n    <article class=\"bde-loop-item ee-post\">\n        <div class=\"bde-div-1499-100-261098-1499-1 bde-div bde-div-1499-100\">\n  \n  \n\t\n\n\n\n\n<\/div>    <\/article>\n    <article class=\"bde-loop-item ee-post\">\n        <div class=\"bde-div-1499-100-261103-1499-1 bde-div bde-div-1499-100\">\n  \n  \n\t\n\n\n\n\n<\/div>    <\/article>\n    <article class=\"bde-loop-item ee-post\">\n        <div class=\"bde-div-1499-100-261113-1499-1 bde-div bde-div-1499-100\">\n  \n  \n\t\n\n\n\n\n<\/div>    <\/article>\n    <article class=\"bde-loop-item ee-post\">\n        <div class=\"bde-div-1499-100-261116-1499-1 bde-div bde-div-1499-100\">\n  \n  \n\t\n\n\n\n\n<\/div>    <\/article>\n    <article class=\"bde-loop-item ee-post\">\n        <div class=\"bde-div-1499-100-261119-1499-1 bde-div bde-div-1499-100\">\n  \n  \n\t\n\n\n\n\n<\/div>    <\/article>\n    <article class=\"bde-loop-item ee-post\">\n        <div class=\"bde-div-1499-100-261122-1499-1 bde-div bde-div-1499-100\">\n  \n  \n\t\n\n\n\n\n<\/div>    <\/article>\n    <article class=\"bde-loop-item ee-post\">\n        <div class=\"bde-div-1499-100-261139-1499-1 bde-div bde-div-1499-100\">\n  \n  \n\t\n\n\n\n\n<\/div>    <\/article>\n    <article class=\"bde-loop-item ee-post\">\n        <div class=\"bde-div-1499-100-261143-1499-1 bde-div bde-div-1499-100\">\n  \n  \n\t\n\n\n\n\n<\/div>    <\/article>\n    <article class=\"bde-loop-item ee-post\">\n        <div class=\"bde-div-1499-100-261146-1499-1 bde-div bde-div-1499-100\">\n  \n  \n\t\n\n\n\n\n<\/div>    <\/article>\n    <article class=\"bde-loop-item ee-post\">\n        <div class=\"bde-div-1499-100-261184-1499-1 bde-div bde-div-1499-100\">\n  \n  \n\t\n\n\n\n\n<\/div>    <\/article>\n    <article class=\"bde-loop-item ee-post\">\n        <div class=\"bde-div-1499-100-261186-1499-1 bde-div bde-div-1499-100\">\n  \n  \n\t\n\n\n\n\n<\/div>    <\/article>\n    <article class=\"bde-loop-item ee-post\">\n        <div class=\"bde-div-1499-100-261189-1499-1 bde-div bde-div-1499-100\">\n  \n  \n\t\n\n\n\n\n<\/div>    <\/article>\n    <article class=\"bde-loop-item ee-post\">\n        <div class=\"bde-div-1499-100-261192-1499-1 bde-div bde-div-1499-100\">\n  \n  \n\t\n\n\n\n\n<\/div>    <\/article>\n    <article class=\"bde-loop-item ee-post\">\n        <div class=\"bde-div-1499-100-261195-1499-1 bde-div bde-div-1499-100\">\n  \n  \n\t\n\n\n\n\n<\/div>    <\/article>\n    <article class=\"bde-loop-item ee-post\">\n        <div class=\"bde-div-1499-100-261198-1499-1 bde-div bde-div-1499-100\">\n  \n  \n\t\n\n\n\n\n<\/div>    <\/article>\n    <article class=\"bde-loop-item ee-post\">\n        <div class=\"bde-div-1499-100-261201-1499-1 bde-div bde-div-1499-100\">\n  \n  \n\t\n\n\n\n\n<\/div>    <\/article>\n<\/div>\r\n<\/div>\n<\/div><div class=\"bde-column-261143-145 bde-column\">\n  \n  \n\t\n\n\n\n<div class=\"bde-rich-text-261143-146 bde-rich-text breakdance-rich-text-styles\">\n<div id=\"_rich_text-105-16\" class=\"oxy-rich-text marginb\"><div id=\"text_block-20-23\" class=\"ct-text-block bmargin01\"><h3 id=\"headline-10-4305\" class=\"ct-headline mf130\">FEDERA\u00c7\u00c3O PORTUGUESA DE CICLISMO - PORTUGUESE CYCLING FEDERATION<\/h3><\/div><\/div>\n---\n<\/div><img decoding=\"async\" class=\"bde-image2-261143-147 bde-image2\" src=\"https:\/\/portugalbiketours.com\/wp-content\/uploads\/partner-2.jpg\" alt=\"partner 2\" loading=\"lazy\" srcset=\"https:\/\/portugalbiketours.com\/wp-content\/uploads\/partner-2.jpg 900w, https:\/\/portugalbiketours.com\/wp-content\/uploads\/partner-2-300x122.jpg 300w, https:\/\/portugalbiketours.com\/wp-content\/uploads\/partner-2-768x312.jpg 768w\" sizes=\"(max-width: 900px) 100vw, 900px\"><div class=\"bde-rich-text-261143-148 bde-rich-text breakdance-rich-text-styles\">\n<div id=\"_rich_text-105-16\" class=\"oxy-rich-text marginb\"><div id=\"text_block-20-23\" class=\"ct-text-block bmargin01\"><p><strong>A Live Love Ride \u00e9 uma empresa afiliada \u00e0 UVP-FPC.<\/strong><\/p><div id=\"_rich_text-12-4305\" class=\"oxy-rich-text\"><p data-css=\"tve-u-16b8bc7a00e\">A Live Love Ride \u00e9 uma empresa afiliada \u00e0 Federa\u00e7\u00e3o Portuguesa de Ciclismo ( <a href=\"http:\/\/www.fpciclismo.pt\/\" target=\"_blank\" rel=\"noopener\">UVP-FPC<\/a>) como agente, apoiando e integrando as atividades que a FPC cria no \u00e2mbito da promo\u00e7\u00e3o do ciclismo em Portugal<\/p><\/div><\/div><\/div>\n<\/div>\n<\/div><\/div>\n<\/div>\n<\/div><\/div>\n<\/section>","protected":false},"excerpt":{"rendered":"<p>In\u00edcio Parceiros Temos orgulho em ser parceiros das melhores marcas e ag\u00eancias a n\u00edvel mundial. Ag\u00eancias, operadores e patrocinadores FEDERA\u00c7\u00c3O PORTUGUESA DE CICLISMO &#8211; PORTUGUESE CYCLING FEDERATION &#8212; A Live Love Ride \u00e9 uma empresa afiliada \u00e0 UVP-FPC.A Live Love Ride \u00e9 uma empresa afiliada \u00e0 Federa\u00e7\u00e3o Portuguesa de Ciclismo ( UVP-FPC) como agente, apoiando [&hellip;]<\/p>\n","protected":false},"author":1,"featured_media":261482,"parent":261122,"menu_order":11,"comment_status":"closed","ping_status":"closed","template":"","meta":{"_acf_changed":false,"_seopress_robots_primary_cat":"","_seopress_titles_title":"Federa\u00e7\u00e3o Portuguesa de Ciclismo","_seopress_titles_desc":"A Live Love Ride \u00e9 uma empresa filiada na UVP-FPC","_seopress_robots_index":"","_breakdance_hide_in_design_set":false,"_breakdance_tags":"","footnotes":""},"class_list":["post-261143","page","type-page","status-publish","has-post-thumbnail","hentry"],"acf":[],"_links":{"self":[{"href":"https:\/\/portugalbiketours.com\/pt-pt\/wp-json\/wp\/v2\/pages\/261143","targetHints":{"allow":["GET"]}}],"collection":[{"href":"https:\/\/portugalbiketours.com\/pt-pt\/wp-json\/wp\/v2\/pages"}],"about":[{"href":"https:\/\/portugalbiketours.com\/pt-pt\/wp-json\/wp\/v2\/types\/page"}],"author":[{"embeddable":true,"href":"https:\/\/portugalbiketours.com\/pt-pt\/wp-json\/wp\/v2\/users\/1"}],"replies":[{"embeddable":true,"href":"https:\/\/portugalbiketours.com\/pt-pt\/wp-json\/wp\/v2\/comments?post=261143"}],"version-history":[{"count":0,"href":"https:\/\/portugalbiketours.com\/pt-pt\/wp-json\/wp\/v2\/pages\/261143\/revisions"}],"up":[{"embeddable":true,"href":"https:\/\/portugalbiketours.com\/pt-pt\/wp-json\/wp\/v2\/pages\/261122"}],"wp:featuredmedia":[{"embeddable":true,"href":"https:\/\/portugalbiketours.com\/pt-pt\/wp-json\/wp\/v2\/media\/261482"}],"wp:attachment":[{"href":"https:\/\/portugalbiketours.com\/pt-pt\/wp-json\/wp\/v2\/media?parent=261143"}],"curies":[{"name":"wp","href":"https:\/\/api.w.org\/{rel}","templated":true}]}}