{"id":261146,"date":"2019-10-16T09:30:59","date_gmt":"2019-10-16T08:30:59","guid":{"rendered":"https:\/\/portugalbiketours.com\/partners\/go-cycling-portugal-bike-rentals-and-maps\/"},"modified":"2025-11-23T08:46:53","modified_gmt":"2025-11-23T08:46:53","slug":"go-cycling-portugal","status":"publish","type":"page","link":"https:\/\/portugalbiketours.com\/pt-pt\/parceiros\/go-cycling-portugal\/","title":{"rendered":"Go Cycling Portugal"},"content":{"rendered":"<section class=\"bde-section-261146-129 bde-section\">\n  \n  \n\t\n\n\n\n<div class=\"section-container\"><div class=\"bde-div-261146-130 bde-div\">\n  \n  \n\t\n\n\n\n<div class=\"bde-div-261146-131 bde-div\">\n              \n  \n  \n\t\n\n  <div class=\"section-background-overlay\"><\/div>\n\n\n<div class=\"bde-shortcode-261146-132 bde-shortcode dark-links\"><nav  aria-label=\"breadcrumb\"><ol class=\"breadcrumb\" itemscope itemtype=\"https:\/\/schema.org\/BreadcrumbList\"><li class=\"breadcrumb-item active\" aria-current=\"page\" itemprop=\"itemListElement\" itemscope itemtype=\"https:\/\/schema.org\/ListItem\"><span itemprop=\"name\">In\u00edcio<\/span><meta itemprop=\"position\" content=\"1\"><\/li><\/ol><\/nav><\/div><div class=\"bde-div-261146-133 bde-div\">\n  \n  \n\t\n\n\n\n<h1 class=\"bde-heading-261146-134 bde-heading\">\nParceiros\n<\/h1><div class=\"bde-text-261146-135 bde-text\">\nTemos orgulho em ser parceiros das melhores marcas e ag\u00eancias a n\u00edvel mundial.\n<\/div>\n<\/div>\n<\/div><div class=\"bde-div-261146-136 bde-div\">\n  \n  \n\t\n\n\n\n<div class=\"bde-columns-261146-137 bde-columns\"><div class=\"bde-column-261146-138 bde-column\">\n  \n  \n\t\n\n\n\n<h2 class=\"bde-heading-261146-139 bde-heading\">\nAg\u00eancias, operadores e patrocinadores\n<\/h2><div class=\"bde-post-loop-261146-140 bde-post-loop phox-facets-target phox-facets-target-default\"><div class=\"bde-loop bde-loop-list ee-posts ee-posts-list\">    <article class=\"bde-loop-item ee-post\">\n        <div class=\"bde-div-1499-100-260816-1499-1 bde-div bde-div-1499-100\">\n  \n  \n\t\n\n\n\n\n<\/div>    <\/article>\n    <article class=\"bde-loop-item ee-post\">\n        <div class=\"bde-div-1499-100-261064-1499-1 bde-div bde-div-1499-100\">\n  \n  \n\t\n\n\n\n\n<\/div>    <\/article>\n    <article class=\"bde-loop-item ee-post\">\n        <div class=\"bde-div-1499-100-261072-1499-1 bde-div bde-div-1499-100\">\n  \n  \n\t\n\n\n\n\n<\/div>    <\/article>\n    <article class=\"bde-loop-item ee-post\">\n        <div class=\"bde-div-1499-100-261095-1499-1 bde-div bde-div-1499-100\">\n  \n  \n\t\n\n\n\n\n<\/div>    <\/article>\n    <article class=\"bde-loop-item ee-post\">\n        <div class=\"bde-div-1499-100-261098-1499-1 bde-div bde-div-1499-100\">\n  \n  \n\t\n\n\n\n\n<\/div>    <\/article>\n    <article class=\"bde-loop-item ee-post\">\n        <div class=\"bde-div-1499-100-261103-1499-1 bde-div bde-div-1499-100\">\n  \n  \n\t\n\n\n\n\n<\/div>    <\/article>\n    <article class=\"bde-loop-item ee-post\">\n        <div class=\"bde-div-1499-100-261113-1499-1 bde-div bde-div-1499-100\">\n  \n  \n\t\n\n\n\n\n<\/div>    <\/article>\n    <article class=\"bde-loop-item ee-post\">\n        <div class=\"bde-div-1499-100-261116-1499-1 bde-div bde-div-1499-100\">\n  \n  \n\t\n\n\n\n\n<\/div>    <\/article>\n    <article class=\"bde-loop-item ee-post\">\n        <div class=\"bde-div-1499-100-261119-1499-1 bde-div bde-div-1499-100\">\n  \n  \n\t\n\n\n\n\n<\/div>    <\/article>\n    <article class=\"bde-loop-item ee-post\">\n        <div class=\"bde-div-1499-100-261122-1499-1 bde-div bde-div-1499-100\">\n  \n  \n\t\n\n\n\n\n<\/div>    <\/article>\n    <article class=\"bde-loop-item ee-post\">\n        <div class=\"bde-div-1499-100-261139-1499-1 bde-div bde-div-1499-100\">\n  \n  \n\t\n\n\n\n\n<\/div>    <\/article>\n    <article class=\"bde-loop-item ee-post\">\n        <div class=\"bde-div-1499-100-261143-1499-1 bde-div bde-div-1499-100\">\n  \n  \n\t\n\n\n\n\n<\/div>    <\/article>\n    <article class=\"bde-loop-item ee-post\">\n        <div class=\"bde-div-1499-100-261146-1499-1 bde-div bde-div-1499-100\">\n  \n  \n\t\n\n\n\n\n<\/div>    <\/article>\n    <article class=\"bde-loop-item ee-post\">\n        <div class=\"bde-div-1499-100-261184-1499-1 bde-div bde-div-1499-100\">\n  \n  \n\t\n\n\n\n\n<\/div>    <\/article>\n    <article class=\"bde-loop-item ee-post\">\n        <div class=\"bde-div-1499-100-261186-1499-1 bde-div bde-div-1499-100\">\n  \n  \n\t\n\n\n\n\n<\/div>    <\/article>\n    <article class=\"bde-loop-item ee-post\">\n        <div class=\"bde-div-1499-100-261189-1499-1 bde-div bde-div-1499-100\">\n  \n  \n\t\n\n\n\n\n<\/div>    <\/article>\n    <article class=\"bde-loop-item ee-post\">\n        <div class=\"bde-div-1499-100-261192-1499-1 bde-div bde-div-1499-100\">\n  \n  \n\t\n\n\n\n\n<\/div>    <\/article>\n    <article class=\"bde-loop-item ee-post\">\n        <div class=\"bde-div-1499-100-261195-1499-1 bde-div bde-div-1499-100\">\n  \n  \n\t\n\n\n\n\n<\/div>    <\/article>\n    <article class=\"bde-loop-item ee-post\">\n        <div class=\"bde-div-1499-100-261198-1499-1 bde-div bde-div-1499-100\">\n  \n  \n\t\n\n\n\n\n<\/div>    <\/article>\n    <article class=\"bde-loop-item ee-post\">\n        <div class=\"bde-div-1499-100-261201-1499-1 bde-div bde-div-1499-100\">\n  \n  \n\t\n\n\n\n\n<\/div>    <\/article>\n<\/div>\r\n<\/div>\n<\/div><div class=\"bde-column-261146-145 bde-column\">\n  \n  \n\t\n\n\n\n<div class=\"bde-rich-text-261146-146 bde-rich-text breakdance-rich-text-styles\">\n<div id=\"_rich_text-105-16\" class=\"oxy-rich-text marginb\"><div id=\"text_block-20-23\" class=\"ct-text-block bmargin01\"><h3 id=\"headline-10-4346\" class=\"ct-headline mf130\">GO CYCLING PORTUGAL - ALUGUER DE BICICLETAS E MAPAS<\/h3><\/div><\/div>\n---\n<\/div><img decoding=\"async\" class=\"bde-image2-261146-147 bde-image2\" src=\"https:\/\/portugalbiketours.com\/wp-content\/uploads\/partner-3.jpg\" alt=\"partner 3\" loading=\"lazy\" srcset=\"https:\/\/portugalbiketours.com\/wp-content\/uploads\/partner-3.jpg 900w, https:\/\/portugalbiketours.com\/wp-content\/uploads\/partner-3-300x97.jpg 300w, https:\/\/portugalbiketours.com\/wp-content\/uploads\/partner-3-768x249.jpg 768w\" sizes=\"(max-width: 900px) 100vw, 900px\"><div class=\"bde-rich-text-261146-148 bde-rich-text breakdance-rich-text-styles\">\n<div id=\"_rich_text-105-16\" class=\"oxy-rich-text marginb\"><div id=\"text_block-20-23\" class=\"ct-text-block bmargin01\"><div id=\"_rich_text-12-4346\" class=\"oxy-rich-text\"><p data-css=\"tve-u-16dd3e9c81f\"><strong>Aluguer de bicicletas, rotas e pacotes de turismo para viajantes independentes<\/strong><\/p><p data-css=\"tve-u-16dd3ea539d\">Go Cycling Portugal \u00e9 o nosso parceiro de elei\u00e7\u00e3o para tudo o que diz respeito a aluguer de bicicletas em Portugal. A Go Cycling Portugal \u00e9 especializada em <a href=\"http:\/\/gocyclingportugal.com\/\" target=\"_blank\" rel=\"noopener\">aluguer de bicicletas em Portugal<\/a>, rotas de bicicleta e pacotes de turismo auto-guiados para que todos os aventureiros possam descobrir Portugal de bicicleta ao seu pr\u00f3prio ritmo. Eles fornecem bicicletas, equipamento e conhecimento excelentes e cuidadosamente selecionados para todos os viajantes independentes de bicicleta que queiram conhecer Portugal.<\/p><\/div><\/div><\/div>\n<\/div>\n<\/div><\/div>\n<\/div>\n<\/div><\/div>\n<\/section>","protected":false},"excerpt":{"rendered":"<p>In\u00edcio Parceiros Temos orgulho em ser parceiros das melhores marcas e ag\u00eancias a n\u00edvel mundial. Ag\u00eancias, operadores e patrocinadores GO CYCLING PORTUGAL &#8211; ALUGUER DE BICICLETAS E MAPAS &#8212; Aluguer de bicicletas, rotas e pacotes de turismo para viajantes independentesGo Cycling Portugal \u00e9 o nosso parceiro de elei\u00e7\u00e3o para tudo o que diz respeito a [&hellip;]<\/p>\n","protected":false},"author":1,"featured_media":261482,"parent":261122,"menu_order":12,"comment_status":"closed","ping_status":"closed","template":"","meta":{"_acf_changed":false,"_seopress_robots_primary_cat":"","_seopress_titles_title":"Go Cycling Portugal - Portugal bike rentals e rotas","_seopress_titles_desc":"Portugal Bike rentals, rotas e packs de bike touring para viajantes activos independentes.","_seopress_robots_index":"","_breakdance_hide_in_design_set":false,"_breakdance_tags":"","footnotes":""},"class_list":["post-261146","page","type-page","status-publish","has-post-thumbnail","hentry"],"acf":[],"_links":{"self":[{"href":"https:\/\/portugalbiketours.com\/pt-pt\/wp-json\/wp\/v2\/pages\/261146","targetHints":{"allow":["GET"]}}],"collection":[{"href":"https:\/\/portugalbiketours.com\/pt-pt\/wp-json\/wp\/v2\/pages"}],"about":[{"href":"https:\/\/portugalbiketours.com\/pt-pt\/wp-json\/wp\/v2\/types\/page"}],"author":[{"embeddable":true,"href":"https:\/\/portugalbiketours.com\/pt-pt\/wp-json\/wp\/v2\/users\/1"}],"replies":[{"embeddable":true,"href":"https:\/\/portugalbiketours.com\/pt-pt\/wp-json\/wp\/v2\/comments?post=261146"}],"version-history":[{"count":0,"href":"https:\/\/portugalbiketours.com\/pt-pt\/wp-json\/wp\/v2\/pages\/261146\/revisions"}],"up":[{"embeddable":true,"href":"https:\/\/portugalbiketours.com\/pt-pt\/wp-json\/wp\/v2\/pages\/261122"}],"wp:featuredmedia":[{"embeddable":true,"href":"https:\/\/portugalbiketours.com\/pt-pt\/wp-json\/wp\/v2\/media\/261482"}],"wp:attachment":[{"href":"https:\/\/portugalbiketours.com\/pt-pt\/wp-json\/wp\/v2\/media?parent=261146"}],"curies":[{"name":"wp","href":"https:\/\/api.w.org\/{rel}","templated":true}]}}