{"id":261192,"date":"2019-10-16T09:25:14","date_gmt":"2019-10-16T08:25:14","guid":{"rendered":"https:\/\/portugalbiketours.com\/partners\/portuguese-rural-hotels\/"},"modified":"2025-11-23T08:47:02","modified_gmt":"2025-11-23T08:47:02","slug":"hoteis-rurais-de-portugal","status":"publish","type":"page","link":"https:\/\/portugalbiketours.com\/pt-pt\/parceiros\/hoteis-rurais-de-portugal\/","title":{"rendered":"Hot\u00e9is Rurais de Portugal"},"content":{"rendered":"<section class=\"bde-section-261192-129 bde-section\">\n  \n  \n\t\n\n\n\n<div class=\"section-container\"><div class=\"bde-div-261192-130 bde-div\">\n  \n  \n\t\n\n\n\n<div class=\"bde-div-261192-131 bde-div\">\n              \n  \n  \n\t\n\n  <div class=\"section-background-overlay\"><\/div>\n\n\n<div class=\"bde-shortcode-261192-132 bde-shortcode dark-links\"><nav  aria-label=\"breadcrumb\"><ol class=\"breadcrumb\" itemscope itemtype=\"https:\/\/schema.org\/BreadcrumbList\"><li class=\"breadcrumb-item active\" aria-current=\"page\" itemprop=\"itemListElement\" itemscope itemtype=\"https:\/\/schema.org\/ListItem\"><span itemprop=\"name\">In\u00edcio<\/span><meta itemprop=\"position\" content=\"1\"><\/li><\/ol><\/nav><\/div><div class=\"bde-div-261192-133 bde-div\">\n  \n  \n\t\n\n\n\n<h1 class=\"bde-heading-261192-134 bde-heading\">\nParceiros\n<\/h1><div class=\"bde-text-261192-135 bde-text\">\nTemos orgulho em ser parceiros das melhores marcas e ag\u00eancias a n\u00edvel mundial.\n<\/div>\n<\/div>\n<\/div><div class=\"bde-div-261192-136 bde-div\">\n  \n  \n\t\n\n\n\n<div class=\"bde-columns-261192-137 bde-columns\"><div class=\"bde-column-261192-138 bde-column\">\n  \n  \n\t\n\n\n\n<h2 class=\"bde-heading-261192-139 bde-heading\">\nAg\u00eancias, operadores e patrocinadores\n<\/h2><div class=\"bde-post-loop-261192-140 bde-post-loop phox-facets-target phox-facets-target-default\"><div class=\"bde-loop bde-loop-list ee-posts ee-posts-list\">    <article class=\"bde-loop-item ee-post\">\n        <div class=\"bde-div-1499-100-260816-1499-1 bde-div bde-div-1499-100\">\n  \n  \n\t\n\n\n\n\n<\/div>    <\/article>\n    <article class=\"bde-loop-item ee-post\">\n        <div class=\"bde-div-1499-100-261064-1499-1 bde-div bde-div-1499-100\">\n  \n  \n\t\n\n\n\n\n<\/div>    <\/article>\n    <article class=\"bde-loop-item ee-post\">\n        <div class=\"bde-div-1499-100-261072-1499-1 bde-div bde-div-1499-100\">\n  \n  \n\t\n\n\n\n\n<\/div>    <\/article>\n    <article class=\"bde-loop-item ee-post\">\n        <div class=\"bde-div-1499-100-261095-1499-1 bde-div bde-div-1499-100\">\n  \n  \n\t\n\n\n\n\n<\/div>    <\/article>\n    <article class=\"bde-loop-item ee-post\">\n        <div class=\"bde-div-1499-100-261098-1499-1 bde-div bde-div-1499-100\">\n  \n  \n\t\n\n\n\n\n<\/div>    <\/article>\n    <article class=\"bde-loop-item ee-post\">\n        <div class=\"bde-div-1499-100-261103-1499-1 bde-div bde-div-1499-100\">\n  \n  \n\t\n\n\n\n\n<\/div>    <\/article>\n    <article class=\"bde-loop-item ee-post\">\n        <div class=\"bde-div-1499-100-261113-1499-1 bde-div bde-div-1499-100\">\n  \n  \n\t\n\n\n\n\n<\/div>    <\/article>\n    <article class=\"bde-loop-item ee-post\">\n        <div class=\"bde-div-1499-100-261116-1499-1 bde-div bde-div-1499-100\">\n  \n  \n\t\n\n\n\n\n<\/div>    <\/article>\n    <article class=\"bde-loop-item ee-post\">\n        <div class=\"bde-div-1499-100-261119-1499-1 bde-div bde-div-1499-100\">\n  \n  \n\t\n\n\n\n\n<\/div>    <\/article>\n    <article class=\"bde-loop-item ee-post\">\n        <div class=\"bde-div-1499-100-261122-1499-1 bde-div bde-div-1499-100\">\n  \n  \n\t\n\n\n\n\n<\/div>    <\/article>\n    <article class=\"bde-loop-item ee-post\">\n        <div class=\"bde-div-1499-100-261139-1499-1 bde-div bde-div-1499-100\">\n  \n  \n\t\n\n\n\n\n<\/div>    <\/article>\n    <article class=\"bde-loop-item ee-post\">\n        <div class=\"bde-div-1499-100-261143-1499-1 bde-div bde-div-1499-100\">\n  \n  \n\t\n\n\n\n\n<\/div>    <\/article>\n    <article class=\"bde-loop-item ee-post\">\n        <div class=\"bde-div-1499-100-261146-1499-1 bde-div bde-div-1499-100\">\n  \n  \n\t\n\n\n\n\n<\/div>    <\/article>\n    <article class=\"bde-loop-item ee-post\">\n        <div class=\"bde-div-1499-100-261184-1499-1 bde-div bde-div-1499-100\">\n  \n  \n\t\n\n\n\n\n<\/div>    <\/article>\n    <article class=\"bde-loop-item ee-post\">\n        <div class=\"bde-div-1499-100-261186-1499-1 bde-div bde-div-1499-100\">\n  \n  \n\t\n\n\n\n\n<\/div>    <\/article>\n    <article class=\"bde-loop-item ee-post\">\n        <div class=\"bde-div-1499-100-261189-1499-1 bde-div bde-div-1499-100\">\n  \n  \n\t\n\n\n\n\n<\/div>    <\/article>\n    <article class=\"bde-loop-item ee-post\">\n        <div class=\"bde-div-1499-100-261192-1499-1 bde-div bde-div-1499-100\">\n  \n  \n\t\n\n\n\n\n<\/div>    <\/article>\n    <article class=\"bde-loop-item ee-post\">\n        <div class=\"bde-div-1499-100-261195-1499-1 bde-div bde-div-1499-100\">\n  \n  \n\t\n\n\n\n\n<\/div>    <\/article>\n    <article class=\"bde-loop-item ee-post\">\n        <div class=\"bde-div-1499-100-261198-1499-1 bde-div bde-div-1499-100\">\n  \n  \n\t\n\n\n\n\n<\/div>    <\/article>\n    <article class=\"bde-loop-item ee-post\">\n        <div class=\"bde-div-1499-100-261201-1499-1 bde-div bde-div-1499-100\">\n  \n  \n\t\n\n\n\n\n<\/div>    <\/article>\n<\/div>\r\n<\/div>\n<\/div><div class=\"bde-column-261192-145 bde-column\">\n  \n  \n\t\n\n\n\n<div class=\"bde-rich-text-261192-146 bde-rich-text breakdance-rich-text-styles\">\n<div id=\"_rich_text-105-16\" class=\"oxy-rich-text marginb\"><div id=\"text_block-20-23\" class=\"ct-text-block bmargin01\"><h3 id=\"headline-10-4316\" class=\"ct-headline mf130\">HOT\u00c9IS RURAIS PORTUGUESES<\/h3><\/div><\/div>\n<\/div><img decoding=\"async\" class=\"bde-image2-261192-147 bde-image2\" src=\"https:\/\/portugalbiketours.com\/wp-content\/uploads\/partner-7.jpg\" alt=\"partner 7\" loading=\"lazy\" sizes=\"(max-width: 283px) 100vw, 283px\"><div class=\"bde-rich-text-261192-148 bde-rich-text breakdance-rich-text-styles\">\n<div id=\"_rich_text-105-16\" class=\"oxy-rich-text marginb\"><div id=\"text_block-20-23\" class=\"ct-text-block bmargin01\"><div id=\"_rich_text-12-4316\" class=\"oxy-rich-text\"><div class=\"thrv_wrapper thrv_text_element\" data-tag=\"h4\"><p data-css=\"tve-u-16b8bcce457\"><strong>Arte, hist\u00f3ria e cultura.<\/strong><\/p><p data-css=\"tve-u-16b8bcce457\">Tr\u00eas palavras que podemos usar para melhor resumir e caracterizar um Hotel Rural em Portugal.<\/p><\/div><div class=\"thrv_wrapper thrv_text_element fixlcolor\"><p data-css=\"tve-u-16b8bc7a00e\">Muito mais do que um hotel, em cada um encontrar\u00e1 a sua pr\u00f3pria identidade e um pouco da hist\u00f3ria portuguesa. Passar a noite num Hotel Rural \u00e9 reviver mem\u00f3rias, com um mundo de sensa\u00e7\u00f5es que o transporta ao passado e nos inspira para o futuro. Veja todos os hot\u00e9is rurais de Portugal no seu website, aqui:\u00a0<a href=\"http:\/\/www.hoteisruraisportugal.com.pt\/\" target=\"_blank\" rel=\"noopener\">http:\/\/www.hoteisruraisportugal.com.pt\/<\/a><br \/><br \/>Live Love Ride \u00e9 um parceiro orgulhoso dos \"Hot\u00e9is Rurais de Portugal\".<\/p><\/div><\/div><\/div><\/div>\n<\/div>\n<\/div><\/div>\n<\/div>\n<\/div><\/div>\n<\/section>","protected":false},"excerpt":{"rendered":"<p>In\u00edcio Parceiros Temos orgulho em ser parceiros das melhores marcas e ag\u00eancias a n\u00edvel mundial. Ag\u00eancias, operadores e patrocinadores HOT\u00c9IS RURAIS PORTUGUESES Arte, hist\u00f3ria e cultura.Tr\u00eas palavras que podemos usar para melhor resumir e caracterizar um Hotel Rural em Portugal.Muito mais do que um hotel, em cada um encontrar\u00e1 a sua pr\u00f3pria identidade e um [&hellip;]<\/p>\n","protected":false},"author":1,"featured_media":261482,"parent":261122,"menu_order":16,"comment_status":"closed","ping_status":"closed","template":"","meta":{"_acf_changed":false,"_seopress_robots_primary_cat":"","_seopress_titles_title":"Hot\u00e9is Rurais de Portugal","_seopress_titles_desc":"Arte, hist\u00f3ria e cultura. Tr\u00eas palavras que sumarizam e caracterizam os hot\u00e9is rurais de Portugal.","_seopress_robots_index":"","_breakdance_hide_in_design_set":false,"_breakdance_tags":"","footnotes":""},"class_list":["post-261192","page","type-page","status-publish","has-post-thumbnail","hentry"],"acf":[],"_links":{"self":[{"href":"https:\/\/portugalbiketours.com\/pt-pt\/wp-json\/wp\/v2\/pages\/261192","targetHints":{"allow":["GET"]}}],"collection":[{"href":"https:\/\/portugalbiketours.com\/pt-pt\/wp-json\/wp\/v2\/pages"}],"about":[{"href":"https:\/\/portugalbiketours.com\/pt-pt\/wp-json\/wp\/v2\/types\/page"}],"author":[{"embeddable":true,"href":"https:\/\/portugalbiketours.com\/pt-pt\/wp-json\/wp\/v2\/users\/1"}],"replies":[{"embeddable":true,"href":"https:\/\/portugalbiketours.com\/pt-pt\/wp-json\/wp\/v2\/comments?post=261192"}],"version-history":[{"count":0,"href":"https:\/\/portugalbiketours.com\/pt-pt\/wp-json\/wp\/v2\/pages\/261192\/revisions"}],"up":[{"embeddable":true,"href":"https:\/\/portugalbiketours.com\/pt-pt\/wp-json\/wp\/v2\/pages\/261122"}],"wp:featuredmedia":[{"embeddable":true,"href":"https:\/\/portugalbiketours.com\/pt-pt\/wp-json\/wp\/v2\/media\/261482"}],"wp:attachment":[{"href":"https:\/\/portugalbiketours.com\/pt-pt\/wp-json\/wp\/v2\/media?parent=261192"}],"curies":[{"name":"wp","href":"https:\/\/api.w.org\/{rel}","templated":true}]}}