{"id":261201,"date":"2019-06-24T23:25:44","date_gmt":"2019-06-24T22:25:44","guid":{"rendered":"https:\/\/portugalbiketours.com\/partners\/turismo-de-portugal-programa-valorizar\/"},"modified":"2025-11-23T08:47:02","modified_gmt":"2025-11-23T08:47:02","slug":"turismo-de-portugal-programa-valorizar","status":"publish","type":"page","link":"https:\/\/portugalbiketours.com\/pt-pt\/parceiros\/turismo-de-portugal-programa-valorizar\/","title":{"rendered":"Turismo de Portugal &#8211; Programa Valorizar"},"content":{"rendered":"<section class=\"bde-section-261201-129 bde-section\">\n  \n  \n\t\n\n\n\n<div class=\"section-container\"><div class=\"bde-div-261201-130 bde-div\">\n  \n  \n\t\n\n\n\n<div class=\"bde-div-261201-131 bde-div\">\n              \n  \n  \n\t\n\n  <div class=\"section-background-overlay\"><\/div>\n\n\n<div class=\"bde-shortcode-261201-132 bde-shortcode dark-links\"><nav  aria-label=\"breadcrumb\"><ol class=\"breadcrumb\" itemscope itemtype=\"https:\/\/schema.org\/BreadcrumbList\"><li class=\"breadcrumb-item active\" aria-current=\"page\" itemprop=\"itemListElement\" itemscope itemtype=\"https:\/\/schema.org\/ListItem\"><span itemprop=\"name\">In\u00edcio<\/span><meta itemprop=\"position\" content=\"1\"><\/li><\/ol><\/nav><\/div><div class=\"bde-div-261201-133 bde-div\">\n  \n  \n\t\n\n\n\n<h1 class=\"bde-heading-261201-134 bde-heading\">\nParceiros\n<\/h1><div class=\"bde-text-261201-135 bde-text\">\nTemos orgulho em ser parceiros das melhores marcas e ag\u00eancias a n\u00edvel mundial.\n<\/div>\n<\/div>\n<\/div><div class=\"bde-div-261201-136 bde-div\">\n  \n  \n\t\n\n\n\n<div class=\"bde-columns-261201-137 bde-columns\"><div class=\"bde-column-261201-138 bde-column\">\n  \n  \n\t\n\n\n\n<h2 class=\"bde-heading-261201-139 bde-heading\">\nAg\u00eancias, operadores e patrocinadores\n<\/h2><div class=\"bde-post-loop-261201-140 bde-post-loop phox-facets-target phox-facets-target-default\"><div class=\"bde-loop bde-loop-list ee-posts ee-posts-list\">    <article class=\"bde-loop-item ee-post\">\n        <div class=\"bde-div-1499-100-260816-1499-1 bde-div bde-div-1499-100\">\n  \n  \n\t\n\n\n\n\n<\/div>    <\/article>\n    <article class=\"bde-loop-item ee-post\">\n        <div class=\"bde-div-1499-100-261064-1499-1 bde-div bde-div-1499-100\">\n  \n  \n\t\n\n\n\n\n<\/div>    <\/article>\n    <article class=\"bde-loop-item ee-post\">\n        <div class=\"bde-div-1499-100-261072-1499-1 bde-div bde-div-1499-100\">\n  \n  \n\t\n\n\n\n\n<\/div>    <\/article>\n    <article class=\"bde-loop-item ee-post\">\n        <div class=\"bde-div-1499-100-261095-1499-1 bde-div bde-div-1499-100\">\n  \n  \n\t\n\n\n\n\n<\/div>    <\/article>\n    <article class=\"bde-loop-item ee-post\">\n        <div class=\"bde-div-1499-100-261098-1499-1 bde-div bde-div-1499-100\">\n  \n  \n\t\n\n\n\n\n<\/div>    <\/article>\n    <article class=\"bde-loop-item ee-post\">\n        <div class=\"bde-div-1499-100-261103-1499-1 bde-div bde-div-1499-100\">\n  \n  \n\t\n\n\n\n\n<\/div>    <\/article>\n    <article class=\"bde-loop-item ee-post\">\n        <div class=\"bde-div-1499-100-261113-1499-1 bde-div bde-div-1499-100\">\n  \n  \n\t\n\n\n\n\n<\/div>    <\/article>\n    <article class=\"bde-loop-item ee-post\">\n        <div class=\"bde-div-1499-100-261116-1499-1 bde-div bde-div-1499-100\">\n  \n  \n\t\n\n\n\n\n<\/div>    <\/article>\n    <article class=\"bde-loop-item ee-post\">\n        <div class=\"bde-div-1499-100-261119-1499-1 bde-div bde-div-1499-100\">\n  \n  \n\t\n\n\n\n\n<\/div>    <\/article>\n    <article class=\"bde-loop-item ee-post\">\n        <div class=\"bde-div-1499-100-261122-1499-1 bde-div bde-div-1499-100\">\n  \n  \n\t\n\n\n\n\n<\/div>    <\/article>\n    <article class=\"bde-loop-item ee-post\">\n        <div class=\"bde-div-1499-100-261139-1499-1 bde-div bde-div-1499-100\">\n  \n  \n\t\n\n\n\n\n<\/div>    <\/article>\n    <article class=\"bde-loop-item ee-post\">\n        <div class=\"bde-div-1499-100-261143-1499-1 bde-div bde-div-1499-100\">\n  \n  \n\t\n\n\n\n\n<\/div>    <\/article>\n    <article class=\"bde-loop-item ee-post\">\n        <div class=\"bde-div-1499-100-261146-1499-1 bde-div bde-div-1499-100\">\n  \n  \n\t\n\n\n\n\n<\/div>    <\/article>\n    <article class=\"bde-loop-item ee-post\">\n        <div class=\"bde-div-1499-100-261184-1499-1 bde-div bde-div-1499-100\">\n  \n  \n\t\n\n\n\n\n<\/div>    <\/article>\n    <article class=\"bde-loop-item ee-post\">\n        <div class=\"bde-div-1499-100-261186-1499-1 bde-div bde-div-1499-100\">\n  \n  \n\t\n\n\n\n\n<\/div>    <\/article>\n    <article class=\"bde-loop-item ee-post\">\n        <div class=\"bde-div-1499-100-261189-1499-1 bde-div bde-div-1499-100\">\n  \n  \n\t\n\n\n\n\n<\/div>    <\/article>\n    <article class=\"bde-loop-item ee-post\">\n        <div class=\"bde-div-1499-100-261192-1499-1 bde-div bde-div-1499-100\">\n  \n  \n\t\n\n\n\n\n<\/div>    <\/article>\n    <article class=\"bde-loop-item ee-post\">\n        <div class=\"bde-div-1499-100-261195-1499-1 bde-div bde-div-1499-100\">\n  \n  \n\t\n\n\n\n\n<\/div>    <\/article>\n    <article class=\"bde-loop-item ee-post\">\n        <div class=\"bde-div-1499-100-261198-1499-1 bde-div bde-div-1499-100\">\n  \n  \n\t\n\n\n\n\n<\/div>    <\/article>\n    <article class=\"bde-loop-item ee-post\">\n        <div class=\"bde-div-1499-100-261201-1499-1 bde-div bde-div-1499-100\">\n  \n  \n\t\n\n\n\n\n<\/div>    <\/article>\n<\/div>\r\n<\/div>\n<\/div><div class=\"bde-column-261201-149 bde-column\">\n  \n  \n\t\n\n\n\n<div class=\"bde-rich-text-261201-150 bde-rich-text breakdance-rich-text-styles\">\n<div id=\"_rich_text-105-16\" class=\"oxy-rich-text marginb\"><div id=\"text_block-20-23\" class=\"ct-text-block bmargin01\"><h3 id=\"headline-10-480\" class=\"ct-headline mf130\">TURISMO DE PORTUGAL - PROGRAMA VALORIZAR<\/h3><\/div><\/div>\n<\/div><img decoding=\"async\" class=\"bde-image2-261201-151 bde-image2\" src=\"https:\/\/portugalbiketours.com\/wp-content\/uploads\/partner-10.jpg\" alt=\"partner 10\" loading=\"lazy\" srcset=\"https:\/\/portugalbiketours.com\/wp-content\/uploads\/partner-10.jpg 1022w, https:\/\/portugalbiketours.com\/wp-content\/uploads\/partner-10-300x116.jpg 300w, https:\/\/portugalbiketours.com\/wp-content\/uploads\/partner-10-768x297.jpg 768w\" sizes=\"(max-width: 1022px) 100vw, 1022px\"><div class=\"bde-rich-text-261201-152 bde-rich-text breakdance-rich-text-styles\">\n<div id=\"_rich_text-105-16\" class=\"oxy-rich-text marginb\"><div id=\"text_block-20-23\" class=\"ct-text-block bmargin01\"><div id=\"_rich_text-12-480\" class=\"oxy-rich-text\"><div class=\"thrv_wrapper thrv_text_element\" data-tag=\"h4\"><p data-css=\"tve-u-16b8bcce457\"><strong>SOMOS MEMBROS ORGULHOSOS DA ASSOCIA\u00c7\u00c3O NACIONAL DE TURISMO E PARTE DO PROGRAMA \"VALORIZAR\"<\/strong><\/p><\/div><div class=\"thrv_wrapper thrv_text_element fixlcolor\"><p data-css=\"tve-u-16b8bdcaf46\">Integrado no Minist\u00e9rio da Economia, Inova\u00e7\u00e3o e Desenvolvimento, o Turismo de Portugal \u00e9 a autoridade nacional do turismo respons\u00e1vel pela promo\u00e7\u00e3o, valoriza\u00e7\u00e3o e sustentabilidade das actividades tur\u00edsticas, agregando numa \u00fanica entidade todas as compet\u00eancias institucionais relacionadas com a dinamiza\u00e7\u00e3o das actividades tur\u00edsticas, desde o sector da oferta at\u00e9 \u00e0 procura.<br \/><br \/>\"Live Love Ride\" \u00e9 uma Ag\u00eancia de Viagens e Operadora Tur\u00edstica certificada pelo Turismo de Portugal.<br \/><br \/>RNAVT - 5091<br \/>RNAAT- 18\/2015<\/p><\/div><div class=\"thrv_wrapper thrv_text_element fixlcolor\"><p data-css=\"tve-u-16b8bdcaf46\">Linha de apoio \u00e0 Valoriza\u00e7\u00e3o Tur\u00edstica do Interior<br \/><br \/>Entidade: OAK, unipessoal lda<br \/><br \/>Projecto: \"Live Love Ride &amp; Walking. Qualifica\u00e7\u00e3o da oferta de Cycling &amp; Walking\"<br \/><br \/>Investimento: 69.001,17\u20ac<br \/><br \/>Financiamento: 62.105,05\u20ac<\/p><\/div><\/div><\/div><\/div>\n<\/div>\n<\/div><\/div>\n<\/div>\n<\/div><\/div>\n<\/section>","protected":false},"excerpt":{"rendered":"<p>In\u00edcio Parceiros Temos orgulho em ser parceiros das melhores marcas e ag\u00eancias a n\u00edvel mundial. Ag\u00eancias, operadores e patrocinadores TURISMO DE PORTUGAL &#8211; PROGRAMA VALORIZAR SOMOS MEMBROS ORGULHOSOS DA ASSOCIA\u00c7\u00c3O NACIONAL DE TURISMO E PARTE DO PROGRAMA &#8220;VALORIZAR&#8221;Integrado no Minist\u00e9rio da Economia, Inova\u00e7\u00e3o e Desenvolvimento, o Turismo de Portugal \u00e9 a autoridade nacional do turismo [&hellip;]<\/p>\n","protected":false},"author":1,"featured_media":261482,"parent":261122,"menu_order":19,"comment_status":"closed","ping_status":"closed","template":"","meta":{"_acf_changed":false,"_seopress_robots_primary_cat":"","_seopress_titles_title":"Turismo de Portugal - Programa Valorizar","_seopress_titles_desc":"Somos orgulhosos membros da maior associa\u00e7\u00e3o tur\u00edstica nacional e apoiados por este programa","_seopress_robots_index":"","_breakdance_hide_in_design_set":false,"_breakdance_tags":"","footnotes":""},"class_list":["post-261201","page","type-page","status-publish","has-post-thumbnail","hentry"],"acf":[],"_links":{"self":[{"href":"https:\/\/portugalbiketours.com\/pt-pt\/wp-json\/wp\/v2\/pages\/261201","targetHints":{"allow":["GET"]}}],"collection":[{"href":"https:\/\/portugalbiketours.com\/pt-pt\/wp-json\/wp\/v2\/pages"}],"about":[{"href":"https:\/\/portugalbiketours.com\/pt-pt\/wp-json\/wp\/v2\/types\/page"}],"author":[{"embeddable":true,"href":"https:\/\/portugalbiketours.com\/pt-pt\/wp-json\/wp\/v2\/users\/1"}],"replies":[{"embeddable":true,"href":"https:\/\/portugalbiketours.com\/pt-pt\/wp-json\/wp\/v2\/comments?post=261201"}],"version-history":[{"count":0,"href":"https:\/\/portugalbiketours.com\/pt-pt\/wp-json\/wp\/v2\/pages\/261201\/revisions"}],"up":[{"embeddable":true,"href":"https:\/\/portugalbiketours.com\/pt-pt\/wp-json\/wp\/v2\/pages\/261122"}],"wp:featuredmedia":[{"embeddable":true,"href":"https:\/\/portugalbiketours.com\/pt-pt\/wp-json\/wp\/v2\/media\/261482"}],"wp:attachment":[{"href":"https:\/\/portugalbiketours.com\/pt-pt\/wp-json\/wp\/v2\/media?parent=261201"}],"curies":[{"name":"wp","href":"https:\/\/api.w.org\/{rel}","templated":true}]}}