{"id":261255,"date":"2019-03-10T10:52:00","date_gmt":"2019-03-10T10:52:00","guid":{"rendered":"https:\/\/portugalbiketours.com\/privacy-policy\/"},"modified":"2025-11-23T08:48:57","modified_gmt":"2025-11-23T08:48:57","slug":"politica-de-privacidade","status":"publish","type":"page","link":"https:\/\/portugalbiketours.com\/pt-pt\/politica-de-privacidade\/","title":{"rendered":"Pol\u00edtica de Privacidade"},"content":{"rendered":"<section class=\"bde-section-261255-112 bde-section\">\n  \n  \n\t\n\n\n\n<div class=\"section-container\"><div class=\"bde-div-261255-113 bde-div\">\n  \n  \n\t\n\n\n\n<div class=\"bde-div-261255-114 bde-div\">\n              \n  \n  \n\t\n\n  <div class=\"section-background-overlay\"><\/div>\n\n\n<div class=\"bde-shortcode-261255-115 bde-shortcode dark-links\"><nav  aria-label=\"breadcrumb\"><ol class=\"breadcrumb\" itemscope itemtype=\"https:\/\/schema.org\/BreadcrumbList\"><li class=\"breadcrumb-item active\" aria-current=\"page\" itemprop=\"itemListElement\" itemscope itemtype=\"https:\/\/schema.org\/ListItem\"><span itemprop=\"name\">In\u00edcio<\/span><meta itemprop=\"position\" content=\"1\"><\/li><\/ol><\/nav><\/div><div class=\"bde-div-261255-116 bde-div\">\n  \n  \n\t\n\n\n\n<h1 class=\"bde-heading-261255-117 bde-heading\">\nPol\u00edtica de Privacidade\n<\/h1><div class=\"bde-text-261255-118 bde-text\">\nPol\u00edtica de Privacidade Live Love Ride\n<\/div>\n<\/div>\n<\/div><div class=\"bde-div-261255-119 bde-div\">\n  \n  \n\t\n\n\n\n<h2 class=\"bde-heading-261255-120 bde-heading\">\nQual \u00e9 a sua pol\u00edtica de privacidade?\n<\/h2><div class=\"bde-rich-text-261255-121 bde-rich-text breakdance-rich-text-styles\">\n<div id=\"_rich_text-9-3\" class=\"oxy-rich-text marginb\"><p>A nossa pol\u00edtica de privacidade \u00e9 bastante simples: n\u00e3o utilizaremos o seu endere\u00e7o de email nem qualquer outra informa\u00e7\u00e3o que nos forne\u00e7a para outro prop\u00f3sito que n\u00e3o aquele para o qual originalmente nos foi dada: enviar-lhe itiner\u00e1rios, preparar melhor o seu tour de bicicleta e, ocasionalmente, enviar a nossa newsletter. Isto pode incluir contactar os subscritores para atualizar informa\u00e7\u00f5es de vez em quando e, de tempos a tempos, convidar alguns convidados a participar numa sondagem. Ocasionalmente tamb\u00e9m notificamos os nossos visitantes sobre eventos e produtos relevantes.<\/p><\/div><h3 id=\"headline-10-3\" class=\"ct-headline marginb mf130\">O seu nome e endere\u00e7o de email<\/h3><div id=\"_rich_text-11-3\" class=\"oxy-rich-text marginb\">N\u00e3o alugamos, trocamos ou vendemos as nossas listas a anunciantes, outros sites ou corretores de listas.<\/div><h3 id=\"headline-12-3\" class=\"ct-headline marginb mf130\">As informa\u00e7\u00f5es que detemos<\/h3><div id=\"_rich_text-13-3\" class=\"oxy-rich-text marginb\"><p><strong>S\u00edtio<\/strong><\/p><p>N\u00e3o captamos qualquer informa\u00e7\u00e3o pessoal identific\u00e1vel dos visitantes do nosso s\u00edtio, apenas informa\u00e7\u00e3o an\u00f3nima conforme detalhado nas sec\u00e7\u00f5es abaixo desta.<\/p><p><strong>Newsletter<\/strong><\/p><p>Utilizamos o MailChimp como fornecedor do nosso servi\u00e7o de marketing por email e automa\u00e7\u00e3o. No MailChimp detemos os seguintes dados:<\/p><p>Informa\u00e7\u00e3o que os subscritores da newsletter podem ter fornecido quando optaram por receber um dos nossos downloads. Isto pode incluir Nome e Apelido, Endere\u00e7o de Email, N\u00famero de Telefone, Cargo, Organiza\u00e7\u00e3o, Tamanho da Empresa e Pa\u00eds. Esta informa\u00e7\u00e3o \u00e9 detida apenas para os subscritores da newsletter que a submeteram ao pedir um download.<\/p><p>Informa\u00e7\u00e3o que os subscritores da newsletter podem ter fornecido ao optar por receber a nossa newsletter. Normalmente, isto limita-se a Nome e Endere\u00e7o de Email.<\/p><p>Informa\u00e7\u00e3o que o MailChimp determina por si pr\u00f3prio a partir da atividade dos subscritores da newsletter, como localiza\u00e7\u00e3o baseada em IP (latitude\/longitude, fuso hor\u00e1rio e pa\u00eds).<\/p><p>N\u00e3o vendemos nem alugamos esta informa\u00e7\u00e3o, e apenas a usamos por vezes de forma agregada e an\u00f3nima para determinar dados gerais sobre o nosso p\u00fablico de subscritores da newsletter.<\/p><p><strong>Produtos Pagos<\/strong><\/p><p>Temos acesso \u00e0 informa\u00e7\u00e3o que forneceu ao comprar um produto pago, como um tour de bicicleta. Isto limita-se \u00e0 informa\u00e7\u00e3o necess\u00e1ria para processar o seu pagamento, como nome, morada e informa\u00e7\u00e3o do cart\u00e3o de cr\u00e9dito, informa\u00e7\u00f5es adicionais que precisamos para lhe fornecer seguro de viagem (nacionalidade, morada, data de nascimento) e detalhes necess\u00e1rios para a prepara\u00e7\u00e3o do tour, como altura, tamanho do capacete, etc. Esta informa\u00e7\u00e3o n\u00e3o \u00e9 fornecida a terceiros e \u00e9 eliminada assim que a sua experi\u00eancia connosco termina.<\/p><\/div><h3 id=\"headline-14-3\" class=\"ct-headline marginb mf130\">Gest\u00e3o dos seus dados<\/h3><div id=\"_rich_text-15-3\" class=\"oxy-rich-text marginb\"><p>Pode solicitar a qualquer momento ver os dados que detemos sobre si, bem como pedir a elimina\u00e7\u00e3o dos seus dados. Por favor envie um email para ridewithus@liveloveride.pt para quaisquer quest\u00f5es relacionadas com os seus dados pessoais.<\/p><p>Se publicar um coment\u00e1rio no nosso s\u00edtio, ou solicitar um itiner\u00e1rio, n\u00e3o usaremos o seu email exceto para lhe enviar notifica\u00e7\u00f5es de atualiza\u00e7\u00f5es sobre a entrada espec\u00edfica que comentou, ou para iniciar uma conversa privada por email consigo sobre o seu coment\u00e1rio.<\/p><\/div><h3 id=\"headline-16-3\" class=\"ct-headline marginb mf130\">Registos, cookies, web beacons e publicidade de terceiros<\/h3><div id=\"_rich_text-17-3\" class=\"oxy-rich-text marginb\"><p>Recolhemos dados an\u00f3nimos de utiliza\u00e7\u00e3o (tecnicamente conhecidos como \u201cregistos de refer\u00eancia\u201d) no nosso s\u00edtio web, como endere\u00e7o IP, s\u00edtio de refer\u00eancia ou tipo de navegador. N\u00e3o associamos dados de IP a informa\u00e7\u00e3o pessoal identific\u00e1vel.<\/p><p>Podemos usar meios t\u00e9cnicos de rastreamento como cookies ou web beacons (gifs transparentes de um \u00fanico pixel). Estas t\u00e9cnicas s\u00e3o an\u00f3nimas e usadas apenas para fins estat\u00edsticos (ex.: determinar a taxa de abertura dos nossos emails). N\u00e3o tentaremos monitorizar a sua utiliza\u00e7\u00e3o pessoal an\u00f3nima do nosso s\u00edtio e emails. Pode configurar o seu navegador para recusar cookies se desejar, embora isso possa limitar algumas funcionalidades do s\u00edtio.<\/p><\/div><h3 id=\"headline-18-3\" class=\"ct-headline marginb mf130\">Seguran\u00e7a<\/h3><div id=\"_rich_text-19-3\" class=\"oxy-rich-text marginb\">Implement\u00e1mos medidas de seguran\u00e7a para proteger contra perda, uso indevido e altera\u00e7\u00e3o da informa\u00e7\u00e3o sob o nosso controlo. Apenas pessoal autorizado tem acesso f\u00edsico e\/ou digital a servidores e dados. Todos os servidores e backups de dados s\u00e3o mantidos seguros contra intrus\u00e3o f\u00edsica e eletr\u00f3nica atrav\u00e9s do uso de firewalls e sistemas de seguran\u00e7a redundantes, que s\u00e3o periodicamente avaliados e atualizados.<\/div><h3 id=\"headline-20-3\" class=\"ct-headline marginb mf130\">Aviso legal<\/h3><div id=\"_rich_text-21-3\" class=\"oxy-rich-text marginb\">Informa\u00e7\u00f5es Pessoais Identific\u00e1veis fornecidas \u00e0 nossa empresa est\u00e3o sujeitas a divulga\u00e7\u00e3o em cumprimento de intima\u00e7\u00f5es judiciais ou governamentais, mandados ou ordens. Fazemos todos os esfor\u00e7os poss\u00edveis para preservar a privacidade e anonimato dos utilizadores; no entanto, poderemos ter de divulgar informa\u00e7\u00f5es pessoais quando exigido por lei, sempre que tal seja necess\u00e1rio para cumprir processos judiciais, ordens do tribunal ou procedimentos legais aplicados ao nosso Website.<\/div>\n<\/div>\n<\/div>\n<\/div><\/div>\n<\/section>","protected":false},"excerpt":{"rendered":"<p>In\u00edcio Pol\u00edtica de Privacidade Pol\u00edtica de Privacidade Live Love Ride Qual \u00e9 a sua pol\u00edtica de privacidade? A nossa pol\u00edtica de privacidade \u00e9 bastante simples: n\u00e3o utilizaremos o seu endere\u00e7o de email nem qualquer outra informa\u00e7\u00e3o que nos forne\u00e7a para outro prop\u00f3sito que n\u00e3o aquele para o qual originalmente nos foi dada: enviar-lhe itiner\u00e1rios, preparar [&hellip;]<\/p>\n","protected":false},"author":1,"featured_media":261482,"parent":0,"menu_order":22,"comment_status":"closed","ping_status":"open","template":"","meta":{"_acf_changed":false,"_seopress_robots_primary_cat":"","_seopress_titles_title":"Pol\u00edtica de Privacidade","_seopress_titles_desc":"A nossa pol\u00edtica da privacidade \u00e9 muito simples: n\u00e3o usamos o seu endere\u00e7o de email para nenhum outro prop\u00f3sito que n\u00e3o seja aquele para que originalmente nos foi fornecido.","_seopress_robots_index":"","_breakdance_hide_in_design_set":false,"_breakdance_tags":"","footnotes":""},"class_list":["post-261255","page","type-page","status-publish","has-post-thumbnail","hentry"],"acf":[],"_links":{"self":[{"href":"https:\/\/portugalbiketours.com\/pt-pt\/wp-json\/wp\/v2\/pages\/261255","targetHints":{"allow":["GET"]}}],"collection":[{"href":"https:\/\/portugalbiketours.com\/pt-pt\/wp-json\/wp\/v2\/pages"}],"about":[{"href":"https:\/\/portugalbiketours.com\/pt-pt\/wp-json\/wp\/v2\/types\/page"}],"author":[{"embeddable":true,"href":"https:\/\/portugalbiketours.com\/pt-pt\/wp-json\/wp\/v2\/users\/1"}],"replies":[{"embeddable":true,"href":"https:\/\/portugalbiketours.com\/pt-pt\/wp-json\/wp\/v2\/comments?post=261255"}],"version-history":[{"count":0,"href":"https:\/\/portugalbiketours.com\/pt-pt\/wp-json\/wp\/v2\/pages\/261255\/revisions"}],"wp:featuredmedia":[{"embeddable":true,"href":"https:\/\/portugalbiketours.com\/pt-pt\/wp-json\/wp\/v2\/media\/261482"}],"wp:attachment":[{"href":"https:\/\/portugalbiketours.com\/pt-pt\/wp-json\/wp\/v2\/media?parent=261255"}],"curies":[{"name":"wp","href":"https:\/\/api.w.org\/{rel}","templated":true}]}}