{"id":261258,"date":"2020-11-24T10:53:05","date_gmt":"2020-11-24T10:53:05","guid":{"rendered":"https:\/\/portugalbiketours.com\/cancellation-policy\/"},"modified":"2025-11-23T08:47:02","modified_gmt":"2025-11-23T08:47:02","slug":"politica-de-cancelamento","status":"publish","type":"page","link":"https:\/\/portugalbiketours.com\/pt-pt\/politica-de-cancelamento\/","title":{"rendered":"Pol\u00edtica de cancelamento"},"content":{"rendered":"<section class=\"bde-section-261258-124 bde-section\">\n  \n  \n\t\n\n\n\n<div class=\"section-container\"><div class=\"bde-div-261258-125 bde-div\">\n  \n  \n\t\n\n\n\n<div class=\"bde-div-261258-126 bde-div\">\n              \n  \n  \n\t\n\n  <div class=\"section-background-overlay\"><\/div>\n\n\n<div class=\"bde-shortcode-261258-127 bde-shortcode dark-links\"><nav  aria-label=\"breadcrumb\"><ol class=\"breadcrumb\" itemscope itemtype=\"https:\/\/schema.org\/BreadcrumbList\"><li class=\"breadcrumb-item active\" aria-current=\"page\" itemprop=\"itemListElement\" itemscope itemtype=\"https:\/\/schema.org\/ListItem\"><span itemprop=\"name\">In\u00edcio<\/span><meta itemprop=\"position\" content=\"1\"><\/li><\/ol><\/nav><\/div><div class=\"bde-div-261258-128 bde-div\">\n  \n  \n\t\n\n\n\n<h1 class=\"bde-heading-261258-129 bde-heading\">\nPol\u00edtica de Cancelamento\n<\/h1><div class=\"bde-text-261258-130 bde-text\">\nPol\u00edtica de Cancelamento Live Love Ride\n<\/div>\n<\/div>\n<\/div><div class=\"bde-div-261258-131 bde-div\">\n  \n  \n\t\n\n\n\n<div class=\"bde-rich-text-261258-132 bde-rich-text breakdance-rich-text-styles\">\n<div id=\"_rich_text-9-3\" class=\"oxy-rich-text marginb\"><div id=\"_rich_text-8-27087\" class=\"oxy-rich-text marginb\"><p>A nossa pol\u00edtica de cancelamento torna o mais f\u00e1cil poss\u00edvel alterar o seu tour pedestre para datas ou destinos diferentes. Mesmo em tempos incertos, pode contar connosco para oferecer flexibilidade para que possa reservar a sua viagem com confian\u00e7a.\u00a0<strong>O seu dep\u00f3sito para a viagem \u00e9 totalmente transfer\u00edvel at\u00e9 30 dias antes da partida, e o seu dep\u00f3sito registado n\u00e3o expira.<\/strong>\u00a0Abaixo encontrar\u00e1 todas as op\u00e7\u00f5es para escolher entre reembolso ou cr\u00e9dito para viagem futura com base na data do seu cancelamento. Se tiver alguma d\u00favida, basta\u00a0<a href=\"https:\/\/portugalbiketours.com\/contact\/\">contactar-nos<\/a>.<\/p><\/div><div id=\"_rich_text-9-27087\" class=\"oxy-rich-text marginb\"><p><strong>POL\u00cdTICA DE CANCELAMENTO PADR\u00c3O<\/strong> (aplica-se a todos os tours padr\u00e3o autoguiados, guiados ou premium):<\/p><\/div><\/div>\n---\n<\/div><div class=\"autogenerated-blce-table-261258-133 autogenerated-blce-table tablem\">\n<div class=\"table-wrapper\">\n    <table>\n    <thead>\n      <tr>\n                  <th scope=\"col\">Nr de Dias at\u00e9 \u00e0 Data de In\u00edcio<\/th>\n                  <th scope=\"col\">Op\u00e7\u00e3o de Cancelamento (reembolso)<br>Taxa de Cancelamento<\/th>\n                  <th scope=\"col\">Op\u00e7\u00e3o de Adiamento<br>Cr\u00e9dito para Viagem Futura<\/th>\n              <\/tr>\n    <\/thead>\n    <tbody>\n              <tr>\n                      <td data-label=\"Nr de Dias at\u00e9 \u00e0 Data de In\u00edcio\">\n                              Mais de 120 Dias\n                          <\/td>\n                      <td data-label=\"Op\u00e7\u00e3o de Cancelamento (reembolso)<br>Taxa de Cancelamento\">\n                              Sem taxa de cancelamento. Reembolso total.\n                          <\/td>\n                      <td data-label=\"Op\u00e7\u00e3o de Adiamento<br>Cr\u00e9dito para Viagem Futura\">\n                              100% do dep\u00f3sito\n                          <\/td>\n                  <\/tr>\n              <tr>\n                      <td data-label=\"Nr de Dias at\u00e9 \u00e0 Data de In\u00edcio\">\n                              120-91 Dias\n                          <\/td>\n                      <td data-label=\"Op\u00e7\u00e3o de Cancelamento (reembolso)<br>Taxa de Cancelamento\">\n                              Taxa de cancelamento de 40% do seu dep\u00f3sito. Valor restante reembolsado.\n                          <\/td>\n                      <td data-label=\"Op\u00e7\u00e3o de Adiamento<br>Cr\u00e9dito para Viagem Futura\">\n                              100% do dep\u00f3sito\n                          <\/td>\n                  <\/tr>\n              <tr>\n                      <td data-label=\"Nr de Dias at\u00e9 \u00e0 Data de In\u00edcio\">\n                              90-31 Dias\n                          <\/td>\n                      <td data-label=\"Op\u00e7\u00e3o de Cancelamento (reembolso)<br>Taxa de Cancelamento\">\n                              Taxa de cancelamento de 60% do seu dep\u00f3sito. Valor restante reembolsado.\n                          <\/td>\n                      <td data-label=\"Op\u00e7\u00e3o de Adiamento<br>Cr\u00e9dito para Viagem Futura\">\n                              100% do dep\u00f3sito\n                          <\/td>\n                  <\/tr>\n              <tr>\n                      <td data-label=\"Nr de Dias at\u00e9 \u00e0 Data de In\u00edcio\">\n                              30 Dias ou Menos\n                          <\/td>\n                      <td data-label=\"Op\u00e7\u00e3o de Cancelamento (reembolso)<br>Taxa de Cancelamento\">\n                              Taxa de cancelamento de 100% do pre\u00e7o da viagem. Sem reembolsos\n                          <\/td>\n                      <td data-label=\"Op\u00e7\u00e3o de Adiamento<br>Cr\u00e9dito para Viagem Futura\">\n                              50% do dep\u00f3sito\n                          <\/td>\n                  <\/tr>\n          <\/tbody>\n  <\/table>\n  <\/div>\n<\/div><div class=\"bde-rich-text-261258-134 bde-rich-text breakdance-rich-text-styles\">\n<div id=\"_rich_text-9-3\" class=\"oxy-rich-text marginb\"><div id=\"_rich_text-8-27087\" class=\"oxy-rich-text marginb\">\u00a0<\/div><div id=\"div_block-10-27087\" class=\"ct-div-block marginb\"><div id=\"div_block-45-27087\" class=\"ct-div-block \"><div id=\"div_block-50-27087\" class=\"ct-div-block celheight\"><div id=\"text_block-51-27087\" class=\"ct-text-block\">O nosso cr\u00e9dito para Viagens Futuras <strong>nunca expira e pode ser transferido para quaisquer outros tours, datas futuras ou mesmo outros h\u00f3spedes<\/strong>. Por favor, note que o pre\u00e7o para tours futuros pode variar, devido a aumentos de custos externos ou internos dos nossos tours.<\/div><\/div><\/div><\/div><h2 id=\"headline-89-27087\" class=\"ct-headline marginb mf140\">Pol\u00edtica de cancelamento para viagens personalizadas:<\/h2><div id=\"_rich_text-90-27087\" class=\"oxy-rich-text marginb\">As nossas pol\u00edticas padr\u00e3o de cancelamento n\u00e3o se aplicam a tours Personalizados ou \u00e0 Medida, e ser\u00e3o comunicadas caso a caso.<\/div><h2 id=\"headline-91-27087\" class=\"ct-headline marginb mf140\">Se a Live Love Ride decidir cancelar um tour:<\/h2><div id=\"_rich_text-92-27087\" class=\"oxy-rich-text marginb\"><p>A Live Love Ride normalmente n\u00e3o cancela uma viagem uma vez que esta est\u00e1 garantida. No entanto, devido \u00e0 situa\u00e7\u00e3o atual do Coronav\u00edrus, consideraremos cancelar uma viagem nos 30 dias anteriores \u00e0 data de in\u00edcio do tour com base nas informa\u00e7\u00f5es fornecidas pelo Governo Portugu\u00eas ou pela Direc\u00e7\u00e3o-Geral da Sa\u00fade. Se a Live Love Ride cancelar um tour de acordo com as informa\u00e7\u00f5es de uma das institui\u00e7\u00f5es mencionadas acima, transferiremos todo o seu cr\u00e9dito connosco para que possa usar como cr\u00e9dito para viagens futuras, que n\u00e3o expira. Em caso de cancelamento, a Live Love Ride n\u00e3o se responsabiliza por quaisquer perdas incorridas devido a custos de viagem n\u00e3o reembols\u00e1veis.<\/p><\/div><h2 id=\"headline-93-27087\" class=\"ct-headline marginb mf140\">Exce\u00e7\u00f5es:<\/h2><div id=\"_rich_text-94-27087\" class=\"oxy-rich-text marginb\">N\u00e3o fazemos exce\u00e7\u00f5es a esta pol\u00edtica por qualquer motivo, incluindo emerg\u00eancias pessoais, condi\u00e7\u00f5es meteorol\u00f3gicas inesperadas, desastres naturais ou terrorismo.<\/div><\/div>\n---\n<\/div>\n<\/div>\n<\/div><\/div>\n<\/section>","protected":false},"excerpt":{"rendered":"<p>In\u00edcio Pol\u00edtica de Cancelamento Pol\u00edtica de Cancelamento Live Love Ride A nossa pol\u00edtica de cancelamento torna o mais f\u00e1cil poss\u00edvel alterar o seu tour pedestre para datas ou destinos diferentes. Mesmo em tempos incertos, pode contar connosco para oferecer flexibilidade para que possa reservar a sua viagem com confian\u00e7a.\u00a0O seu dep\u00f3sito para a viagem \u00e9 [&hellip;]<\/p>\n","protected":false},"author":1,"featured_media":261482,"parent":0,"menu_order":23,"comment_status":"closed","ping_status":"closed","template":"","meta":{"_acf_changed":false,"_seopress_robots_primary_cat":"","_seopress_titles_title":"Pol\u00edtica de cancelamento","_seopress_titles_desc":"Pol\u00edtica de cancelamento","_seopress_robots_index":"","_breakdance_hide_in_design_set":false,"_breakdance_tags":"","footnotes":""},"class_list":["post-261258","page","type-page","status-publish","has-post-thumbnail","hentry"],"acf":[],"_links":{"self":[{"href":"https:\/\/portugalbiketours.com\/pt-pt\/wp-json\/wp\/v2\/pages\/261258","targetHints":{"allow":["GET"]}}],"collection":[{"href":"https:\/\/portugalbiketours.com\/pt-pt\/wp-json\/wp\/v2\/pages"}],"about":[{"href":"https:\/\/portugalbiketours.com\/pt-pt\/wp-json\/wp\/v2\/types\/page"}],"author":[{"embeddable":true,"href":"https:\/\/portugalbiketours.com\/pt-pt\/wp-json\/wp\/v2\/users\/1"}],"replies":[{"embeddable":true,"href":"https:\/\/portugalbiketours.com\/pt-pt\/wp-json\/wp\/v2\/comments?post=261258"}],"version-history":[{"count":0,"href":"https:\/\/portugalbiketours.com\/pt-pt\/wp-json\/wp\/v2\/pages\/261258\/revisions"}],"wp:featuredmedia":[{"embeddable":true,"href":"https:\/\/portugalbiketours.com\/pt-pt\/wp-json\/wp\/v2\/media\/261482"}],"wp:attachment":[{"href":"https:\/\/portugalbiketours.com\/pt-pt\/wp-json\/wp\/v2\/media?parent=261258"}],"curies":[{"name":"wp","href":"https:\/\/api.w.org\/{rel}","templated":true}]}}