{"id":261264,"date":"2020-12-15T18:38:20","date_gmt":"2020-12-15T18:38:20","guid":{"rendered":"https:\/\/portugalbiketours.com\/subscribe-newsletter\/"},"modified":"2025-11-26T06:49:04","modified_gmt":"2025-11-26T06:49:04","slug":"subscrever-newsletter","status":"publish","type":"page","link":"https:\/\/portugalbiketours.com\/pt-pt\/subscrever-newsletter\/","title":{"rendered":"Subscrever Newsletter"},"content":{"rendered":"<section class=\"bde-section-261264-116 bde-section\">\n  \n  \n\t\n\n\n\n<div class=\"section-container\"><div class=\"bde-div-261264-117 bde-div\">\n  \n  \n\t\n\n\n\n<div class=\"bde-div-261264-118 bde-div\">\n              \n  \n  \n\t\n\n  <div class=\"section-background-overlay\"><\/div>\n\n\n<div class=\"bde-shortcode-261264-119 bde-shortcode dark-links\"><nav  aria-label=\"breadcrumb\"><ol class=\"breadcrumb\" itemscope itemtype=\"https:\/\/schema.org\/BreadcrumbList\"><li class=\"breadcrumb-item active\" aria-current=\"page\" itemprop=\"itemListElement\" itemscope itemtype=\"https:\/\/schema.org\/ListItem\"><span itemprop=\"name\">In\u00edcio<\/span><meta itemprop=\"position\" content=\"1\"><\/li><\/ol><\/nav><\/div><div class=\"bde-div-261264-120 bde-div\">\n  \n  \n\t\n\n\n\n<h1 class=\"bde-heading-261264-121 bde-heading\">\nSubscreva a nossa newsletter\n<\/h1><div class=\"bde-text-261264-122 bde-text\">\nParticipe para ganhar umas f\u00e9rias de ciclismo para duas pessoas!\n<\/div>\n<\/div>\n<\/div><div class=\"bde-div-261264-123 bde-div\">\n  \n  \n\t\n\n\n\n<div class=\"bde-rich-text-261264-124 bde-rich-text breakdance-rich-text-styles\">\n<div id=\"_rich_text-105-16\" class=\"oxy-rich-text marginb\"><div id=\"text_block-20-23\" class=\"ct-text-block bmargin01\">Junte-se a outros entusiastas do ciclismo e receba ofertas exclusivas, novos destinos e planeie as suas pr\u00f3ximas f\u00e9rias de ciclismo. Al\u00e9m disso, s\u00f3 por se inscrever na nossa newsletter, ser\u00e1 automaticamente inclu\u00eddo num sorteio para ganhar uma viagem para duas pessoas no nosso Tour de Bicicleta no Minho: O Ber\u00e7o Verde de Portugal. Veja os termos e condi\u00e7\u00f5es abaixo.<\/div><\/div>\n<\/div><div class=\"bde-shortcode-261264-125 bde-shortcode\"><div class=\"frm_forms  with_frm_style frm_style_contact-home\" id=\"frm_form_22_container\" data-token=\"21c63413949ef9e692ee649d34e15863\">\n<form enctype=\"multipart\/form-data\" method=\"post\" class=\"frm-show-form  frm_js_validate  frm_ajax_submit  frm_pro_form  frm_logic_form \" id=\"form_newsletter-pt\" data-token=\"21c63413949ef9e692ee649d34e15863\">\n<div class=\"frm_form_fields \">\n<fieldset>\n<legend class=\"frm_screen_reader\">Subscribe newsletter PT<\/legend>\r\n\r\n<div class=\"frm_fields_container\">\n<input type=\"hidden\" name=\"frm_action\" value=\"create\" \/>\n<input type=\"hidden\" name=\"form_id\" value=\"22\" \/>\n<input type=\"hidden\" name=\"frm_hide_fields_22\" id=\"frm_hide_fields_22\" value=\"\" \/>\n<input type=\"hidden\" name=\"form_key\" value=\"newsletter-pt\" \/>\n<input type=\"hidden\" name=\"item_meta[0]\" value=\"\" \/>\n<input type=\"hidden\" id=\"frm_submit_entry_22\" name=\"frm_submit_entry_22\" value=\"446a611ea1\" \/><input type=\"hidden\" name=\"_wp_http_referer\" value=\"\/pt-pt\/wp-json\/wp\/v2\/pages\/261264\" \/>\t\t<input  type=\"hidden\" name=\"item_meta[382]\" id=\"field_hyty5\" value=\"07\/04\/2026 16:59:48\"  data-frmval=\"07\/04\/2026 16:59:48\"   \/>\n\t\t\t\t<input  type=\"hidden\" name=\"item_meta[383]\" id=\"field_f8g0f5\" value=\"Subscribe Newsletter\"  data-frmval=\"Subscribe Newsletter\"   \/>\n\t\t\t\t<input  type=\"hidden\" name=\"item_meta[384]\" id=\"field_bp16o5\" value=\"https:\/\/portugalbiketours.com\/pt-pt\/pt-pt\/wp-json\/wp\/v2\/pages\/261264\"  data-frmval=\"https:\/\/portugalbiketours.com\/pt-pt\/pt-pt\/wp-json\/wp\/v2\/pages\/261264\"   \/>\n\t\t\t\t<input  type=\"hidden\" name=\"item_meta[385]\" id=\"field_p2nk5\" value=\"https:\/\/portugalbiketours.com\/pt-pt\/pt-pt\/wp-json\/wp\/v2\/pages\/261264\"  data-frmval=\"https:\/\/portugalbiketours.com\/pt-pt\/pt-pt\/wp-json\/wp\/v2\/pages\/261264\"   \/>\n\t\t<div id=\"frm_field_386_container\" class=\"frm_form_field form-field  frm_required_field frm_top_container frm_full\">\r\n    <label for=\"field_qh4icy49199ea1d5\" id=\"field_qh4icy49199ea1d5_label\" class=\"frm_primary_label\">Nome pr\u00f3prio\r\n        <span class=\"frm_required\"><\/span>\r\n    <\/label>\r\n    <input  type=\"text\" id=\"field_qh4icy49199ea1d5\" name=\"item_meta[386]\" value=\"\"  placeholder=\"Introduza o seu nome\" data-reqmsg=\"Este campo n\u00e3o pode ficar em branco.\" aria-required=\"true\" data-invmsg=\"Name is invalid\" aria-invalid=\"false\"   \/>\r\n    \r\n    \r\n<\/div>\n<div id=\"frm_field_387_container\" class=\"frm_form_field form-field  frm_required_field frm_top_container frm_full\">\r\n    <label for=\"field_953jh5\" id=\"field_953jh5_label\" class=\"frm_primary_label\">\u00daltimo nome\r\n        <span class=\"frm_required\"><\/span>\r\n    <\/label>\r\n    <input  type=\"text\" id=\"field_953jh5\" name=\"item_meta[387]\" value=\"\"  placeholder=\"Introduza o seu sobrenome\" data-reqmsg=\"Este campo n\u00e3o pode ficar em branco.\" aria-required=\"true\" data-invmsg=\"Name is invalid\" aria-invalid=\"false\"   \/>\r\n    \r\n    \r\n<\/div>\n<div id=\"frm_field_388_container\" class=\"frm_form_field form-field  frm_required_field frm_top_container frm_full\">\r\n    <label for=\"field_29yf4de64b6e6a005\" id=\"field_29yf4de64b6e6a005_label\" class=\"frm_primary_label\">Email\r\n        <span class=\"frm_required\"><\/span>\r\n    <\/label>\r\n    <input type=\"email\" id=\"field_29yf4de64b6e6a005\" name=\"item_meta[388]\" value=\"\"  placeholder=\"Introduza o seu endere\u00e7o de e-mail\" data-reqmsg=\"Este campo n\u00e3o pode ficar em branco.\" aria-required=\"true\" data-invmsg=\"Email \u00e9 inv\u00e1lido\" aria-invalid=\"false\"  \/>\r\n    \r\n    \r\n<\/div>\n<div id=\"frm_field_389_container\" class=\"frm_form_field form-field  frm_required_field frm_none_container vertical_radio\">\r\n    <div  id=\"field_t2z8kdfa71440035_label\" class=\"frm_primary_label\">Pol\u00edtica de Privacidade\r\n        <span class=\"frm_required\">*<\/span>\r\n    <\/div>\r\n    <div class=\"frm_opt_container\" aria-labelledby=\"field_t2z8kdfa71440035_label\" role=\"group\">\t\t<div class=\"frm_checkbox\" id=\"frm_checkbox_389-0\">\t\t\t<label  for=\"field_t2z8kdfa71440035-0\">\n\t\t\t<input type=\"checkbox\" name=\"item_meta[389][]\" id=\"field_t2z8kdfa71440035-0\" value=\"Aceito a sua &lt;a rel=&quot;nofollow&quot; target=&quot;_blank&quot; href=&quot;https:\/\/portugalbiketours.com\/pt-pt\/politica-de-privacidade\/&quot;&gt;Pol\u00edtica de Privacidade&lt;\/a&gt;\"  data-reqmsg=\"Este campo n\u00e3o pode ficar em branco.\" data-invmsg=\"Pol\u00edtica de Privacidade \u00e9 inv\u00e1lido\"   aria-required=\"true\"  \/> Aceito a sua <a rel=\"nofollow\" target=\"_blank\" href=\"https:\/\/portugalbiketours.com\/pt-pt\/politica-de-privacidade\/\">Pol\u00edtica de Privacidade<\/a><\/label><\/div>\n<\/div>\r\n    \r\n    \r\n<\/div>\n\t\t<input  type=\"hidden\" name=\"item_meta[390]\" id=\"field_m0iyv5\" value=\"Desejo subscrever a newsletter e receber promo\u00e7\u00f5es de marketing.\"  data-frmval=\"Desejo subscrever a newsletter e receber promo\u00e7\u00f5es de marketing.\"   \/>\n\t\t<div id=\"frm_field_475_container\" class=\"frm_form_field form-field  frm_top_container hided vertical_radio\">\n\t<div  id=\"field_c72mg_label\" class=\"frm_primary_label\">Check it\n\t\t<span class=\"frm_required\" aria-hidden=\"true\"><\/span>\n\t<\/div>\n\t<div class=\"frm_opt_container\" aria-labelledby=\"field_c72mg_label\" role=\"group\">\t\t<div class=\"frm_checkbox\" id=\"frm_checkbox_475-0\">\t\t\t<label  for=\"field_c72mg-0\">\n\t\t\t<input type=\"checkbox\" name=\"item_meta[475][]\" id=\"field_c72mg-0\" value=\"Check it\"  data-invmsg=\"Check it is invalid\"   \/> Check it<\/label><\/div>\n<\/div>\n\t\n\t\n<\/div>\n<div id=\"frm_field_391_container\" class=\"frm_form_field form-field \">\r\n\t<div class=\"frm_submit\">\r\n\r\n<button class=\"frm_button_submit frm_final_submit\" type=\"submit\"   formnovalidate=\"formnovalidate\">Subscrever<\/button>\r\n\r\n<\/div>\r\n<\/div>\n\t<input type=\"hidden\" name=\"item_key\" value=\"\" \/>\n\t<input name=\"frm_state\" type=\"hidden\" value=\"LIkjk0j8VHa+yQcAbE3enB63HBuh73+xQNkU9t1+QtjG3LSN\/PdbWbybxXdjILZx\" \/><\/div>\n<\/fieldset>\n<\/div>\n\n<\/form>\n<\/div>\n<\/div>\n<\/div>\n<\/div><\/div>\n<\/section>","protected":false},"excerpt":{"rendered":"<p>In\u00edcio Subscreva a nossa newsletter Participe para ganhar umas f\u00e9rias de ciclismo para duas pessoas! Junte-se a outros entusiastas do ciclismo e receba ofertas exclusivas, novos destinos e planeie as suas pr\u00f3ximas f\u00e9rias de ciclismo. Al\u00e9m disso, s\u00f3 por se inscrever na nossa newsletter, ser\u00e1 automaticamente inclu\u00eddo num sorteio para ganhar uma viagem para duas [&hellip;]<\/p>\n","protected":false},"author":1,"featured_media":261482,"parent":0,"menu_order":25,"comment_status":"closed","ping_status":"closed","template":"","meta":{"_acf_changed":false,"_seopress_robots_primary_cat":"","_seopress_titles_title":"Subscrever Newsletter","_seopress_titles_desc":"Subscrever Newsletter","_seopress_robots_index":"","_breakdance_hide_in_design_set":false,"_breakdance_tags":"","footnotes":""},"class_list":["post-261264","page","type-page","status-publish","has-post-thumbnail","hentry"],"acf":[],"_links":{"self":[{"href":"https:\/\/portugalbiketours.com\/pt-pt\/wp-json\/wp\/v2\/pages\/261264","targetHints":{"allow":["GET"]}}],"collection":[{"href":"https:\/\/portugalbiketours.com\/pt-pt\/wp-json\/wp\/v2\/pages"}],"about":[{"href":"https:\/\/portugalbiketours.com\/pt-pt\/wp-json\/wp\/v2\/types\/page"}],"author":[{"embeddable":true,"href":"https:\/\/portugalbiketours.com\/pt-pt\/wp-json\/wp\/v2\/users\/1"}],"replies":[{"embeddable":true,"href":"https:\/\/portugalbiketours.com\/pt-pt\/wp-json\/wp\/v2\/comments?post=261264"}],"version-history":[{"count":0,"href":"https:\/\/portugalbiketours.com\/pt-pt\/wp-json\/wp\/v2\/pages\/261264\/revisions"}],"wp:featuredmedia":[{"embeddable":true,"href":"https:\/\/portugalbiketours.com\/pt-pt\/wp-json\/wp\/v2\/media\/261482"}],"wp:attachment":[{"href":"https:\/\/portugalbiketours.com\/pt-pt\/wp-json\/wp\/v2\/media?parent=261264"}],"curies":[{"name":"wp","href":"https:\/\/api.w.org\/{rel}","templated":true}]}}