{"id":261267,"date":"2025-03-11T12:06:33","date_gmt":"2025-03-11T12:06:33","guid":{"rendered":"https:\/\/portugalbiketours.com\/thank-you\/"},"modified":"2025-11-23T08:47:09","modified_gmt":"2025-11-23T08:47:09","slug":"obrigado","status":"publish","type":"page","link":"https:\/\/portugalbiketours.com\/pt-pt\/obrigado\/","title":{"rendered":"Obrigado"},"content":{"rendered":"<section class=\"bde-section-261267-112 bde-section\">\n  \n  \n\t\n\n\n\n<div class=\"section-container\"><div class=\"bde-div-261267-113 bde-div\">\n  \n  \n\t\n\n\n\n<div class=\"bde-div-261267-114 bde-div\">\n              \n  \n  \n\t\n\n  <div class=\"section-background-overlay\"><\/div>\n\n\n<div class=\"bde-shortcode-261267-115 bde-shortcode dark-links\"><nav  aria-label=\"breadcrumb\"><ol class=\"breadcrumb\" itemscope itemtype=\"https:\/\/schema.org\/BreadcrumbList\"><li class=\"breadcrumb-item active\" aria-current=\"page\" itemprop=\"itemListElement\" itemscope itemtype=\"https:\/\/schema.org\/ListItem\"><span itemprop=\"name\">In\u00edcio<\/span><meta itemprop=\"position\" content=\"1\"><\/li><\/ol><\/nav><\/div><div class=\"bde-div-261267-116 bde-div\">\n  \n  \n\t\n\n\n\n<h1 class=\"bde-heading-261267-117 bde-heading\">\nObrigado\n<\/h1><div class=\"bde-text-261267-118 bde-text\">\nLive Love Ride\n<\/div>\n<\/div>\n<\/div><div class=\"bde-div-261267-119 bde-div\">\n  \n  \n\t\n\n\n\n<h2 class=\"bde-heading-261267-120 bde-heading\">\n\u00d3timo! Obrigado por fornecer esses detalhes.\n<\/h2><div class=\"bde-rich-text-261267-121 bde-rich-text breakdance-rich-text-styles\">\n<div id=\"_rich_text-105-16\" class=\"oxy-rich-text marginb\"><div id=\"text_block-20-23\" class=\"ct-text-block bmargin01\">Um membro da nossa equipa ir\u00e1 contact\u00e1-lo em breve para discutir a sua consulta.<\/div><div class=\"ct-text-block bmargin01\"><br \/>Visite os nossos websites:<br \/><a href=\"http:\/\/portugalbiketours.com\">portugalbiketours.com<\/a><br \/><a href=\"http:\/\/llride.com\">llride.com<\/a><\/div><\/div>\n<\/div>\n<\/div>\n<\/div><\/div>\n<\/section>","protected":false},"excerpt":{"rendered":"<p>In\u00edcio Obrigado Live Love Ride \u00d3timo! Obrigado por fornecer esses detalhes. Um membro da nossa equipa ir\u00e1 contact\u00e1-lo em breve para discutir a sua consulta.Visite os nossos websites:portugalbiketours.comllride.com<\/p>\n","protected":false},"author":1,"featured_media":261482,"parent":0,"menu_order":26,"comment_status":"closed","ping_status":"closed","template":"","meta":{"_acf_changed":false,"_seopress_robots_primary_cat":"","_seopress_titles_title":"Obrigado","_seopress_titles_desc":"Obrigado","_seopress_robots_index":"","_breakdance_hide_in_design_set":false,"_breakdance_tags":"","footnotes":""},"class_list":["post-261267","page","type-page","status-publish","has-post-thumbnail","hentry"],"acf":[],"_links":{"self":[{"href":"https:\/\/portugalbiketours.com\/pt-pt\/wp-json\/wp\/v2\/pages\/261267","targetHints":{"allow":["GET"]}}],"collection":[{"href":"https:\/\/portugalbiketours.com\/pt-pt\/wp-json\/wp\/v2\/pages"}],"about":[{"href":"https:\/\/portugalbiketours.com\/pt-pt\/wp-json\/wp\/v2\/types\/page"}],"author":[{"embeddable":true,"href":"https:\/\/portugalbiketours.com\/pt-pt\/wp-json\/wp\/v2\/users\/1"}],"replies":[{"embeddable":true,"href":"https:\/\/portugalbiketours.com\/pt-pt\/wp-json\/wp\/v2\/comments?post=261267"}],"version-history":[{"count":0,"href":"https:\/\/portugalbiketours.com\/pt-pt\/wp-json\/wp\/v2\/pages\/261267\/revisions"}],"wp:featuredmedia":[{"embeddable":true,"href":"https:\/\/portugalbiketours.com\/pt-pt\/wp-json\/wp\/v2\/media\/261482"}],"wp:attachment":[{"href":"https:\/\/portugalbiketours.com\/pt-pt\/wp-json\/wp\/v2\/media?parent=261267"}],"curies":[{"name":"wp","href":"https:\/\/api.w.org\/{rel}","templated":true}]}}