{"id":261270,"date":"2020-04-25T11:54:44","date_gmt":"2020-04-25T10:54:44","guid":{"rendered":"https:\/\/portugalbiketours.com\/clean-and-safe\/"},"modified":"2025-11-23T08:47:09","modified_gmt":"2025-11-23T08:47:09","slug":"clean-and-safe","status":"publish","type":"page","link":"https:\/\/portugalbiketours.com\/pt-pt\/clean-and-safe\/","title":{"rendered":"Clean and Safe"},"content":{"rendered":"<section class=\"bde-section-261270-110 bde-section\">\n  \n  \n\t\n\n\n\n<div class=\"section-container\"><div class=\"bde-div-261270-111 bde-div\">\n  \n  \n\t\n\n\n\n<div class=\"bde-div-261270-112 bde-div\">\n              \n  \n  \n\t\n\n  <div class=\"section-background-overlay\"><\/div>\n\n\n<div class=\"bde-shortcode-261270-113 bde-shortcode dark-links\"><nav  aria-label=\"breadcrumb\"><ol class=\"breadcrumb\" itemscope itemtype=\"https:\/\/schema.org\/BreadcrumbList\"><li class=\"breadcrumb-item active\" aria-current=\"page\" itemprop=\"itemListElement\" itemscope itemtype=\"https:\/\/schema.org\/ListItem\"><span itemprop=\"name\">In\u00edcio<\/span><meta itemprop=\"position\" content=\"1\"><\/li><\/ol><\/nav><\/div><div class=\"bde-div-261270-114 bde-div\">\n  \n  \n\t\n\n\n\n<h1 class=\"bde-heading-261270-115 bde-heading\">\nUm estabelecimento \"limpo e seguro\", certificado pelo \"Turismo de Portugal\"\n<\/h1><div class=\"bde-text-261270-116 bde-text\">\nA nossa empresa \u00e9 um estabelecimento \"limpo e seguro\", pois segue as regras de sa\u00fade e seguran\u00e7a estabelecidas pelo organismo nacional de turismo portugu\u00eas \"Turismo de Portugal\".\n<\/div>\n<\/div>\n<\/div><div class=\"bde-div-261270-117 bde-div\">\n  \n  \n\t\n\n\n\n<div class=\"bde-rich-text-261270-118 bde-rich-text breakdance-rich-text-styles\">\n<div id=\"_rich_text-105-16\" class=\"oxy-rich-text marginb\"><div id=\"text_block-20-23\" class=\"ct-text-block bmargin01\"><div id=\"_rich_text-8-13471\" class=\"oxy-rich-text\">A Organiza\u00e7\u00e3o Mundial de Sa\u00fade declarou o Coronav\u00edrus, agente causal da Covid-19, como uma emerg\u00eancia de sa\u00fade p\u00fablica de \u00e2mbito internacional. Para evitar riscos e infe\u00e7\u00f5es, assegurando um protocolo interno que define protocolos de preven\u00e7\u00e3o, controlo e vigil\u00e2ncia, a nossa empresa declara que segue os protocolos definidos pelo \"Turismo de Portugal\", em conformidade com as orienta\u00e7\u00f5es da Dire\u00e7\u00e3o-Geral da Sa\u00fade, que lhe permitem ser considerada um estabelecimento \"Limpo e Seguro\".<\/div><img decoding=\"async\" id=\"image-9-13471\" class=\"ct-image\" src=\"https:\/\/portugalbiketours.com\/wp-content\/uploads\/2020\/04\/TDP_AS_Print_Original-1-300x300.png\" alt=\"\" \/><h2 id=\"headline-10-13471\" class=\"ct-headline mf140 marginb\">Forma\u00e7\u00e3o interna e estabelecimento de procedimentos para todo o pessoal:<\/h2><div id=\"_rich_text-11-13471\" class=\"oxy-rich-text marginb\"><p>O nosso pessoal foi informado e\/ou formado especificamente sobre os seguintes assuntos:<\/p><ul><li>Protocolo interno relativo \u00e0 pandemia do Coronav\u00edrus Covid-19.<\/li><li>Como seguir as medidas b\u00e1sicas de precau\u00e7\u00e3o e controlo de infe\u00e7\u00f5es relativas aos procedimentos do Coronav\u00edrus Covid-19, como segue:<ul><li>Higieniza\u00e7\u00e3o das m\u00e3os: Lavar frequentemente as m\u00e3os com \u00e1gua e sab\u00e3o, durante pelo menos 20 segundos ou usar desinfetante para as m\u00e3os com pelo menos 70\u00ba \u00e1lcool, cobrindo toda a superf\u00edcie das m\u00e3os e esfregando at\u00e9 secar.<\/li><li>Etiqueta respirat\u00f3ria: tossir ou espirrar para o antebra\u00e7o flexionado ou usar um len\u00e7o de papel, que deve ser imediatamente deitado no lixo; Higiene das m\u00e3os ap\u00f3s tossir, espirrar ou assoar o nariz; evitar tocar nos olhos, nariz e boca com as m\u00e3os;<\/li><li>Conduta social: Alterar a frequ\u00eancia e as formas de contacto dentro do pessoal e entre pessoal e clientes, evitando (sempre que poss\u00edvel) qualquer contacto pr\u00f3ximo, apertos de m\u00e3o, beijos, espa\u00e7os de trabalho partilhados, reuni\u00f5es presenciais e partilha de comida, utens\u00edlios, copos e toalhas.<\/li><\/ul><\/li><\/ul><p>Como realizar a auto-monitoriza\u00e7\u00e3o di\u00e1ria para avaliar febre (medir a temperatura corporal duas vezes por dia e registar o valor e o hor\u00e1rio), verificando qualquer tosse ou dificuldade em respirar.<\/p><p>Como seguir as orienta\u00e7\u00f5es da \"Dire\u00e7\u00e3o-Geral da Sa\u00fade\" para a desinfe\u00e7\u00e3o de todas as superf\u00edcies e lavagem das roupas usadas nos nossos estabelecimentos.<\/p><\/div><h3 id=\"headline-12-13471\" class=\"ct-headline marginb mf130\">Informa\u00e7\u00e3o para todos os clientes:<\/h3><div id=\"_rich_text-13-13471\" class=\"oxy-rich-text marginb\"><p>Todos os clientes s\u00e3o informados do seguinte:<\/p><ul><li>Como manter as precau\u00e7\u00f5es b\u00e1sicas e o controlo de infe\u00e7\u00f5es relativamente ao surto do coronav\u00edrus.<\/li><li>Qual \u00e9 o protocolo interno relativo ao surto do Coronav\u00edrus Covid-19.<\/li><\/ul><\/div><h3 id=\"headline-14-13471\" class=\"ct-headline marginb mf130\">O estabelecimento disp\u00f5e de:<\/h3><div id=\"_rich_text-15-13471\" class=\"oxy-rich-text marginb\"><p>Equipamento de prote\u00e7\u00e3o individual em n\u00famero suficiente para todo o pessoal envolvido nas atividades.<\/p><p>Equipamento de prote\u00e7\u00e3o individual para os clientes (capacidade m\u00e1xima dos grupos)<\/p><\/div><h3 id=\"headline-16-13471\" class=\"ct-headline marginb mf130\">O protocolo interno de limpeza e higieniza\u00e7\u00e3o assegura:<\/h3><div id=\"_rich_text-17-13471\" class=\"oxy-rich-text marginb\"><p>Lavagem a altas temperaturas de toda a roupa e outros acess\u00f3rios usados nas atividades (toalhas, equipamento de ciclismo), para todo o pessoal e clientes (cerca de 60\u00baC).<\/p><p>Disponibiliza\u00e7\u00e3o de desinfetante para as m\u00e3os \u00e0 base de \u00e1lcool, sempre que justificado, aos participantes em todas as atividades.<\/p><p>Higieniza\u00e7\u00e3o ou desinfe\u00e7\u00e3o de todo o equipamento utilizado, ap\u00f3s cada atividade, de acordo com as regras aplicadas a cada tipo de equipamento.<\/p><p>Higieniza\u00e7\u00e3o ou desinfe\u00e7\u00e3o de todos os transportes utilizados, ap\u00f3s cada atividade, e de acordo com as regras aplicadas a cada tipo de equipamento de transporte.<\/p><\/div><h3 id=\"headline-18-13471\" class=\"ct-headline marginb mf130\">A organiza\u00e7\u00e3o do servi\u00e7o assegura:<\/h3><div id=\"_rich_text-19-13471\" class=\"oxy-rich-text marginb\"><p>Manuten\u00e7\u00e3o do distanciamento social entre os participantes em todas as atividades, de acordo com as recomenda\u00e7\u00f5es da \"Dire\u00e7\u00e3o-Geral da Sa\u00fade\".<\/p><p>Ocupa\u00e7\u00e3o m\u00e1xima dos transportes utilizados nas atividades, de acordo com as recomenda\u00e7\u00f5es da \"Dire\u00e7\u00e3o-Geral da Sa\u00fade\".<\/p><p>A distribui\u00e7\u00e3o de informa\u00e7\u00e3o relativa \u00e0s atividades, preferencialmente utilizando plataformas digitais\/online.<\/p><p>O cumprimento dos protocolos internos de higieniza\u00e7\u00e3o e seguran\u00e7a pelos parceiros envolvidos nas atividades.<\/p><p>Que exista sempre um membro respons\u00e1vel do pessoal pronto para implementar os procedimentos em caso de suspeita de infe\u00e7\u00e3o (acompanhar o cliente com sintomas para o espa\u00e7o de isolamento, fornecer a assist\u00eancia necess\u00e1ria e contactar o Servi\u00e7o Nacional de Sa\u00fade).<\/p><p>A armazenagem de todos os res\u00edduos produzidos pelos doentes suspeitos de estarem infetados \u00e9 feita em saco pl\u00e1stico que, ap\u00f3s fechado, deve ser colocado \u00e0 parte e enviado para um operador licenciado para gerir res\u00edduos hospitalares com risco biol\u00f3gico.<\/p><\/div><\/div><\/div>\n<\/div>\n<\/div>\n<\/div><\/div>\n<\/section>","protected":false},"excerpt":{"rendered":"<p>In\u00edcio Um estabelecimento &#8220;limpo e seguro&#8221;, certificado pelo &#8220;Turismo de Portugal&#8221; A nossa empresa \u00e9 um estabelecimento &#8220;limpo e seguro&#8221;, pois segue as regras de sa\u00fade e seguran\u00e7a estabelecidas pelo organismo nacional de turismo portugu\u00eas &#8220;Turismo de Portugal&#8221;. A Organiza\u00e7\u00e3o Mundial de Sa\u00fade declarou o Coronav\u00edrus, agente causal da Covid-19, como uma emerg\u00eancia de sa\u00fade [&hellip;]<\/p>\n","protected":false},"author":1,"featured_media":261482,"parent":0,"menu_order":27,"comment_status":"closed","ping_status":"closed","template":"","meta":{"_acf_changed":false,"_seopress_robots_primary_cat":"","_seopress_titles_title":"Clean and Safe","_seopress_titles_desc":"O Live Love Ride \u00e9 um estabelecimento Clean and Safe, de acordo com as normas de sa\u00fade e seguran\u00e7a estabelecidas pelo Turismo de Portugal.","_seopress_robots_index":"","_breakdance_hide_in_design_set":false,"_breakdance_tags":"","footnotes":""},"class_list":["post-261270","page","type-page","status-publish","has-post-thumbnail","hentry"],"acf":[],"_links":{"self":[{"href":"https:\/\/portugalbiketours.com\/pt-pt\/wp-json\/wp\/v2\/pages\/261270","targetHints":{"allow":["GET"]}}],"collection":[{"href":"https:\/\/portugalbiketours.com\/pt-pt\/wp-json\/wp\/v2\/pages"}],"about":[{"href":"https:\/\/portugalbiketours.com\/pt-pt\/wp-json\/wp\/v2\/types\/page"}],"author":[{"embeddable":true,"href":"https:\/\/portugalbiketours.com\/pt-pt\/wp-json\/wp\/v2\/users\/1"}],"replies":[{"embeddable":true,"href":"https:\/\/portugalbiketours.com\/pt-pt\/wp-json\/wp\/v2\/comments?post=261270"}],"version-history":[{"count":0,"href":"https:\/\/portugalbiketours.com\/pt-pt\/wp-json\/wp\/v2\/pages\/261270\/revisions"}],"wp:featuredmedia":[{"embeddable":true,"href":"https:\/\/portugalbiketours.com\/pt-pt\/wp-json\/wp\/v2\/media\/261482"}],"wp:attachment":[{"href":"https:\/\/portugalbiketours.com\/pt-pt\/wp-json\/wp\/v2\/media?parent=261270"}],"curies":[{"name":"wp","href":"https:\/\/api.w.org\/{rel}","templated":true}]}}